{"id":6635,"date":"2016-02-22T11:01:27","date_gmt":"2016-02-22T10:01:27","guid":{"rendered":"http:\/\/www.educacionenmalaga.es\/bilinguismo\/?page_id=6635"},"modified":"2020-04-27T10:44:01","modified_gmt":"2020-04-27T08:44:01","slug":"microrredes","status":"publish","type":"page","link":"https:\/\/blogsaverroes.juntadeandalucia.es\/plurilinguismodelegacionmalaga\/microrredes\/","title":{"rendered":"Microrredes"},"content":{"rendered":"<p style=\"text-align: justify\">Desde el curso 2012-13, en la provincia de M\u00e1laga se est\u00e1&nbsp;fomentando&nbsp;el modelo de <em>microrredes<\/em> de centros biling\u00fces.<\/p>\n<p style=\"text-align: justify\"><strong>\u00bfC\u00f3mo nacieron?<\/strong><\/p>\n<p style=\"text-align: justify\">La figura del coordinador biling\u00fce es, por definici\u00f3n, aislada. Son un referente para su equipo biling\u00fce y hacen frente a una carga de trabajo considerable.<br \/>\nPor ello, es necesario que pueda contar con una red de apoyo externo para facilitar&nbsp;su labor y ho<a href=\"https:\/\/blogsaverroes.juntadeandalucia.es\/plurilinguismodelegacionmalaga\/files\/2016\/02\/DSC_4656.jpg\" rel=\"attachment wp-att-6638\"><img loading=\"lazy\" decoding=\"async\" class=\"alignleft size-medium wp-image-6638\" src=\"http:\/\/www.educacionenmalaga.es\/bilinguismo\/files\/2016\/02\/DSC_4656-300x169.jpg\" alt=\"DSC_4656\" width=\"300\" height=\"169\" srcset=\"https:\/\/blogsaverroes.juntadeandalucia.es\/plurilinguismodelegacionmalaga\/files\/2016\/02\/DSC_4656-300x169.jpg 300w, https:\/\/blogsaverroes.juntadeandalucia.es\/plurilinguismodelegacionmalaga\/files\/2016\/02\/DSC_4656-768x432.jpg 768w, https:\/\/blogsaverroes.juntadeandalucia.es\/plurilinguismodelegacionmalaga\/files\/2016\/02\/DSC_4656-24x14.jpg 24w, https:\/\/blogsaverroes.juntadeandalucia.es\/plurilinguismodelegacionmalaga\/files\/2016\/02\/DSC_4656-36x20.jpg 36w, https:\/\/blogsaverroes.juntadeandalucia.es\/plurilinguismodelegacionmalaga\/files\/2016\/02\/DSC_4656-48x27.jpg 48w, https:\/\/blogsaverroes.juntadeandalucia.es\/plurilinguismodelegacionmalaga\/files\/2016\/02\/DSC_4656.jpg 912w\" sizes=\"(max-width: 300px) 100vw, 300px\" \/><\/a>mogeneizar y mejorar las pr\u00e1cticas biling\u00fces en nuestra provincia.<\/p>\n<p style=\"text-align: justify\">&nbsp;<\/p>\n<p>&nbsp;<\/p>\n<p>&nbsp;<\/p>\n<p>Se dedic\u00f3 un espacio en las reuniones provinciales de coordinaci\u00f3n biling\u00fce, para que los coordinadores pudieran trabajar sobre una tem\u00e1tica\/dificultad\/idea concreta agrupados por&nbsp;zona, etapa e idioma.<br \/>\nEstos grupos han tenido ocasi\u00f3n de ir consolid\u00e1ndose en dichos encuentros y&nbsp;en otros espacios de manera aut\u00f3noma.<\/p>\n<p style=\"text-align: justify\"><strong>\u00bfCu\u00e1l es el objetivo?<\/strong><\/p>\n<p style=\"text-align: justify\">Por un lado, rentabilizar el trabajo y evitar la duplicaci\u00f3n de esfuerzos. Por otro lado, estar permanentemente informado de las mejores pr\u00e1cticas, lo que otorga&nbsp;la seguridad necesaria para aportar propuestas innovadoras en el propio centro.<br \/>\nEn la pr\u00e1ctica, nuestro objetivo m\u00e1s b\u00e1sico al trabajar por microrredes en las reuniones provinciales es que la tarea sirviera como excusa para que crearan un grupo de mensajer\u00eda&nbsp;o una lista de correo y nuestros objetivos m\u00e1s ambicioso que se comprometieran a crear un espacio de almacenamiento&nbsp;conjunto para compartir material, planificaran encuentros de manera independiente y pusieran en contacto a sus equipos biling\u00fces.<\/p>\n<p style=\"text-align: justify\"><strong>\u00bfQu\u00e9 requisito debe cumplir una microrred?&nbsp;<\/strong><\/p>\n<p style=\"text-align: justify\">La m\u00e1xima de las microrredes, la \u00fanica norma, es que su fin sea facilitar el trabajo, en ning\u00fan caso que suponga una carga extra, ya que en ese caso la estar\u00edamos planteando mal.<\/p>\n<p style=\"text-align: justify\"><strong>\u00bfC\u00f3mo est\u00e1n funcionando?<\/strong><\/p>\n<p style=\"text-align: justify\">Una vez que se cumple esa norma, se autogestionan como desean.<br \/>\nHay zonas donde no han prosperado a\u00fan las microrredes (muchas de ellas se han quedado en un grupo de mensajer\u00eda para estar al d\u00eda de las comunicaciones desde la Coordinaci\u00f3n Provincial&nbsp;o para resolver dudas entre ellos sobre temas concretos).<br \/>\nOtras microrredes han preferido reunirse de manera puntual&nbsp;para comparar y compartir materiales.<br \/>\n<a href=\"https:\/\/blogsaverroes.juntadeandalucia.es\/plurilinguismodelegacionmalaga\/files\/2016\/02\/IMG_20151126_110256.jpg\" rel=\"attachment wp-att-6641\"><img loading=\"lazy\" decoding=\"async\" class=\"alignleft size-medium wp-image-6641\" src=\"http:\/\/www.educacionenmalaga.es\/bilinguismo\/files\/2016\/02\/IMG_20151126_110256-300x225.jpg\" alt=\"IMG_20151126_110256\" width=\"300\" height=\"225\" srcset=\"https:\/\/blogsaverroes.juntadeandalucia.es\/plurilinguismodelegacionmalaga\/files\/2016\/02\/IMG_20151126_110256-300x225.jpg 300w, https:\/\/blogsaverroes.juntadeandalucia.es\/plurilinguismodelegacionmalaga\/files\/2016\/02\/IMG_20151126_110256-768x576.jpg 768w, https:\/\/blogsaverroes.juntadeandalucia.es\/plurilinguismodelegacionmalaga\/files\/2016\/02\/IMG_20151126_110256-1024x768.jpg 1024w, https:\/\/blogsaverroes.juntadeandalucia.es\/plurilinguismodelegacionmalaga\/files\/2016\/02\/IMG_20151126_110256-24x18.jpg 24w, https:\/\/blogsaverroes.juntadeandalucia.es\/plurilinguismodelegacionmalaga\/files\/2016\/02\/IMG_20151126_110256-36x27.jpg 36w, https:\/\/blogsaverroes.juntadeandalucia.es\/plurilinguismodelegacionmalaga\/files\/2016\/02\/IMG_20151126_110256-48x36.jpg 48w, https:\/\/blogsaverroes.juntadeandalucia.es\/plurilinguismodelegacionmalaga\/files\/2016\/02\/IMG_20151126_110256.jpg 1146w\" sizes=\"(max-width: 300px) 100vw, 300px\" \/><\/a>Hay un caso de dos centros de primaria donde las coordinadoras han conseguido que sus centros les respeten una hora conjunta en horario y &nbsp;est\u00e1n desarrollando actividades conjuntas y ayud\u00e1ndose mutuamente a elaborar el curriculum integrado de sus centros (a ellas se ha unido de manera virtual una coordinadora de un centro&nbsp;rural).<br \/>\n<a href=\"https:\/\/blogsaverroes.juntadeandalucia.es\/plurilinguismodelegacionmalaga\/files\/2015\/06\/bilitrams.jpg\" rel=\"attachment wp-att-6147\"><img loading=\"lazy\" decoding=\"async\" class=\"size-medium wp-image-6147 alignright\" src=\"http:\/\/www.educacionenmalaga.es\/bilinguismo\/files\/2015\/06\/bilitrams-300x300.jpg\" alt=\"bilitrams\" width=\"300\" height=\"300\" srcset=\"https:\/\/blogsaverroes.juntadeandalucia.es\/plurilinguismodelegacionmalaga\/files\/2015\/06\/bilitrams-300x300.jpg 300w, https:\/\/blogsaverroes.juntadeandalucia.es\/plurilinguismodelegacionmalaga\/files\/2015\/06\/bilitrams-150x150.jpg 150w, https:\/\/blogsaverroes.juntadeandalucia.es\/plurilinguismodelegacionmalaga\/files\/2015\/06\/bilitrams-100x100.jpg 100w, https:\/\/blogsaverroes.juntadeandalucia.es\/plurilinguismodelegacionmalaga\/files\/2015\/06\/bilitrams-160x160.jpg 160w, https:\/\/blogsaverroes.juntadeandalucia.es\/plurilinguismodelegacionmalaga\/files\/2015\/06\/bilitrams-24x24.jpg 24w, https:\/\/blogsaverroes.juntadeandalucia.es\/plurilinguismodelegacionmalaga\/files\/2015\/06\/bilitrams-36x36.jpg 36w, https:\/\/blogsaverroes.juntadeandalucia.es\/plurilinguismodelegacionmalaga\/files\/2015\/06\/bilitrams-48x48.jpg 48w, https:\/\/blogsaverroes.juntadeandalucia.es\/plurilinguismodelegacionmalaga\/files\/2015\/06\/bilitrams.jpg 320w\" sizes=\"(max-width: 300px) 100vw, 300px\" \/><\/a><\/p>\n<p style=\"text-align: left\">Y, por \u00faltimo, como ejemplo m\u00e1s desarrollado de microrredes, nos encontramos con la&nbsp;microrred biling\u00fce BILITRAMS (<a href=\"http:\/\/bilitrams.blogspot.com.es\/\" target=\"_blank\" rel=\"noopener noreferrer\">http:\/\/bilitrams.blogspot.com.es\/<\/a>), que estableci\u00f3 un calendario de reuniones el curso pasado, hicieron un&nbsp;logo com\u00fan y eligieron un nombre que es un acr\u00f3nimo de los 5 centros. Este curso se han constituido en grupo de trabajo. El a\u00f1o pasado los alumnos de los 5 centros hicieron actividades m\u00e1s simples como enviarse postales de Navidad y Semana Santa en ingl\u00e9s, y este a\u00f1o han comenzado hacer intercambios de conversaci\u00f3n guiada entre centros.<\/p>\n<p style=\"text-align: justify\">Estaremos encantados de conocer m\u00e1s experiencias que se est\u00e9n desarrollando teniendo las microrredes como punto de partida.<\/p>\n","protected":false},"excerpt":{"rendered":"<p>Desde el curso 2012-13, en la provincia de M\u00e1laga se est\u00e1&nbsp;fomentando&nbsp;el modelo de microrredes de centros biling\u00fces. \u00bfC\u00f3mo nacieron? La figura del coordinador biling\u00fce es, por definici\u00f3n, aislada. Son un referente para su equipo&#46;&#46;&#46;<\/p>\n","protected":false},"author":1124,"featured_media":0,"parent":0,"menu_order":0,"comment_status":"closed","ping_status":"closed","template":"","meta":{"ngg_post_thumbnail":0,"footnotes":""},"aioseo_notices":[],"_links":{"self":[{"href":"https:\/\/blogsaverroes.juntadeandalucia.es\/plurilinguismodelegacionmalaga\/wp-json\/wp\/v2\/pages\/6635"}],"collection":[{"href":"https:\/\/blogsaverroes.juntadeandalucia.es\/plurilinguismodelegacionmalaga\/wp-json\/wp\/v2\/pages"}],"about":[{"href":"https:\/\/blogsaverroes.juntadeandalucia.es\/plurilinguismodelegacionmalaga\/wp-json\/wp\/v2\/types\/page"}],"author":[{"embeddable":true,"href":"https:\/\/blogsaverroes.juntadeandalucia.es\/plurilinguismodelegacionmalaga\/wp-json\/wp\/v2\/users\/1124"}],"replies":[{"embeddable":true,"href":"https:\/\/blogsaverroes.juntadeandalucia.es\/plurilinguismodelegacionmalaga\/wp-json\/wp\/v2\/comments?post=6635"}],"version-history":[{"count":1,"href":"https:\/\/blogsaverroes.juntadeandalucia.es\/plurilinguismodelegacionmalaga\/wp-json\/wp\/v2\/pages\/6635\/revisions"}],"predecessor-version":[{"id":8665,"href":"https:\/\/blogsaverroes.juntadeandalucia.es\/plurilinguismodelegacionmalaga\/wp-json\/wp\/v2\/pages\/6635\/revisions\/8665"}],"wp:attachment":[{"href":"https:\/\/blogsaverroes.juntadeandalucia.es\/plurilinguismodelegacionmalaga\/wp-json\/wp\/v2\/media?parent=6635"}],"curies":[{"name":"wp","href":"https:\/\/api.w.org\/{rel}","templated":true}]}}