{"id":6918,"date":"2017-01-13T12:53:35","date_gmt":"2017-01-13T11:53:35","guid":{"rendered":"http:\/\/www.educacionenmalaga.es\/bilinguismo\/?page_id=6918"},"modified":"2017-01-13T12:53:35","modified_gmt":"2017-01-13T11:53:35","slug":"correo-corporativo","status":"publish","type":"page","link":"https:\/\/blogsaverroes.juntadeandalucia.es\/plurilinguismodelegacionmalaga\/correo-corporativo\/","title":{"rendered":"Correo Corporativo"},"content":{"rendered":"<p>Para crear una cuenta de correo corporativo, deben seguir la siguiente ruta una vez se haya accedido a S\u00e9neca:<\/p>\n<p><b><i>S\u00e9neca&gt;utilidades&gt;correo corporativo.<\/i><\/b><\/p>\n<p>As\u00ed mismo les facilitamos informaci\u00f3n que puede ser de su inter\u00e9s:<\/p>\n<p><u><b>1. Tutorial para configurar correo edu en el m\u00f3vil<\/b><\/u><br \/>\nSe hace desde la aplicaci\u00f3n que teng\u00e1is de correo o de la misma de Gmail, que supongo que casi todos tendr\u00e9is descargada.<\/p>\n<ol>\n<li>Aplicaci\u00f3n Gmail<\/li>\n<li>Ajustes<\/li>\n<li>A\u00f1adir cuenta<\/li>\n<li>Personal (IMAP\/POP)<\/li>\n<li>Escribir tu direcci\u00f3n de correo edu (completa)<\/li>\n<li>Personal (IMAP)<\/li>\n<li>Contrase\u00f1a XXXXX<\/li>\n<li>Ajustes del servidor de entrada:<\/li>\n<\/ol>\n<ul>\n<li>Nombre de usuario: xxxxxxxx.edu (No se pone el correo completo, @juntadeandalucia.es)<\/li>\n<li>Servidor: imap.juntadeandalucia.es<\/li>\n<li>Puerto: 993<\/li>\n<li>Tipo de seguridad: SSL\/TLS (aceptar todos los certificados)<\/li>\n<\/ul>\n<p>9. Ajustes del servidor de salida:<\/p>\n<ul>\n<li>Servidor SMTP: mail.juntadeandalucia.es<\/li>\n<li>Puerto:465<\/li>\n<li>Tipo de seguridad: SSL\/TLS (aceptar todos los certificados)<\/li>\n<li>Nombre de usuario: xxxxxxx.edu (No se pone el correo completo, @juntadeandalucia.es)<\/li>\n<li>Contrase\u00f1a: XXXXX<\/li>\n<\/ul>\n<p>Esperamos que de esta manera os sea m\u00e1s f\u00e1cil recibir las comunicaciones.<\/p>\n<p><u><b>2. \u00bfC\u00f3mo ver el correo edu?<br \/>\n<\/b><\/u><\/p>\n<ul>\n<li>\u00a0<strong><a class=\"moz-txt-link-freetext\" href=\"http:\/\/correo.juntadeandalucia.es\">http:\/\/correo.juntadeandalucia.es<\/a><\/strong><\/li>\n<\/ul>\n","protected":false},"excerpt":{"rendered":"<p>Para crear una cuenta de correo corporativo, deben seguir la siguiente ruta una vez se haya accedido a S\u00e9neca: S\u00e9neca&gt;utilidades&gt;correo corporativo. As\u00ed mismo les facilitamos informaci\u00f3n que puede ser de su inter\u00e9s: 1. Tutorial&#46;&#46;&#46;<\/p>\n","protected":false},"author":1124,"featured_media":0,"parent":0,"menu_order":0,"comment_status":"closed","ping_status":"closed","template":"","meta":{"ngg_post_thumbnail":0,"footnotes":""},"aioseo_notices":[],"_links":{"self":[{"href":"https:\/\/blogsaverroes.juntadeandalucia.es\/plurilinguismodelegacionmalaga\/wp-json\/wp\/v2\/pages\/6918"}],"collection":[{"href":"https:\/\/blogsaverroes.juntadeandalucia.es\/plurilinguismodelegacionmalaga\/wp-json\/wp\/v2\/pages"}],"about":[{"href":"https:\/\/blogsaverroes.juntadeandalucia.es\/plurilinguismodelegacionmalaga\/wp-json\/wp\/v2\/types\/page"}],"author":[{"embeddable":true,"href":"https:\/\/blogsaverroes.juntadeandalucia.es\/plurilinguismodelegacionmalaga\/wp-json\/wp\/v2\/users\/1124"}],"replies":[{"embeddable":true,"href":"https:\/\/blogsaverroes.juntadeandalucia.es\/plurilinguismodelegacionmalaga\/wp-json\/wp\/v2\/comments?post=6918"}],"version-history":[{"count":0,"href":"https:\/\/blogsaverroes.juntadeandalucia.es\/plurilinguismodelegacionmalaga\/wp-json\/wp\/v2\/pages\/6918\/revisions"}],"wp:attachment":[{"href":"https:\/\/blogsaverroes.juntadeandalucia.es\/plurilinguismodelegacionmalaga\/wp-json\/wp\/v2\/media?parent=6918"}],"curies":[{"name":"wp","href":"https:\/\/api.w.org\/{rel}","templated":true}]}}