{"id":7462,"date":"2018-04-18T12:02:42","date_gmt":"2018-04-18T11:02:42","guid":{"rendered":"https:\/\/www.educacionenmalaga.es\/bilinguismo\/?page_id=7462"},"modified":"2018-04-18T12:02:42","modified_gmt":"2018-04-18T11:02:42","slug":"fse-auxiliares","status":"publish","type":"page","link":"https:\/\/blogsaverroes.juntadeandalucia.es\/plurilinguismodelegacionmalaga\/fse-auxiliares\/","title":{"rendered":"FSE Auxiliares"},"content":{"rendered":"<p>Documentaci\u00f3n para los IES y CEIP con auxiliares\u00a0 de conversaci\u00f3n\u00a0 de FSE:<\/p>\n<p>Para acceder al\u00a0 calendario 2019\/2020 (recursos\/formaci\u00f3n y documentaci\u00f3n) y los materiales que los auxiliares est\u00e1n compartiendo:<\/p>\n<p><a href=\"https:\/\/goo.gl\/sR8Pmf\">https:\/\/goo.gl\/sR8Pmf<\/a><\/p>\n<p>&nbsp;<\/p>\n<p><a href=\"https:\/\/blogsaverroes.juntadeandalucia.es\/plurilinguismodelegacionmalaga\/files\/2018\/04\/manual_auxiliar_conversacion.pdf\">Manual_Auxiliar_conversacion<\/a><\/p>\n<p><a href=\"https:\/\/blogsaverroes.juntadeandalucia.es\/plurilinguismodelegacionmalaga\/files\/2018\/04\/horario-auxiliares-rellenable.pdf\">Horario auxiliares rellenable con los logos<\/a><\/p>\n<p><a href=\"https:\/\/blogsaverroes.juntadeandalucia.es\/plurilinguismodelegacionmalaga\/files\/2018\/04\/fse-presentacion.pdf\">FSE presentaci\u00f3n<\/a><\/p>\n<p>&nbsp;<\/p>\n","protected":false},"excerpt":{"rendered":"<p>Documentaci\u00f3n para los IES y CEIP con auxiliares\u00a0 de conversaci\u00f3n\u00a0 de FSE: Para acceder al\u00a0 calendario 2019\/2020 (recursos\/formaci\u00f3n y documentaci\u00f3n) y los materiales que los auxiliares est\u00e1n compartiendo: https:\/\/goo.gl\/sR8Pmf &nbsp; Manual_Auxiliar_conversacion Horario auxiliares rellenable&#46;&#46;&#46;<\/p>\n","protected":false},"author":1124,"featured_media":0,"parent":0,"menu_order":0,"comment_status":"closed","ping_status":"closed","template":"","meta":{"ngg_post_thumbnail":0,"footnotes":""},"aioseo_notices":[],"_links":{"self":[{"href":"https:\/\/blogsaverroes.juntadeandalucia.es\/plurilinguismodelegacionmalaga\/wp-json\/wp\/v2\/pages\/7462"}],"collection":[{"href":"https:\/\/blogsaverroes.juntadeandalucia.es\/plurilinguismodelegacionmalaga\/wp-json\/wp\/v2\/pages"}],"about":[{"href":"https:\/\/blogsaverroes.juntadeandalucia.es\/plurilinguismodelegacionmalaga\/wp-json\/wp\/v2\/types\/page"}],"author":[{"embeddable":true,"href":"https:\/\/blogsaverroes.juntadeandalucia.es\/plurilinguismodelegacionmalaga\/wp-json\/wp\/v2\/users\/1124"}],"replies":[{"embeddable":true,"href":"https:\/\/blogsaverroes.juntadeandalucia.es\/plurilinguismodelegacionmalaga\/wp-json\/wp\/v2\/comments?post=7462"}],"version-history":[{"count":0,"href":"https:\/\/blogsaverroes.juntadeandalucia.es\/plurilinguismodelegacionmalaga\/wp-json\/wp\/v2\/pages\/7462\/revisions"}],"wp:attachment":[{"href":"https:\/\/blogsaverroes.juntadeandalucia.es\/plurilinguismodelegacionmalaga\/wp-json\/wp\/v2\/media?parent=7462"}],"curies":[{"name":"wp","href":"https:\/\/api.w.org\/{rel}","templated":true}]}}