{"id":141,"date":"2015-03-17T07:13:24","date_gmt":"2015-03-17T07:13:24","guid":{"rendered":"http:\/\/blogsaverroes.juntadeandalucia.es\/pre\/ceip\/?page_id=141"},"modified":"2024-02-06T13:41:12","modified_gmt":"2024-02-06T12:41:12","slug":"escolarizacion","status":"publish","type":"page","link":"https:\/\/blogsaverroes.juntadeandalucia.es\/poniente\/escolarizacion\/","title":{"rendered":"Escolarizaci\u00f3n"},"content":{"rendered":"<p><a href=\"http:\/\/blogsaverroes.juntadeandalucia.es\/poniente\/files\/2015\/03\/acc_matricula.png\"><img loading=\"lazy\" decoding=\"async\" class=\"aligncenter wp-image-2307 \" src=\"http:\/\/blogsaverroes.juntadeandalucia.es\/poniente\/files\/2015\/03\/acc_matricula.png\" alt=\"acc_matricula\" width=\"312\" height=\"190\" srcset=\"https:\/\/blogsaverroes.juntadeandalucia.es\/poniente\/files\/2015\/03\/acc_matricula-268x164.png 268w, https:\/\/blogsaverroes.juntadeandalucia.es\/poniente\/files\/2015\/03\/acc_matricula-24x14.png 24w, https:\/\/blogsaverroes.juntadeandalucia.es\/poniente\/files\/2015\/03\/acc_matricula-36x22.png 36w, https:\/\/blogsaverroes.juntadeandalucia.es\/poniente\/files\/2015\/03\/acc_matricula-48x29.png 48w\" sizes=\"(max-width: 312px) 100vw, 312px\" \/><\/a><\/p>\n<p>Todav\u00eda no se ha abierto el plazo de matriculaci\u00f3n para el curso escolar 2024 &#8211; 2025.<\/p>\n<p style=\"text-align: justify\">Durante el <span style=\"text-decoration: underline\"><strong>mes de marzo<\/strong> <\/span>permanecer\u00e1 abierto en Andaluc\u00eda el plazo para la presentaci\u00f3n de solicitudes de admisi\u00f3n correspondientes al pr\u00f3ximo curso escolar. Se inicia de este modo el proceso de escolarizaci\u00f3n en el que participan todos los ni\u00f1os y ni\u00f1as que <strong>se incorporan por <span style=\"text-decoration: underline\">primera<\/span><\/strong><span style=\"text-decoration: underline\"> <strong>vez<\/strong> <\/span>al sistema educativo, tanto en centros p\u00fablicos como privados concertados, as\u00ed como el <strong>alumnado que <span style=\"text-decoration: underline\">cambie<\/span> de centro escolar.<\/strong><\/p>\n<p>Para el alumnado que<span style=\"text-decoration: underline\"><strong> ya est\u00e1 matriculado<\/strong><\/span> en el Centro, el plazo de matr\u00edcula ser\u00e1 la primera semana de <span style=\"text-decoration: underline\"><strong>Junio<\/strong><\/span>.&nbsp;<\/p>\n<p>Pr\u00f3ximamente daremos m\u00e1s informaci\u00f3n.<\/p>\n","protected":false},"excerpt":{"rendered":"<p>Todav\u00eda no se ha abierto el plazo de matriculaci\u00f3n para el curso escolar 2024 &#8211; 2025. Durante el mes de marzo permanecer\u00e1 abierto en Andaluc\u00eda el plazo para la presentaci\u00f3n de solicitudes de admisi\u00f3n&#46;&#46;&#46;<\/p>\n","protected":false},"author":1,"featured_media":0,"parent":0,"menu_order":0,"comment_status":"closed","ping_status":"open","template":"","meta":{"ngg_post_thumbnail":0,"footnotes":"","_mc_calendar":[]},"aioseo_notices":[],"_links":{"self":[{"href":"https:\/\/blogsaverroes.juntadeandalucia.es\/poniente\/wp-json\/wp\/v2\/pages\/141"}],"collection":[{"href":"https:\/\/blogsaverroes.juntadeandalucia.es\/poniente\/wp-json\/wp\/v2\/pages"}],"about":[{"href":"https:\/\/blogsaverroes.juntadeandalucia.es\/poniente\/wp-json\/wp\/v2\/types\/page"}],"author":[{"embeddable":true,"href":"https:\/\/blogsaverroes.juntadeandalucia.es\/poniente\/wp-json\/wp\/v2\/users\/1"}],"replies":[{"embeddable":true,"href":"https:\/\/blogsaverroes.juntadeandalucia.es\/poniente\/wp-json\/wp\/v2\/comments?post=141"}],"version-history":[{"count":10,"href":"https:\/\/blogsaverroes.juntadeandalucia.es\/poniente\/wp-json\/wp\/v2\/pages\/141\/revisions"}],"predecessor-version":[{"id":7332,"href":"https:\/\/blogsaverroes.juntadeandalucia.es\/poniente\/wp-json\/wp\/v2\/pages\/141\/revisions\/7332"}],"wp:attachment":[{"href":"https:\/\/blogsaverroes.juntadeandalucia.es\/poniente\/wp-json\/wp\/v2\/media?parent=141"}],"curies":[{"name":"wp","href":"https:\/\/api.w.org\/{rel}","templated":true}]}}