{"id":2766,"date":"2017-02-07T10:06:52","date_gmt":"2017-02-07T09:06:52","guid":{"rendered":"http:\/\/blogsaverroes.juntadeandalucia.es\/poniente\/?page_id=2766"},"modified":"2022-11-30T18:30:43","modified_gmt":"2022-11-30T17:30:43","slug":"informacion-biblioteca","status":"publish","type":"page","link":"https:\/\/blogsaverroes.juntadeandalucia.es\/poniente\/biblioteca\/informacion-biblioteca\/","title":{"rendered":"Informaci\u00f3n Biblioteca"},"content":{"rendered":"<p><span style=\"font-family: georgia, palatino, serif\"><span style=\"font-size: small\"><b>SERVICIOS DE LA BIBLIOTECA ESCOLAR.<\/b><\/span><\/span><\/p>\n<p style=\"text-align: justify\"><span style=\"font-family: georgia, palatino, serif\"><span style=\"color: #000000\"><span style=\"color: #000000\">La biblioteca del centro permanecer\u00e1, durante el presente curso escolar abierta, pero los pr\u00e9stamos se gestionar\u00e1n desde las tutor\u00edas, para evitar aglomeraciones.&nbsp;<\/span><\/span><\/span><\/p>\n<p>La biblioteca tendr\u00e1 las siguientes funciones:<\/p>\n<p class=\"western\" style=\"text-align: justify\" align=\"justify\"><span style=\"color: #000000;font-family: georgia, palatino, serif\"> <span style=\"font-size: medium\">&#8211; Uso de la biblioteca escolar como centro de recursos que apoya el proceso de ense\u00f1anza de nuestro alumnado.<\/span><\/span><\/p>\n<p class=\"western\" style=\"text-align: justify\" align=\"justify\"><span style=\"color: #000000;font-family: georgia, palatino, serif\"><span style=\"font-size: medium\">&#8211; Realizaci\u00f3n de actividades did\u00e1cticas.<\/span><\/span><\/p>\n<p class=\"western\" style=\"text-align: justify\" align=\"justify\"><span style=\"color: #000000;font-family: georgia, palatino, serif\"><span style=\"font-size: medium\">&#8211; Lectura de fondos de la biblioteca <\/span><\/span><\/p>\n<p align=\"justify\">&#8211; Servicio de pr\u00e9stamos<\/p>\n<p>&nbsp;<\/p>\n<p class=\"western\" align=\"justify\"><span style=\"color: #000000\"><span style=\"font-size: medium\">Los pr\u00e9stamos y devoluciones se realizar\u00e1n desde cada tutor\u00eda los d\u00edas asignados para cada clase, que contar\u00e1 con un fondo de colecciones, adecuado a la edad e intereses del alumnado.<br \/>\n<\/span><\/span><\/p>\n<p class=\"western\" align=\"justify\"><span style=\"color: #000000\"><span style=\"font-size: medium\">Para disfrutar del servicio de pr\u00e9stamo es necesario disponer del carn\u00e9 de la biblioteca, que se entrega gratuitamente al alumnado.<\/span><\/span><\/p>\n<p class=\"western\" align=\"justify\"><span style=\"color: #000000\"><span style=\"font-size: medium\">Cada alumno\/a con su carn\u00e9 podr\u00e1 llevarse hasta un m\u00e1ximo de dos libros durante 15 d\u00edas. Todos los pr\u00e9stamos deber\u00e1n ser anotados por la bibliotecaria utilizando la plataforma S\u00c9NECA y el lector de c\u00f3digos de barras.<\/span><\/span><\/p>\n<p class=\"western\" align=\"justify\"><span style=\"color: #000000\"><span style=\"font-size: medium\">Cuando alguien desee realizar un pr\u00e9stamo, lecturas o hacer una consulta de libros o enciclopedias de la biblioteca, podr\u00e1 acceder directamente a los documentos pidi\u00e9ndoselos a la Coordinadora de la biblioteca, Do\u00f1a Marta Rojas, o al equipo de apoyo compuesto por Do\u00f1a Maril\u00f3 L\u00f3pez <\/span><\/span><span style=\"color: #000000\"><span style=\"font-size: medium\">y Do\u00f1a Rosario G\u00f3mez. Al finalizar la consulta, \u00e9stos ser\u00e1n devueltos a la bibliotecaria para que queden colocados en su lugar original.<\/span><\/span><\/p>\n<p class=\"western\" align=\"justify\"><span style=\"color: #000000\"><span style=\"font-size: medium\">Cuando se devuelve un pr\u00e9stamo se debe entregar a la bibliotecaria para que lo anote en la plataforma web S\u00c9NECA, que gestiona la biblioteca escolar. Nunca lo colocar\u00e1 el alumnado, ni el profesorado en la estanter\u00eda. <\/span><\/span><\/p>\n<p class=\"western\" align=\"justify\"><span style=\"color: #000000\"><span style=\"font-size: medium\">Se deben cuidar los libros con todo el esmero posible. Se deben tratar con cuidado, sin arrancar ninguna pegatina.&nbsp;<\/span><\/span><\/p>\n<p class=\"western\" align=\"justify\"><span style=\"color: #000000\"><span style=\"font-size: medium\">El incumplimiento de las normas de funcionamiento de la biblioteca escolar, as\u00ed como el uso indebido de los fondos conllevar\u00e1 la aplicaci\u00f3n de penalizaciones:<\/span><\/span><\/p>\n<p class=\"western\" align=\"justify\"><span style=\"color: #000000\"><span style=\"font-size: medium\">* P\u00e9rdidas y deterioro de documentos: para evitar las p\u00e9rdidas de documentos hay que concienciar a los usuarios de la necesidad de cuidar el material de la biblioteca. En los casos de deterioro leve, es mejor que el alumnado lo comunique a la bibliotecaria y no intente arreglarlo por cuenta propia. Cuando se produzca un deterioro serio o una p\u00e9rdida, ser\u00e1 necesario que se reponga la obra, mediante previa comunicaci\u00f3n a las familias del alumno\/a que haya causado el deterioro grave o la p\u00e9rdida.<\/span><\/span><\/p>\n<p class=\"western\" align=\"justify\">&nbsp;<\/p>\n<p><a title=\"Bibliotecas escolares\" href=\"http:\/\/www.juntadeandalucia.es\/educacion\/webportal\/web\/lecturas-y-bibliotecas-escolares\/bibliotecas-escolares\" target=\"_blank\" rel=\"noopener noreferrer\">Enlace al portal sobre las Bibliotecas Escolares.<\/a><\/p>\n","protected":false},"excerpt":{"rendered":"<p>SERVICIOS DE LA BIBLIOTECA ESCOLAR. La biblioteca del centro permanecer\u00e1, durante el presente curso escolar abierta, pero los pr\u00e9stamos se gestionar\u00e1n desde las tutor\u00edas, para evitar aglomeraciones.&nbsp; La biblioteca tendr\u00e1 las siguientes funciones: &#8211;&#46;&#46;&#46;<\/p>\n","protected":false},"author":4712,"featured_media":0,"parent":113,"menu_order":0,"comment_status":"open","ping_status":"open","template":"","meta":{"ngg_post_thumbnail":0,"footnotes":"","_mc_calendar":[]},"aioseo_notices":[],"_links":{"self":[{"href":"https:\/\/blogsaverroes.juntadeandalucia.es\/poniente\/wp-json\/wp\/v2\/pages\/2766"}],"collection":[{"href":"https:\/\/blogsaverroes.juntadeandalucia.es\/poniente\/wp-json\/wp\/v2\/pages"}],"about":[{"href":"https:\/\/blogsaverroes.juntadeandalucia.es\/poniente\/wp-json\/wp\/v2\/types\/page"}],"author":[{"embeddable":true,"href":"https:\/\/blogsaverroes.juntadeandalucia.es\/poniente\/wp-json\/wp\/v2\/users\/4712"}],"replies":[{"embeddable":true,"href":"https:\/\/blogsaverroes.juntadeandalucia.es\/poniente\/wp-json\/wp\/v2\/comments?post=2766"}],"version-history":[{"count":8,"href":"https:\/\/blogsaverroes.juntadeandalucia.es\/poniente\/wp-json\/wp\/v2\/pages\/2766\/revisions"}],"predecessor-version":[{"id":5232,"href":"https:\/\/blogsaverroes.juntadeandalucia.es\/poniente\/wp-json\/wp\/v2\/pages\/2766\/revisions\/5232"}],"up":[{"embeddable":true,"href":"https:\/\/blogsaverroes.juntadeandalucia.es\/poniente\/wp-json\/wp\/v2\/pages\/113"}],"wp:attachment":[{"href":"https:\/\/blogsaverroes.juntadeandalucia.es\/poniente\/wp-json\/wp\/v2\/media?parent=2766"}],"curies":[{"name":"wp","href":"https:\/\/api.w.org\/{rel}","templated":true}]}}