{"id":428,"date":"2015-03-20T07:06:21","date_gmt":"2015-03-20T07:06:21","guid":{"rendered":"http:\/\/blogsaverroes.juntadeandalucia.es\/pre\/ceip\/?page_id=428"},"modified":"2017-02-07T13:16:01","modified_gmt":"2017-02-07T12:16:01","slug":"ed-primaria-1o-ciclo","status":"publish","type":"page","link":"https:\/\/blogsaverroes.juntadeandalucia.es\/poniente\/ed-primaria-1o-ciclo\/","title":{"rendered":"Ed. Primaria. 1\u00ba ciclo"},"content":{"rendered":"<p>La escolarizaci\u00f3n de los ni\u00f1os y las ni\u00f1as es obligatoria a partir de los 6 a\u00f1os, por lo que deben incorporarse a la escuela independientemente de que hayan cursado o no alguno de los cursos de Educaci\u00f3n Infantil. La educaci\u00f3n b\u00e1sica u obligatoria se extiende a nivel del Estado hasta los 16 a\u00f1os y est\u00e1 formada por dos etapas: Educaci\u00f3n Primaria y Educaci\u00f3n Secundaria Obligatoria.<\/p>\n<p>La Educaci\u00f3n Primaria es una etapa obligatoria y gratuita y comprende seis cursos acad\u00e9micos, desde los 6 hasta los 12 a\u00f1os. Su curr\u00edculo est\u00e1 organizado en tres ciclos de dos a\u00f1os cada uno:<\/p>\n<ul>\n<li>Primer ciclo: de 6 a 8 a\u00f1os.<\/li>\n<li>Segundo ciclo: de 8 a 10 a\u00f1os.<\/li>\n<li>Tercer ciclo: de 10 a 12 a\u00f1os.<\/li>\n<\/ul>\n<p>La finalidad de la Educaci\u00f3n Primaria es proporcionar a todos los alumnos y alumnas una educaci\u00f3n que permita afianzar su bienestar y su desarrollo personal, adquirir la capacidad de ejercer el pensamiento cr\u00edtico, las nociones b\u00e1sicas de nuestra cultura y las habilidades relativas a la expresi\u00f3n y comprensi\u00f3n oral, la lectura, la escritura y el c\u00e1lculo, as\u00ed como desarrollar habilidades sociales y de convivencia, de igualdad de g\u00e9nero, h\u00e1bitos de trabajo y estudio, el sentido art\u00edstico, la creatividad y la afectividad, todo ello, con el fin de garantizar una formaci\u00f3n integral que contribuya al pleno desarrollo de la personalidad y a prepararlos para cursar con aprovechamiento la Educaci\u00f3n Secundaria Obligatoria.<\/p>\n<p>Nivel competencial adquirido por el alumnado<\/p>\n<p>PRIMER CICLO DE EDUCACI\u00d3N PRIMARIA<\/p>\n<p><a href=\"http:\/\/blogsaverroes.juntadeandalucia.es\/poniente\/files\/2015\/03\/Orientaciones-descripci\u00f3n-nivel-competencial_ED_Primaria-1\u00ba-ciclo.pdf\">Orientaciones descripci\u00f3n nivel competencial_ED_Primaria 1\u00ba ciclo<\/a><\/p>\n","protected":false},"excerpt":{"rendered":"<p>La escolarizaci\u00f3n de los ni\u00f1os y las ni\u00f1as es obligatoria a partir de los 6 a\u00f1os, por lo que deben incorporarse a la escuela independientemente de que hayan cursado o no alguno de los&#46;&#46;&#46;<\/p>\n","protected":false},"author":1,"featured_media":0,"parent":0,"menu_order":0,"comment_status":"closed","ping_status":"open","template":"","meta":{"ngg_post_thumbnail":0,"footnotes":"","_mc_calendar":[]},"aioseo_notices":[],"_links":{"self":[{"href":"https:\/\/blogsaverroes.juntadeandalucia.es\/poniente\/wp-json\/wp\/v2\/pages\/428"}],"collection":[{"href":"https:\/\/blogsaverroes.juntadeandalucia.es\/poniente\/wp-json\/wp\/v2\/pages"}],"about":[{"href":"https:\/\/blogsaverroes.juntadeandalucia.es\/poniente\/wp-json\/wp\/v2\/types\/page"}],"author":[{"embeddable":true,"href":"https:\/\/blogsaverroes.juntadeandalucia.es\/poniente\/wp-json\/wp\/v2\/users\/1"}],"replies":[{"embeddable":true,"href":"https:\/\/blogsaverroes.juntadeandalucia.es\/poniente\/wp-json\/wp\/v2\/comments?post=428"}],"version-history":[{"count":4,"href":"https:\/\/blogsaverroes.juntadeandalucia.es\/poniente\/wp-json\/wp\/v2\/pages\/428\/revisions"}],"predecessor-version":[{"id":2785,"href":"https:\/\/blogsaverroes.juntadeandalucia.es\/poniente\/wp-json\/wp\/v2\/pages\/428\/revisions\/2785"}],"wp:attachment":[{"href":"https:\/\/blogsaverroes.juntadeandalucia.es\/poniente\/wp-json\/wp\/v2\/media?parent=428"}],"curies":[{"name":"wp","href":"https:\/\/api.w.org\/{rel}","templated":true}]}}