{"id":4283,"date":"2021-03-22T13:10:04","date_gmt":"2021-03-22T12:10:04","guid":{"rendered":"https:\/\/blogsaverroes.juntadeandalucia.es\/poniente\/?page_id=4283"},"modified":"2021-03-22T13:10:04","modified_gmt":"2021-03-22T12:10:04","slug":"plataformas-de-prestamo-electronico","status":"publish","type":"page","link":"https:\/\/blogsaverroes.juntadeandalucia.es\/poniente\/plataformas-de-prestamo-electronico\/","title":{"rendered":"PLATAFORMAS DE PR\u00c9STAMO ELECTR\u00d3NICO"},"content":{"rendered":"<p>A continuaci\u00f3n encontramos varias plataformas de pr\u00e9stamo electr\u00f3nico, tanto para ni\u00f1os como para adultos. Son gratuitas y nos dan la opci\u00f3n de descargar los libros en varios formatos, escuchar audiocuentos, encontrar material educativo para trabajar lecturas&#8230;<\/p>\n<p><strong>Ebiblio<\/strong>: pr\u00e9stamo de libros electr\u00f3nicos, revistas, audiolibros y mucho m\u00e1s.&nbsp; <a href=\"https:\/\/andalucia.ebiblio.es\/\">Accede<\/a><\/p>\n<p><img decoding=\"async\" src=\"https:\/\/madrid.ebiblio.es\/assets\/espa\/ebiblio-logo-f6271b30183c05e97b082bb6d776f11a060fe8ecd47218904e6148a9c9aae5e8.png\" alt=\"Inicio - eBiblio Madrid (eBiblio)\"><\/p>\n<p><strong>Cuentop\u00eda<\/strong>: cuentos infantiles, audiocuentos, dibujos,cuentos cl\u00e1sicos y muchos m\u00e1s recursos. <a href=\"https:\/\/cuentosparadormir.com\/\">Accede<\/a><\/p>\n<p><img loading=\"lazy\" decoding=\"async\" src=\"https:\/\/1.bp.blogspot.com\/-eir1CXSVOsU\/W7zeZ2EyxII\/AAAAAAAAFks\/T1yjTf2T_4gOX_tUxk5LHvVyokEw0B35gCLcBGAs\/s640\/1.png\" alt=\"Sin Tizas y a Lo Loco: Cuentop\u00eda. Cuentos para dormir.\" width=\"474\" height=\"128\"><\/p>\n<p><strong>Elejandr\u00eda<\/strong>: pr\u00e9stamos de libros para adultos con m\u00e1s de 1.300 ejemplares organizados seg\u00fan autor, categor\u00eda literario o colecci\u00f3n.&nbsp; &nbsp; <a href=\"https:\/\/www.elejandria.com\/\">Accede<\/a><\/p>\n<p><img loading=\"lazy\" decoding=\"async\" class=\"\" src=\"https:\/\/ignaciosantiago.com\/wp-content\/uploads\/2018\/06\/paginas-descargar-libros-electronicos-gratis-espanol-elejandria.jpg\" alt=\"\u25b7 47 P\u00e1ginas para Descargar LIBROS Gratis en ESPA\u00d1OL\" width=\"360\" height=\"200\"><\/p>\n<p>&nbsp;<\/p>\n","protected":false},"excerpt":{"rendered":"<p>A continuaci\u00f3n encontramos varias plataformas de pr\u00e9stamo electr\u00f3nico, tanto para ni\u00f1os como para adultos. Son gratuitas y nos dan la opci\u00f3n de descargar los libros en varios formatos, escuchar audiocuentos, encontrar material educativo para&#46;&#46;&#46;<\/p>\n","protected":false},"author":4712,"featured_media":0,"parent":0,"menu_order":0,"comment_status":"closed","ping_status":"closed","template":"","meta":{"ngg_post_thumbnail":0,"footnotes":"","_mc_calendar":[]},"aioseo_notices":[],"_links":{"self":[{"href":"https:\/\/blogsaverroes.juntadeandalucia.es\/poniente\/wp-json\/wp\/v2\/pages\/4283"}],"collection":[{"href":"https:\/\/blogsaverroes.juntadeandalucia.es\/poniente\/wp-json\/wp\/v2\/pages"}],"about":[{"href":"https:\/\/blogsaverroes.juntadeandalucia.es\/poniente\/wp-json\/wp\/v2\/types\/page"}],"author":[{"embeddable":true,"href":"https:\/\/blogsaverroes.juntadeandalucia.es\/poniente\/wp-json\/wp\/v2\/users\/4712"}],"replies":[{"embeddable":true,"href":"https:\/\/blogsaverroes.juntadeandalucia.es\/poniente\/wp-json\/wp\/v2\/comments?post=4283"}],"version-history":[{"count":1,"href":"https:\/\/blogsaverroes.juntadeandalucia.es\/poniente\/wp-json\/wp\/v2\/pages\/4283\/revisions"}],"predecessor-version":[{"id":4284,"href":"https:\/\/blogsaverroes.juntadeandalucia.es\/poniente\/wp-json\/wp\/v2\/pages\/4283\/revisions\/4284"}],"wp:attachment":[{"href":"https:\/\/blogsaverroes.juntadeandalucia.es\/poniente\/wp-json\/wp\/v2\/media?parent=4283"}],"curies":[{"name":"wp","href":"https:\/\/api.w.org\/{rel}","templated":true}]}}