{"id":4291,"date":"2021-03-28T21:03:34","date_gmt":"2021-03-28T20:03:34","guid":{"rendered":"https:\/\/blogsaverroes.juntadeandalucia.es\/poniente\/?page_id=4291"},"modified":"2023-11-15T23:04:44","modified_gmt":"2023-11-15T22:04:44","slug":"bancos-de-imagenes-2","status":"publish","type":"page","link":"https:\/\/blogsaverroes.juntadeandalucia.es\/poniente\/bancos-de-imagenes-2\/","title":{"rendered":"GALER\u00cdA DE IM\u00c1GENES"},"content":{"rendered":"<p style=\"text-align: center\">EXCURSI\u00d3N CABO DE GATA Y SAN JOS\u00c9<\/p>\n<p style=\"text-align: center\">23 de octubre 2023<\/p>\nngg_shortcode_0_placeholder\n<p style=\"text-align: center\">INVENTOS<\/p>\nngg_shortcode_1_placeholder\n<p style=\"text-align: center\">CHARLA RCP<\/p>\nngg_shortcode_2_placeholder\n<p>&nbsp;<\/p>\n<p style=\"text-align: center\">D\u00cdA DE LAS FAMILIAS<\/p>\nngg_shortcode_3_placeholder\n<p>&nbsp;<\/p>\n<p style=\"text-align: center\">CUENTA CUENTOS D\u00cdA DEL LIBRO<\/p>\nngg_shortcode_4_placeholder\n<p>&nbsp;<\/p>\n<p style=\"text-align: center\">ESPACIO DE LECTURA<\/p>\nngg_shortcode_5_placeholder\n<p style=\"text-align: center\">MERCADILLO SOLIDARIO<\/p>\nngg_shortcode_6_placeholder\n<p>&nbsp;<\/p>\n<p style=\"text-align: center\">D\u00cdA DE EUROPA<\/p>\nngg_shortcode_7_placeholder\n<p>&nbsp;<\/p>\n<p style=\"text-align: center\">EXCURSI\u00d3N A BALSA DEL SAPO<\/p>\nngg_shortcode_8_placeholder\n<p>&nbsp;<\/p>\n<p>&nbsp;<\/p>\n<p style=\"text-align: center\"><span style=\"font-size: 18pt\">SEMANA CULTURAL<\/span><\/p>\n<p style=\"text-align: center\">-D\u00cdA 1-<\/p>\nngg_shortcode_9_placeholder\n<p style=\"text-align: center\">&nbsp;<\/p>\n<p style=\"text-align: center\">-D\u00cdA 2 &#8211;<\/p>\nngg_shortcode_10_placeholder\n<p style=\"text-align: center\">-D\u00cdA 3-<\/p>\nngg_shortcode_11_placeholder\n<p style=\"text-align: center\">-D\u00cdA 4-<\/p>\nngg_shortcode_12_placeholder\n<p style=\"text-align: center\">-D\u00cdA 5-<\/p>\nngg_shortcode_13_placeholder\n<p style=\"text-align: center\">EXCURSI\u00d3N A SIERRA NEVADA<\/p>\n<p style=\"text-align: center\">10 de marzo 2023<\/p>\n<p>&nbsp;<\/p>\nngg_shortcode_14_placeholder\n<p style=\"text-align: center\">CARNAVAL<\/p>\n<p style=\"text-align: center\">26 de febrero 2023<\/p>\nngg_shortcode_15_placeholder\n<p style=\"text-align: center\">D\u00cdA DE ANDALUC\u00cdA<\/p>\n<p style=\"text-align: center\">25 de febrero 2023<\/p>\nngg_shortcode_16_placeholder\n<p style=\"text-align: center\">CARNAVAL<\/p>\n<p style=\"text-align: center\">24 de febrero 2023<\/p>\nngg_shortcode_17_placeholder\n<p style=\"text-align: center\">LA CHANDELEUR<\/p>\n<p style=\"text-align: center\">2 de febrero 2023<\/p>\nngg_shortcode_18_placeholder\n<p style=\"text-align: center\">ACTUACI\u00d3N MAGO PABLO<\/p>\n<p style=\"text-align: center\">30 de enero 2023<\/p>\nngg_shortcode_19_placeholder\n<p>&nbsp;<\/p>\n<p style=\"text-align: center\">ACROSPORT<\/p>\n<p style=\"text-align: center\">26 de enero 2023<\/p>\nngg_shortcode_20_placeholder\n<p style=\"text-align: center\">ACTUACIONES DE NAVIDAD 2022<\/p>\nngg_shortcode_21_placeholder\n<p>&nbsp;<\/p>\n<p style=\"text-align: center\">NAVIDAD Y TALLERES&nbsp; 2022<\/p>\nngg_shortcode_22_placeholder\n<p>&nbsp;<\/p>\n<p style=\"text-align: center\">NAVIDAD 2022<\/p>\nngg_shortcode_23_placeholder\n<p style=\"text-align: center\">HUERTO ESCOLAR<\/p>\n<p style=\"text-align: center\">2 de diciembre de 2022<\/p>\nngg_shortcode_24_placeholder\n<p style=\"text-align: center\">D\u00cdA DE LA CONSTITUCI\u00d3N<\/p>\n<p style=\"text-align: center\">2 de diciembre de 2022<\/p>\nngg_shortcode_25_placeholder\n<p style=\"text-align: center\">EXCURSI\u00d3N A CABO DE GATA<\/p>\n<p style=\"text-align: center\">28 de noviembre de 2022<\/p>\nngg_shortcode_26_placeholder\n<p>&nbsp;<\/p>\n<p style=\"text-align: center\">FIESTA DEL OTO\u00d1O<\/p>\n<p style=\"text-align: center\">18 de noviembre de 2022<\/p>\nngg_shortcode_27_placeholder\n<p style=\"text-align: center\">D\u00cdA DEL FLAMENCO<\/p>\n<p style=\"text-align: center\">16 de noviembre de 2022<\/p>\nngg_shortcode_28_placeholder\n<p style=\"text-align: center\">TEATRO &#8220;YO NO QUIERO SER UNA PRINCESA ROSA&#8221;<\/p>\n<p style=\"text-align: center\">11 de noviembre de 2022<\/p>\nngg_shortcode_29_placeholder\n<p>&nbsp;<\/p>\n<p style=\"text-align: center\">HALLOWEEN<\/p>\n<p style=\"text-align: center\">28 de octubre de 2022<\/p>\nngg_shortcode_30_placeholder\n<p style=\"text-align: center\">TEATRO &#8220;LA EDAD DE HIELO&#8221;<\/p>\n<p style=\"text-align: center\">26 de octubre de 2022<\/p>\nngg_shortcode_31_placeholder\n<p style=\"text-align: center\">&nbsp;<\/p>\n<p style=\"text-align: center\">CHARLA HIGIENE BUCODENTAL<\/p>\n<p style=\"text-align: center\">21 de octubre de 2022<\/p>\nngg_shortcode_32_placeholder\n<p style=\"text-align: center\">&nbsp;<\/p>\n<p style=\"text-align: center\">SIEMBRA EN EL HUERTO ESCOLAR<\/p>\n<p style=\"text-align: center\">&nbsp;<\/p>\n<p style=\"text-align: center\">6 de octubre de 2022<\/p>\nngg_shortcode_33_placeholder\n<p style=\"text-align: center\">&nbsp;<\/p>\nngg_shortcode_34_placeholder\n<p style=\"text-align: center\">&nbsp;<\/p>\nngg_shortcode_35_placeholder\n<p style=\"text-align: center\">&nbsp;<\/p>\n<p style=\"text-align: center\">BIENVENIDA AL CURSO 2022\/ 2023<\/p>\nngg_shortcode_36_placeholder\n","protected":false},"excerpt":{"rendered":"<p>EXCURSI\u00d3N CABO DE GATA Y SAN JOS\u00c9 23 de octubre 2023 &nbsp; INVENTOS &nbsp; CHARLA RCP &nbsp; &nbsp; D\u00cdA DE LAS FAMILIAS &nbsp; &nbsp; CUENTA CUENTOS D\u00cdA DEL LIBRO &nbsp; &nbsp; ESPACIO DE LECTURA&#46;&#46;&#46;<\/p>\n","protected":false},"author":4712,"featured_media":0,"parent":0,"menu_order":0,"comment_status":"closed","ping_status":"closed","template":"","meta":{"ngg_post_thumbnail":0,"footnotes":"","_mc_calendar":[]},"aioseo_notices":[],"_links":{"self":[{"href":"https:\/\/blogsaverroes.juntadeandalucia.es\/poniente\/wp-json\/wp\/v2\/pages\/4291"}],"collection":[{"href":"https:\/\/blogsaverroes.juntadeandalucia.es\/poniente\/wp-json\/wp\/v2\/pages"}],"about":[{"href":"https:\/\/blogsaverroes.juntadeandalucia.es\/poniente\/wp-json\/wp\/v2\/types\/page"}],"author":[{"embeddable":true,"href":"https:\/\/blogsaverroes.juntadeandalucia.es\/poniente\/wp-json\/wp\/v2\/users\/4712"}],"replies":[{"embeddable":true,"href":"https:\/\/blogsaverroes.juntadeandalucia.es\/poniente\/wp-json\/wp\/v2\/comments?post=4291"}],"version-history":[{"count":38,"href":"https:\/\/blogsaverroes.juntadeandalucia.es\/poniente\/wp-json\/wp\/v2\/pages\/4291\/revisions"}],"predecessor-version":[{"id":7024,"href":"https:\/\/blogsaverroes.juntadeandalucia.es\/poniente\/wp-json\/wp\/v2\/pages\/4291\/revisions\/7024"}],"wp:attachment":[{"href":"https:\/\/blogsaverroes.juntadeandalucia.es\/poniente\/wp-json\/wp\/v2\/media?parent=4291"}],"curies":[{"name":"wp","href":"https:\/\/api.w.org\/{rel}","templated":true}]}}