{"id":4495,"date":"2022-03-14T10:24:49","date_gmt":"2022-03-14T09:24:49","guid":{"rendered":"https:\/\/blogsaverroes.juntadeandalucia.es\/poniente\/?page_id=4495"},"modified":"2022-03-14T10:33:49","modified_gmt":"2022-03-14T09:33:49","slug":"plan-de-igualdad","status":"publish","type":"page","link":"https:\/\/blogsaverroes.juntadeandalucia.es\/poniente\/plan-de-igualdad\/","title":{"rendered":"Plan de igualdad"},"content":{"rendered":"<p><a href=\"https:\/\/violenciagenero.igualdad.gob.es\/pactoEstado\/\"><img loading=\"lazy\" decoding=\"async\" class=\"aligncenter wp-image-4489 size-full\" src=\"https:\/\/blogsaverroes.juntadeandalucia.es\/poniente\/files\/2022\/03\/pacto-de-estado-contra-violencia.png\" alt=\"\" width=\"479\" height=\"105\" srcset=\"https:\/\/blogsaverroes.juntadeandalucia.es\/poniente\/files\/2022\/03\/pacto-de-estado-contra-violencia.png 479w, https:\/\/blogsaverroes.juntadeandalucia.es\/poniente\/files\/2022\/03\/pacto-de-estado-contra-violencia-300x66.png 300w\" sizes=\"(max-width: 479px) 100vw, 479px\" \/><\/a><\/p>\n<p><a href=\"https:\/\/portals.ced.junta-andalucia.es\/educacion\/portals\/web\/igualdad\/inicio\">Web de la junta de Andaluc\u00eda sobre igualdad y educaci\u00f3n.<\/a><\/p>\n<p><a href=\"https:\/\/drive.google.com\/file\/d\/1RKmm5sg_tET-8PK6UXt8xaQlJoRFNF-S\/view?usp=sharing\">Plan de igualdad de g\u00e9nero en educaci\u00f3n (C.E.I.P. PONIENTE)<\/a>.<\/p>\n<p>&nbsp;<\/p>\n<p>&nbsp;<\/p>\n<p>&nbsp;<\/p>\n<p>&nbsp;<\/p>\n","protected":false},"excerpt":{"rendered":"<p>Web de la junta de Andaluc\u00eda sobre igualdad y educaci\u00f3n. Plan de igualdad de g\u00e9nero en educaci\u00f3n (C.E.I.P. PONIENTE). &nbsp; &nbsp; &nbsp; &nbsp;<\/p>\n","protected":false},"author":4712,"featured_media":0,"parent":0,"menu_order":0,"comment_status":"closed","ping_status":"closed","template":"","meta":{"ngg_post_thumbnail":0,"footnotes":"","_mc_calendar":[]},"aioseo_notices":[],"_links":{"self":[{"href":"https:\/\/blogsaverroes.juntadeandalucia.es\/poniente\/wp-json\/wp\/v2\/pages\/4495"}],"collection":[{"href":"https:\/\/blogsaverroes.juntadeandalucia.es\/poniente\/wp-json\/wp\/v2\/pages"}],"about":[{"href":"https:\/\/blogsaverroes.juntadeandalucia.es\/poniente\/wp-json\/wp\/v2\/types\/page"}],"author":[{"embeddable":true,"href":"https:\/\/blogsaverroes.juntadeandalucia.es\/poniente\/wp-json\/wp\/v2\/users\/4712"}],"replies":[{"embeddable":true,"href":"https:\/\/blogsaverroes.juntadeandalucia.es\/poniente\/wp-json\/wp\/v2\/comments?post=4495"}],"version-history":[{"count":3,"href":"https:\/\/blogsaverroes.juntadeandalucia.es\/poniente\/wp-json\/wp\/v2\/pages\/4495\/revisions"}],"predecessor-version":[{"id":4505,"href":"https:\/\/blogsaverroes.juntadeandalucia.es\/poniente\/wp-json\/wp\/v2\/pages\/4495\/revisions\/4505"}],"wp:attachment":[{"href":"https:\/\/blogsaverroes.juntadeandalucia.es\/poniente\/wp-json\/wp\/v2\/media?parent=4495"}],"curies":[{"name":"wp","href":"https:\/\/api.w.org\/{rel}","templated":true}]}}