{"id":4642,"date":"2022-09-05T22:35:38","date_gmt":"2022-09-05T21:35:38","guid":{"rendered":"https:\/\/blogsaverroes.juntadeandalucia.es\/poniente\/?page_id=4642"},"modified":"2023-11-15T23:25:21","modified_gmt":"2023-11-15T22:25:21","slug":"secretaria-virtual","status":"publish","type":"page","link":"https:\/\/blogsaverroes.juntadeandalucia.es\/poniente\/secretaria-virtual\/","title":{"rendered":"Secretar\u00eda virtual"},"content":{"rendered":"<p>&nbsp;<\/p>\n<ul>\n<li><a href=\"https:\/\/www.juntadeandalucia.es\/educacion\/secretariavirtual\/\">Acceso a la secretar\u00eda vitual de los centros educativos (pinche aqu\u00ed).<\/a><\/li>\n<li><a href=\"https:\/\/www.juntadeandalucia.es\/educacion\/portales\/web\/escolarizacion\">Acceso al portal de escolarizaci\u00f3n de la Junta de Andaluc\u00eda<\/a><\/li>\n<li><a href=\"https:\/\/www.juntadeandalucia.es\/educacion\/portals\/delegate\/content\/366fa583-9a6b-4c86-992e-be05f3d3a416\/Anexo%20V\">Anexo V: solicitud de bonificaci\u00f3n servicios complementarios <\/a><\/li>\n<li><a href=\"https:\/\/www.juntadeandalucia.es\/educacion\/portals\/delegate\/content\/dcec9582-b20c-494b-bfbd-2886c7b8be94\/ANEXO%20IX\">Anexo IX: <strong>admisi\u00f3n<\/strong> extraordinaria <\/a><\/li>\n<li><a href=\"https:\/\/www.juntadeandalucia.es\/educacion\/portales\/documents\/100629\/260390\/ANEXO%20III\/32e8b71e-dd03-87ba-4354-c7809d60c1cf?version=1.4\">Impreso solicitud de <strong>admisi\u00f3n<\/strong> (del 1 al 31 de marzo) &#8211; ANEXO III<\/a><\/li>\n<li><a href=\"https:\/\/www.juntadeandalucia.es\/educacion\/portals\/delegate\/content\/d26442b2-4b4a-433a-9c1e-e1790a29f781\/01.%20ANEXO%20IV\">Impreso de <strong>matr\u00edcula<\/strong> para INFANTIL &#8211; ANEXO IV <\/a><\/li>\n<li><a href=\"https:\/\/www.juntadeandalucia.es\/educacion\/portals\/delegate\/content\/55fad88e-7bb3-40e3-bbe4-198107487345\/02.%20ANEXO%20V\">Impreso de <strong>matr\u00edcula<\/strong> para primaria &#8211; ANEXO V<\/a><\/li>\n<li><a href=\"https:\/\/blogsaverroes.juntadeandalucia.es\/poniente\/files\/2022\/12\/ANEXO-RELIGI\u00d3N.pdf\">Anexo <strong>religi\u00f3n<\/strong><\/a><\/li>\n<li><a href=\"https:\/\/blogsaverroes.juntadeandalucia.es\/poniente\/files\/2022\/12\/JUSTIFICACI\u00d3N-DE-FALTAS-DE-ASISTENCIA-22-23.pdf\">JUSTIFICACI\u00d3N DE <strong>FALTAS<\/strong> DE ASISTENCIA <\/a><\/li>\n<li><a href=\"https:\/\/blogsaverroes.juntadeandalucia.es\/poniente\/files\/2022\/12\/Formulario-de-alta-socio-AMPA-22-23.pdf\">Formulario de alta socio AMPA<\/a><\/li>\n<\/ul>\n","protected":false},"excerpt":{"rendered":"<p>&nbsp; Acceso a la secretar\u00eda vitual de los centros educativos (pinche aqu\u00ed). Acceso al portal de escolarizaci\u00f3n de la Junta de Andaluc\u00eda Anexo V: solicitud de bonificaci\u00f3n servicios complementarios Anexo IX: admisi\u00f3n extraordinaria Impreso&#46;&#46;&#46;<\/p>\n","protected":false},"author":4712,"featured_media":0,"parent":0,"menu_order":0,"comment_status":"closed","ping_status":"closed","template":"","meta":{"ngg_post_thumbnail":0,"footnotes":"","_mc_calendar":[]},"aioseo_notices":[],"_links":{"self":[{"href":"https:\/\/blogsaverroes.juntadeandalucia.es\/poniente\/wp-json\/wp\/v2\/pages\/4642"}],"collection":[{"href":"https:\/\/blogsaverroes.juntadeandalucia.es\/poniente\/wp-json\/wp\/v2\/pages"}],"about":[{"href":"https:\/\/blogsaverroes.juntadeandalucia.es\/poniente\/wp-json\/wp\/v2\/types\/page"}],"author":[{"embeddable":true,"href":"https:\/\/blogsaverroes.juntadeandalucia.es\/poniente\/wp-json\/wp\/v2\/users\/4712"}],"replies":[{"embeddable":true,"href":"https:\/\/blogsaverroes.juntadeandalucia.es\/poniente\/wp-json\/wp\/v2\/comments?post=4642"}],"version-history":[{"count":20,"href":"https:\/\/blogsaverroes.juntadeandalucia.es\/poniente\/wp-json\/wp\/v2\/pages\/4642\/revisions"}],"predecessor-version":[{"id":7034,"href":"https:\/\/blogsaverroes.juntadeandalucia.es\/poniente\/wp-json\/wp\/v2\/pages\/4642\/revisions\/7034"}],"wp:attachment":[{"href":"https:\/\/blogsaverroes.juntadeandalucia.es\/poniente\/wp-json\/wp\/v2\/media?parent=4642"}],"curies":[{"name":"wp","href":"https:\/\/api.w.org\/{rel}","templated":true}]}}