{"id":77,"date":"2015-03-16T06:54:56","date_gmt":"2015-03-16T06:54:56","guid":{"rendered":"http:\/\/blogsaverroes.juntadeandalucia.es\/pre\/ceip\/?page_id=77"},"modified":"2026-01-13T13:44:35","modified_gmt":"2026-01-13T12:44:35","slug":"secretaria","status":"publish","type":"page","link":"https:\/\/blogsaverroes.juntadeandalucia.es\/poniente\/secretaria\/","title":{"rendered":"Secretar\u00eda presencial"},"content":{"rendered":"<h3><strong>Horario de atenci\u00f3n al p\u00fablico:<\/strong><\/h3>\n<ul>\n<li><strong>Martes y Jueves de 9 a 14<\/strong><\/li>\n<\/ul>\n<p>&nbsp;<\/p>\n<h5><span style=\"font-size: 18pt\"><em><strong>Tutor\u00edas con familias (*):<\/strong><\/em><\/span><\/h5>\n<p>Imprescindible pedir cita previa.<\/p>\n<ul>\n<li><strong>Lunes de 16:00 a 17:00<\/strong><\/li>\n<\/ul>\n<p><strong>*Este horario podr\u00e1 verse alterado o ser modificado en funci\u00f3n de las necesidades organizativas del centro.<\/strong><\/p>\n","protected":false},"excerpt":{"rendered":"<p>Horario de atenci\u00f3n al p\u00fablico: Martes y Jueves de 9 a 14 &nbsp; Tutor\u00edas con familias (*): Imprescindible pedir cita previa. Lunes de 16:00 a 17:00 *Este horario podr\u00e1 verse alterado o ser modificado&#46;&#46;&#46;<\/p>\n","protected":false},"author":1,"featured_media":0,"parent":0,"menu_order":0,"comment_status":"closed","ping_status":"open","template":"","meta":{"ngg_post_thumbnail":0,"footnotes":"","_mc_calendar":[]},"aioseo_notices":[],"_links":{"self":[{"href":"https:\/\/blogsaverroes.juntadeandalucia.es\/poniente\/wp-json\/wp\/v2\/pages\/77"}],"collection":[{"href":"https:\/\/blogsaverroes.juntadeandalucia.es\/poniente\/wp-json\/wp\/v2\/pages"}],"about":[{"href":"https:\/\/blogsaverroes.juntadeandalucia.es\/poniente\/wp-json\/wp\/v2\/types\/page"}],"author":[{"embeddable":true,"href":"https:\/\/blogsaverroes.juntadeandalucia.es\/poniente\/wp-json\/wp\/v2\/users\/1"}],"replies":[{"embeddable":true,"href":"https:\/\/blogsaverroes.juntadeandalucia.es\/poniente\/wp-json\/wp\/v2\/comments?post=77"}],"version-history":[{"count":21,"href":"https:\/\/blogsaverroes.juntadeandalucia.es\/poniente\/wp-json\/wp\/v2\/pages\/77\/revisions"}],"predecessor-version":[{"id":8006,"href":"https:\/\/blogsaverroes.juntadeandalucia.es\/poniente\/wp-json\/wp\/v2\/pages\/77\/revisions\/8006"}],"wp:attachment":[{"href":"https:\/\/blogsaverroes.juntadeandalucia.es\/poniente\/wp-json\/wp\/v2\/media?parent=77"}],"curies":[{"name":"wp","href":"https:\/\/api.w.org\/{rel}","templated":true}]}}