{"id":2,"date":"2019-10-07T20:21:53","date_gmt":"2019-10-07T18:21:53","guid":{"rendered":"https:\/\/blogsaverroes.juntadeandalucia.es\/portalmetal\/?page_id=2"},"modified":"2022-01-28T08:53:57","modified_gmt":"2022-01-28T07:53:57","slug":"pagina-ejemplo","status":"publish","type":"page","link":"https:\/\/blogsaverroes.juntadeandalucia.es\/portalmetal\/","title":{"rendered":""},"content":{"rendered":"\r\n<p style=\"text-align: center\">&nbsp;<\/p>\r\n<table class=\"wp-list-table widefat fixed striped posts\">\r\n<tbody id=\"the-list\">\r\n<tr id=\"post-1205\" class=\"iedit author-self level-0 post-1205 type-wpos_aac_slider status-publish hentry\">\r\n<td class=\"wp_aas_shortcode column-wp_aas_shortcode\" data-colname=\"Shortcode\">\r\n<div class=\"wp-aas-shortcode-preview\">\n\t\t<div class=\"wpaas-accordion-wrap wpaas-row-clearfix\">\n\t\t\t<div id=\"wpaas-accordion-1\" class=\"wpos-tab-slider\">\n\t\t\t\t<div class=\"as-wposslides\">\n\t\t\t\t\t\t\t\t\t\t\t<div class=\"as-wposslide\">\n\t\t\t\t\t\t\t\t\t\t\t\t\t\t\t<img decoding=\"async\" class=\"as-wposbg\" src=\"https:\/\/blogsaverroes.juntadeandalucia.es\/portalmetal\/files\/2020\/04\/mordaza-plana-300x225.jpg\" alt=\"\" \/>\t\n\t\t\t\t\t\t\t\t\t\t\t\t\t\t\t<div class=\"as-layer as-closed as-black as-padding\">mordaza plana<\/div>\n\t\t\t\t\t\t\t\t\t\t\t\t\t<\/div>\n\t\t\t\t\t\t\t\t\t\t\t<div class=\"as-wposslide\">\n\t\t\t\t\t\t\t\t\t\t\t\t\t\t\t<img decoding=\"async\" class=\"as-wposbg\" src=\"https:\/\/blogsaverroes.juntadeandalucia.es\/portalmetal\/files\/2020\/04\/mordaza-plana-2-300x225.jpg\" alt=\"\" \/>\t\n\t\t\t\t\t\t\t\t\t\t\t\t\t\t\t<div class=\"as-layer as-closed as-black as-padding\">mordaza plana 2<\/div>\n\t\t\t\t\t\t\t\t\t\t\t\t\t<\/div>\n\t\t\t\t\t\t\t\t\t\t\t<div class=\"as-wposslide\">\n\t\t\t\t\t\t\t\t\t\t\t\t\t\t\t<img decoding=\"async\" class=\"as-wposbg\" src=\"https:\/\/blogsaverroes.juntadeandalucia.es\/portalmetal\/files\/2020\/04\/Mesa-de-montaje-1-225x300.jpg\" alt=\"\" \/>\t\n\t\t\t\t\t\t\t\t\t\t\t\t\t\t\t<div class=\"as-layer as-closed as-black as-padding\">Mesa de montaje 1<\/div>\n\t\t\t\t\t\t\t\t\t\t\t\t\t<\/div>\n\t\t\t\t\t\t\t\t\t\t\t<div class=\"as-wposslide\">\n\t\t\t\t\t\t\t\t\t\t\t\t\t\t\t<img decoding=\"async\" class=\"as-wposbg\" src=\"https:\/\/blogsaverroes.juntadeandalucia.es\/portalmetal\/files\/2020\/01\/Yunque-225x300.jpg\" alt=\"\" \/>\t\n\t\t\t\t\t\t\t\t\t\t\t\t\t\t\t<div class=\"as-layer as-closed as-black as-padding\">Yunque<\/div>\n\t\t\t\t\t\t\t\t\t\t\t\t\t<\/div>\n\t\t\t\t\t\t\t\t\t\t\t<div class=\"as-wposslide\">\n\t\t\t\t\t\t\t\t\t\t\t\t\t\t\t<img decoding=\"async\" class=\"as-wposbg\" src=\"https:\/\/blogsaverroes.juntadeandalucia.es\/portalmetal\/files\/2020\/04\/Mesa-de-montaje-5-225x300.jpg\" alt=\"\" \/>\t\n\t\t\t\t\t\t\t\t\t\t\t\t\t\t\t<div class=\"as-layer as-closed as-black as-padding\">Mesa de montaje 5<\/div>\n\t\t\t\t\t\t\t\t\t\t\t\t\t<\/div>\n\t\t\t\t\t\t\t\t\t\t\t<div class=\"as-wposslide\">\n\t\t\t\t\t\t\t\t\t\t\t\t\t\t\t<img decoding=\"async\" class=\"as-wposbg\" src=\"https:\/\/blogsaverroes.juntadeandalucia.es\/portalmetal\/files\/2020\/05\/DIMENSIONES-DEL-CALIBRE-300x225.jpg\" alt=\"\" \/>\t\n\t\t\t\t\t\t\t\t\t\t\t\t\t\t\t<div class=\"as-layer as-closed as-black as-padding\">DIMENSIONES-DEL-CALIBRE<\/div>\n\t\t\t\t\t\t\t\t\t\t\t\t\t<\/div>\n\t\t\t\t\t\t\t\t\t\t\t<div class=\"as-wposslide\">\n\t\t\t\t\t\t\t\t\t\t\t\t\t\t\t<img decoding=\"async\" class=\"as-wposbg\" src=\"https:\/\/blogsaverroes.juntadeandalucia.es\/portalmetal\/files\/2019\/10\/photo_2022-01-28_09-19-55-225x300.jpg\" alt=\"\" \/>\t\n\t\t\t\t\t\t\t\t\t\t\t\t\t\t\t<div class=\"as-layer as-closed as-black as-padding\">photo_2022-01-28_09-19-55<\/div>\n\t\t\t\t\t\t\t\t\t\t\t\t\t<\/div>\n\t\t\t\t\t\t\t\t\t\t\t<div class=\"as-wposslide\">\n\t\t\t\t\t\t\t\t\t\t\t\t\t\t\t<img decoding=\"async\" class=\"as-wposbg\" src=\"https:\/\/blogsaverroes.juntadeandalucia.es\/portalmetal\/files\/2019\/10\/photo_2022-01-28_09-20-12-225x300.jpg\" alt=\"\" \/>\t\n\t\t\t\t\t\t\t\t\t\t\t\t\t\t\t<div class=\"as-layer as-closed as-black as-padding\">photo_2022-01-28_09-20-12<\/div>\n\t\t\t\t\t\t\t\t\t\t\t\t\t<\/div>\n\t\t\t\t\t\t\t\t\t<\/div>\n\t\t\t\t<div class=\"wpaas-conf wpaas-hide\">{\"visible_panels\":\"1\",\"width\":\"900\",\"height\":\"300\",\"orientation\":\"horizontal\",\"panel_distance\":\"1\",\"max_openedaccordion_size\":\"100\",\"open_panel_on\":\"hover\",\"shadow\":\"false\",\"autoplay\":\"true\",\"mouse_wheel\":\"true\"}<\/div><!-- end of-slider-conf -->\n\t\t\t<\/div><!-- end .msacwl-carousel -->\n\t\t<\/div><!-- end .msacwl-carousel-wrap -->\n\t<\/div>\r\n<\/td>\r\n<\/tr>\r\n<\/tbody>\r\n<\/table>\r\n<p>&nbsp;<\/p>\r\n<p><span style=\"font-size: 24pt;color: #000000;font-family: 'arial black', sans-serif\"><strong>LOS PROFESIONALES DEL FUTURO<\/strong><\/span><\/p>\r\n<p><span style=\"font-size: 14pt;font-family: arial, helvetica, sans-serif\">Antes de nada perm\u00edteme que te haga algunas preguntas:<\/span><\/p>\r\n<ul>\r\n<li><span style=\"font-size: 14pt;font-family: arial, helvetica, sans-serif\">\u00bfSab\u00edas que en <strong>Espa\u00f1a<\/strong> el n\u00famero de <strong>alumnos<\/strong> de la <strong>FP<\/strong> se ha <strong>duplicado<\/strong> en los \u00faltimos 10 a\u00f1os?<\/span><\/li>\r\n<li><span style=\"font-size: 14pt;font-family: arial, helvetica, sans-serif\">\u00bfSabes que actualmente el <strong>mercado laboral<\/strong> <strong>demanda<\/strong> m\u00e1s t\u00e9cnicos de <strong>FP<\/strong> que <strong>Universitarios<\/strong>?<\/span><\/li>\r\n<li><span style=\"font-size: 14pt;font-family: arial, helvetica, sans-serif\">\u00bfConoc\u00edas el dato del INE que indica que los ciclos formativos de la familia profesional de&nbsp; <strong>fabricaci\u00f3n mec\u00e1nica <\/strong>est\u00e1n muy por encima de la media de empleabiliadad, con un <strong>78&nbsp;% de inserci\u00f3n laboral<\/strong>?&nbsp;<\/span><\/li>\r\n<\/ul>\r\n<p><span style=\"font-size: 14pt;font-family: arial, helvetica, sans-serif\">Tanto si ten\u00edas constancia de estas cuestiones como si no&#8230; me alegro de que hayas llegado a este blog, as\u00ed que&#8230;<\/span><\/p>\r\n<p><span style=\"font-family: arial, helvetica, sans-serif\"><strong><span style=\"font-size: 14pt\">\u00a1Bienvenid@ a PORTAL METAL! <\/span><\/strong><\/span><\/p>\r\n<p><span style=\"font-size: 14pt;font-family: arial, helvetica, sans-serif\">Mi nombre es <strong>Xurxo y soy Profesor T\u00e9cnico de Formaci\u00f3n Profesional por la especialidad de soldadura en<\/strong> los centros formativos dependientes de la Junta de Andaluc\u00eda.<\/span><\/p>\r\n<p><span style=\"font-size: 14pt;font-family: arial, helvetica, sans-serif\">Antes de ser docente he sido soldador durante a\u00f1os y mi experiencia se ha centrado en el sector naval y en el sector energ\u00e9tico.<\/span><\/p>\r\n<p><img loading=\"lazy\" decoding=\"async\" class=\"aligncenter wp-image-266 size-large\" src=\"https:\/\/blogsaverroes.juntadeandalucia.es\/portalmetal\/files\/2020\/01\/4F6DF1F3-D8CC-44B9-BBB6-FE3A5711A33D-1024x760.jpeg\" alt=\"\" width=\"600\" height=\"445\" srcset=\"https:\/\/blogsaverroes.juntadeandalucia.es\/portalmetal\/files\/2020\/01\/4F6DF1F3-D8CC-44B9-BBB6-FE3A5711A33D-1024x760.jpeg 1024w, https:\/\/blogsaverroes.juntadeandalucia.es\/portalmetal\/files\/2020\/01\/4F6DF1F3-D8CC-44B9-BBB6-FE3A5711A33D-300x223.jpeg 300w, https:\/\/blogsaverroes.juntadeandalucia.es\/portalmetal\/files\/2020\/01\/4F6DF1F3-D8CC-44B9-BBB6-FE3A5711A33D-768x570.jpeg 768w, https:\/\/blogsaverroes.juntadeandalucia.es\/portalmetal\/files\/2020\/01\/4F6DF1F3-D8CC-44B9-BBB6-FE3A5711A33D-24x18.jpeg 24w, https:\/\/blogsaverroes.juntadeandalucia.es\/portalmetal\/files\/2020\/01\/4F6DF1F3-D8CC-44B9-BBB6-FE3A5711A33D-36x27.jpeg 36w, https:\/\/blogsaverroes.juntadeandalucia.es\/portalmetal\/files\/2020\/01\/4F6DF1F3-D8CC-44B9-BBB6-FE3A5711A33D-48x36.jpeg 48w, https:\/\/blogsaverroes.juntadeandalucia.es\/portalmetal\/files\/2020\/01\/4F6DF1F3-D8CC-44B9-BBB6-FE3A5711A33D.jpeg 1280w\" sizes=\"(max-width: 600px) 100vw, 600px\" \/><\/p>\r\n<p><span style=\"font-size: 14pt;font-family: arial, helvetica, sans-serif\">Este blog de <strong>PortalMetal ha sido creado para alojar en \u00e9l todos los contenidos curriculares vinculados a las ense\u00f1anzas de la familia profesional de Fabricaci\u00f3n Mec\u00e1nica.<\/strong><\/span><\/p>\r\n<p><span style=\"font-size: 14pt;font-family: arial, helvetica, sans-serif\">Aqu\u00ed tambi\u00e9n podr\u00e1s encontrar proyectos y planos realizados por mis alumn@s, informaci\u00f3n sobre temas muy espec\u00edficos, res\u00famenes, cuestionarios y un largo etc\u00e9tera.<\/span><\/p>\r\n<p><span style=\"font-size: 14pt;font-family: arial, helvetica, sans-serif\">As\u00ed que tanto si eres alumn@ como si no, espero que encuentres este espacio de tu inter\u00e9s y que lo disfrutes tanto como lo hago yo cre\u00e1ndolo.<\/span><\/p>\r\n<p><span style=\"font-size: 14pt;font-family: arial, helvetica, sans-serif\">Un saludo&#8230;Y que <strong>viva el Metal<\/strong>!!!!<\/span><\/p>\r\n","protected":false},"excerpt":{"rendered":"<p>&nbsp; &nbsp; LOS PROFESIONALES DEL FUTURO Antes de nada perm\u00edteme que te haga algunas preguntas: \u00bfSab\u00edas que en Espa\u00f1a el n\u00famero de alumnos de la FP se ha duplicado en los \u00faltimos 10 a\u00f1os?&#46;&#46;&#46;<\/p>\n","protected":false},"author":7726,"featured_media":0,"parent":0,"menu_order":0,"comment_status":"closed","ping_status":"open","template":"","meta":{"ngg_post_thumbnail":0,"footnotes":""},"aioseo_notices":[],"_links":{"self":[{"href":"https:\/\/blogsaverroes.juntadeandalucia.es\/portalmetal\/wp-json\/wp\/v2\/pages\/2"}],"collection":[{"href":"https:\/\/blogsaverroes.juntadeandalucia.es\/portalmetal\/wp-json\/wp\/v2\/pages"}],"about":[{"href":"https:\/\/blogsaverroes.juntadeandalucia.es\/portalmetal\/wp-json\/wp\/v2\/types\/page"}],"author":[{"embeddable":true,"href":"https:\/\/blogsaverroes.juntadeandalucia.es\/portalmetal\/wp-json\/wp\/v2\/users\/7726"}],"replies":[{"embeddable":true,"href":"https:\/\/blogsaverroes.juntadeandalucia.es\/portalmetal\/wp-json\/wp\/v2\/comments?post=2"}],"version-history":[{"count":21,"href":"https:\/\/blogsaverroes.juntadeandalucia.es\/portalmetal\/wp-json\/wp\/v2\/pages\/2\/revisions"}],"predecessor-version":[{"id":1209,"href":"https:\/\/blogsaverroes.juntadeandalucia.es\/portalmetal\/wp-json\/wp\/v2\/pages\/2\/revisions\/1209"}],"wp:attachment":[{"href":"https:\/\/blogsaverroes.juntadeandalucia.es\/portalmetal\/wp-json\/wp\/v2\/media?parent=2"}],"curies":[{"name":"wp","href":"https:\/\/api.w.org\/{rel}","templated":true}]}}