{"id":1280,"date":"2024-01-24T17:35:21","date_gmt":"2024-01-24T17:35:21","guid":{"rendered":"https:\/\/blogsaverroes.juntadeandalucia.es\/posidoniaespecifica\/?page_id=1280"},"modified":"2024-01-25T14:51:01","modified_gmt":"2024-01-25T14:51:01","slug":"el-otono","status":"publish","type":"page","link":"https:\/\/blogsaverroes.juntadeandalucia.es\/posidoniaespecifica\/el-otono\/","title":{"rendered":"El Oto\u00f1o"},"content":{"rendered":"<p><span style=\"color: #000080;font-family: verdana, geneva, sans-serif\">El oto\u00f1o ha llegado a nuestra clase. Hemos creado un \u00e1rbol que ir\u00e1 cambiando seg\u00fan la estaci\u00f3n. Ahora, se ha llenado de hojas amarillas y marrones. Y bueno, en este v\u00eddeo pod\u00e9is ver lo bien que lo hemos pasado trabajando esta nueva estaci\u00f3n.&nbsp;<\/span><\/p>\n<p><iframe src=\"\/\/www.youtube.com\/embed\/5xJTgXeadfo\" width=\"560\" height=\"314\"><\/iframe><\/p>\n<p>&nbsp;<\/p>\n","protected":false},"excerpt":{"rendered":"<p>El oto\u00f1o ha llegado a nuestra clase. Hemos creado un \u00e1rbol que ir\u00e1 cambiando seg\u00fan la estaci\u00f3n. Ahora, se ha llenado de hojas amarillas y marrones. Y bueno, en este v\u00eddeo pod\u00e9is ver lo bien que lo hemos pasado trabajando esta nueva estaci\u00f3n.&nbsp; &nbsp;<\/p>\n","protected":false},"author":18545,"featured_media":0,"parent":0,"menu_order":0,"comment_status":"closed","ping_status":"closed","template":"","meta":{"ngg_post_thumbnail":0,"footnotes":""},"aioseo_notices":[],"_links":{"self":[{"href":"https:\/\/blogsaverroes.juntadeandalucia.es\/posidoniaespecifica\/wp-json\/wp\/v2\/pages\/1280"}],"collection":[{"href":"https:\/\/blogsaverroes.juntadeandalucia.es\/posidoniaespecifica\/wp-json\/wp\/v2\/pages"}],"about":[{"href":"https:\/\/blogsaverroes.juntadeandalucia.es\/posidoniaespecifica\/wp-json\/wp\/v2\/types\/page"}],"author":[{"embeddable":true,"href":"https:\/\/blogsaverroes.juntadeandalucia.es\/posidoniaespecifica\/wp-json\/wp\/v2\/users\/18545"}],"replies":[{"embeddable":true,"href":"https:\/\/blogsaverroes.juntadeandalucia.es\/posidoniaespecifica\/wp-json\/wp\/v2\/comments?post=1280"}],"version-history":[{"count":4,"href":"https:\/\/blogsaverroes.juntadeandalucia.es\/posidoniaespecifica\/wp-json\/wp\/v2\/pages\/1280\/revisions"}],"predecessor-version":[{"id":1288,"href":"https:\/\/blogsaverroes.juntadeandalucia.es\/posidoniaespecifica\/wp-json\/wp\/v2\/pages\/1280\/revisions\/1288"}],"wp:attachment":[{"href":"https:\/\/blogsaverroes.juntadeandalucia.es\/posidoniaespecifica\/wp-json\/wp\/v2\/media?parent=1280"}],"curies":[{"name":"wp","href":"https:\/\/api.w.org\/{rel}","templated":true}]}}