{"id":2,"date":"2022-10-20T18:15:34","date_gmt":"2022-10-20T18:15:34","guid":{"rendered":"https:\/\/blogsaverroes.juntadeandalucia.es\/posidoniaespecifica\/?page_id=2"},"modified":"2022-11-11T19:54:37","modified_gmt":"2022-11-11T19:54:37","slug":"pagina-ejemplo","status":"publish","type":"page","link":"https:\/\/blogsaverroes.juntadeandalucia.es\/posidoniaespecifica\/pagina-ejemplo\/","title":{"rendered":"BIENVENIDOS\/AS"},"content":{"rendered":"<p><span style=\"font-family: 'comic sans ms', sans-serif\">\u00a1Hola a todos\/as y bienvenidos\/as a nuestro blog!<\/span><\/p>\n<p><span style=\"font-family: 'comic sans ms', sans-serif\">Somos los alumnos\/as del aula espec\u00edfica del CEIP Posidonia. Nuestros nombres son Oliver, \u00c1lex, Santi, Sof\u00eda, Abubakar y Marcos. Nuestra tutora se llama Carmen, nuestro PTIS Luis y nuestra se\u00f1o de AL, Vanessa.&nbsp;<\/span><\/p>\n<p><span style=\"font-family: 'comic sans ms', sans-serif\">Esperamos poder compartir por aqu\u00ed todas las cosas bonitas que hacemos en clase y que ve\u00e1is lo mucho que aprendemos.<\/span><\/p>\n<p><img fetchpriority=\"high\" decoding=\"async\" class=\"aligncenter wp-image-185 size-full\" src=\"https:\/\/blogsaverroes.juntadeandalucia.es\/posidoniaespecifica\/files\/2022\/11\/tempImageEVivKy-scaled.jpg\" alt=\"\" width=\"2560\" height=\"1920\" srcset=\"https:\/\/blogsaverroes.juntadeandalucia.es\/posidoniaespecifica\/files\/2022\/11\/tempImageEVivKy-scaled.jpg 2560w, https:\/\/blogsaverroes.juntadeandalucia.es\/posidoniaespecifica\/files\/2022\/11\/tempImageEVivKy-300x225.jpg 300w, https:\/\/blogsaverroes.juntadeandalucia.es\/posidoniaespecifica\/files\/2022\/11\/tempImageEVivKy-1024x768.jpg 1024w, https:\/\/blogsaverroes.juntadeandalucia.es\/posidoniaespecifica\/files\/2022\/11\/tempImageEVivKy-768x576.jpg 768w, https:\/\/blogsaverroes.juntadeandalucia.es\/posidoniaespecifica\/files\/2022\/11\/tempImageEVivKy-1536x1152.jpg 1536w, https:\/\/blogsaverroes.juntadeandalucia.es\/posidoniaespecifica\/files\/2022\/11\/tempImageEVivKy-2048x1536.jpg 2048w\" sizes=\"(max-width: 706px) 89vw, (max-width: 767px) 82vw, 740px\" \/><\/p>\n<p>&nbsp;<\/p>\n<p>&nbsp;<\/p>\n","protected":false},"excerpt":{"rendered":"<p>\u00a1Hola a todos\/as y bienvenidos\/as a nuestro blog! Somos los alumnos\/as del aula espec\u00edfica del CEIP Posidonia. Nuestros nombres son Oliver, \u00c1lex, Santi, Sof\u00eda, Abubakar y Marcos. Nuestra tutora se llama Carmen, nuestro PTIS Luis y nuestra se\u00f1o de AL, Vanessa.&nbsp; Esperamos poder compartir por aqu\u00ed todas las cosas bonitas que hacemos en clase y &hellip; <\/p>\n<p class=\"link-more\"><a href=\"https:\/\/blogsaverroes.juntadeandalucia.es\/posidoniaespecifica\/pagina-ejemplo\/\" class=\"more-link\">Continuar leyendo<span class=\"screen-reader-text\"> \u00abBIENVENIDOS\/AS\u00bb<\/span><\/a><\/p>\n","protected":false},"author":10296,"featured_media":0,"parent":0,"menu_order":0,"comment_status":"closed","ping_status":"open","template":"","meta":{"ngg_post_thumbnail":0,"footnotes":""},"aioseo_notices":[],"_links":{"self":[{"href":"https:\/\/blogsaverroes.juntadeandalucia.es\/posidoniaespecifica\/wp-json\/wp\/v2\/pages\/2"}],"collection":[{"href":"https:\/\/blogsaverroes.juntadeandalucia.es\/posidoniaespecifica\/wp-json\/wp\/v2\/pages"}],"about":[{"href":"https:\/\/blogsaverroes.juntadeandalucia.es\/posidoniaespecifica\/wp-json\/wp\/v2\/types\/page"}],"author":[{"embeddable":true,"href":"https:\/\/blogsaverroes.juntadeandalucia.es\/posidoniaespecifica\/wp-json\/wp\/v2\/users\/10296"}],"replies":[{"embeddable":true,"href":"https:\/\/blogsaverroes.juntadeandalucia.es\/posidoniaespecifica\/wp-json\/wp\/v2\/comments?post=2"}],"version-history":[{"count":4,"href":"https:\/\/blogsaverroes.juntadeandalucia.es\/posidoniaespecifica\/wp-json\/wp\/v2\/pages\/2\/revisions"}],"predecessor-version":[{"id":187,"href":"https:\/\/blogsaverroes.juntadeandalucia.es\/posidoniaespecifica\/wp-json\/wp\/v2\/pages\/2\/revisions\/187"}],"wp:attachment":[{"href":"https:\/\/blogsaverroes.juntadeandalucia.es\/posidoniaespecifica\/wp-json\/wp\/v2\/media?parent=2"}],"curies":[{"name":"wp","href":"https:\/\/api.w.org\/{rel}","templated":true}]}}