{"id":198,"date":"2022-11-14T12:35:43","date_gmt":"2022-11-14T12:35:43","guid":{"rendered":"https:\/\/blogsaverroes.juntadeandalucia.es\/posidoniateaaulab\/?page_id=198"},"modified":"2022-11-14T12:48:16","modified_gmt":"2022-11-14T12:48:16","slug":"aula-multisensorial","status":"publish","type":"page","link":"https:\/\/blogsaverroes.juntadeandalucia.es\/posidoniateaaulab\/aula-multisensorial\/","title":{"rendered":"AULA MULTISENSORIAL"},"content":{"rendered":"<h4>SALAS MULTISENSORIALES \u00bfQU\u00c9 SON?<\/h4>\n<p>Una sala multisensorial es un espacio creado de forma artificial, dise\u00f1ada especialmente para controlar los est\u00edmulos sensoriales, incluyendo el sonido, la luz, el olor, el tacto, la temperatura y el espacio. El equipo multisensorial se utiliza para estimular los sentidos, promover sensaciones placenteras y sensaci\u00f3n de bienestar, con objetivos terap\u00e9uticos.<\/p>\n\n<div id='gallery-1' class='gallery galleryid-198 gallery-columns-3 gallery-size-thumbnail'><figure class='gallery-item'>\n\t\t\t<div class='gallery-icon portrait'>\n\t\t\t\t<a href='https:\/\/blogsaverroes.juntadeandalucia.es\/posidoniateaaulab\/files\/2022\/11\/WhatsApp-Image-2022-11-14-at-1.29.33-PM-1-rotated.jpeg'><img loading=\"lazy\" decoding=\"async\" width=\"150\" height=\"150\" src=\"https:\/\/blogsaverroes.juntadeandalucia.es\/posidoniateaaulab\/files\/2022\/11\/WhatsApp-Image-2022-11-14-at-1.29.33-PM-1-150x150.jpeg\" class=\"attachment-thumbnail size-thumbnail\" alt=\"\" srcset=\"https:\/\/blogsaverroes.juntadeandalucia.es\/posidoniateaaulab\/files\/2022\/11\/WhatsApp-Image-2022-11-14-at-1.29.33-PM-1-150x150.jpeg 150w, https:\/\/blogsaverroes.juntadeandalucia.es\/posidoniateaaulab\/files\/2022\/11\/WhatsApp-Image-2022-11-14-at-1.29.33-PM-1-1200x1200.jpeg 1200w, https:\/\/blogsaverroes.juntadeandalucia.es\/posidoniateaaulab\/files\/2022\/11\/WhatsApp-Image-2022-11-14-at-1.29.33-PM-1-100x100.jpeg 100w\" sizes=\"100vw\" \/><\/a>\n\t\t\t<\/div><\/figure><figure class='gallery-item'>\n\t\t\t<div class='gallery-icon portrait'>\n\t\t\t\t<a href='https:\/\/blogsaverroes.juntadeandalucia.es\/posidoniateaaulab\/files\/2022\/11\/WhatsApp-Image-2022-11-14-at-1.30.56-PM-2.jpeg'><img loading=\"lazy\" decoding=\"async\" width=\"150\" height=\"150\" src=\"https:\/\/blogsaverroes.juntadeandalucia.es\/posidoniateaaulab\/files\/2022\/11\/WhatsApp-Image-2022-11-14-at-1.30.56-PM-2-150x150.jpeg\" class=\"attachment-thumbnail size-thumbnail\" alt=\"\" srcset=\"https:\/\/blogsaverroes.juntadeandalucia.es\/posidoniateaaulab\/files\/2022\/11\/WhatsApp-Image-2022-11-14-at-1.30.56-PM-2-150x150.jpeg 150w, https:\/\/blogsaverroes.juntadeandalucia.es\/posidoniateaaulab\/files\/2022\/11\/WhatsApp-Image-2022-11-14-at-1.30.56-PM-2-1200x1200.jpeg 1200w, https:\/\/blogsaverroes.juntadeandalucia.es\/posidoniateaaulab\/files\/2022\/11\/WhatsApp-Image-2022-11-14-at-1.30.56-PM-2-100x100.jpeg 100w\" sizes=\"100vw\" \/><\/a>\n\t\t\t<\/div><\/figure><figure class='gallery-item'>\n\t\t\t<div class='gallery-icon portrait'>\n\t\t\t\t<a href='https:\/\/blogsaverroes.juntadeandalucia.es\/posidoniateaaulab\/files\/2022\/11\/WhatsApp-Image-2022-11-14-at-1.26.52-PM-3.jpeg'><img loading=\"lazy\" decoding=\"async\" width=\"150\" height=\"150\" src=\"https:\/\/blogsaverroes.juntadeandalucia.es\/posidoniateaaulab\/files\/2022\/11\/WhatsApp-Image-2022-11-14-at-1.26.52-PM-3-150x150.jpeg\" class=\"attachment-thumbnail size-thumbnail\" alt=\"\" srcset=\"https:\/\/blogsaverroes.juntadeandalucia.es\/posidoniateaaulab\/files\/2022\/11\/WhatsApp-Image-2022-11-14-at-1.26.52-PM-3-150x150.jpeg 150w, https:\/\/blogsaverroes.juntadeandalucia.es\/posidoniateaaulab\/files\/2022\/11\/WhatsApp-Image-2022-11-14-at-1.26.52-PM-3-1200x1200.jpeg 1200w, https:\/\/blogsaverroes.juntadeandalucia.es\/posidoniateaaulab\/files\/2022\/11\/WhatsApp-Image-2022-11-14-at-1.26.52-PM-3-100x100.jpeg 100w\" sizes=\"100vw\" \/><\/a>\n\t\t\t<\/div><\/figure><figure class='gallery-item'>\n\t\t\t<div class='gallery-icon portrait'>\n\t\t\t\t<a href='https:\/\/blogsaverroes.juntadeandalucia.es\/posidoniateaaulab\/files\/2022\/11\/WhatsApp-Image-2022-11-14-at-1.32.39-PM-1.jpeg'><img loading=\"lazy\" decoding=\"async\" width=\"150\" height=\"150\" src=\"https:\/\/blogsaverroes.juntadeandalucia.es\/posidoniateaaulab\/files\/2022\/11\/WhatsApp-Image-2022-11-14-at-1.32.39-PM-1-150x150.jpeg\" class=\"attachment-thumbnail size-thumbnail\" alt=\"\" srcset=\"https:\/\/blogsaverroes.juntadeandalucia.es\/posidoniateaaulab\/files\/2022\/11\/WhatsApp-Image-2022-11-14-at-1.32.39-PM-1-150x150.jpeg 150w, https:\/\/blogsaverroes.juntadeandalucia.es\/posidoniateaaulab\/files\/2022\/11\/WhatsApp-Image-2022-11-14-at-1.32.39-PM-1-1200x1200.jpeg 1200w, https:\/\/blogsaverroes.juntadeandalucia.es\/posidoniateaaulab\/files\/2022\/11\/WhatsApp-Image-2022-11-14-at-1.32.39-PM-1-100x100.jpeg 100w\" sizes=\"100vw\" \/><\/a>\n\t\t\t<\/div><\/figure><figure class='gallery-item'>\n\t\t\t<div class='gallery-icon portrait'>\n\t\t\t\t<a href='https:\/\/blogsaverroes.juntadeandalucia.es\/posidoniateaaulab\/files\/2022\/11\/WhatsApp-Image-2022-11-14-at-1.26.45-PM-2.jpeg'><img loading=\"lazy\" decoding=\"async\" width=\"150\" height=\"150\" src=\"https:\/\/blogsaverroes.juntadeandalucia.es\/posidoniateaaulab\/files\/2022\/11\/WhatsApp-Image-2022-11-14-at-1.26.45-PM-2-150x150.jpeg\" class=\"attachment-thumbnail size-thumbnail\" alt=\"\" srcset=\"https:\/\/blogsaverroes.juntadeandalucia.es\/posidoniateaaulab\/files\/2022\/11\/WhatsApp-Image-2022-11-14-at-1.26.45-PM-2-150x150.jpeg 150w, https:\/\/blogsaverroes.juntadeandalucia.es\/posidoniateaaulab\/files\/2022\/11\/WhatsApp-Image-2022-11-14-at-1.26.45-PM-2-1200x1200.jpeg 1200w, https:\/\/blogsaverroes.juntadeandalucia.es\/posidoniateaaulab\/files\/2022\/11\/WhatsApp-Image-2022-11-14-at-1.26.45-PM-2-100x100.jpeg 100w\" sizes=\"100vw\" \/><\/a>\n\t\t\t<\/div><\/figure><figure class='gallery-item'>\n\t\t\t<div class='gallery-icon portrait'>\n\t\t\t\t<a href='https:\/\/blogsaverroes.juntadeandalucia.es\/posidoniateaaulab\/files\/2022\/11\/WhatsApp-Image-2022-11-14-at-1.26.52-PM-1-1.jpeg'><img loading=\"lazy\" decoding=\"async\" width=\"150\" height=\"150\" src=\"https:\/\/blogsaverroes.juntadeandalucia.es\/posidoniateaaulab\/files\/2022\/11\/WhatsApp-Image-2022-11-14-at-1.26.52-PM-1-1-150x150.jpeg\" class=\"attachment-thumbnail size-thumbnail\" alt=\"\" srcset=\"https:\/\/blogsaverroes.juntadeandalucia.es\/posidoniateaaulab\/files\/2022\/11\/WhatsApp-Image-2022-11-14-at-1.26.52-PM-1-1-150x150.jpeg 150w, https:\/\/blogsaverroes.juntadeandalucia.es\/posidoniateaaulab\/files\/2022\/11\/WhatsApp-Image-2022-11-14-at-1.26.52-PM-1-1-1200x1200.jpeg 1200w, https:\/\/blogsaverroes.juntadeandalucia.es\/posidoniateaaulab\/files\/2022\/11\/WhatsApp-Image-2022-11-14-at-1.26.52-PM-1-1-100x100.jpeg 100w\" sizes=\"100vw\" \/><\/a>\n\t\t\t<\/div><\/figure><figure class='gallery-item'>\n\t\t\t<div class='gallery-icon portrait'>\n\t\t\t\t<a href='https:\/\/blogsaverroes.juntadeandalucia.es\/posidoniateaaulab\/files\/2022\/11\/WhatsApp-Image-2022-11-14-at-1.31.01-PM-1.jpeg'><img loading=\"lazy\" decoding=\"async\" width=\"150\" height=\"150\" src=\"https:\/\/blogsaverroes.juntadeandalucia.es\/posidoniateaaulab\/files\/2022\/11\/WhatsApp-Image-2022-11-14-at-1.31.01-PM-1-150x150.jpeg\" class=\"attachment-thumbnail size-thumbnail\" alt=\"\" srcset=\"https:\/\/blogsaverroes.juntadeandalucia.es\/posidoniateaaulab\/files\/2022\/11\/WhatsApp-Image-2022-11-14-at-1.31.01-PM-1-150x150.jpeg 150w, https:\/\/blogsaverroes.juntadeandalucia.es\/posidoniateaaulab\/files\/2022\/11\/WhatsApp-Image-2022-11-14-at-1.31.01-PM-1-1200x1200.jpeg 1200w, https:\/\/blogsaverroes.juntadeandalucia.es\/posidoniateaaulab\/files\/2022\/11\/WhatsApp-Image-2022-11-14-at-1.31.01-PM-1-100x100.jpeg 100w\" sizes=\"100vw\" \/><\/a>\n\t\t\t<\/div><\/figure><figure class='gallery-item'>\n\t\t\t<div class='gallery-icon portrait'>\n\t\t\t\t<a href='https:\/\/blogsaverroes.juntadeandalucia.es\/posidoniateaaulab\/files\/2022\/11\/WhatsApp-Image-2022-11-14-at-1.26.52-PM-1.jpeg'><img loading=\"lazy\" decoding=\"async\" width=\"150\" height=\"150\" src=\"https:\/\/blogsaverroes.juntadeandalucia.es\/posidoniateaaulab\/files\/2022\/11\/WhatsApp-Image-2022-11-14-at-1.26.52-PM-1-150x150.jpeg\" class=\"attachment-thumbnail size-thumbnail\" alt=\"\" srcset=\"https:\/\/blogsaverroes.juntadeandalucia.es\/posidoniateaaulab\/files\/2022\/11\/WhatsApp-Image-2022-11-14-at-1.26.52-PM-1-150x150.jpeg 150w, https:\/\/blogsaverroes.juntadeandalucia.es\/posidoniateaaulab\/files\/2022\/11\/WhatsApp-Image-2022-11-14-at-1.26.52-PM-1-1200x1200.jpeg 1200w, https:\/\/blogsaverroes.juntadeandalucia.es\/posidoniateaaulab\/files\/2022\/11\/WhatsApp-Image-2022-11-14-at-1.26.52-PM-1-100x100.jpeg 100w\" sizes=\"100vw\" \/><\/a>\n\t\t\t<\/div><\/figure><figure class='gallery-item'>\n\t\t\t<div class='gallery-icon portrait'>\n\t\t\t\t<a href='https:\/\/blogsaverroes.juntadeandalucia.es\/posidoniateaaulab\/files\/2022\/11\/WhatsApp-Image-2022-11-14-at-1.26.52-PM-2.jpeg'><img loading=\"lazy\" decoding=\"async\" width=\"150\" height=\"150\" src=\"https:\/\/blogsaverroes.juntadeandalucia.es\/posidoniateaaulab\/files\/2022\/11\/WhatsApp-Image-2022-11-14-at-1.26.52-PM-2-150x150.jpeg\" class=\"attachment-thumbnail size-thumbnail\" alt=\"\" srcset=\"https:\/\/blogsaverroes.juntadeandalucia.es\/posidoniateaaulab\/files\/2022\/11\/WhatsApp-Image-2022-11-14-at-1.26.52-PM-2-150x150.jpeg 150w, https:\/\/blogsaverroes.juntadeandalucia.es\/posidoniateaaulab\/files\/2022\/11\/WhatsApp-Image-2022-11-14-at-1.26.52-PM-2-1200x1200.jpeg 1200w, https:\/\/blogsaverroes.juntadeandalucia.es\/posidoniateaaulab\/files\/2022\/11\/WhatsApp-Image-2022-11-14-at-1.26.52-PM-2-100x100.jpeg 100w\" sizes=\"100vw\" \/><\/a>\n\t\t\t<\/div><\/figure><figure class='gallery-item'>\n\t\t\t<div class='gallery-icon portrait'>\n\t\t\t\t<a href='https:\/\/blogsaverroes.juntadeandalucia.es\/posidoniateaaulab\/files\/2022\/11\/WhatsApp-Image-2022-11-14-at-1.29.30-PM.jpeg'><img loading=\"lazy\" decoding=\"async\" width=\"150\" height=\"150\" src=\"https:\/\/blogsaverroes.juntadeandalucia.es\/posidoniateaaulab\/files\/2022\/11\/WhatsApp-Image-2022-11-14-at-1.29.30-PM-150x150.jpeg\" class=\"attachment-thumbnail size-thumbnail\" alt=\"\" srcset=\"https:\/\/blogsaverroes.juntadeandalucia.es\/posidoniateaaulab\/files\/2022\/11\/WhatsApp-Image-2022-11-14-at-1.29.30-PM-150x150.jpeg 150w, https:\/\/blogsaverroes.juntadeandalucia.es\/posidoniateaaulab\/files\/2022\/11\/WhatsApp-Image-2022-11-14-at-1.29.30-PM-1200x1200.jpeg 1200w, https:\/\/blogsaverroes.juntadeandalucia.es\/posidoniateaaulab\/files\/2022\/11\/WhatsApp-Image-2022-11-14-at-1.29.30-PM-100x100.jpeg 100w\" sizes=\"100vw\" \/><\/a>\n\t\t\t<\/div><\/figure>\n\t\t<\/div>\n\n<p><strong>\u00bfPARA QUI\u00c9N?<\/strong><\/p>\n<p>Se pueden beneficiar de espacios multisensoriales desde ni\u00f1os a adultos con diferentes ritmos de aprendizaje, personas con autismo, par\u00e1lisis celebral y\/o intelectual, personas con da\u00f1os celebrarles, demencia y personas con trastornos mentales, incluyendo estr\u00e9s y ansiedad, entre otros.<\/p>\n<h4>OBJETIVOS<\/h4>\n<p>Uno de sus objetivos, es el de crear sensaci\u00f3n de seguridad, as\u00ed como de conocer nuevas sensaciones. Algunos de los elementos que podemos encontrar en las salas multisensoriales podr\u00edan ser pelotas de goma, de espuma, tubos de burbujas, proyectores con diferentes grados de iluminaci\u00f3n e intensidad,&nbsp; &nbsp;paneles y telas de diferentes texturas y rugosidades, objetos que emiten olores, y elementos musicales, entre muchos otros.<\/p>\n<p>Las salas multisensoriales no necesitan de la comunicaci\u00f3n verbal, por lo que son especialmente indicadas para el alumnado&nbsp; con autismo que no cuentan con este tipo de comunicaci\u00f3n, dado que pueden generar un tipo de estimulaci\u00f3n dif\u00edcil de conseguir de otro modo.<\/p>\n<h4>ALGUNOS BENEFICIOS DE LAS SALAS MULTISENSORIALES<\/h4>\n<ul>\n<li>Aumento de la concentraci\u00f3n y focalizaci\u00f3n<\/li>\n<li>Desarrollo y reactivaci\u00f3n del sentido del tacto, o\u00eddo, vista, gusto y olfato<\/li>\n<li>Mejora del estado de alerta<\/li>\n<li>Mejora de la coordinaci\u00f3n motriz<\/li>\n<li>Mejora del desarrollo cognitivo mediante un aumento de la actividad cerebral<\/li>\n<li>Incita a los usuarios a la exploraci\u00f3n del entorno<\/li>\n<li>Sensaci\u00f3n de seguridad<\/li>\n<li>Espacio donde el usuario puede sentirse libre de hacer lo que quiera<\/li>\n<li>Mejora de la creatividad<\/li>\n<li>Promueve las interacciones sociales<\/li>\n<li>Promueve la relajaci\u00f3n f\u00edsica y mental<\/li>\n<li>Disminuci\u00f3n del estr\u00e9s<\/li>\n<li>M\u00e1s calma y disminuci\u00f3n de conductas agresivas<\/li>\n<li>Aumento de la oportunidad de elecci\u00f3n y decisi\u00f3n<\/li>\n<li>Desarrollo de la asimilaci\u00f3n de los conceptos causa-efecto<\/li>\n<li>&nbsp;<\/li>\n<\/ul>\n","protected":false},"excerpt":{"rendered":"<p>SALAS MULTISENSORIALES \u00bfQU\u00c9 SON? Una sala multisensorial es un espacio creado de forma artificial, dise\u00f1ada especialmente para controlar los est\u00edmulos sensoriales, incluyendo el sonido, la luz, el olor, el tacto, la temperatura y el espacio. El equipo multisensorial se utiliza para estimular los sentidos, promover sensaciones placenteras y sensaci\u00f3n de bienestar, con objetivos terap\u00e9uticos. \u00bfPARA &hellip; <\/p>\n<p class=\"link-more\"><a href=\"https:\/\/blogsaverroes.juntadeandalucia.es\/posidoniateaaulab\/aula-multisensorial\/\" class=\"more-link\">Continuar leyendo<span class=\"screen-reader-text\"> \u00abAULA MULTISENSORIAL\u00bb<\/span><\/a><\/p>\n","protected":false},"author":9463,"featured_media":0,"parent":0,"menu_order":0,"comment_status":"closed","ping_status":"closed","template":"","meta":{"ngg_post_thumbnail":0,"footnotes":""},"aioseo_notices":[],"_links":{"self":[{"href":"https:\/\/blogsaverroes.juntadeandalucia.es\/posidoniateaaulab\/wp-json\/wp\/v2\/pages\/198"}],"collection":[{"href":"https:\/\/blogsaverroes.juntadeandalucia.es\/posidoniateaaulab\/wp-json\/wp\/v2\/pages"}],"about":[{"href":"https:\/\/blogsaverroes.juntadeandalucia.es\/posidoniateaaulab\/wp-json\/wp\/v2\/types\/page"}],"author":[{"embeddable":true,"href":"https:\/\/blogsaverroes.juntadeandalucia.es\/posidoniateaaulab\/wp-json\/wp\/v2\/users\/9463"}],"replies":[{"embeddable":true,"href":"https:\/\/blogsaverroes.juntadeandalucia.es\/posidoniateaaulab\/wp-json\/wp\/v2\/comments?post=198"}],"version-history":[{"count":3,"href":"https:\/\/blogsaverroes.juntadeandalucia.es\/posidoniateaaulab\/wp-json\/wp\/v2\/pages\/198\/revisions"}],"predecessor-version":[{"id":231,"href":"https:\/\/blogsaverroes.juntadeandalucia.es\/posidoniateaaulab\/wp-json\/wp\/v2\/pages\/198\/revisions\/231"}],"wp:attachment":[{"href":"https:\/\/blogsaverroes.juntadeandalucia.es\/posidoniateaaulab\/wp-json\/wp\/v2\/media?parent=198"}],"curies":[{"name":"wp","href":"https:\/\/api.w.org\/{rel}","templated":true}]}}