{"id":521,"date":"2023-01-03T19:24:59","date_gmt":"2023-01-03T19:24:59","guid":{"rendered":"https:\/\/blogsaverroes.juntadeandalucia.es\/posidoniateaaulab\/?page_id=521"},"modified":"2023-01-03T19:26:04","modified_gmt":"2023-01-03T19:26:04","slug":"proyecto-3-edad-media","status":"publish","type":"page","link":"https:\/\/blogsaverroes.juntadeandalucia.es\/posidoniateaaulab\/proyecto-3-edad-media\/","title":{"rendered":"Proyecto 3: EDAD MEDIA"},"content":{"rendered":"<p><b>Durante este proyecto vamos a trabajar el centro de inter\u00e9s de \u201c<\/b><b><i>Los castillos y la Edad Media<\/i><\/b><b>\u201d<\/b><span style=\"font-weight: 400\"> para acercar a los alumnos a una etapa de la historia tan importante como fue \u00e9sta. Adem\u00e1s, sab\u00edamos&nbsp; que era un tema muy atractivo para ellos y que estaba presente en muchos elementos infantiles (juguetes, cuentos, pel\u00edculas\u2026), por lo que ellos se iban a sentir muy motivados. Vamos a aprender&nbsp; las distintas partes de los castillos, las personas que habitaban en ellos, as\u00ed como la <\/span><b>indumentaria <\/b><span style=\"font-weight: 400\">de los <\/span><b>caballeros <\/b><span style=\"font-weight: 400\">y la <\/span><b>labor <\/b><span style=\"font-weight: 400\">de los <\/span><b>juglares<\/b><span style=\"font-weight: 400\">. Por ello, trabajaremos las profesiones en este proyecto. Adem\u00e1s, realizaremos varias actividades como <\/span><b>maquetas, talleres, obras de teatro, juegos medievales, rob\u00f3tica,visitas tur\u00edsticas.<\/b><\/p>\n<p><span style=\"font-weight: 400\">Por \u00faltimo, se\u00f1alar, que en este proyecto hago mucho hincapi\u00e9 en una correcta higiene corporal y en las posturas adecuadas, sin olvidar que el tema que impregna todo el proyecto s<\/span><b>er\u00e1 el invierno y sus caracter\u00edsticas.<\/b><\/p>\n<p><span style=\"font-weight: 400\">Adem\u00e1s se trabajar\u00e1n de<\/span><b> forma transversal, las efem\u00e9rides <\/b><span style=\"font-weight: 400\">como el carnaval y el D\u00eda de la Paz.<\/span><\/p>\n<p><b>&nbsp;<\/b><\/p>\n","protected":false},"excerpt":{"rendered":"<p>Durante este proyecto vamos a trabajar el centro de inter\u00e9s de \u201cLos castillos y la Edad Media\u201d para acercar a los alumnos a una etapa de la historia tan importante como fue \u00e9sta. Adem\u00e1s, sab\u00edamos&nbsp; que era un tema muy atractivo para ellos y que estaba presente en muchos elementos infantiles (juguetes, cuentos, pel\u00edculas\u2026), por &hellip; <\/p>\n<p class=\"link-more\"><a href=\"https:\/\/blogsaverroes.juntadeandalucia.es\/posidoniateaaulab\/proyecto-3-edad-media\/\" class=\"more-link\">Continuar leyendo<span class=\"screen-reader-text\"> \u00abProyecto 3: EDAD MEDIA\u00bb<\/span><\/a><\/p>\n","protected":false},"author":9463,"featured_media":0,"parent":0,"menu_order":0,"comment_status":"closed","ping_status":"closed","template":"","meta":{"ngg_post_thumbnail":0,"footnotes":""},"aioseo_notices":[],"_links":{"self":[{"href":"https:\/\/blogsaverroes.juntadeandalucia.es\/posidoniateaaulab\/wp-json\/wp\/v2\/pages\/521"}],"collection":[{"href":"https:\/\/blogsaverroes.juntadeandalucia.es\/posidoniateaaulab\/wp-json\/wp\/v2\/pages"}],"about":[{"href":"https:\/\/blogsaverroes.juntadeandalucia.es\/posidoniateaaulab\/wp-json\/wp\/v2\/types\/page"}],"author":[{"embeddable":true,"href":"https:\/\/blogsaverroes.juntadeandalucia.es\/posidoniateaaulab\/wp-json\/wp\/v2\/users\/9463"}],"replies":[{"embeddable":true,"href":"https:\/\/blogsaverroes.juntadeandalucia.es\/posidoniateaaulab\/wp-json\/wp\/v2\/comments?post=521"}],"version-history":[{"count":3,"href":"https:\/\/blogsaverroes.juntadeandalucia.es\/posidoniateaaulab\/wp-json\/wp\/v2\/pages\/521\/revisions"}],"predecessor-version":[{"id":526,"href":"https:\/\/blogsaverroes.juntadeandalucia.es\/posidoniateaaulab\/wp-json\/wp\/v2\/pages\/521\/revisions\/526"}],"wp:attachment":[{"href":"https:\/\/blogsaverroes.juntadeandalucia.es\/posidoniateaaulab\/wp-json\/wp\/v2\/media?parent=521"}],"curies":[{"name":"wp","href":"https:\/\/api.w.org\/{rel}","templated":true}]}}