{"id":44,"date":"2015-03-13T08:42:15","date_gmt":"2015-03-13T08:42:15","guid":{"rendered":"http:\/\/blogsaverroes.juntadeandalucia.es\/pre\/ceip\/?page_id=44"},"modified":"2020-04-01T12:05:56","modified_gmt":"2020-04-01T12:05:56","slug":"planes-y-proyectos","status":"publish","type":"page","link":"https:\/\/blogsaverroes.juntadeandalucia.es\/princesasofia\/planes-y-proyectos\/","title":{"rendered":"Planes y Programas"},"content":{"rendered":"<p><img loading=\"lazy\" decoding=\"async\" width=\"300\" height=\"150\" class=\"alignnone size-medium wp-image-1667\" alt=\"planes\" src=\"https:\/\/blogsaverroes.juntadeandalucia.es\/princesasofia\/files\/2015\/03\/planes-300x150.png\" srcset=\"https:\/\/blogsaverroes.juntadeandalucia.es\/princesasofia\/files\/2015\/03\/planes-300x150.png 300w, https:\/\/blogsaverroes.juntadeandalucia.es\/princesasofia\/files\/2015\/03\/planes.png 640w\" sizes=\"(max-width: 300px) 100vw, 300px\" \/><\/p>\n<p>Cada centro personaliza y adapta su Proyecto Educativo adheriendose a diferentes <strong>Planes y Programas<\/strong> promovidos desde la Consejer\u00eda de Educaci\u00f3n, Cultura y Deporte.<\/p>\n<p>&nbsp;<\/p>\n<ul>\n<li><u>PERMANENTES:<\/u>\n<ul>\n<li><strong>Proyectos de Centros Tic:<\/strong> D\u00f1a. Juana Garc\u00eda Romero\n<p><strong>Plan de Igualdad entre Hombres y Mujeres en Ed.:<\/strong> D\u00f1a. Teresa Ibarra Ma\u00f1as<\/p>\n<p><strong>Plan de Salud Laboral y P. de Riesgos Laborales:<\/strong> D\u00f1a. Silvia Fern\u00e1ndez Espartero<\/p>\n<p><strong>Plan de apertura de Centros Docentes:<\/strong> D. Jos\u00e9 Ram\u00f3n L\u00f3pez Garc\u00eda<\/p>\n<p><strong>Escuelas Deportivas:<\/strong> D. Miguel \u00c1ngel Mart\u00ednez Mu\u00f1oz<\/p>\n<p><strong>Escuela TIC 2.0:<\/strong> D\u00f1a. Juana Garc\u00eda Romero<\/p>\n<p><strong>Practicum Grado Maestro:<\/strong> D. Jos\u00e9 Ram\u00f3n L\u00f3pez Garc\u00eda<\/li>\n<\/ul>\n<\/li>\n<li><u><\/u><u>ANUALES:<\/u>\n<ul>\n<li><strong>Alimentaci\u00f3n Saludable:<\/strong> D\u00f1a. Isabel Jim\u00e9nez Mart\u00ednez\n<p><strong>Red Andaluza. Escuela Espacio de Paz:<\/strong> D. Pascual Moreno Puche<\/p>\n<p><strong>Medio ambiente:<\/strong> D\u00f1a. Purificaci\u00f3n Garc\u00eda Fern\u00e1ndez<\/p>\n<p><strong>Bibliotecas:<\/strong> D\u00f1a. Isabel Jim\u00e9nez Mart\u00ednez<\/p>\n<p><strong>Convivencia:<\/strong> D\u00f1a. Soledad Gea Bautista<\/li>\n<\/ul>\n<\/li>\n<\/ul>\n<p>&nbsp;<\/p>\n","protected":false},"excerpt":{"rendered":"<p>Cada centro personaliza y adapta su Proyecto Educativo adheriendose a diferentes Planes y Programas promovidos desde la Consejer\u00eda de Educaci\u00f3n, Cultura y Deporte. &nbsp; PERMANENTES: Proyectos de Centros Tic: D\u00f1a. Juana Garc\u00eda Romero Plan&#46;&#46;&#46;<\/p>\n","protected":false},"author":1,"featured_media":0,"parent":0,"menu_order":0,"comment_status":"closed","ping_status":"closed","template":"page-cs.php","meta":{"ngg_post_thumbnail":0,"footnotes":"","_mc_calendar":[]},"aioseo_notices":[],"_links":{"self":[{"href":"https:\/\/blogsaverroes.juntadeandalucia.es\/princesasofia\/wp-json\/wp\/v2\/pages\/44"}],"collection":[{"href":"https:\/\/blogsaverroes.juntadeandalucia.es\/princesasofia\/wp-json\/wp\/v2\/pages"}],"about":[{"href":"https:\/\/blogsaverroes.juntadeandalucia.es\/princesasofia\/wp-json\/wp\/v2\/types\/page"}],"author":[{"embeddable":true,"href":"https:\/\/blogsaverroes.juntadeandalucia.es\/princesasofia\/wp-json\/wp\/v2\/users\/1"}],"replies":[{"embeddable":true,"href":"https:\/\/blogsaverroes.juntadeandalucia.es\/princesasofia\/wp-json\/wp\/v2\/comments?post=44"}],"version-history":[{"count":6,"href":"https:\/\/blogsaverroes.juntadeandalucia.es\/princesasofia\/wp-json\/wp\/v2\/pages\/44\/revisions"}],"predecessor-version":[{"id":2281,"href":"https:\/\/blogsaverroes.juntadeandalucia.es\/princesasofia\/wp-json\/wp\/v2\/pages\/44\/revisions\/2281"}],"wp:attachment":[{"href":"https:\/\/blogsaverroes.juntadeandalucia.es\/princesasofia\/wp-json\/wp\/v2\/media?parent=44"}],"curies":[{"name":"wp","href":"https:\/\/api.w.org\/{rel}","templated":true}]}}