{"id":871,"date":"2015-03-16T07:25:46","date_gmt":"2015-03-16T07:25:46","guid":{"rendered":"http:\/\/blogsaverroes.juntadeandalucia.es\/pre\/ceip\/?page_id=106"},"modified":"2022-03-03T10:04:18","modified_gmt":"2022-03-03T10:04:18","slug":"actividades-extraescolares","status":"publish","type":"page","link":"https:\/\/blogsaverroes.juntadeandalucia.es\/princesasofia\/actividades-extraescolares\/","title":{"rendered":"Actividades extraescolares"},"content":{"rendered":"<h4><a href=\"https:\/\/blogsaverroes.juntadeandalucia.es\/princesasofia\/files\/2022\/03\/extraescolares-800x312-1.png\"><img loading=\"lazy\" decoding=\"async\" class=\"aligncenter size-medium wp-image-4112\" src=\"https:\/\/blogsaverroes.juntadeandalucia.es\/princesasofia\/files\/2022\/03\/extraescolares-800x312-1-300x117.png\" alt=\"\" width=\"300\" height=\"117\" srcset=\"https:\/\/blogsaverroes.juntadeandalucia.es\/princesasofia\/files\/2022\/03\/extraescolares-800x312-1-300x117.png 300w, https:\/\/blogsaverroes.juntadeandalucia.es\/princesasofia\/files\/2022\/03\/extraescolares-800x312-1-768x300.png 768w, https:\/\/blogsaverroes.juntadeandalucia.es\/princesasofia\/files\/2022\/03\/extraescolares-800x312-1.png 800w\" sizes=\"(max-width: 300px) 100vw, 300px\" \/><\/a><\/h4>\n<h4>Actividades Extraescolares:<\/h4>\n<p>De lunes a jueves de 4 a 6 de la tarde<\/p>\n<table style=\"width: 75.688%;height: 473px\">\n<tbody>\n<tr style=\"height: 136px\">\n<td style=\"height: 136px;width: 20.9459%\" width=\"125\">&nbsp;<\/p>\n<p style=\"text-align: right\"><strong>D\u00cdAS<\/strong><\/p>\n<p style=\"text-align: center\"><strong>HORAS<\/strong><\/p>\n<\/td>\n<td style=\"text-align: center;height: 136px;width: 14.8649%\" width=\"62\"><strong>LUNES<\/strong><\/td>\n<td style=\"text-align: center;height: 136px;width: 21.9595%\" width=\"118\"><strong>MARTES<\/strong><\/td>\n<td style=\"text-align: center;height: 136px;width: 18.5811%\" width=\"81\"><strong>MI\u00c9RCOLES<\/strong><\/td>\n<td style=\"text-align: center;height: 136px;width: 21.9595%\" width=\"118\"><strong>JUEVES<\/strong><\/td>\n<\/tr>\n<tr style=\"height: 49px\">\n<td style=\"text-align: center;height: 145px;width: 20.9459%\" rowspan=\"3\" width=\"125\"><strong>16:00<\/strong><\/p>\n<p><strong>a<\/strong><\/p>\n<p><strong>17:00<\/strong><\/td>\n<td style=\"text-align: center;height: 49px;width: 14.8649%\" width=\"62\">Deporte Escolar<\/td>\n<td style=\"text-align: center;height: 49px;width: 21.9595%\" width=\"118\">Gimnasia R\u00edtmica<\/td>\n<td style=\"text-align: center;height: 49px;width: 18.5811%\" width=\"81\">Deporte Escolar<\/td>\n<td style=\"text-align: center;height: 49px;width: 21.9595%\" width=\"118\">Gimnasia R\u00edtmica<\/td>\n<\/tr>\n<tr style=\"height: 96px\">\n<td style=\"text-align: center;height: 96px;width: 14.8649%\" rowspan=\"2\" width=\"62\">Inform\u00e1tica<\/td>\n<td style=\"text-align: center;height: 96px;width: 21.9595%\" rowspan=\"2\" width=\"118\">Acompa\u00f1amiento<\/p>\n<p>Escolar<\/td>\n<td style=\"text-align: center;height: 96px;width: 18.5811%\" rowspan=\"2\" width=\"81\">Inform\u00e1tica<\/td>\n<td style=\"text-align: center;height: 96px;width: 21.9595%\" width=\"118\">Acompa\u00f1amiento<\/p>\n<p>Escolar<\/td>\n<\/tr>\n<tr>\n<td style=\"text-align: center;width: 21.9595%\">Acompa\u00f1amiento<\/p>\n<p>Ingl\u00e9s<\/td>\n<\/tr>\n<tr style=\"height: 96px\">\n<td style=\"text-align: center;height: 192px;width: 20.9459%\" rowspan=\"2\" width=\"125\"><strong>17:00<\/strong><\/p>\n<p><strong>A<\/strong><\/p>\n<p><strong>18:00<\/strong><\/td>\n<td style=\"text-align: center;height: 96px;width: 14.8649%\" width=\"62\">Deporte Escolar<\/td>\n<td style=\"text-align: center;height: 192px;width: 21.9595%\" rowspan=\"2\" width=\"118\">Acompa\u00f1amiento<\/p>\n<p>Escolar<\/td>\n<td style=\"text-align: center;height: 96px;width: 18.5811%\" width=\"81\">Deporte Escolar<\/td>\n<td style=\"text-align: center;height: 96px;width: 21.9595%\" width=\"118\">Acompa\u00f1amiento<\/p>\n<p>Escolar<\/td>\n<\/tr>\n<tr style=\"height: 96px\">\n<td style=\"text-align: center;height: 96px;width: 14.8649%\" width=\"62\">Ingl\u00e9s<\/td>\n<td style=\"text-align: center;height: 96px;width: 18.5811%\" width=\"81\">Ingl\u00e9s<\/td>\n<td style=\"text-align: center;height: 96px;width: 21.9595%\" width=\"118\">Acompa\u00f1amiento<\/p>\n<p>Ingl\u00e9s<\/td>\n<\/tr>\n<\/tbody>\n<\/table>\n<p>&nbsp;<\/p>\n<p>El <strong>Aula Matinal<\/strong> abre a las 7.30 horas de lunes a viernes, ofreciendo actividades diversas a los estudiantes hasta el comienzo del horario lectivo.<\/p>\n<p>El Acompa\u00f1amiento Escolar, el Acompa\u00f1amiento de Ingl\u00e9s y el Deporte Escolar son actividades gratuitas.<\/p>\n<p>El Precio del servicio Servicio de actividades extraescolares (Ingl\u00e9s, Inform\u00e1tica y Gimnasia R\u00edtmica), es:<br \/>\n&#8211; de 16,10 euros por cada actividad. (sin bonificaciones y con impuestos incluidos).<br \/>\n&#8211; En caso de estar bonificada la actividad y asistir a m\u00e1s de una, solo se bonificar\u00e1 a la primera.<\/p>\n<p>&nbsp;<\/p>\n<p>L\u00edmite de bonificaciones:<a href=\"https:\/\/blogsaverroes.juntadeandalucia.es\/princesasofia\/files\/2022\/03\/21-22-L\u00edmites-Bonificaciones-CURSO.pdf\"><img loading=\"lazy\" decoding=\"async\" class=\"aligncenter wp-image-4098 size-medium\" src=\"https:\/\/blogsaverroes.juntadeandalucia.es\/princesasofia\/files\/2022\/03\/21-22-L\u00edmites-Bonificaciones-CURSO-001-300x212.jpg\" alt=\"\" width=\"300\" height=\"212\" srcset=\"https:\/\/blogsaverroes.juntadeandalucia.es\/princesasofia\/files\/2022\/03\/21-22-L\u00edmites-Bonificaciones-CURSO-001-300x212.jpg 300w, https:\/\/blogsaverroes.juntadeandalucia.es\/princesasofia\/files\/2022\/03\/21-22-L\u00edmites-Bonificaciones-CURSO-001-1024x724.jpg 1024w, https:\/\/blogsaverroes.juntadeandalucia.es\/princesasofia\/files\/2022\/03\/21-22-L\u00edmites-Bonificaciones-CURSO-001-768x543.jpg 768w, https:\/\/blogsaverroes.juntadeandalucia.es\/princesasofia\/files\/2022\/03\/21-22-L\u00edmites-Bonificaciones-CURSO-001-1536x1086.jpg 1536w, https:\/\/blogsaverroes.juntadeandalucia.es\/princesasofia\/files\/2022\/03\/21-22-L\u00edmites-Bonificaciones-CURSO-001.jpg 1600w\" sizes=\"(max-width: 300px) 100vw, 300px\" \/><\/a><\/p>\n","protected":false},"excerpt":{"rendered":"<p>Actividades Extraescolares: De lunes a jueves de 4 a 6 de la tarde &nbsp; D\u00cdAS HORAS LUNES MARTES MI\u00c9RCOLES JUEVES 16:00 a 17:00 Deporte Escolar Gimnasia R\u00edtmica Deporte Escolar Gimnasia R\u00edtmica Inform\u00e1tica Acompa\u00f1amiento Escolar&#46;&#46;&#46;<\/p>\n","protected":false},"author":1,"featured_media":0,"parent":0,"menu_order":0,"comment_status":"closed","ping_status":"open","template":"page-cs.php","meta":{"ngg_post_thumbnail":0,"footnotes":"","_mc_calendar":[]},"aioseo_notices":[],"_links":{"self":[{"href":"https:\/\/blogsaverroes.juntadeandalucia.es\/princesasofia\/wp-json\/wp\/v2\/pages\/871"}],"collection":[{"href":"https:\/\/blogsaverroes.juntadeandalucia.es\/princesasofia\/wp-json\/wp\/v2\/pages"}],"about":[{"href":"https:\/\/blogsaverroes.juntadeandalucia.es\/princesasofia\/wp-json\/wp\/v2\/types\/page"}],"author":[{"embeddable":true,"href":"https:\/\/blogsaverroes.juntadeandalucia.es\/princesasofia\/wp-json\/wp\/v2\/users\/1"}],"replies":[{"embeddable":true,"href":"https:\/\/blogsaverroes.juntadeandalucia.es\/princesasofia\/wp-json\/wp\/v2\/comments?post=871"}],"version-history":[{"count":9,"href":"https:\/\/blogsaverroes.juntadeandalucia.es\/princesasofia\/wp-json\/wp\/v2\/pages\/871\/revisions"}],"predecessor-version":[{"id":2299,"href":"https:\/\/blogsaverroes.juntadeandalucia.es\/princesasofia\/wp-json\/wp\/v2\/pages\/871\/revisions\/2299"}],"wp:attachment":[{"href":"https:\/\/blogsaverroes.juntadeandalucia.es\/princesasofia\/wp-json\/wp\/v2\/media?parent=871"}],"curies":[{"name":"wp","href":"https:\/\/api.w.org\/{rel}","templated":true}]}}