{"id":2344,"date":"2020-10-06T10:00:51","date_gmt":"2020-10-06T10:00:51","guid":{"rendered":"https:\/\/blogsaverroes.juntadeandalucia.es\/principefelipe\/?page_id=2344"},"modified":"2024-10-25T07:38:45","modified_gmt":"2024-10-25T07:38:45","slug":"oferta-educativa","status":"publish","type":"page","link":"https:\/\/blogsaverroes.juntadeandalucia.es\/principefelipe\/oferta-educativa\/","title":{"rendered":"Oferta Educativa"},"content":{"rendered":"<p>Nuestro centro ofrece ense\u00f1anza en el segundo ciclo de Educaci\u00f3n Infantil y en toda la etapa de Educaci\u00f3n Primaria:<\/p>\n<p>En Educaci\u00f3n Infantil contamos con una clase por cada curso:<\/p>\n<ul>\n<li>Infantil de 3 A\u00f1os.<\/li>\n<li>Infantil de 4 A\u00f1os.<\/li>\n<li>Infantil de 5 A\u00f1os.<\/li>\n<\/ul>\n<p>En Educaci\u00f3n Primaria, en el curso actual, contamos con el siguiente listado de grupos:<\/p>\n<ul>\n<li>1\u00ba Primaria.<\/li>\n<li>2\u00baA y 2\u00baB de Primaria.<\/li>\n<li>3\u00baA y 3\u00baB de Primaria.<\/li>\n<li>4\u00baA y 4\u00baB de Primaria.<\/li>\n<li>5\u00baA y 5\u00baB de Primaria.<\/li>\n<li>6\u00baA y 6\u00baB de Primaria.<\/li>\n<\/ul>\n","protected":false},"excerpt":{"rendered":"<p>Nuestro centro ofrece ense\u00f1anza en el segundo ciclo de Educaci\u00f3n Infantil y en toda la etapa de Educaci\u00f3n Primaria: En Educaci\u00f3n Infantil contamos con una clase por cada curso: Infantil de 3 A\u00f1os. Infantil&#46;&#46;&#46;<\/p>\n","protected":false},"author":10630,"featured_media":0,"parent":0,"menu_order":2,"comment_status":"closed","ping_status":"closed","template":"page-cs.php","meta":{"ngg_post_thumbnail":0,"footnotes":"","_mc_calendar":[]},"aioseo_notices":[],"_links":{"self":[{"href":"https:\/\/blogsaverroes.juntadeandalucia.es\/principefelipe\/wp-json\/wp\/v2\/pages\/2344"}],"collection":[{"href":"https:\/\/blogsaverroes.juntadeandalucia.es\/principefelipe\/wp-json\/wp\/v2\/pages"}],"about":[{"href":"https:\/\/blogsaverroes.juntadeandalucia.es\/principefelipe\/wp-json\/wp\/v2\/types\/page"}],"author":[{"embeddable":true,"href":"https:\/\/blogsaverroes.juntadeandalucia.es\/principefelipe\/wp-json\/wp\/v2\/users\/10630"}],"replies":[{"embeddable":true,"href":"https:\/\/blogsaverroes.juntadeandalucia.es\/principefelipe\/wp-json\/wp\/v2\/comments?post=2344"}],"version-history":[{"count":4,"href":"https:\/\/blogsaverroes.juntadeandalucia.es\/principefelipe\/wp-json\/wp\/v2\/pages\/2344\/revisions"}],"predecessor-version":[{"id":3174,"href":"https:\/\/blogsaverroes.juntadeandalucia.es\/principefelipe\/wp-json\/wp\/v2\/pages\/2344\/revisions\/3174"}],"wp:attachment":[{"href":"https:\/\/blogsaverroes.juntadeandalucia.es\/principefelipe\/wp-json\/wp\/v2\/media?parent=2344"}],"curies":[{"name":"wp","href":"https:\/\/api.w.org\/{rel}","templated":true}]}}