{"id":2375,"date":"2020-10-07T08:15:29","date_gmt":"2020-10-07T08:15:29","guid":{"rendered":"https:\/\/blogsaverroes.juntadeandalucia.es\/principefelipe\/?page_id=2375"},"modified":"2023-05-12T08:43:11","modified_gmt":"2023-05-12T08:43:11","slug":"ampa","status":"publish","type":"page","link":"https:\/\/blogsaverroes.juntadeandalucia.es\/principefelipe\/ampa\/","title":{"rendered":"AMPA"},"content":{"rendered":"<p style=\"text-align: justify\"><strong>\u00bfQu\u00e9 es el AMPA?<\/strong><\/p>\n<p style=\"text-align: justify\"><span class=\"ILfuVd NA6bn\"><span class=\"hgKElc\">Las Asociaciones de Madres y Padres de Alumnos <strong>(AMPA)<\/strong> son entidades sin \u00e1nimo de lucro cuyo objetivo fundamental es velar por una educaci\u00f3n de calidad en los centros educativos de sus hijos y representar los intereses de los padres, madres o tutores legales en relaci\u00f3n al centro.<\/span><\/span><\/p>\n<p style=\"text-align: justify\"><strong>AMPA CEIP PR\u00cdNCIPE FELIPE<\/strong><\/p>\n<p style=\"text-align: justify\">Nuestro centro cuenta con un AMPA muy activo, que realiza actividades como: chocolatadas, concurso de adornos navide\u00f1os, visita de los Reyes Magos, desayuno el D\u00eda de Andaluc\u00eda, desayuno de fruta el d\u00eda de la Carrera Solidaria&#8230; Adem\u00e1s han colocado cortinas en las clases, compraron ventiladores, han comprado term\u00f3metros para la toma de temperatura en el curso actual, han colaborado econ\u00f3micamente en la realizaci\u00f3n de talleres en el centro.<\/p>\n<p style=\"text-align: justify\">Es importante que la comunidad educativa colabore con el pago de la cuota para continuar colaborando en la vida del centro. La cuota son <strong>5 euros por curso y por familia.<\/strong><\/p>\n<p style=\"text-align: justify\"><strong>Contacto de la Presidenta: 673154886 (Montse).<br \/>\n<\/strong><\/p>\n<p style=\"text-align: justify\"><strong><em>\u00a1An\u00edmate a participar, tu colaboraci\u00f3n es importante!<\/em><\/strong><\/p>\n","protected":false},"excerpt":{"rendered":"<p>\u00bfQu\u00e9 es el AMPA? Las Asociaciones de Madres y Padres de Alumnos (AMPA) son entidades sin \u00e1nimo de lucro cuyo objetivo fundamental es velar por una educaci\u00f3n de calidad en los centros educativos de&#46;&#46;&#46;<\/p>\n","protected":false},"author":10630,"featured_media":0,"parent":0,"menu_order":7,"comment_status":"closed","ping_status":"closed","template":"page-cs.php","meta":{"ngg_post_thumbnail":0,"footnotes":"","_mc_calendar":[]},"aioseo_notices":[],"_links":{"self":[{"href":"https:\/\/blogsaverroes.juntadeandalucia.es\/principefelipe\/wp-json\/wp\/v2\/pages\/2375"}],"collection":[{"href":"https:\/\/blogsaverroes.juntadeandalucia.es\/principefelipe\/wp-json\/wp\/v2\/pages"}],"about":[{"href":"https:\/\/blogsaverroes.juntadeandalucia.es\/principefelipe\/wp-json\/wp\/v2\/types\/page"}],"author":[{"embeddable":true,"href":"https:\/\/blogsaverroes.juntadeandalucia.es\/principefelipe\/wp-json\/wp\/v2\/users\/10630"}],"replies":[{"embeddable":true,"href":"https:\/\/blogsaverroes.juntadeandalucia.es\/principefelipe\/wp-json\/wp\/v2\/comments?post=2375"}],"version-history":[{"count":7,"href":"https:\/\/blogsaverroes.juntadeandalucia.es\/principefelipe\/wp-json\/wp\/v2\/pages\/2375\/revisions"}],"predecessor-version":[{"id":3045,"href":"https:\/\/blogsaverroes.juntadeandalucia.es\/principefelipe\/wp-json\/wp\/v2\/pages\/2375\/revisions\/3045"}],"wp:attachment":[{"href":"https:\/\/blogsaverroes.juntadeandalucia.es\/principefelipe\/wp-json\/wp\/v2\/media?parent=2375"}],"curies":[{"name":"wp","href":"https:\/\/api.w.org\/{rel}","templated":true}]}}