{"id":2398,"date":"2020-11-26T11:00:16","date_gmt":"2020-11-26T11:00:16","guid":{"rendered":"https:\/\/blogsaverroes.juntadeandalucia.es\/principefelipe\/?page_id=2398"},"modified":"2023-01-26T10:48:19","modified_gmt":"2023-01-26T10:48:19","slug":"informacion-del-centro","status":"publish","type":"page","link":"https:\/\/blogsaverroes.juntadeandalucia.es\/principefelipe\/","title":{"rendered":"Informaci\u00f3n del Centro"},"content":{"rendered":"<p style=\"text-align: justify\">Nuestro colegio se encuentra situado al sur de la localidad de Hu\u00e9rcal-Overa, en el barrio de El Calvario. Oferta plazas educativas en las etapas de Educaci\u00f3n Infantil y en Educaci\u00f3n Primaria.<\/p>\n<div id=\"attachment_2267\" style=\"width: 1032px\" class=\"wp-caption aligncenter\"><a href=\"https:\/\/blogsaverroes.juntadeandalucia.es\/principefelipe\/files\/2020\/10\/Fondo.jpg\"><img loading=\"lazy\" decoding=\"async\" aria-describedby=\"caption-attachment-2267\" class=\"size-full wp-image-2267\" src=\"https:\/\/blogsaverroes.juntadeandalucia.es\/principefelipe\/files\/2020\/10\/Fondo.jpg\" alt=\"\" width=\"1022\" height=\"377\" srcset=\"https:\/\/blogsaverroes.juntadeandalucia.es\/principefelipe\/files\/2020\/10\/Fondo.jpg 1022w, https:\/\/blogsaverroes.juntadeandalucia.es\/principefelipe\/files\/2020\/10\/Fondo-300x111.jpg 300w, https:\/\/blogsaverroes.juntadeandalucia.es\/principefelipe\/files\/2020\/10\/Fondo-768x283.jpg 768w, https:\/\/blogsaverroes.juntadeandalucia.es\/principefelipe\/files\/2020\/10\/Fondo-24x9.jpg 24w, https:\/\/blogsaverroes.juntadeandalucia.es\/principefelipe\/files\/2020\/10\/Fondo-36x13.jpg 36w, https:\/\/blogsaverroes.juntadeandalucia.es\/principefelipe\/files\/2020\/10\/Fondo-48x18.jpg 48w, https:\/\/blogsaverroes.juntadeandalucia.es\/principefelipe\/files\/2020\/10\/Fondo-600x220.jpg 600w\" sizes=\"(max-width: 1022px) 100vw, 1022px\" \/><\/a><p id=\"caption-attachment-2267\" class=\"wp-caption-text\">Entradas de los edificios que componen el centro.<\/p><\/div>\n<div id=\"attachment_2425\" style=\"width: 792px\" class=\"wp-caption aligncenter\"><a href=\"https:\/\/blogsaverroes.juntadeandalucia.es\/principefelipe\/files\/2020\/11\/Banner-tres-logos-1.jpg\"><img loading=\"lazy\" decoding=\"async\" aria-describedby=\"caption-attachment-2425\" class=\"size-large wp-image-2425\" src=\"https:\/\/blogsaverroes.juntadeandalucia.es\/principefelipe\/files\/2020\/11\/Banner-tres-logos-1-1024x173.jpg\" alt=\"\" width=\"782\" height=\"132\" srcset=\"https:\/\/blogsaverroes.juntadeandalucia.es\/principefelipe\/files\/2020\/11\/Banner-tres-logos-1-1024x173.jpg 1024w, https:\/\/blogsaverroes.juntadeandalucia.es\/principefelipe\/files\/2020\/11\/Banner-tres-logos-1-300x51.jpg 300w, https:\/\/blogsaverroes.juntadeandalucia.es\/principefelipe\/files\/2020\/11\/Banner-tres-logos-1-768x129.jpg 768w, https:\/\/blogsaverroes.juntadeandalucia.es\/principefelipe\/files\/2020\/11\/Banner-tres-logos-1-24x4.jpg 24w, https:\/\/blogsaverroes.juntadeandalucia.es\/principefelipe\/files\/2020\/11\/Banner-tres-logos-1-36x6.jpg 36w, https:\/\/blogsaverroes.juntadeandalucia.es\/principefelipe\/files\/2020\/11\/Banner-tres-logos-1-48x8.jpg 48w, https:\/\/blogsaverroes.juntadeandalucia.es\/principefelipe\/files\/2020\/11\/Banner-tres-logos-1.jpg 1175w\" sizes=\"(max-width: 782px) 100vw, 782px\" \/><\/a><p id=\"caption-attachment-2425\" class=\"wp-caption-text\">Centro subvencionado con fondos del Pacto de Estado contra la Violencia de G\u00e9nero.<\/p><\/div>\n<p>&nbsp;<\/p>\n","protected":false},"excerpt":{"rendered":"<p>Nuestro colegio se encuentra situado al sur de la localidad de Hu\u00e9rcal-Overa, en el barrio de El Calvario. Oferta plazas educativas en las etapas de Educaci\u00f3n Infantil y en Educaci\u00f3n Primaria. &nbsp;<\/p>\n","protected":false},"author":10630,"featured_media":0,"parent":0,"menu_order":0,"comment_status":"closed","ping_status":"closed","template":"","meta":{"ngg_post_thumbnail":0,"footnotes":"","_mc_calendar":[]},"aioseo_notices":[],"_links":{"self":[{"href":"https:\/\/blogsaverroes.juntadeandalucia.es\/principefelipe\/wp-json\/wp\/v2\/pages\/2398"}],"collection":[{"href":"https:\/\/blogsaverroes.juntadeandalucia.es\/principefelipe\/wp-json\/wp\/v2\/pages"}],"about":[{"href":"https:\/\/blogsaverroes.juntadeandalucia.es\/principefelipe\/wp-json\/wp\/v2\/types\/page"}],"author":[{"embeddable":true,"href":"https:\/\/blogsaverroes.juntadeandalucia.es\/principefelipe\/wp-json\/wp\/v2\/users\/10630"}],"replies":[{"embeddable":true,"href":"https:\/\/blogsaverroes.juntadeandalucia.es\/principefelipe\/wp-json\/wp\/v2\/comments?post=2398"}],"version-history":[{"count":9,"href":"https:\/\/blogsaverroes.juntadeandalucia.es\/principefelipe\/wp-json\/wp\/v2\/pages\/2398\/revisions"}],"predecessor-version":[{"id":2960,"href":"https:\/\/blogsaverroes.juntadeandalucia.es\/principefelipe\/wp-json\/wp\/v2\/pages\/2398\/revisions\/2960"}],"wp:attachment":[{"href":"https:\/\/blogsaverroes.juntadeandalucia.es\/principefelipe\/wp-json\/wp\/v2\/media?parent=2398"}],"curies":[{"name":"wp","href":"https:\/\/api.w.org\/{rel}","templated":true}]}}