{"id":2444,"date":"2020-12-09T10:15:15","date_gmt":"2020-12-09T10:15:15","guid":{"rendered":"https:\/\/blogsaverroes.juntadeandalucia.es\/principefelipe\/?page_id=2444"},"modified":"2021-04-21T10:12:58","modified_gmt":"2021-04-21T10:12:58","slug":"plan-aldea","status":"publish","type":"page","link":"https:\/\/blogsaverroes.juntadeandalucia.es\/principefelipe\/plan-aldea\/","title":{"rendered":"Plan ALDEA"},"content":{"rendered":"<div dir=\"auto\">\n<div dir=\"auto\" style=\"text-align: justify\">Nuestro centro participa en la red de centros escolares andaluces ALDEA, en la modalidad B, a trav\u00e9s l\u00edneas de intervenci\u00f3n \u00abRecapacila\u00bb y ECOHUERTO. Con este programa se pretende promover el desarrollo integrado de iniciativas de educaci\u00f3n para la conservaci\u00f3n de los recursos naturales y el fomento del desarrollo sostenible en el \u00e1mbito de la comunidad educativa andaluza, al objeto de contribuir a una sociedad m\u00e1s proambiental.<a href=\"https:\/\/blogsaverroes.juntadeandalucia.es\/principefelipe\/files\/2021\/04\/Aldea.jpg\"><img loading=\"lazy\" decoding=\"async\" class=\"wp-image-2462 aligncenter\" src=\"https:\/\/blogsaverroes.juntadeandalucia.es\/principefelipe\/files\/2021\/04\/Aldea.jpg\" alt=\"\" width=\"261\" height=\"270\"><\/a><\/div>\n<div dir=\"auto\">Este programa supone un eje vertebrador en nuestro colegio, el cual est\u00e1 presente en las actividades que se programan y en las diferentes programaciones de forma trasversal.<\/div>\n<div dir=\"auto\">\n<div id=\"attachment_2455\" style=\"width: 792px\" class=\"wp-caption aligncenter\"><a href=\"https:\/\/blogsaverroes.juntadeandalucia.es\/principefelipe\/files\/2021\/02\/IMG-20210131-WA0024.jpg\"><img loading=\"lazy\" decoding=\"async\" aria-describedby=\"caption-attachment-2455\" class=\"size-large wp-image-2455\" src=\"https:\/\/blogsaverroes.juntadeandalucia.es\/principefelipe\/files\/2021\/02\/IMG-20210131-WA0024-1024x766.jpg\" alt=\"\" width=\"782\" height=\"585\" srcset=\"https:\/\/blogsaverroes.juntadeandalucia.es\/principefelipe\/files\/2021\/02\/IMG-20210131-WA0024-1024x766.jpg 1024w, https:\/\/blogsaverroes.juntadeandalucia.es\/principefelipe\/files\/2021\/02\/IMG-20210131-WA0024-300x224.jpg 300w, https:\/\/blogsaverroes.juntadeandalucia.es\/principefelipe\/files\/2021\/02\/IMG-20210131-WA0024-768x575.jpg 768w, https:\/\/blogsaverroes.juntadeandalucia.es\/principefelipe\/files\/2021\/02\/IMG-20210131-WA0024-1536x1149.jpg 1536w, https:\/\/blogsaverroes.juntadeandalucia.es\/principefelipe\/files\/2021\/02\/IMG-20210131-WA0024-24x18.jpg 24w, https:\/\/blogsaverroes.juntadeandalucia.es\/principefelipe\/files\/2021\/02\/IMG-20210131-WA0024-36x27.jpg 36w, https:\/\/blogsaverroes.juntadeandalucia.es\/principefelipe\/files\/2021\/02\/IMG-20210131-WA0024-48x36.jpg 48w, https:\/\/blogsaverroes.juntadeandalucia.es\/principefelipe\/files\/2021\/02\/IMG-20210131-WA0024.jpg 1600w\" sizes=\"(max-width: 782px) 100vw, 782px\" \/><\/a><p id=\"caption-attachment-2455\" class=\"wp-caption-text\">Plantaci\u00f3n de habas en nuestro ECOHUERTO.<\/p><\/div>\n<\/div>\n<\/div>\n<div dir=\"auto\">&nbsp;<\/div>\n<div dir=\"auto\">&nbsp;<\/div>\n<div dir=\"auto\">&nbsp;<\/div>\n<div dir=\"auto\">&nbsp;<\/div>\n<div dir=\"auto\">&nbsp;<\/div>\n<div dir=\"auto\">&nbsp;<\/div>\n<div dir=\"auto\">&nbsp;<\/div>\n","protected":false},"excerpt":{"rendered":"<p>Nuestro centro participa en la red de centros escolares andaluces ALDEA, en la modalidad B, a trav\u00e9s l\u00edneas de intervenci\u00f3n \u00abRecapacila\u00bb y ECOHUERTO. Con este programa se pretende promover el desarrollo integrado de iniciativas&#46;&#46;&#46;<\/p>\n","protected":false},"author":10630,"featured_media":0,"parent":0,"menu_order":7,"comment_status":"closed","ping_status":"closed","template":"","meta":{"ngg_post_thumbnail":0,"footnotes":"","_mc_calendar":[]},"aioseo_notices":[],"_links":{"self":[{"href":"https:\/\/blogsaverroes.juntadeandalucia.es\/principefelipe\/wp-json\/wp\/v2\/pages\/2444"}],"collection":[{"href":"https:\/\/blogsaverroes.juntadeandalucia.es\/principefelipe\/wp-json\/wp\/v2\/pages"}],"about":[{"href":"https:\/\/blogsaverroes.juntadeandalucia.es\/principefelipe\/wp-json\/wp\/v2\/types\/page"}],"author":[{"embeddable":true,"href":"https:\/\/blogsaverroes.juntadeandalucia.es\/principefelipe\/wp-json\/wp\/v2\/users\/10630"}],"replies":[{"embeddable":true,"href":"https:\/\/blogsaverroes.juntadeandalucia.es\/principefelipe\/wp-json\/wp\/v2\/comments?post=2444"}],"version-history":[{"count":8,"href":"https:\/\/blogsaverroes.juntadeandalucia.es\/principefelipe\/wp-json\/wp\/v2\/pages\/2444\/revisions"}],"predecessor-version":[{"id":2467,"href":"https:\/\/blogsaverroes.juntadeandalucia.es\/principefelipe\/wp-json\/wp\/v2\/pages\/2444\/revisions\/2467"}],"wp:attachment":[{"href":"https:\/\/blogsaverroes.juntadeandalucia.es\/principefelipe\/wp-json\/wp\/v2\/media?parent=2444"}],"curies":[{"name":"wp","href":"https:\/\/api.w.org\/{rel}","templated":true}]}}