{"id":35,"date":"2015-03-13T08:21:43","date_gmt":"2015-03-13T08:21:43","guid":{"rendered":"http:\/\/blogsaverroes.juntadeandalucia.es\/pre\/ceip\/?page_id=35"},"modified":"2024-10-25T05:20:36","modified_gmt":"2024-10-25T05:20:36","slug":"el-centro-2","status":"publish","type":"page","link":"https:\/\/blogsaverroes.juntadeandalucia.es\/principefelipe\/informacion-del-centro\/el-centro-2\/","title":{"rendered":"Datos del centro"},"content":{"rendered":"<div id=\"attachment_2267\" style=\"width: 567px\" class=\"wp-caption aligncenter\"><a href=\"https:\/\/blogsaverroes.juntadeandalucia.es\/principefelipe\/files\/2020\/10\/Fondo.jpg\"><img loading=\"lazy\" decoding=\"async\" aria-describedby=\"caption-attachment-2267\" class=\" wp-image-2267\" src=\"https:\/\/blogsaverroes.juntadeandalucia.es\/principefelipe\/files\/2020\/10\/Fondo.jpg\" alt=\"\" width=\"557\" height=\"205\" srcset=\"https:\/\/blogsaverroes.juntadeandalucia.es\/principefelipe\/files\/2020\/10\/Fondo.jpg 1022w, https:\/\/blogsaverroes.juntadeandalucia.es\/principefelipe\/files\/2020\/10\/Fondo-300x111.jpg 300w, https:\/\/blogsaverroes.juntadeandalucia.es\/principefelipe\/files\/2020\/10\/Fondo-768x283.jpg 768w, https:\/\/blogsaverroes.juntadeandalucia.es\/principefelipe\/files\/2020\/10\/Fondo-24x9.jpg 24w, https:\/\/blogsaverroes.juntadeandalucia.es\/principefelipe\/files\/2020\/10\/Fondo-36x13.jpg 36w, https:\/\/blogsaverroes.juntadeandalucia.es\/principefelipe\/files\/2020\/10\/Fondo-48x18.jpg 48w, https:\/\/blogsaverroes.juntadeandalucia.es\/principefelipe\/files\/2020\/10\/Fondo-600x220.jpg 600w\" sizes=\"(max-width: 557px) 100vw, 557px\" \/><\/a><p id=\"caption-attachment-2267\" class=\"wp-caption-text\">Entradas de los edificios que componen el centro.<\/p><\/div>\n<p>Nuestro centro se encuentra al sur de la localidad de Hu\u00e9rcal-Overa, concretamente emplazado en el barrio de El Calvario.<\/p>\n<p><strong>Direcci\u00f3n:<\/strong>&nbsp;<\/p>\n<p>Edificio I: <a href=\"https:\/\/goo.gl\/maps\/jA7geQaNrYf9Ti3m7\">Calle Arco 98.<\/a> En estas dependencias se encuentra la Secretar\u00eda y la Direcci\u00f3n del centro.<\/p>\n<p>Edificio II:<a href=\"https:\/\/goo.gl\/maps\/Ywh2FsQyBZ6UJUi16\"> Calle Ancha 184<\/a>.<\/p>\n<p>(Pinchando ambos enlaces obtendr\u00e1s la ubicaci\u00f3n exacta en Google maps).<\/p>\n<p><strong>Tel\u00e9fono \/ FAX:<\/strong><\/p>\n<p>Edificio I: 950451963 \/ FAX: 950451964<\/p>\n<p>Edificio II: 950451725<br \/>\n<strong>Email:<\/strong><\/p>\n<p>04005120.edu@juntadeandalucia.es<\/p>\n<p><strong>Direcci\u00f3n:<\/strong><\/p>\n<p>Don Jer\u00f3nimo Casanova S\u00e1nchez.&nbsp;<\/p>\n<p><strong>Jefatura de estudios:<\/strong><\/p>\n<p>Do\u00f1a Jessica Guevara Mi\u00f1arro.<\/p>\n<p><strong>Secretar\u00eda:<\/strong><\/p>\n<p>Do\u00f1a Yolanda Rabal Mill\u00e1n.<\/p>\n<h4><strong>Horarios:<\/strong><\/h4>\n<p>Horario Lectivo: Lunes a viernes de 9:00 a 14:00h.<\/p>\n<p>Horario Aula Matinal: Lunes a viernes de 7:30 a 9:00h.<\/p>\n<div class=\"entry-content cf\">\n<p>Horario de atenci\u00f3n de Secretaria: Lunes a Viernes de 9:00 a 10:30h.<\/p>\n<p>Horario de atenci\u00f3n Direcci\u00f3n: Lunes a Viernes 9:00 a 10:30h.<\/p>\n<\/div>\n<h4><strong>Oferta educativa<\/strong><\/h4>\n<p>El centro ofrece plazas de para el segundo ciclo de Educaci\u00f3n Infantil y Educaci\u00f3n Primaria.<\/p>\n<h4><strong>Himno del colegio<\/strong><\/h4>\n<p style=\"text-align: justify\">Nuestro colegio cuenta con un himno musical que representa a la perfecci\u00f3n la esencia del centro. La letra del himno fue escrita por el maestro<strong> Jos\u00e9 Jaime L\u00f3pez Rodr\u00edguez<\/strong>. La versi\u00f3n que se expone a continuaci\u00f3n, ha sido compuesta por el maestro de m\u00fasica<strong> Alberto \u00c1vila Casas.<\/strong><\/p>\n<!--[if lt IE 9]><script>document.createElement('audio');<\/script><![endif]-->\n<audio class=\"wp-audio-shortcode\" id=\"audio-35-1\" preload=\"none\" style=\"width: 100%;\" controls=\"controls\"><source type=\"audio\/mpeg\" src=\"https:\/\/blogsaverroes.juntadeandalucia.es\/principefelipe\/files\/2022\/09\/AUD-20220630-WA0011.mp3?_=1\" \/><a href=\"https:\/\/blogsaverroes.juntadeandalucia.es\/principefelipe\/files\/2022\/09\/AUD-20220630-WA0011.mp3\">https:\/\/blogsaverroes.juntadeandalucia.es\/principefelipe\/files\/2022\/09\/AUD-20220630-WA0011.mp3<\/a><\/audio>\n<p>&nbsp;<\/p>\n","protected":false},"excerpt":{"rendered":"<p>Nuestro centro se encuentra al sur de la localidad de Hu\u00e9rcal-Overa, concretamente emplazado en el barrio de El Calvario. Direcci\u00f3n:&nbsp; Edificio I: Calle Arco 98. En estas dependencias se encuentra la Secretar\u00eda y la&#46;&#46;&#46;<\/p>\n","protected":false},"author":1,"featured_media":0,"parent":2398,"menu_order":1,"comment_status":"closed","ping_status":"closed","template":"page-cs.php","meta":{"ngg_post_thumbnail":0,"footnotes":"","_mc_calendar":[]},"aioseo_notices":[],"_links":{"self":[{"href":"https:\/\/blogsaverroes.juntadeandalucia.es\/principefelipe\/wp-json\/wp\/v2\/pages\/35"}],"collection":[{"href":"https:\/\/blogsaverroes.juntadeandalucia.es\/principefelipe\/wp-json\/wp\/v2\/pages"}],"about":[{"href":"https:\/\/blogsaverroes.juntadeandalucia.es\/principefelipe\/wp-json\/wp\/v2\/types\/page"}],"author":[{"embeddable":true,"href":"https:\/\/blogsaverroes.juntadeandalucia.es\/principefelipe\/wp-json\/wp\/v2\/users\/1"}],"replies":[{"embeddable":true,"href":"https:\/\/blogsaverroes.juntadeandalucia.es\/principefelipe\/wp-json\/wp\/v2\/comments?post=35"}],"version-history":[{"count":31,"href":"https:\/\/blogsaverroes.juntadeandalucia.es\/principefelipe\/wp-json\/wp\/v2\/pages\/35\/revisions"}],"predecessor-version":[{"id":3167,"href":"https:\/\/blogsaverroes.juntadeandalucia.es\/principefelipe\/wp-json\/wp\/v2\/pages\/35\/revisions\/3167"}],"up":[{"embeddable":true,"href":"https:\/\/blogsaverroes.juntadeandalucia.es\/principefelipe\/wp-json\/wp\/v2\/pages\/2398"}],"wp:attachment":[{"href":"https:\/\/blogsaverroes.juntadeandalucia.es\/principefelipe\/wp-json\/wp\/v2\/media?parent=35"}],"curies":[{"name":"wp","href":"https:\/\/api.w.org\/{rel}","templated":true}]}}