{"id":122,"date":"2018-08-06T06:25:24","date_gmt":"2018-08-06T06:25:24","guid":{"rendered":"https:\/\/themify.me\/demo\/themes\/ultra-education\/?page_id=6"},"modified":"2025-11-03T14:58:07","modified_gmt":"2025-11-03T13:58:07","slug":"home","status":"publish","type":"page","link":"https:\/\/blogsaverroes.juntadeandalucia.es\/prodigiesramonycajal\/","title":{"rendered":"Home"},"content":{"rendered":"<!--themify_builder_content-->\n<div id=\"themify_builder_content-122\" data-postid=\"122\" class=\"themify_builder_content themify_builder_content-122 themify_builder tf_clear\">\n                    <div  data-lazy=\"1\" class=\"module_row themify_builder_row tb_c70c986 tb_first tf_w\">\n                        <div class=\"row_inner col_align_top tb_col_count_2 tf_box tf_rel\">\n                        <div  data-lazy=\"1\" class=\"module_column tb-column col4-2 tb_oggt986 first\">\n                    <!-- module image -->\n<div  class=\"module module-image tb_vfjy969 image-center rounded drop-shadow bordered  tf_mw\" data-lazy=\"1\">\n        <div class=\"image-wrap tf_rel tf_mw\">\n            <a href=\"https:\/\/blogsaverroes.juntadeandalucia.es\/prodigiesramonycajal\/familias\/\">\n                   <img loading=\"lazy\" decoding=\"async\" src=\"https:\/\/blogsaverroes.juntadeandalucia.es\/prodigiesramonycajal\/files\/2023\/09\/familias-300x300.png\" width=\"300\" height=\"300\" class=\"wp-post-image wp-image-391\" title=\"Familias\" alt=\"Manuales y tutoriales para el alumnado y familias.\" srcset=\"https:\/\/blogsaverroes.juntadeandalucia.es\/prodigiesramonycajal\/files\/2023\/09\/familias-300x300.png 300w, https:\/\/blogsaverroes.juntadeandalucia.es\/prodigiesramonycajal\/files\/2023\/09\/familias-150x150.png 150w\" sizes=\"(max-width: 300px) 100vw, 300px\" \/>        <\/a>\n    \n        <\/div>\n    <!-- \/image-wrap -->\n    \n        <div class=\"image-content\">\n                    <h3 class=\"image-title\">\n                                    <a href=\"https:\/\/blogsaverroes.juntadeandalucia.es\/prodigiesramonycajal\/familias\/\">\n                        Familias                    <\/a>\n                            <\/h3>\n                        <div class=\"image-caption tb_text_wrap\">\n            Manuales y tutoriales para el alumnado y familias.\n        <\/div>\n        <!-- \/image-caption -->\n            <\/div>\n    <!-- \/image-content -->\n        <\/div>\n<!-- \/module image -->        <\/div>\n                    <div  data-lazy=\"1\" class=\"module_column tb-column col4-2 tb_z77t221 last\">\n                    <!-- module text -->\n<div  class=\"module module-text tb_kbkv615   \" data-lazy=\"1\">\n        <div  class=\"tb_text_wrap\">\n        <h2 style=\"text-align: center\">Profesorado- Centro<\/h2>    <\/div>\n<\/div>\n<!-- \/module text -->        <div  data-lazy=\"1\" class=\"module_subrow themify_builder_sub_row tf_w col_align_top tb_col_count_3 tb_c5mn504\">\n                <div  data-lazy=\"1\" class=\"module_column sub_column col3-1 tb_3p55504 first\">\n                    <!-- module image -->\n<div  class=\"module module-image tb_krb4245 image-center rounded drop-shadow bordered  tf_mw\" data-lazy=\"1\">\n        <div class=\"image-wrap tf_rel tf_mw\">\n            <a href=\"https:\/\/blogsaverroes.juntadeandalucia.es\/prodigiesramonycajal\/andared-corporativo\/\">\n                   <img loading=\"lazy\" decoding=\"async\" src=\"https:\/\/blogsaverroes.juntadeandalucia.es\/prodigiesramonycajal\/files\/2023\/09\/andared-300x300.png\" width=\"300\" height=\"300\" class=\"wp-post-image wp-image-392\" title=\"Andared Corporativo\" alt=\"Manuales y tutoriales para la conexi\u00f3n de dispositivos a la red Andared_Corporativo.\" srcset=\"https:\/\/blogsaverroes.juntadeandalucia.es\/prodigiesramonycajal\/files\/2023\/09\/andared-300x300.png 300w, https:\/\/blogsaverroes.juntadeandalucia.es\/prodigiesramonycajal\/files\/2023\/09\/andared-150x150.png 150w\" sizes=\"(max-width: 300px) 100vw, 300px\" \/>        <\/a>\n    \n        <\/div>\n    <!-- \/image-wrap -->\n    \n        <div class=\"image-content\">\n                    <h3 class=\"image-title\">\n                                    <a href=\"https:\/\/blogsaverroes.juntadeandalucia.es\/prodigiesramonycajal\/andared-corporativo\/\">\n                        Andared Corporativo                    <\/a>\n                            <\/h3>\n                        <div class=\"image-caption tb_text_wrap\">\n            Manuales y tutoriales para la conexi\u00f3n de dispositivos a la red Andared_Corporativo.        <\/div>\n        <!-- \/image-caption -->\n            <\/div>\n    <!-- \/image-content -->\n        <\/div>\n<!-- \/module image -->        <\/div>\n                    <div  data-lazy=\"1\" class=\"module_column sub_column col3-1 tb_gbjg504\">\n                    <!-- module image -->\n<div  class=\"module module-image tb_m1dy665 image-center rounded drop-shadow bordered  tf_mw\" data-lazy=\"1\">\n        <div class=\"image-wrap tf_rel tf_mw\">\n            <a href=\"https:\/\/blogsaverroes.juntadeandalucia.es\/prodigiesramonycajal\/control-de-presencia\/\">\n                   <img loading=\"lazy\" decoding=\"async\" width=\"400\" height=\"253\" src=\"https:\/\/blogsaverroes.juntadeandalucia.es\/prodigiesramonycajal\/files\/2023\/09\/presencia.png\" class=\"wp-post-image wp-image-400\" title=\"Control de presencia s\u00e9neca\" alt=\"Manuales y tutoriales control de presencia de s\u00e9neca.\" srcset=\"https:\/\/blogsaverroes.juntadeandalucia.es\/prodigiesramonycajal\/files\/2023\/09\/presencia.png 400w, https:\/\/blogsaverroes.juntadeandalucia.es\/prodigiesramonycajal\/files\/2023\/09\/presencia-300x190.png 300w\" sizes=\"(max-width: 400px) 100vw, 400px\" \/>        <\/a>\n    \n        <\/div>\n    <!-- \/image-wrap -->\n    \n        <div class=\"image-content\">\n                    <h3 class=\"image-title\">\n                                    <a href=\"https:\/\/blogsaverroes.juntadeandalucia.es\/prodigiesramonycajal\/control-de-presencia\/\">\n                        Control de presencia s\u00e9neca                    <\/a>\n                            <\/h3>\n                        <div class=\"image-caption tb_text_wrap\">\n            Manuales y tutoriales control de presencia de s\u00e9neca.        <\/div>\n        <!-- \/image-caption -->\n            <\/div>\n    <!-- \/image-content -->\n        <\/div>\n<!-- \/module image -->        <\/div>\n                    <div  data-lazy=\"1\" class=\"module_column sub_column col3-1 tb_6t2g504 last\">\n                    <!-- module image -->\n<div  class=\"module module-image tb_700p103 image-center rounded drop-shadow bordered  tf_mw\" data-lazy=\"1\">\n        <div class=\"image-wrap tf_rel tf_mw\">\n            <a href=\"https:\/\/blogsaverroes.juntadeandalucia.es\/prodigiesramonycajal\/carritos-de-portatiles\/\">\n                   <img loading=\"lazy\" decoding=\"async\" width=\"531\" height=\"357\" src=\"https:\/\/blogsaverroes.juntadeandalucia.es\/prodigiesramonycajal\/files\/2023\/09\/carritos.png\" class=\"wp-post-image wp-image-416\" title=\"Carritos de Port\u00e1tiles\" alt=\"Instruciones para la reserva y uso de los carritos de port\u00e1tiles del centro.\" srcset=\"https:\/\/blogsaverroes.juntadeandalucia.es\/prodigiesramonycajal\/files\/2023\/09\/carritos.png 531w, https:\/\/blogsaverroes.juntadeandalucia.es\/prodigiesramonycajal\/files\/2023\/09\/carritos-300x202.png 300w\" sizes=\"(max-width: 531px) 100vw, 531px\" \/>        <\/a>\n    \n        <\/div>\n    <!-- \/image-wrap -->\n    \n        <div class=\"image-content\">\n                    <h3 class=\"image-title\">\n                                    <a href=\"https:\/\/blogsaverroes.juntadeandalucia.es\/prodigiesramonycajal\/carritos-de-portatiles\/\">\n                        Carritos de Port\u00e1tiles                    <\/a>\n                            <\/h3>\n                        <div class=\"image-caption tb_text_wrap\">\n            Instruciones para la reserva y uso de los carritos de port\u00e1tiles del centro.        <\/div>\n        <!-- \/image-caption -->\n            <\/div>\n    <!-- \/image-content -->\n        <\/div>\n<!-- \/module image -->        <\/div>\n                    <\/div>\n                <\/div>\n                        <\/div>\n        <\/div>\n                        <div  data-lazy=\"1\" class=\"module_row themify_builder_row tb_8o98241 tf_w\">\n                        <div class=\"row_inner col_align_top tb_col_count_1 tf_box tf_rel\">\n                        <div  data-lazy=\"1\" class=\"module_column tb-column col-full tb_k6am244 first\">\n                            <div  data-lazy=\"1\" class=\"module_subrow themify_builder_sub_row tf_w col_align_top tb_col_count_3 tb_awfo545\">\n                <div  data-lazy=\"1\" class=\"module_column sub_column col3-1 tb_t3rk545 first\">\n                    <!-- module image -->\n<div  class=\"module module-image tb_ixv2959 image-center rounded drop-shadow bordered  tf_mw\" data-lazy=\"1\">\n        <div class=\"image-wrap tf_rel tf_mw\">\n            <a href=\"https:\/\/blogsaverroes.juntadeandalucia.es\/prodigiesramonycajal\/manuales-2\/\">\n                   <img loading=\"lazy\" decoding=\"async\" width=\"673\" height=\"567\" src=\"https:\/\/blogsaverroes.juntadeandalucia.es\/prodigiesramonycajal\/files\/2023\/09\/Plataformas.png\" class=\"wp-post-image wp-image-414\" title=\"Manuales Plataformas Educativas\" alt=\"Manuales y tutoriales de uso de las plataformas educativas utilizadas en el centro.\" srcset=\"https:\/\/blogsaverroes.juntadeandalucia.es\/prodigiesramonycajal\/files\/2023\/09\/Plataformas.png 673w, https:\/\/blogsaverroes.juntadeandalucia.es\/prodigiesramonycajal\/files\/2023\/09\/Plataformas-300x253.png 300w\" sizes=\"(max-width: 673px) 100vw, 673px\" \/>        <\/a>\n    \n        <\/div>\n    <!-- \/image-wrap -->\n    \n        <div class=\"image-content\">\n                    <h3 class=\"image-title\">\n                                    <a href=\"https:\/\/blogsaverroes.juntadeandalucia.es\/prodigiesramonycajal\/manuales-2\/\">\n                        Manuales Plataformas Educativas                    <\/a>\n                            <\/h3>\n                        <div class=\"image-caption tb_text_wrap\">\n            Manuales y tutoriales de uso de las plataformas educativas utilizadas en el centro.        <\/div>\n        <!-- \/image-caption -->\n            <\/div>\n    <!-- \/image-content -->\n        <\/div>\n<!-- \/module image -->        <\/div>\n                    <div  data-lazy=\"1\" class=\"module_column sub_column col3-1 tb_6033545\">\n                    <!-- module image -->\n<div  class=\"module module-image tb_q7kd932 image-top   tf_mw\" data-lazy=\"1\">\n        <div class=\"image-wrap tf_rel tf_mw\">\n                \n        <\/div>\n    <!-- \/image-wrap -->\n    \n        <\/div>\n<!-- \/module image -->        <\/div>\n                    <div  data-lazy=\"1\" class=\"module_column sub_column col3-1 tb_sacc546 last\">\n                            <\/div>\n                    <\/div>\n                <\/div>\n                        <\/div>\n        <\/div>\n        <\/div>\n<!--\/themify_builder_content-->","protected":false},"excerpt":{"rendered":"<p>Familias Manuales y tutoriales para el alumnado y familias. Profesorado- Centro Andared Corporativo Manuales y tutoriales para la conexi\u00f3n de dispositivos a la red Andared_Corporativo. Control de presencia s\u00e9neca Manuales y tutoriales control de presencia de s\u00e9neca. Carritos de Port\u00e1tiles Instruciones para la reserva y uso de los carritos de port\u00e1tiles del centro. Manuales Plataformas [&hellip;]<\/p>\n","protected":false},"author":2391,"featured_media":0,"parent":0,"menu_order":0,"comment_status":"closed","ping_status":"closed","template":"","meta":{"ngg_post_thumbnail":0,"footnotes":""},"aioseo_notices":[],"_links":{"self":[{"href":"https:\/\/blogsaverroes.juntadeandalucia.es\/prodigiesramonycajal\/wp-json\/wp\/v2\/pages\/122"}],"collection":[{"href":"https:\/\/blogsaverroes.juntadeandalucia.es\/prodigiesramonycajal\/wp-json\/wp\/v2\/pages"}],"about":[{"href":"https:\/\/blogsaverroes.juntadeandalucia.es\/prodigiesramonycajal\/wp-json\/wp\/v2\/types\/page"}],"author":[{"embeddable":true,"href":"https:\/\/blogsaverroes.juntadeandalucia.es\/prodigiesramonycajal\/wp-json\/wp\/v2\/users\/2391"}],"replies":[{"embeddable":true,"href":"https:\/\/blogsaverroes.juntadeandalucia.es\/prodigiesramonycajal\/wp-json\/wp\/v2\/comments?post=122"}],"version-history":[{"count":39,"href":"https:\/\/blogsaverroes.juntadeandalucia.es\/prodigiesramonycajal\/wp-json\/wp\/v2\/pages\/122\/revisions"}],"predecessor-version":[{"id":587,"href":"https:\/\/blogsaverroes.juntadeandalucia.es\/prodigiesramonycajal\/wp-json\/wp\/v2\/pages\/122\/revisions\/587"}],"wp:attachment":[{"href":"https:\/\/blogsaverroes.juntadeandalucia.es\/prodigiesramonycajal\/wp-json\/wp\/v2\/media?parent=122"}],"curies":[{"name":"wp","href":"https:\/\/api.w.org\/{rel}","templated":true}]}}