{"id":401,"date":"2023-09-05T19:32:35","date_gmt":"2023-09-05T17:32:35","guid":{"rendered":"https:\/\/blogsaverroes.juntadeandalucia.es\/prodigiesramonycajal\/?page_id=401"},"modified":"2025-09-12T13:46:19","modified_gmt":"2025-09-12T11:46:19","slug":"control-de-presencia","status":"publish","type":"page","link":"https:\/\/blogsaverroes.juntadeandalucia.es\/prodigiesramonycajal\/control-de-presencia\/","title":{"rendered":"Control de presencia"},"content":{"rendered":"<!--themify_builder_content-->\n<div id=\"themify_builder_content-401\" data-postid=\"401\" class=\"themify_builder_content themify_builder_content-401 themify_builder tf_clear\">\n                    <div  data-lazy=\"1\" class=\"module_row themify_builder_row tb_g3a0914 tb_first tf_w\">\n                        <div class=\"row_inner col_align_top tb_col_count_1 tf_box tf_rel\">\n                        <div  data-lazy=\"1\" class=\"module_column tb-column col-full tb_hbeq918 first\">\n                            <div  data-lazy=\"1\" class=\"module_subrow themify_builder_sub_row tf_w col_align_top tb_col_count_2 tb_j70l572\">\n                <div  data-lazy=\"1\" class=\"module_column sub_column tb_1r9g573 first\">\n                    <!-- module image -->\n<div  class=\"module module-image tb_ya7w353 image-top   tf_mw\" data-lazy=\"1\">\n        <div class=\"image-wrap tf_rel tf_mw\">\n            <a href=\"https:\/\/blogsaverroes.juntadeandalucia.es\/prodigiesramonycajal\/files\/2023\/09\/Control-de-presencia4.png\">\n                   <img loading=\"lazy\" decoding=\"async\" width=\"2000\" height=\"1414\" src=\"https:\/\/blogsaverroes.juntadeandalucia.es\/prodigiesramonycajal\/files\/2023\/09\/Control-de-presencia4.png\" class=\"wp-post-image wp-image-407\" title=\"Control de presencia(4)\" alt=\"Control de presencia(4)\" srcset=\"https:\/\/blogsaverroes.juntadeandalucia.es\/prodigiesramonycajal\/files\/2023\/09\/Control-de-presencia4.png 2000w, https:\/\/blogsaverroes.juntadeandalucia.es\/prodigiesramonycajal\/files\/2023\/09\/Control-de-presencia4-300x212.png 300w, https:\/\/blogsaverroes.juntadeandalucia.es\/prodigiesramonycajal\/files\/2023\/09\/Control-de-presencia4-1024x724.png 1024w, https:\/\/blogsaverroes.juntadeandalucia.es\/prodigiesramonycajal\/files\/2023\/09\/Control-de-presencia4-768x543.png 768w, https:\/\/blogsaverroes.juntadeandalucia.es\/prodigiesramonycajal\/files\/2023\/09\/Control-de-presencia4-1536x1086.png 1536w\" sizes=\"(max-width: 2000px) 100vw, 2000px\" \/>        <\/a>\n    \n        <\/div>\n    <!-- \/image-wrap -->\n    \n        <\/div>\n<!-- \/module image -->        <\/div>\n                    <div  data-lazy=\"1\" class=\"module_column sub_column tb_0lzn573 last\">\n                    <!-- module box -->\n<div  class=\"module module-box tb_iwig344 \" data-lazy=\"1\">\n    <div class=\"module-box-content ui rounded gradient embossed shadow tb_default_color\">\n                <div class=\"tb_text_wrap\"><p>En el siguiente documento puedes encontrar un resumen sobre el uso del control presencial en s\u00e9neca que incluye los tres sistemas que se utilizan en el centro. Adem\u00e1s de qu\u00e9 hacer si olvidas realizar el registro.<\/p>\n<p>Descarga el documento aqu\u00ed<\/p>\n<p><a href=\"https:\/\/blogsaverroes.juntadeandalucia.es\/prodigiesramonycajal\/files\/2025\/09\/CONTROL_PRESENCIAL_RESUMEN.pdf\" target=\"_blank\" rel=\"noopener\"><img loading=\"lazy\" decoding=\"async\" class=\"wp-image-409 aligncenter\" src=\"https:\/\/blogsaverroes.juntadeandalucia.es\/prodigiesramonycajal\/files\/2023\/09\/pdf-155498_1280-300x300.png\" alt=\"\" width=\"100\" height=\"100\" srcset=\"https:\/\/blogsaverroes.juntadeandalucia.es\/prodigiesramonycajal\/files\/2023\/09\/pdf-155498_1280-300x300.png 300w, https:\/\/blogsaverroes.juntadeandalucia.es\/prodigiesramonycajal\/files\/2023\/09\/pdf-155498_1280-1024x1024.png 1024w, https:\/\/blogsaverroes.juntadeandalucia.es\/prodigiesramonycajal\/files\/2023\/09\/pdf-155498_1280-150x150.png 150w, https:\/\/blogsaverroes.juntadeandalucia.es\/prodigiesramonycajal\/files\/2023\/09\/pdf-155498_1280-768x768.png 768w, https:\/\/blogsaverroes.juntadeandalucia.es\/prodigiesramonycajal\/files\/2023\/09\/pdf-155498_1280.png 1280w\" sizes=\"(max-width: 100px) 100vw, 100px\" \/><\/a><\/p>\n<\/div>\n    <\/div>\n<\/div>\n<!-- \/module box -->\n        <\/div>\n                    <\/div>\n                <\/div>\n                        <\/div>\n        <\/div>\n                        <div  data-css_id=\"wvwh381\" data-lazy=\"1\" class=\"module_row themify_builder_row fullwidth_row_container tb_wvwh381 tf_w\">\n                        <div class=\"row_inner col_align_top tb_col_count_1 tf_box tf_rel\">\n                        <div  data-lazy=\"1\" class=\"module_column tb-column col-full tb_hvjs383 first\">\n                            <div  data-lazy=\"1\" class=\"module_subrow themify_builder_sub_row tf_w col_align_middle gutter-none tb_col_count_2 tb_5m95383\">\n                <div  data-lazy=\"1\" class=\"module_column sub_column tb_1ory384 first\">\n                    <!-- module video -->\n<div  class=\"module module-video tb_90jv384 video-top  \" data-lazy=\"1\">\n                    <div class=\"video-wrap-outer\">\n            <div class=\"video-wrap tf_rel tf_overflow\">\n                                    <noscript><iframe data-no-script src=\"https:\/\/www.youtube.com\/embed\/tIIoVifpiow?pip=1&playsinline=1&si=f4ZWTtdcpGHHqmHD\" allow=\"accelerometer;encrypted-media;gyroscope;picture-in-picture;fullscreen\" class=\"tf_abs tf_w tf_h\"><\/iframe><\/noscript>\n                                <\/div>\n            <!-- \/video-wrap -->\n        <\/div>\n        <!-- \/video-wrap-outer -->\n            <\/div>\n        <\/div>\n                    <div  data-lazy=\"1\" class=\"module_column sub_column tb_736k385 last\">\n                    <!-- module text -->\n<div  class=\"module module-text tb_v8hq386   \" data-lazy=\"1\">\n        <div  class=\"tb_text_wrap\">\n        <h3>C\u00f3mo realizar el control de presencia en s\u00e9neca<\/h3>\n<p>En el tutorial se explican as distintas formas de realizar el control de presencia en s\u00e9neca.<\/p>    <\/div>\n<\/div>\n<!-- \/module text -->        <\/div>\n                    <\/div>\n                <\/div>\n                        <\/div>\n        <\/div>\n        <\/div>\n<!--\/themify_builder_content-->","protected":false},"excerpt":{"rendered":"<p>En el siguiente documento puedes encontrar un resumen sobre el uso del control presencial en s\u00e9neca que incluye los tres sistemas que se utilizan en el centro. Adem\u00e1s de qu\u00e9 hacer si olvidas realizar el registro. Descarga el documento aqu\u00ed C\u00f3mo realizar el control de presencia en s\u00e9neca En el tutorial se explican as distintas [&hellip;]<\/p>\n","protected":false},"author":2391,"featured_media":0,"parent":0,"menu_order":0,"comment_status":"closed","ping_status":"closed","template":"","meta":{"ngg_post_thumbnail":0,"footnotes":""},"aioseo_notices":[],"_links":{"self":[{"href":"https:\/\/blogsaverroes.juntadeandalucia.es\/prodigiesramonycajal\/wp-json\/wp\/v2\/pages\/401"}],"collection":[{"href":"https:\/\/blogsaverroes.juntadeandalucia.es\/prodigiesramonycajal\/wp-json\/wp\/v2\/pages"}],"about":[{"href":"https:\/\/blogsaverroes.juntadeandalucia.es\/prodigiesramonycajal\/wp-json\/wp\/v2\/types\/page"}],"author":[{"embeddable":true,"href":"https:\/\/blogsaverroes.juntadeandalucia.es\/prodigiesramonycajal\/wp-json\/wp\/v2\/users\/2391"}],"replies":[{"embeddable":true,"href":"https:\/\/blogsaverroes.juntadeandalucia.es\/prodigiesramonycajal\/wp-json\/wp\/v2\/comments?post=401"}],"version-history":[{"count":9,"href":"https:\/\/blogsaverroes.juntadeandalucia.es\/prodigiesramonycajal\/wp-json\/wp\/v2\/pages\/401\/revisions"}],"predecessor-version":[{"id":472,"href":"https:\/\/blogsaverroes.juntadeandalucia.es\/prodigiesramonycajal\/wp-json\/wp\/v2\/pages\/401\/revisions\/472"}],"wp:attachment":[{"href":"https:\/\/blogsaverroes.juntadeandalucia.es\/prodigiesramonycajal\/wp-json\/wp\/v2\/media?parent=401"}],"curies":[{"name":"wp","href":"https:\/\/api.w.org\/{rel}","templated":true}]}}