{"id":575,"date":"2025-11-02T12:03:15","date_gmt":"2025-11-02T11:03:15","guid":{"rendered":"https:\/\/blogsaverroes.juntadeandalucia.es\/prodigiesramonycajal\/?page_id=575"},"modified":"2025-11-02T12:03:15","modified_gmt":"2025-11-02T11:03:15","slug":"recursos-libres-2","status":"publish","type":"page","link":"https:\/\/blogsaverroes.juntadeandalucia.es\/prodigiesramonycajal\/manuales-2\/recursos-libres-2\/","title":{"rendered":"Recursos Libres"},"content":{"rendered":"\r\n<div class=\"wp-block-group alignwide has-background is-layout-flow wp-block-group-is-layout-flow\" style=\"background-color: #f7f8fa;padding-top: 50px;padding-bottom: 50px\">\r\n\r\n\r\n\r\n\r\n<h1 class=\"has-text-align-center wp-block-heading\" style=\"font-size:clamp(24.034px, 1.502rem + ((1vw - 3.2px) * 1.247), 40px);\">\ud83c\udfa8 Recursos Libres&nbsp;&nbsp;<\/h1>\r\n\r\n\r\n\r\n<p class=\"has-text-align-center\" style=\"font-size:clamp(14px, 0.875rem + ((1vw - 3.2px) * 0.313), 18px);margin-bottom: 40px\">Una selecci\u00f3n de sitios con im\u00e1genes, v\u00eddeos, sonidos y herramientas de uso libre. Perfecto para uso en creaci\u00f3n de materiales REA.<\/p>\r\n\r\n\r\n\r\n<div class=\"wp-block-columns alignwide is-layout-flex wp-container-core-columns-layout-1 wp-block-columns-is-layout-flex\" style=\"gap: 30px\">\r\n\r\n\r\n<div class=\"wp-block-column has-background is-layout-flow wp-block-column-is-layout-flow\" style=\"background-color: #ffffff;border-radius: 16px;padding: 20px\">\r\n<h2 class=\"wp-block-heading\">\ud83d\uddbc\ufe0f Im\u00e1genes y fotograf\u00edas<\/h2>\r\n\r\n\r\n<ul>\r\n \t<li><a href=\"https:\/\/www.freepik.com\/\" target=\"_blank\" rel=\"noopener\">Freepik<\/a> \u2013 Im\u00e1genes, vectores y PSD gratuitos.<\/li>\r\n \t<li><a href=\"https:\/\/www.pngwing.com\/\" target=\"_blank\" rel=\"noopener\">PNG gratis<\/a> \u2013 Millones de im\u00e1genes transparentes.<\/li>\r\n \t<li><a href=\"https:\/\/pixabay.com\/es\/\" target=\"_blank\" rel=\"noopener\">Pixabay<\/a> \u2013 Fotograf\u00edas y v\u00eddeos libres de derechos.<\/li>\r\n \t<li><a href=\"https:\/\/www.pexels.com\/es-es\/\" target=\"_blank\" rel=\"noopener\">Pexels<\/a> \u2013 Fotos y clips de stock gratuitos.<\/li>\r\n \t<li><a href=\"https:\/\/unsplash.com\/license\" target=\"_blank\" rel=\"noopener\">Unsplash<\/a> \u2013 Im\u00e1genes de alta calidad con licencia abierta.<\/li>\r\n \t<li><a href=\"https:\/\/openverse.org\/\" target=\"_blank\" rel=\"noopener\">Openverse<\/a> \u2013 Repositorio libre de im\u00e1genes y audio.<\/li>\r\n \t<li><a href=\"https:\/\/commons.wikimedia.org\/wiki\/Category:Images\" target=\"_blank\" rel=\"noopener\">Wikimedia Commons<\/a> \u2013 Gran archivo de im\u00e1genes global.<\/li>\r\n \t<li><a href=\"https:\/\/www.flickr.com\/creativecommons\/\" target=\"_blank\" rel=\"noopener\">Flickr: Creative Commons<\/a> \u2013 Fotograf\u00edas con licencias libres.<\/li>\r\n<\/ul>\r\n\r\n\r\n<\/div>\r\n\r\n\r\n\r\n<div class=\"wp-block-column has-background is-layout-flow wp-block-column-is-layout-flow\" style=\"background-color: #ffffff;border-radius: 16px;padding: 20px\">\r\n<h2 class=\"wp-block-heading\">\ud83d\udd36 Iconos y vectores<\/h2>\r\n\r\n\r\n<ul>\r\n \t<li><a href=\"https:\/\/www.flaticon.com\/\" target=\"_blank\" rel=\"noopener\">Flaticon<\/a> \u2013 Iconos y stickers en varios formatos.<\/li>\r\n \t<li><a href=\"https:\/\/icomoon.io\/\" target=\"_blank\" rel=\"noopener\">Icomoon<\/a> \u2013 Generador de fuentes de iconos.<\/li>\r\n \t<li><a href=\"https:\/\/kameleon.pics\/\" target=\"_blank\" rel=\"noopener\">Kameleon<\/a> \u2013 Iconos vectoriales coloridos.<\/li>\r\n<\/ul>\r\n\r\n\r\n\r\n<h2 class=\"wp-block-heading\">\ud83c\udfb5 Sonidos y m\u00fasica<\/h2>\r\n\r\n\r\n<ul>\r\n \t<li><a href=\"https:\/\/mixkit.co\/free-stock-music\/\" target=\"_blank\" rel=\"noopener\">Mixkit<\/a> \u2013 M\u00fasica y efectos gratuitos.<\/li>\r\n \t<li><a href=\"https:\/\/recursos.cnice.mec.es\/bancoimagenes2\/banco.php\" target=\"_blank\" rel=\"noopener\">Banco de Im\u00e1genes y Sonidos<\/a> \u2013 Recursos educativos del Ministerio.<\/li>\r\n \t<li><a href=\"https:\/\/commons.wikimedia.org\/wiki\/Category:Sound\" target=\"_blank\" rel=\"noopener\">Wikimedia Commons (Sonidos)<\/a> \u2013 Audios libres.<\/li>\r\n \t<li><a href=\"https:\/\/archive.org\/details\/audio\" target=\"_blank\" rel=\"noopener\">Internet Archive (Audio)<\/a> \u2013 Grabaciones y m\u00fasica libre.<\/li>\r\n<\/ul>\r\n\r\n\r\n<\/div>\r\n\r\n\r\n<\/div>\r\n\r\n\r\n\r\n<div class=\"wp-block-columns alignwide is-layout-flex wp-container-core-columns-layout-2 wp-block-columns-is-layout-flex\" style=\"margin-top: 30px;gap: 30px\">\r\n<div class=\"wp-block-column has-background is-layout-flow wp-block-column-is-layout-flow\" style=\"background-color: #ffffff;border-radius: 16px;padding: 20px\">\r\n<h2 class=\"wp-block-heading\">\ud83c\udfac V\u00eddeos<\/h2>\r\n\r\n\r\n<ul>\r\n \t<li><a href=\"https:\/\/mixkit.co\/free-stock-video\/\" target=\"_blank\" rel=\"noopener\">Mixkit V\u00eddeo<\/a> \u2013 Clips en HD y 4K gratuitos.<\/li>\r\n \t<li><a href=\"https:\/\/www.videezy.com\/\" target=\"_blank\" rel=\"noopener\">Videezy<\/a> \u2013 V\u00eddeos de alta definici\u00f3n gratis.<\/li>\r\n \t<li><a href=\"https:\/\/www.pexels.com\/es-es\/videos\/\" target=\"_blank\" rel=\"noopener\">Pexels V\u00eddeos<\/a> \u2013 Clips libres para tus proyectos.<\/li>\r\n \t<li><a href=\"https:\/\/archive.org\/details\/movies\" target=\"_blank\" rel=\"noopener\">Internet Archive (V\u00eddeos)<\/a> \u2013 Pel\u00edculas y material audiovisual libre.<\/li>\r\n \t<li><a href=\"https:\/\/vimeo.com\/create\" target=\"_blank\" rel=\"noopener\">Vimeo Create<\/a> \u2013 Creador de v\u00eddeos online.<\/li>\r\n<\/ul>\r\n\r\n\r\n<\/div>\r\n\r\n\r\n\r\n<div class=\"wp-block-column has-background is-layout-flow wp-block-column-is-layout-flow\" style=\"background-color: #ffffff;border-radius: 16px;padding: 20px\">\r\n<h2 class=\"wp-block-heading\">\ud83e\uddf0 Herramientas \u00fatiles<\/h2>\r\n\r\n\r\n<ul>\r\n \t<li><a href=\"https:\/\/www.remove.bg\/\" target=\"_blank\" rel=\"noopener\">Remove.bg<\/a> \u2013 Elimina fondos de im\u00e1genes autom\u00e1ticamente.<\/li>\r\n \t<li><a href=\"https:\/\/www.iloveimg.com\/es\" target=\"_blank\" rel=\"noopener\">iLoveIMG<\/a> \u2013 Edici\u00f3n y compresi\u00f3n de im\u00e1genes online.<\/li>\r\n \t<li><a href=\"https:\/\/video.online-convert.com\/es\/convertir\/pptx-a-mp4\" target=\"_blank\" rel=\"noopener\">Online Convert<\/a> \u2013 Conversor de formatos multimedia.<\/li>\r\n \t<li><a href=\"https:\/\/webresizer.com\/\" target=\"_blank\" rel=\"noopener\">Web Resizer<\/a> \u2013 Optimiza fotos para web.<\/li>\r\n \t<li><a href=\"https:\/\/www.irfanview.com\/\" target=\"_blank\" rel=\"noopener\">IrfanView<\/a> \u2013 Visor y editor de im\u00e1genes gratuito.<\/li>\r\n \t<li><a href=\"http:\/\/creationstations.vansd.org\/AppMatcher\/index.html\" target=\"_blank\" rel=\"noopener\">AppMatcher<\/a> \u2013 Buscador de apps educativas.<\/li>\r\n<\/ul>\r\n\r\n\r\n<\/div>\r\n\r\n\r\n<\/div>\r\n\r\n\r\n<\/div>","protected":false},"excerpt":{"rendered":"<p>\ud83c\udfa8 Recursos Libres&nbsp;&nbsp; Una selecci\u00f3n de sitios con im\u00e1genes, v\u00eddeos, sonidos y herramientas de uso libre. Perfecto para uso en creaci\u00f3n de materiales REA. \ud83d\uddbc\ufe0f Im\u00e1genes y fotograf\u00edas Freepik \u2013 Im\u00e1genes, vectores y PSD gratuitos. PNG gratis \u2013 Millones de im\u00e1genes transparentes. Pixabay \u2013 Fotograf\u00edas y v\u00eddeos libres de derechos. Pexels \u2013 Fotos y clips [&hellip;]<\/p>\n","protected":false},"author":2391,"featured_media":0,"parent":35,"menu_order":0,"comment_status":"closed","ping_status":"closed","template":"","meta":{"ngg_post_thumbnail":0,"footnotes":""},"aioseo_notices":[],"_links":{"self":[{"href":"https:\/\/blogsaverroes.juntadeandalucia.es\/prodigiesramonycajal\/wp-json\/wp\/v2\/pages\/575"}],"collection":[{"href":"https:\/\/blogsaverroes.juntadeandalucia.es\/prodigiesramonycajal\/wp-json\/wp\/v2\/pages"}],"about":[{"href":"https:\/\/blogsaverroes.juntadeandalucia.es\/prodigiesramonycajal\/wp-json\/wp\/v2\/types\/page"}],"author":[{"embeddable":true,"href":"https:\/\/blogsaverroes.juntadeandalucia.es\/prodigiesramonycajal\/wp-json\/wp\/v2\/users\/2391"}],"replies":[{"embeddable":true,"href":"https:\/\/blogsaverroes.juntadeandalucia.es\/prodigiesramonycajal\/wp-json\/wp\/v2\/comments?post=575"}],"version-history":[{"count":2,"href":"https:\/\/blogsaverroes.juntadeandalucia.es\/prodigiesramonycajal\/wp-json\/wp\/v2\/pages\/575\/revisions"}],"predecessor-version":[{"id":577,"href":"https:\/\/blogsaverroes.juntadeandalucia.es\/prodigiesramonycajal\/wp-json\/wp\/v2\/pages\/575\/revisions\/577"}],"up":[{"embeddable":true,"href":"https:\/\/blogsaverroes.juntadeandalucia.es\/prodigiesramonycajal\/wp-json\/wp\/v2\/pages\/35"}],"wp:attachment":[{"href":"https:\/\/blogsaverroes.juntadeandalucia.es\/prodigiesramonycajal\/wp-json\/wp\/v2\/media?parent=575"}],"curies":[{"name":"wp","href":"https:\/\/api.w.org\/{rel}","templated":true}]}}