{"id":53,"date":"2018-12-11T22:40:29","date_gmt":"2018-12-11T22:40:29","guid":{"rendered":"https:\/\/blogsaverroes.juntadeandalucia.es\/prodignuevanerja\/?page_id=53"},"modified":"2019-01-24T12:40:52","modified_gmt":"2019-01-24T12:40:52","slug":"marco-europeo-de-competencia-digital","status":"publish","type":"page","link":"https:\/\/blogsaverroes.juntadeandalucia.es\/prodignuevanerja\/prodig\/marco-europeo-de-competencia-digital\/","title":{"rendered":"Marco Europeo de Competencia Digital"},"content":{"rendered":"<p>Actualmente, las tecnolog\u00edas digitales se est\u00e1n&nbsp;incorporando de forma exitosa y motivadora en todos los niveles de la educaci\u00f3n, constituy\u00e9ndose en un elemento facilitador clave para las organizaciones educativas. El objetivo a alcanzar es la<strong>&nbsp;mejora en la educaci\u00f3n<\/strong>&nbsp;y el ajuste del&nbsp;<strong>proceso educativo a la realidad actual<\/strong>,&nbsp;para lo que se requiere cambios en las dimensiones pedag\u00f3gica, techol\u00f3gica y organizativa de los centros que permitan la integraci\u00f3n de las tecnolog\u00edas digitales.<\/p>\n<p>El proyecto&nbsp;<strong>DIGCOMPORG<\/strong>,&nbsp;<strong>Marco Europeo para Organizaciones Educativas Digitalmente Competentes<\/strong>, fue desarrollado para dar soporte a los objetivos de la Comisi\u00f3n Europea de mejora del aprendizaje abierto e innovador en Europa as\u00ed como&nbsp;para abordar el desarrollo de destrezas digitales en todos los sectores de la comunidad educativa.<\/p>\n<p>El Marco DigCompOrg consta de 7 elementos clave; 15 subelementos y 74 descriptores.<\/p>\n\n\t\t<style>\n\t\t\t#gallery-1 {\n\t\t\t\tmargin: auto;\n\t\t\t}\n\t\t\t#gallery-1 .gallery-item {\n\t\t\t\tfloat: left;\n\t\t\t\tmargin-top: 10px;\n\t\t\t\ttext-align: center;\n\t\t\t\twidth: 100%;\n\t\t\t}\n\t\t\t#gallery-1 img {\n\t\t\t\tborder: 2px solid #cfcfcf;\n\t\t\t}\n\t\t\t#gallery-1 .gallery-caption {\n\t\t\t\tmargin-left: 0;\n\t\t\t}\n\t\t\t\/* see gallery_shortcode() in wp-includes\/media.php *\/\n\t\t<\/style>\n\t\t<div id='gallery-1' class='gallery galleryid-53 gallery-columns-1 gallery-size-large'><dl class='gallery-item'>\n\t\t\t<dt class='gallery-icon landscape'>\n\t\t\t\t<a href='https:\/\/blogsaverroes.juntadeandalucia.es\/prodignuevanerja\/prodig\/marco-europeo-de-competencia-digital\/dig-comp-esquema\/'><img loading=\"lazy\" decoding=\"async\" width=\"1024\" height=\"724\" src=\"https:\/\/blogsaverroes.juntadeandalucia.es\/prodignuevanerja\/files\/2018\/12\/dig-comp-esquema-1024x724.jpg\" class=\"attachment-large size-large\" alt=\"\" srcset=\"https:\/\/blogsaverroes.juntadeandalucia.es\/prodignuevanerja\/files\/2018\/12\/dig-comp-esquema-1024x724.jpg 1024w, https:\/\/blogsaverroes.juntadeandalucia.es\/prodignuevanerja\/files\/2018\/12\/dig-comp-esquema-300x212.jpg 300w, https:\/\/blogsaverroes.juntadeandalucia.es\/prodignuevanerja\/files\/2018\/12\/dig-comp-esquema-768x543.jpg 768w, https:\/\/blogsaverroes.juntadeandalucia.es\/prodignuevanerja\/files\/2018\/12\/dig-comp-esquema-24x17.jpg 24w, https:\/\/blogsaverroes.juntadeandalucia.es\/prodignuevanerja\/files\/2018\/12\/dig-comp-esquema-36x25.jpg 36w, https:\/\/blogsaverroes.juntadeandalucia.es\/prodignuevanerja\/files\/2018\/12\/dig-comp-esquema-48x34.jpg 48w, https:\/\/blogsaverroes.juntadeandalucia.es\/prodignuevanerja\/files\/2018\/12\/dig-comp-esquema.jpg 1123w\" sizes=\"(max-width: 1024px) 100vw, 1024px\" \/><\/a>\n\t\t\t<\/dt><\/dl><br style=\"clear: both\" \/>\n\t\t<\/div>\n\n<p>La Comunidad Aut\u00f3noma de Andaluc\u00eda apuesta decididamente por su aproximaci\u00f3n al entorno europeo, por ello la Consejer\u00eda de Educaci\u00f3n asume las directrices del DigCompOrg y las materializa en el programa PRODIG. Este programa concreta las actuaciones y objetivos por conseguir en tres \u00e1mbitos: los procesos de ense\u00f1anza-aprendizaje, la organizaci\u00f3n del centro y la informaci\u00f3n y comunicaci\u00f3n.<\/p>\n<p>Paralelamente, y para apoyar este objetivo de transformaci\u00f3n digital, el programa Escuelas conectadas dotar\u00e1 a todos los colegios e institutos p\u00fablicos andaluces, sostenidos con fondos p\u00fablicos, de conexi\u00f3n wifi a Internet en banda ancha ultrarr\u00e1pida (velocidad superior a los 100 Mbps). Esta iniciativa permitir\u00e1 que m\u00e1s de un mill\u00f3n de estudiantes andaluces puedan disponer de las infraestructuras para acceder a las \u00faltimas tecnolog\u00edas educativas disponibles, independientemente de su ubicaci\u00f3n geogr\u00e1fica, contribuyendo a la modernizaci\u00f3n de la educaci\u00f3n, la disminuci\u00f3n de la brecha digital y el fomento de la igualdad de oportunidades entre todos los estudiantes andaluces.<\/p>\n<p>A continuaci\u00f3n se presenta el documento de actualizaci\u00f3n sobre el marco com\u00fan europeo de la Competencia Digital Docente (CDD) elaborado por el INTEF:<\/p>\n<p><a href=\"http:\/\/iframe%20src=https:\/\/drive.google.com\/file\/d\/1vocCyLdzy4rP3rJgEAcGDrLo-kUl9m3_\/preview%20width=640%20height=480\/iframe\">http:\/\/<iframe loading=\"lazy\" src=\"https:\/\/drive.google.com\/file\/d\/1vocCyLdzy4rP3rJgEAcGDrLo-kUl9m3_\/preview\" width=\"640\" height=\"480\"><\/iframe><\/a><\/p>\n<p>&nbsp;<\/p>\n","protected":false},"excerpt":{"rendered":"<p>Actualmente, las tecnolog\u00edas digitales se est\u00e1n&nbsp;incorporando de forma exitosa y motivadora en todos los niveles de la educaci\u00f3n, constituy\u00e9ndose en un elemento facilitador clave para las organizaciones educativas. El objetivo a alcanzar es la&nbsp;mejora&#46;&#46;&#46;<\/p>\n","protected":false},"author":2095,"featured_media":0,"parent":22,"menu_order":3,"comment_status":"closed","ping_status":"closed","template":"","meta":{"ngg_post_thumbnail":0,"footnotes":""},"aioseo_notices":[],"_links":{"self":[{"href":"https:\/\/blogsaverroes.juntadeandalucia.es\/prodignuevanerja\/wp-json\/wp\/v2\/pages\/53"}],"collection":[{"href":"https:\/\/blogsaverroes.juntadeandalucia.es\/prodignuevanerja\/wp-json\/wp\/v2\/pages"}],"about":[{"href":"https:\/\/blogsaverroes.juntadeandalucia.es\/prodignuevanerja\/wp-json\/wp\/v2\/types\/page"}],"author":[{"embeddable":true,"href":"https:\/\/blogsaverroes.juntadeandalucia.es\/prodignuevanerja\/wp-json\/wp\/v2\/users\/2095"}],"replies":[{"embeddable":true,"href":"https:\/\/blogsaverroes.juntadeandalucia.es\/prodignuevanerja\/wp-json\/wp\/v2\/comments?post=53"}],"version-history":[{"count":3,"href":"https:\/\/blogsaverroes.juntadeandalucia.es\/prodignuevanerja\/wp-json\/wp\/v2\/pages\/53\/revisions"}],"predecessor-version":[{"id":76,"href":"https:\/\/blogsaverroes.juntadeandalucia.es\/prodignuevanerja\/wp-json\/wp\/v2\/pages\/53\/revisions\/76"}],"up":[{"embeddable":true,"href":"https:\/\/blogsaverroes.juntadeandalucia.es\/prodignuevanerja\/wp-json\/wp\/v2\/pages\/22"}],"wp:attachment":[{"href":"https:\/\/blogsaverroes.juntadeandalucia.es\/prodignuevanerja\/wp-json\/wp\/v2\/media?parent=53"}],"curies":[{"name":"wp","href":"https:\/\/api.w.org\/{rel}","templated":true}]}}