{"id":134,"date":"2023-07-07T15:16:27","date_gmt":"2023-07-07T15:16:27","guid":{"rendered":"https:\/\/blogsaverroes.juntadeandalucia.es\/profefcesar\/?page_id=134"},"modified":"2023-07-09T14:45:31","modified_gmt":"2023-07-09T14:45:31","slug":"criterios-de-evaluacion","status":"publish","type":"page","link":"https:\/\/blogsaverroes.juntadeandalucia.es\/profefcesar\/criterios-de-evaluacion\/","title":{"rendered":"Criterios de evaluaci\u00f3n"},"content":{"rendered":"<p style=\"text-align: center\"><span style=\"font-size: 18pt\"><strong>CRITERIOS DE EVALUACI\u00d3N \/ INFORMES DE SEGUIMIENTO<\/strong><\/span><\/p>\n<p style=\"text-align: justify\"><strong><span style=\"font-size: 14pt\">A continuaci\u00f3n, puede <span style=\"color: #0000ff\">descargar (haga clic)<\/span> toda la informaci\u00f3n relativa a los <span style=\"color: #0000ff\">criterios de evaluaci\u00f3n <\/span>de cada curso, as\u00ed como las plantillas para la elaboraci\u00f3n de <span style=\"color: #0000ff\">informes de evaluaci\u00f3n<\/span>&nbsp;ajustados a cada uno de ellos:<\/span><\/strong><\/p>\n<table style=\"border-collapse: collapse;width: 100%;height: 162px\">\n<tbody>\n<tr style=\"height: 24px\">\n<td style=\"width: 12.357%;text-align: center;height: 27px\"><span style=\"font-size: 14pt\"><strong>1\u00ba ESO<\/strong><\/span><\/td>\n<td style=\"width: 16.499%;text-align: center;height: 27px\"><span style=\"font-size: 14pt\"><strong>Criterios de evaluaci\u00f3n<\/strong><\/span><\/td>\n<td style=\"width: 17.5937%;text-align: center;height: 27px\"><span style=\"font-size: 14pt\"><strong>Informe de evaluaci\u00f3n<\/strong><\/span><\/td>\n<\/tr>\n<tr style=\"height: 24px\">\n<td style=\"width: 12.357%;text-align: center;height: 27px\"><span style=\"font-size: 14pt\"><strong>2\u00ba ESO<\/strong><\/span><\/td>\n<td style=\"width: 16.499%;text-align: center;height: 27px\"><span style=\"font-size: 14pt\"><strong>Criterios de evaluaci\u00f3n<\/strong><\/span><\/td>\n<td style=\"width: 17.5937%;text-align: center;height: 27px\"><span style=\"font-size: 14pt\"><strong>Informe de evaluaci\u00f3n<\/strong><\/span><\/td>\n<\/tr>\n<tr style=\"height: 24px\">\n<td style=\"width: 12.357%;text-align: center;height: 27px\"><span style=\"font-size: 14pt\"><strong>3\u00ba ESO<\/strong><\/span><\/td>\n<td style=\"width: 16.499%;text-align: center;height: 27px\"><span style=\"font-size: 14pt\"><strong>Criterios de evaluaci\u00f3n<\/strong><\/span><\/td>\n<td style=\"width: 17.5937%;text-align: center;height: 27px\"><span style=\"font-size: 14pt\"><strong>Informe de evaluaci\u00f3n<\/strong><\/span><\/td>\n<\/tr>\n<tr style=\"height: 24px\">\n<td style=\"width: 12.357%;text-align: center;height: 27px\"><span style=\"font-size: 14pt\"><strong>4\u00ba ESO<\/strong><\/span><\/td>\n<td style=\"width: 16.499%;text-align: center;height: 27px\"><span style=\"font-size: 14pt\"><strong>Criterios de evaluaci\u00f3n<\/strong><\/span><\/td>\n<td style=\"width: 17.5937%;text-align: center;height: 27px\"><span style=\"font-size: 14pt\"><strong>Informe de evaluaci\u00f3n<\/strong><\/span><\/td>\n<\/tr>\n<tr style=\"height: 24px\">\n<td style=\"width: 12.357%;text-align: center;height: 27px\"><span style=\"font-size: 14pt\"><strong>1\u00ba Bachillerato<\/strong><\/span><\/td>\n<td style=\"width: 16.499%;text-align: center;height: 27px\"><span style=\"font-size: 14pt\"><strong>Criterios de evaluaci\u00f3n<\/strong><\/span><\/td>\n<td style=\"width: 17.5937%;text-align: center;height: 27px\"><span style=\"font-size: 14pt\"><strong>Informe de evaluaci\u00f3n<\/strong><\/span><\/td>\n<\/tr>\n<tr style=\"height: 24px\">\n<td style=\"width: 12.357%;text-align: center;height: 27px\"><span style=\"font-size: 14pt\"><strong>2\u00ba Bachillerato<\/strong><\/span><\/td>\n<td style=\"width: 16.499%;text-align: center;height: 27px\"><span style=\"font-size: 14pt\"><strong>Criterios de evaluaci\u00f3n<\/strong><\/span><\/td>\n<td style=\"width: 17.5937%;text-align: center;height: 27px\"><span style=\"font-size: 14pt\"><strong>Informe de evaluaci\u00f3n<\/strong><\/span><\/td>\n<\/tr>\n<\/tbody>\n<\/table>\n","protected":false},"excerpt":{"rendered":"<p>CRITERIOS DE EVALUACI\u00d3N \/ INFORMES DE SEGUIMIENTO A continuaci\u00f3n, puede descargar (haga clic) toda la informaci\u00f3n relativa a los criterios de evaluaci\u00f3n de cada curso, as\u00ed como las plantillas para la elaboraci\u00f3n de informes&#46;&#46;&#46;<\/p>\n","protected":false},"author":8399,"featured_media":0,"parent":0,"menu_order":0,"comment_status":"closed","ping_status":"closed","template":"","meta":{"ngg_post_thumbnail":0,"footnotes":""},"aioseo_notices":[],"_links":{"self":[{"href":"https:\/\/blogsaverroes.juntadeandalucia.es\/profefcesar\/wp-json\/wp\/v2\/pages\/134"}],"collection":[{"href":"https:\/\/blogsaverroes.juntadeandalucia.es\/profefcesar\/wp-json\/wp\/v2\/pages"}],"about":[{"href":"https:\/\/blogsaverroes.juntadeandalucia.es\/profefcesar\/wp-json\/wp\/v2\/types\/page"}],"author":[{"embeddable":true,"href":"https:\/\/blogsaverroes.juntadeandalucia.es\/profefcesar\/wp-json\/wp\/v2\/users\/8399"}],"replies":[{"embeddable":true,"href":"https:\/\/blogsaverroes.juntadeandalucia.es\/profefcesar\/wp-json\/wp\/v2\/comments?post=134"}],"version-history":[{"count":9,"href":"https:\/\/blogsaverroes.juntadeandalucia.es\/profefcesar\/wp-json\/wp\/v2\/pages\/134\/revisions"}],"predecessor-version":[{"id":272,"href":"https:\/\/blogsaverroes.juntadeandalucia.es\/profefcesar\/wp-json\/wp\/v2\/pages\/134\/revisions\/272"}],"wp:attachment":[{"href":"https:\/\/blogsaverroes.juntadeandalucia.es\/profefcesar\/wp-json\/wp\/v2\/media?parent=134"}],"curies":[{"name":"wp","href":"https:\/\/api.w.org\/{rel}","templated":true}]}}