{"id":161,"date":"2023-07-07T16:26:36","date_gmt":"2023-07-07T16:26:36","guid":{"rendered":"https:\/\/blogsaverroes.juntadeandalucia.es\/profefcesar\/?page_id=161"},"modified":"2023-07-09T14:48:39","modified_gmt":"2023-07-09T14:48:39","slug":"deportes-de-equipos","status":"publish","type":"page","link":"https:\/\/blogsaverroes.juntadeandalucia.es\/profefcesar\/deportes-de-equipos\/","title":{"rendered":"Deportes de Equipos"},"content":{"rendered":"<p style=\"text-align: center\"><span style=\"font-size: 18pt;color: #ff0000\"><strong>PROGRAMACI\u00d3N CURSO 23-24<\/strong><\/span><!--more--><\/p>\n<ul>\n<li><span style=\"font-size: 14pt;color: #000000\"><strong>Primer Trimestre (descargar)<\/strong><\/span><\/li>\n<li><span style=\"font-size: 14pt;color: #000000\"><strong>Segundo Trimestre (no disponible)<\/strong><\/span><\/li>\n<li><span style=\"font-size: 14pt;color: #000000\"><strong>Tercer Trimestre (no disponible)<\/strong><\/span><\/li>\n<\/ul>\n<hr>\n<p style=\"text-align: center\"><span style=\"font-size: 18pt;color: #ff0000\"><strong>TEMAS<\/strong><\/span><br \/>\n<!--more--><\/p>\n<p><strong><span style=\"font-size: 14pt;color: #000000\">Tema 0. Actividades f\u00edsico deportivas de equipo (descargar).&nbsp;<\/span><\/strong><\/p>\n<p><strong><span style=\"font-size: 14pt;color: #000000\">Tema 1. El aprendizaje de las actividades f\u00edsico deportivas de equipo (descargar).<\/span><\/strong><\/p>\n<p><strong><span style=\"font-size: 14pt;color: #000000\">Tema 2. La ense\u00f1anza de los deportes de equipo I: F\u00daTBOL Y F\u00daTBOL SALA (descargar).<\/span><\/strong><\/p>\n<p><strong><span style=\"font-size: 14pt;color: #000000\">Tema&nbsp; 3. La ense\u00f1anza de los deportes de equipo I: BALONCESTO (descargar).&nbsp;<\/span><\/strong><\/p>\n<p><strong><span style=\"font-size: 14pt;color: #000000\">Tema 4. La ense\u00f1anza de los deportes de equipo I: VOLEIBOL (descargar).<\/span><\/strong><\/p>\n<p><strong><span style=\"font-size: 14pt;color: #000000\">Tema 5. La ense\u00f1anza de los deportes de equipo I: BALONMANO (descargar).<\/span><\/strong><\/p>\n<p><strong><span style=\"font-size: 14pt;color: #000000\">Tema 6. La ense\u00f1anza de los deportes de equipo II: HOCKEY (no disponible).&nbsp;<\/span><\/strong><\/p>\n<p><strong><span style=\"font-size: 14pt;color: #000000\">Tema 7. La ense\u00f1anza de los deportes de equipo II: RUGBY (no disponible).<\/span><\/strong><\/p>\n<p><strong><span style=\"font-size: 14pt;color: #000000\">Tema 8.&nbsp; La ense\u00f1anza de los deportes de equipo II: B\u00c9ISBOL (no disponible).&nbsp;<\/span><\/strong><\/p>\n<p><strong><span style=\"font-size: 14pt;color: #000000\">Tema 9. La ense\u00f1anza de los deportes de equipo II: LACROSSE (no disponible)<\/span><\/strong><\/p>\n<p><strong><span style=\"font-size: 14pt;color: #000000\">Tema 10. La ense\u00f1anza de los deportes de equipo III: DEPORTES ALTERNATIVOS&nbsp;<\/span><\/strong><\/p>\n<hr>\n<p style=\"text-align: center\"><span style=\"font-size: 18pt;color: #ff0000\"><strong>SESIONES<\/strong><\/span><!--more--><\/p>\n<ul>\n<li><span style=\"color: #000000\"><strong><span style=\"font-size: 14pt\">Iniciaci\u00f3n deportiva<\/span><\/strong><\/span><\/li>\n<li><span style=\"color: #000000\"><strong><span style=\"font-size: 14pt\">F\u00fatbol<\/span><\/strong><\/span><\/li>\n<li><span style=\"color: #000000\"><strong><span style=\"font-size: 14pt\">Baloncesto<\/span><\/strong><\/span><\/li>\n<li><span style=\"color: #000000\"><strong><span style=\"font-size: 14pt\">Voleibol<\/span><\/strong><\/span><\/li>\n<li><span style=\"color: #000000\"><strong><span style=\"font-size: 14pt\">Balonmano<\/span><\/strong><\/span><\/li>\n<li><span style=\"color: #000000\"><strong><span style=\"font-size: 14pt\">Hockey<\/span><\/strong><\/span><\/li>\n<li><span style=\"color: #000000\"><strong><span style=\"font-size: 14pt\">Rugby<\/span><\/strong><\/span><\/li>\n<li><span style=\"color: #000000\"><strong><span style=\"font-size: 14pt\">Lacrosse<\/span><\/strong><\/span><\/li>\n<li><span style=\"color: #000000\"><strong><span style=\"font-size: 14pt\">B\u00e9isbol<\/span><\/strong><\/span><\/li>\n<li><span style=\"color: #000000\"><strong><span style=\"font-size: 14pt\">Deportes alternativos<\/span><\/strong><\/span><\/li>\n<\/ul>\n","protected":false},"excerpt":{"rendered":"<p>PROGRAMACI\u00d3N CURSO 23-24<\/p>\n","protected":false},"author":8399,"featured_media":0,"parent":0,"menu_order":0,"comment_status":"closed","ping_status":"closed","template":"","meta":{"ngg_post_thumbnail":0,"footnotes":""},"aioseo_notices":[],"_links":{"self":[{"href":"https:\/\/blogsaverroes.juntadeandalucia.es\/profefcesar\/wp-json\/wp\/v2\/pages\/161"}],"collection":[{"href":"https:\/\/blogsaverroes.juntadeandalucia.es\/profefcesar\/wp-json\/wp\/v2\/pages"}],"about":[{"href":"https:\/\/blogsaverroes.juntadeandalucia.es\/profefcesar\/wp-json\/wp\/v2\/types\/page"}],"author":[{"embeddable":true,"href":"https:\/\/blogsaverroes.juntadeandalucia.es\/profefcesar\/wp-json\/wp\/v2\/users\/8399"}],"replies":[{"embeddable":true,"href":"https:\/\/blogsaverroes.juntadeandalucia.es\/profefcesar\/wp-json\/wp\/v2\/comments?post=161"}],"version-history":[{"count":6,"href":"https:\/\/blogsaverroes.juntadeandalucia.es\/profefcesar\/wp-json\/wp\/v2\/pages\/161\/revisions"}],"predecessor-version":[{"id":274,"href":"https:\/\/blogsaverroes.juntadeandalucia.es\/profefcesar\/wp-json\/wp\/v2\/pages\/161\/revisions\/274"}],"wp:attachment":[{"href":"https:\/\/blogsaverroes.juntadeandalucia.es\/profefcesar\/wp-json\/wp\/v2\/media?parent=161"}],"curies":[{"name":"wp","href":"https:\/\/api.w.org\/{rel}","templated":true}]}}