{"id":163,"date":"2023-07-07T16:26:48","date_gmt":"2023-07-07T16:26:48","guid":{"rendered":"https:\/\/blogsaverroes.juntadeandalucia.es\/profefcesar\/?page_id=163"},"modified":"2023-07-10T07:46:36","modified_gmt":"2023-07-10T07:46:36","slug":"metodologia","status":"publish","type":"page","link":"https:\/\/blogsaverroes.juntadeandalucia.es\/profefcesar\/metodologia\/","title":{"rendered":"Metodolog\u00eda"},"content":{"rendered":"<p style=\"text-align: center\"><span style=\"font-size: 18pt;color: #ff0000\"><strong>PROGRAMACI\u00d3N CURSO 23-24<\/strong><\/span><!--more--><\/p>\n<ul>\n<li><span style=\"font-size: 14pt\"><strong>Primer Trimestre (descargar)<\/strong><\/span><\/li>\n<li><span style=\"font-size: 14pt\"><strong>Segundo Trimestre (no disponible)<\/strong><\/span><\/li>\n<li><span style=\"font-size: 14pt\"><strong>Tercer Trimestre (no disponible)<\/strong><\/span><\/li>\n<\/ul>\n<hr>\n<p style=\"text-align: center\"><span style=\"color: #ff0000;font-size: 18pt\"><strong>TEMAS<\/strong><\/span><br \/>\n<!--more--><\/p>\n<p><span style=\"color: #000000\"><strong>Tema 0. Metodolog\u00eda de la ense\u00f1anza de las actividades f\u00edsico deportivas (descargar).&nbsp;<\/strong><\/span><\/p>\n<p><span style=\"color: #000000\"><strong>Tema 1. La metodolog\u00eda y el contexto de las actividades f\u00edsico deportivas (descargar).<\/strong><\/span><\/p>\n<p><span style=\"color: #000000\"><strong>Tema 2. El juego, la sesi\u00f3n y otros entornos de aplicaci\u00f3n de la pr\u00e1ctica deportiva (descargar).<\/strong><\/span><\/p>\n<p><span style=\"color: #000000\"><strong>Tema&nbsp; 3. El aprendizaje de las habilidades f\u00edsicas y deportivas. El comportamiento motor (descargar).&nbsp;<\/strong><\/span><\/p>\n<p><span style=\"color: #000000\"><strong>Tema 4. Intervenci\u00f3n did\u00e1ctica en la ense\u00f1anza de las actividades f\u00edsicas y deportivas: t\u00e9cnicas, estrategias y estilos (descargar).<\/strong><\/span><\/p>\n<p><span style=\"color: #000000\"><strong>Tema 5. Modelos pedag\u00f3gicos en Educaci\u00f3n F\u00edsica. El aprendizaje cooperativo. Gamificaci\u00f3n (no disponible).&nbsp;<\/strong><\/span><\/p>\n<p><span style=\"color: #000000\"><strong>Tema 6. Metodolog\u00eda del entrenamiento (no disponible).&nbsp;<\/strong><\/span><\/p>\n<p><span style=\"color: #000000\"><strong>Tema 7. La evaluaci\u00f3n de las actividades f\u00edsico deportivas&nbsp; (no disponible). Fuerzas y cuerpos de seguridad del estado.&nbsp;<\/strong><\/span><\/p>\n<p><span style=\"color: #000000\"><strong>Tema 8. La programaci\u00f3n de las actividades f\u00edsico deportivas. La defensa oral (no disponible).&nbsp;<\/strong><\/span><\/p>\n<hr>\n<p style=\"text-align: center\"><span style=\"color: #ff0000;font-size: 18pt\"><strong>SESIONES<\/strong><\/span><!--more--><\/p>\n<ul>\n<li><span style=\"color: #000000\"><strong><span style=\"font-size: 14pt\">Psicomotricidad<\/span><\/strong><\/span><\/li>\n<li><span style=\"color: #000000\"><strong><span style=\"font-size: 14pt\">Habilidades motrices b\u00e1sicas: desplazamientos.&nbsp;<\/span><\/strong><\/span><\/li>\n<li><span style=\"color: #000000\"><strong><span style=\"font-size: 14pt\">Habilidades motrices b\u00e1sicas: saltos.&nbsp;<\/span><\/strong><\/span><\/li>\n<li><span style=\"color: #000000\"><strong><span style=\"font-size: 14pt\">Habilidades motrices b\u00e1sicas: giros.<\/span><\/strong><\/span><\/li>\n<li><span style=\"color: #000000\"><strong><span style=\"font-size: 14pt\">Habilidades motrices b\u00e1sicas: lanzamientos y recepciones.&nbsp;<\/span><\/strong><\/span><\/li>\n<li><span style=\"color: #000000\"><strong><span style=\"font-size: 14pt\">Estrategias en la pr\u00e1ctica: anal\u00edtica pura, anal\u00edtica secuencial y anal\u00edtica progresiva.&nbsp;<\/span><\/strong><\/span><\/li>\n<li><span style=\"color: #000000\"><strong><span style=\"font-size: 14pt\">Estrategias en la pr\u00e1cticas: global pura, global modificando la situaci\u00f3n real y global polarizando la atenci\u00f3n.<\/span><\/strong><\/span><\/li>\n<li><span style=\"color: #000000\"><strong><span style=\"font-size: 14pt\">Estilos de ense\u00f1anza: tradicionales.<\/span><\/strong><\/span><\/li>\n<li><span style=\"color: #000000\"><strong><span style=\"font-size: 14pt\">Estilos de ense\u00f1anza: individualizadores.&nbsp;<\/span><\/strong><\/span><\/li>\n<li><span style=\"color: #000000\"><strong><span style=\"font-size: 14pt\">Estilos de ense\u00f1anza: participativos.<\/span><\/strong><\/span><\/li>\n<li><span style=\"color: #000000\"><strong><span style=\"font-size: 14pt\">Estilos de ense\u00f1anza: socializadores.&nbsp;<\/span><\/strong><\/span><\/li>\n<li><span style=\"color: #000000\"><strong><span style=\"font-size: 14pt\">Estilos de ense\u00f1anza: cognitivos.<\/span><\/strong><\/span><\/li>\n<li><span style=\"color: #000000\"><strong><span style=\"font-size: 14pt\">Estilos de ense\u00f1anza: creativos.&nbsp;<\/span><\/strong><\/span><\/li>\n<\/ul>\n","protected":false},"excerpt":{"rendered":"<p>PROGRAMACI\u00d3N CURSO 23-24<\/p>\n","protected":false},"author":8399,"featured_media":0,"parent":0,"menu_order":0,"comment_status":"closed","ping_status":"closed","template":"","meta":{"ngg_post_thumbnail":0,"footnotes":""},"aioseo_notices":[],"_links":{"self":[{"href":"https:\/\/blogsaverroes.juntadeandalucia.es\/profefcesar\/wp-json\/wp\/v2\/pages\/163"}],"collection":[{"href":"https:\/\/blogsaverroes.juntadeandalucia.es\/profefcesar\/wp-json\/wp\/v2\/pages"}],"about":[{"href":"https:\/\/blogsaverroes.juntadeandalucia.es\/profefcesar\/wp-json\/wp\/v2\/types\/page"}],"author":[{"embeddable":true,"href":"https:\/\/blogsaverroes.juntadeandalucia.es\/profefcesar\/wp-json\/wp\/v2\/users\/8399"}],"replies":[{"embeddable":true,"href":"https:\/\/blogsaverroes.juntadeandalucia.es\/profefcesar\/wp-json\/wp\/v2\/comments?post=163"}],"version-history":[{"count":9,"href":"https:\/\/blogsaverroes.juntadeandalucia.es\/profefcesar\/wp-json\/wp\/v2\/pages\/163\/revisions"}],"predecessor-version":[{"id":283,"href":"https:\/\/blogsaverroes.juntadeandalucia.es\/profefcesar\/wp-json\/wp\/v2\/pages\/163\/revisions\/283"}],"wp:attachment":[{"href":"https:\/\/blogsaverroes.juntadeandalucia.es\/profefcesar\/wp-json\/wp\/v2\/media?parent=163"}],"curies":[{"name":"wp","href":"https:\/\/api.w.org\/{rel}","templated":true}]}}