{"id":165,"date":"2023-07-07T16:27:02","date_gmt":"2023-07-07T16:27:02","guid":{"rendered":"https:\/\/blogsaverroes.juntadeandalucia.es\/profefcesar\/?page_id=165"},"modified":"2023-07-09T14:50:41","modified_gmt":"2023-07-09T14:50:41","slug":"inclusion-social","status":"publish","type":"page","link":"https:\/\/blogsaverroes.juntadeandalucia.es\/profefcesar\/inclusion-social\/","title":{"rendered":"Inclusi\u00f3n social"},"content":{"rendered":"<p style=\"text-align: center\"><span style=\"font-size: 18pt;color: #ff0000\"><strong>PROGRAMACI\u00d3N CURSO 23-24<\/strong><\/span><!--more--><\/p>\n<ul>\n<li><strong><span style=\"font-size: 14pt;color: #000000\">Primer Trimestre (descargar)<\/span><\/strong><\/li>\n<li><strong><span style=\"font-size: 14pt;color: #000000\">Segundo Trimestre (no disponible)<\/span><\/strong><\/li>\n<li><strong><span style=\"font-size: 14pt;color: #000000\">Tercer Trimestre (no disponible)<\/span><\/strong><\/li>\n<\/ul>\n<hr>\n<p style=\"text-align: center\"><span style=\"color: #ff0000;font-size: 18pt\"><strong>TEMAS<\/strong><\/span><br \/>\n<!--more--><\/p>\n<p><span style=\"font-size: 14pt;color: #000000\"><strong>Tema 0. Actividades f\u00edsico deportivas para la inclusi\u00f3n social (descargar).&nbsp;<\/strong><\/span><\/p>\n<p><span style=\"font-size: 14pt;color: #000000\"><strong>Tema 1. Actividades f\u00edsico deportivas e inclusi\u00f3n social (descargar).<\/strong><\/span><\/p>\n<p><span style=\"font-size: 14pt;color: #000000\"><strong>Tema 2. Actividades f\u00edsico deportivas para personas con diversidad funcional (descargar).<\/strong><\/span><\/p>\n<p><span style=\"font-size: 14pt;color: #000000\"><strong>Tema&nbsp; 3. El deporte adaptado: deportes modificados y espec\u00edficos (descargar).&nbsp;<\/strong><\/span><\/p>\n<p><span style=\"font-size: 14pt;color: #000000\"><strong>Tema 4. Organizaci\u00f3n y dise\u00f1o de programas f\u00edsico deportivos para personas mayores (descargar).<\/strong><\/span><\/p>\n<p><span style=\"font-size: 14pt;color: #000000\"><strong>Tema 5. Implementaci\u00f3n de actividades f\u00edsico deportivas en personas mayores (descargar).<\/strong><\/span><\/p>\n<p><span style=\"font-size: 14pt;color: #000000\"><strong>Tema 6. Organizaci\u00f3n y dise\u00f1o de programas para colectivos en riesgo de exclusi\u00f3n social (no disponible).&nbsp;<\/strong><\/span><\/p>\n<p><span style=\"font-size: 14pt;color: #000000\"><strong>Tema 7. Implementaci\u00f3n de actividades f\u00edsico deportivas en colectivos en riesgo de exclusi\u00f3n social (no disponible).<\/strong><\/span><\/p>\n<p><span style=\"font-size: 14pt;color: #000000\"><strong>Tema 8. Evaluaci\u00f3n de los procesos de intervenci\u00f3n (no disponible).&nbsp;<\/strong><\/span><\/p>\n<hr>\n<p style=\"text-align: center\"><span style=\"font-size: 18pt;color: #ff0000\"><strong>SESIONES<\/strong><\/span><!--more--><\/p>\n<ul>\n<li><strong><span style=\"font-size: 14pt;color: #000000\">Diversidad funcional VISUAL<\/span><\/strong><\/li>\n<li><strong><span style=\"font-size: 14pt;color: #000000\">Diversidad funcional AUDITIVA<\/span><\/strong><\/li>\n<li><strong><span style=\"font-size: 14pt;color: #000000\">Diversidad funcional F\u00cdSICA<\/span><\/strong><\/li>\n<li><strong><span style=\"font-size: 14pt;color: #000000\">Diversidad funcional COGNITIVA<\/span><\/strong><\/li>\n<li><strong><span style=\"font-size: 14pt;color: #000000\">Deportes Paral\u00edmpicos<\/span><\/strong><\/li>\n<li><strong><span style=\"font-size: 14pt;color: #000000\">Tercera edad&nbsp;<\/span><\/strong><\/li>\n<\/ul>\n","protected":false},"excerpt":{"rendered":"<p>PROGRAMACI\u00d3N CURSO 23-24<\/p>\n","protected":false},"author":8399,"featured_media":0,"parent":0,"menu_order":0,"comment_status":"closed","ping_status":"closed","template":"","meta":{"ngg_post_thumbnail":0,"footnotes":""},"aioseo_notices":[],"_links":{"self":[{"href":"https:\/\/blogsaverroes.juntadeandalucia.es\/profefcesar\/wp-json\/wp\/v2\/pages\/165"}],"collection":[{"href":"https:\/\/blogsaverroes.juntadeandalucia.es\/profefcesar\/wp-json\/wp\/v2\/pages"}],"about":[{"href":"https:\/\/blogsaverroes.juntadeandalucia.es\/profefcesar\/wp-json\/wp\/v2\/types\/page"}],"author":[{"embeddable":true,"href":"https:\/\/blogsaverroes.juntadeandalucia.es\/profefcesar\/wp-json\/wp\/v2\/users\/8399"}],"replies":[{"embeddable":true,"href":"https:\/\/blogsaverroes.juntadeandalucia.es\/profefcesar\/wp-json\/wp\/v2\/comments?post=165"}],"version-history":[{"count":7,"href":"https:\/\/blogsaverroes.juntadeandalucia.es\/profefcesar\/wp-json\/wp\/v2\/pages\/165\/revisions"}],"predecessor-version":[{"id":276,"href":"https:\/\/blogsaverroes.juntadeandalucia.es\/profefcesar\/wp-json\/wp\/v2\/pages\/165\/revisions\/276"}],"wp:attachment":[{"href":"https:\/\/blogsaverroes.juntadeandalucia.es\/profefcesar\/wp-json\/wp\/v2\/media?parent=165"}],"curies":[{"name":"wp","href":"https:\/\/api.w.org\/{rel}","templated":true}]}}