{"id":208,"date":"2023-07-09T08:13:38","date_gmt":"2023-07-09T08:13:38","guid":{"rendered":"https:\/\/blogsaverroes.juntadeandalucia.es\/profefcesar\/?page_id=208"},"modified":"2023-07-11T16:33:08","modified_gmt":"2023-07-11T16:33:08","slug":"reglamento-e-inscripcion","status":"publish","type":"page","link":"https:\/\/blogsaverroes.juntadeandalucia.es\/profefcesar\/reglamento-e-inscripcion\/","title":{"rendered":"Reglamento"},"content":{"rendered":"<p style=\"text-align: center\"><!--more--><span style=\"font-size: 24pt;color: #000080\"><strong>REGLAMENTO \u00abVC LEAGUE\u00bb<\/strong><\/span><br \/>\n<!--more--><\/p>\n<p><span style=\"color: #ff0000\"><strong><span style=\"font-size: 14pt\">1. LA COMPETICI\u00d3N &#8211; ESTRUCTURA.<\/span><\/strong><\/span><\/p>\n<p><strong><span style=\"font-size: 12pt\">&#8211; Fase de grupos por categor\u00edas (organizadas por cursos) en la que se juega un partido contra cada equipo rival.<\/span><\/strong><\/p>\n<p><strong><span style=\"font-size: 12pt\">&#8211; Las categor\u00edas son las siguientes: <span style=\"color: #0000ff\">Bronze League <\/span>(1\u00ba y 2\u00ba ESO), <span style=\"color: #0000ff\">Silver League <\/span>(3\u00ba y 4\u00ba ESO) y <span style=\"color: #0000ff\">Gold League<\/span> (Bachillerato y Ciclos Formativos).<\/span><\/strong><\/p>\n<p><strong><span style=\"font-size: 12pt\">&#8211; Cada categor\u00eda est\u00e1 organizada en dos grupos (A y B).<\/span><\/strong><\/p>\n<p><strong><span style=\"font-size: 12pt\">&#8211; El campe\u00f3n de cada grupo (A y B) se enfrentar\u00e1 en la final de cada categor\u00eda. Estas finales tendr\u00e1n lugar en un gran evento final en el polideportivo municipal.<\/span><\/strong><\/p>\n<p><span style=\"color: #ff0000\"><strong><span style=\"font-size: 14pt\">2. NORMATIVA DE PARTIDOS.<\/span><\/strong><\/span><\/p>\n<p><strong><span style=\"font-size: 12pt\">&#8211; Los partidos tendr\u00e1n una duraci\u00f3n de <span style=\"color: #0000ff\">16 minutos<\/span> (<u>2 partes de 7 minutos y un tiempo intermedio de 2 minutos<\/u>). El valor de los <span style=\"color: #0000ff\">goles doble en los \u00faltimos 2 minutos del partido<\/span> (segunda parte) y durante el <span style=\"color: #0000ff\">tiempo intermedio de 2 minutos se lanzar\u00e1 el dado del IES.<\/span><\/span><\/strong><\/p>\n<p><strong><span style=\"font-size: 12pt\">&#8211; El dado ser\u00e1 lanzado por alguno de los presidentes o alg\u00fan miembro establecido por la organizaci\u00f3n y, seg\u00fan el n\u00famero, se realizar\u00e1n una de las siguientes acciones:<\/span><\/strong><\/p>\n<ul>\n<li><strong><span style=\"font-size: 12pt\"><span style=\"color: #0000ff\">1 = 1vs1<\/span> sin portero (equipo con posesi\u00f3n final 1\u00aa parte elige porter\u00eda).<\/span><\/strong><\/li>\n<li><strong><span style=\"font-size: 12pt\"><span style=\"color: #0000ff\">2= 2vs2 <\/span>(libre)<\/span><\/strong><\/li>\n<li><strong><span style=\"font-size: 12pt\"><span style=\"color: #0000ff\">3= 3vs3<\/span> (m\u00e1ximo 2 federados en terreno de juego).<\/span><\/strong><\/li>\n<li><strong><span style=\"font-size: 12pt\"><span style=\"color: #0000ff\">4= 4vs4<\/span> (m\u00e1ximo 2 federados en terreno de juego).<\/span><\/strong><\/li>\n<li><strong><span style=\"font-size: 12pt\"><span style=\"color: #0000ff\">5= 5vs5 <\/span>(valor doble del gol).<\/span><\/strong><\/li>\n<li><strong><span style=\"font-size: 12pt\"><span style=\"color: #0000ff\">6= 1vs1 <\/span>con portero (equipo con posesi\u00f3n final 1\u00aa parte elige porter\u00eda).<\/span><\/strong><\/li>\n<\/ul>\n<p><strong><span style=\"font-size: 12pt\">&#8211; Al inicio de cada encuentro, cada equipo dispone de una carta con rol de arma secreta y que podr\u00e1 aplicar en cualquier momento del encuentro, exceptuando los dos \u00faltimos minutos de la segunda parte. Estas cartas\/armas secretas son las siguientes:<\/span><\/strong><\/p>\n<ul>\n<li><strong><span style=\"font-size: 12pt\"><span style=\"color: #0000ff\">Lanzamiento de penalti <\/span>(el equipo elige su lanzador).<\/span><\/strong><\/li>\n<li><strong><span style=\"font-size: 12pt\"><span style=\"color: #0000ff\">Lanzamiento de penalti presidente <\/span>(el presidente del equipo lanza, en su ausencia ser\u00e1 el entrenador).<\/span><\/strong><\/li>\n<li><strong><span style=\"font-size: 12pt\"><span style=\"color: #0000ff\">Lanzamiento de penalti c\u00f3rner <\/span>(un jugador realiza un centro y otro jugador debe golpear de primera desde fuera del \u00e1rea).<\/span><\/strong><\/li>\n<li><strong><span style=\"font-size: 12pt\"><span style=\"color: #0000ff\">Lanzamiento de penalti en carrera<\/span> (un jugador saldr\u00e1 en conducci\u00f3n desde el centro del campo y deber\u00e1 golpear antes de entrar en el \u00e1rea).<\/span><\/strong><\/li>\n<li><strong><span style=\"font-size: 12pt\"><span style=\"color: #0000ff\">Comod\u00edn <\/span>(se puede elegir cualquier acci\u00f3n anterior)<\/span><\/strong><\/li>\n<li><strong><span style=\"font-size: 12pt\"><span style=\"color: #0000ff\">Robo<\/span> (se puede robar al equipo rival su carta).<\/span><\/strong><\/li>\n<\/ul>\n<p><strong><span style=\"font-size: 12pt\">&#8211; La <span style=\"color: #0000ff\">victoria <\/span>en tiempo reglamentario (17 minutos) otorgar\u00e1 al equipo ganador <u>3 puntos<\/u> y al equipo perdedor 0 puntos.<\/span><\/strong><\/p>\n<p><strong><span style=\"font-size: 12pt\">&#8211; En caso de <span style=\"color: #0000ff\">empate <\/span>en el tiempo reglamentario, cada equipo lanzar\u00e1 un <u>penalti para desempatar<\/u> (hasta desempatar y un m\u00e1ximo de tres penaltis por equipo). El equipo ganador en las <span style=\"color: #0000ff\">victorias a penaltis <\/span>obtendr\u00e1 <u>2 puntos<\/u>, mientras que la <span style=\"color: #0000ff\">derrota a penaltis<\/span> obtendr\u00e1 <u>1 punto<\/u>. Si una vez lanzados los 3 penaltis por cada equipo <u>no hay desempate, cada equipo obtendr\u00e1 1 punto<\/u>.<\/span><\/strong><\/p>\n<p><span style=\"color: #ff0000\"><strong><span style=\"font-size: 14pt\">3. COMPOSICI\u00d3N DE EQUIPOS.<\/span><\/strong><\/span><\/p>\n<p><strong><span style=\"font-size: 12pt\">&nbsp;<\/span><span style=\"font-size: 12pt\">&#8211; Cada equipo debe tener un <u>presidente<\/u> y un <u>entrenador.<\/u><\/span><\/strong><\/p>\n<p><strong><span style=\"font-size: 12pt\">&#8211; El presidente ser\u00e1 el encargado de todos los tr\u00e1mites administrativos del equipo (firma de compromisos de convivencia, firma de actas en cada partido y entrega del listado de componentes del equipo), entre otros procedimientos.<\/span><\/strong><\/p>\n<p><strong><span style=\"font-size: 12pt\">&#8211; El entrenador ser\u00e1 el encargado del equipo durante los partidos. Su funci\u00f3n principal ser\u00e1 garantizar que todos los componentes del equipo tengan una participaci\u00f3n equitativa (gesti\u00f3n de cambios, evitar alineaciones indebidas, toma de decisiones durante los partidos, etc.).<\/span><\/strong><\/p>\n<p><strong><span style=\"font-size: 12pt\">&#8211; Cada equipo estar\u00e1 formado por <u>8\/12 jugadores\/as<\/u> (m\u00ednimo\/m\u00e1ximo), sin contar al presidente y al entrenador.<\/span><\/strong><\/p>\n<p><strong><span style=\"font-size: 12pt\">&#8211; Los equipos se formar\u00e1n con los alumnos y las alumnas de una misma clase.<\/span><\/strong><\/p>\n<p><strong><span style=\"font-size: 12pt\">&#8211; Si una clase quiere presentar m\u00e1s de un equipo, debe hablar con la organizaci\u00f3n.<\/span><\/strong><\/p>\n<p><span style=\"color: #ff0000\"><strong><span style=\"font-size: 14pt\">4. SANCIONES.<\/span><\/strong><\/span><\/p>\n<p><strong><span style=\"font-size: 12pt\">&nbsp;&#8211; Los partidos se jugar\u00e1n en situaciones de <span style=\"color: #0000ff\">5vs5<\/span>. Cada equipo podr\u00e1 tener el n\u00famero de jugadores federados que desee, pero <span style=\"color: #0000ff\">nunca podr\u00e1 haber m\u00e1s de 2 jugadores federados en el campo al mismo tiempo<\/span>. <u>En caso de alineaci\u00f3n indebida se dar\u00e1 el partido como perdido autom\u00e1ticamente.<\/u><\/span><\/strong><\/p>\n<p><strong><span style=\"font-size: 12pt\">&#8211; Las <span style=\"color: #0000ff\">tarjetas amarillas<\/span> supondr\u00e1n la <u>exclusi\u00f3n de 2 minutos<\/u> del jugador, mientras que las <span style=\"color: #0000ff\">tarjetas rojas<\/span> conllevan la <u>expulsi\u00f3n inmediata del jugador, quedando apartado de la liga, y la p\u00e9rdida del partido por 3-0 al equipo.<\/u><\/span><\/strong><\/p>\n<p><span style=\"font-size: 12pt;color: #ff0000\"><strong><a style=\"color: #ff0000\" href=\"https:\/\/blogsaverroes.juntadeandalucia.es\/profefcesar\/files\/2023\/07\/VIRGIN-LEAGUE-23_24_REGLAMENTO_.pdf\">\u27a1\ufe0f HAGA CLIC AQU\u00cd PARA DESCARGAR EL REGLAMENTO EN FORMATO PDF<\/a><\/strong><\/span><\/p>\n<p>&nbsp;<\/p>\n","protected":false},"excerpt":{"rendered":"","protected":false},"author":8399,"featured_media":0,"parent":0,"menu_order":0,"comment_status":"closed","ping_status":"closed","template":"","meta":{"ngg_post_thumbnail":0,"footnotes":""},"aioseo_notices":[],"_links":{"self":[{"href":"https:\/\/blogsaverroes.juntadeandalucia.es\/profefcesar\/wp-json\/wp\/v2\/pages\/208"}],"collection":[{"href":"https:\/\/blogsaverroes.juntadeandalucia.es\/profefcesar\/wp-json\/wp\/v2\/pages"}],"about":[{"href":"https:\/\/blogsaverroes.juntadeandalucia.es\/profefcesar\/wp-json\/wp\/v2\/types\/page"}],"author":[{"embeddable":true,"href":"https:\/\/blogsaverroes.juntadeandalucia.es\/profefcesar\/wp-json\/wp\/v2\/users\/8399"}],"replies":[{"embeddable":true,"href":"https:\/\/blogsaverroes.juntadeandalucia.es\/profefcesar\/wp-json\/wp\/v2\/comments?post=208"}],"version-history":[{"count":15,"href":"https:\/\/blogsaverroes.juntadeandalucia.es\/profefcesar\/wp-json\/wp\/v2\/pages\/208\/revisions"}],"predecessor-version":[{"id":399,"href":"https:\/\/blogsaverroes.juntadeandalucia.es\/profefcesar\/wp-json\/wp\/v2\/pages\/208\/revisions\/399"}],"wp:attachment":[{"href":"https:\/\/blogsaverroes.juntadeandalucia.es\/profefcesar\/wp-json\/wp\/v2\/media?parent=208"}],"curies":[{"name":"wp","href":"https:\/\/api.w.org\/{rel}","templated":true}]}}