{"id":284,"date":"2023-07-10T08:08:09","date_gmt":"2023-07-10T08:08:09","guid":{"rendered":"https:\/\/blogsaverroes.juntadeandalucia.es\/profefcesar\/?page_id=284"},"modified":"2023-07-10T08:12:44","modified_gmt":"2023-07-10T08:12:44","slug":"todos-los-santos","status":"publish","type":"page","link":"https:\/\/blogsaverroes.juntadeandalucia.es\/profefcesar\/todos-los-santos\/","title":{"rendered":"Todos los Santos"},"content":{"rendered":"<p style=\"text-align: center\"><span style=\"font-size: 18pt;color: #ff0000\"><strong>D\u00cdA DE TODOS LOS SANTOS (1 de noviembre)<\/strong><\/span><\/p>\n<p style=\"text-align: justify\"><span style=\"color: #000000\"><strong>\u00abESCAPE ROOM DE RETOS COOPERATIVOS\u00bb para contribuir desde la Educaci\u00f3n F\u00edsica a la efem\u00e9ride del \u00abD\u00eda de Todos lo Santos\u00bb. M\u00e1s all\u00e1 del componente religioso de dicha efem\u00e9ride, en este caso, utilizamos esta actividad a trav\u00e9s los \u00abRetos Cooperativos\u00bb para conocer c\u00f3mo se conmemora este d\u00eda en diferentes pa\u00edses del mundo. Se aceptan propuestas de mejora y\/o sugerencias&#8230; <span class=\"x3nfvp2 x1j61x8r x1fcty0u xdj266r xhhsvwb xat24cr xgzva0m xxymvpz xlup9mm x1kky2od\"><img loading=\"lazy\" decoding=\"async\" src=\"https:\/\/static.xx.fbcdn.net\/images\/emoji.php\/v9\/tbf\/2\/16\/1f61c.png\" alt=\"\ud83d\ude1c\" width=\"16\" height=\"16\"><\/span><\/strong><\/span><\/p>\n<p><a href=\"https:\/\/drive.google.com\/drive\/folders\/1443Y7zyMJ5uE0IhaaijdOhCOxQMmf9fS?usp=drive_link\"><strong>HAGA CLIC AQU\u00cd PARA EL MATERIAL Y VER LAS FOTOS DE LA ACTIVIDAD<\/strong><\/a><\/p>\n<p><img loading=\"lazy\" decoding=\"async\" class=\"alignnone wp-image-285 size-large\" src=\"https:\/\/blogsaverroes.juntadeandalucia.es\/profefcesar\/files\/2023\/07\/Captura-de-pantalla-2023-07-10-a-las-9.49.54-715x1024.png\" alt=\"\" width=\"715\" height=\"1024\" srcset=\"https:\/\/blogsaverroes.juntadeandalucia.es\/profefcesar\/files\/2023\/07\/Captura-de-pantalla-2023-07-10-a-las-9.49.54-715x1024.png 715w, https:\/\/blogsaverroes.juntadeandalucia.es\/profefcesar\/files\/2023\/07\/Captura-de-pantalla-2023-07-10-a-las-9.49.54-210x300.png 210w, https:\/\/blogsaverroes.juntadeandalucia.es\/profefcesar\/files\/2023\/07\/Captura-de-pantalla-2023-07-10-a-las-9.49.54-768x1099.png 768w, https:\/\/blogsaverroes.juntadeandalucia.es\/profefcesar\/files\/2023\/07\/Captura-de-pantalla-2023-07-10-a-las-9.49.54.png 987w\" sizes=\"(max-width: 715px) 100vw, 715px\" \/><\/p>\n<p><img loading=\"lazy\" decoding=\"async\" class=\"alignnone wp-image-286 size-large\" src=\"https:\/\/blogsaverroes.juntadeandalucia.es\/profefcesar\/files\/2023\/07\/Captura-de-pantalla-2023-07-10-a-las-9.50.17-1024x665.png\" alt=\"\" width=\"1024\" height=\"665\" srcset=\"https:\/\/blogsaverroes.juntadeandalucia.es\/profefcesar\/files\/2023\/07\/Captura-de-pantalla-2023-07-10-a-las-9.50.17-1024x665.png 1024w, https:\/\/blogsaverroes.juntadeandalucia.es\/profefcesar\/files\/2023\/07\/Captura-de-pantalla-2023-07-10-a-las-9.50.17-300x195.png 300w, https:\/\/blogsaverroes.juntadeandalucia.es\/profefcesar\/files\/2023\/07\/Captura-de-pantalla-2023-07-10-a-las-9.50.17-768x499.png 768w, https:\/\/blogsaverroes.juntadeandalucia.es\/profefcesar\/files\/2023\/07\/Captura-de-pantalla-2023-07-10-a-las-9.50.17.png 1462w\" sizes=\"(max-width: 1024px) 100vw, 1024px\" \/><\/p>\n","protected":false},"excerpt":{"rendered":"<p>D\u00cdA DE TODOS LOS SANTOS (1 de noviembre) \u00abESCAPE ROOM DE RETOS COOPERATIVOS\u00bb para contribuir desde la Educaci\u00f3n F\u00edsica a la efem\u00e9ride del \u00abD\u00eda de Todos lo Santos\u00bb. M\u00e1s all\u00e1 del componente religioso de&#46;&#46;&#46;<\/p>\n","protected":false},"author":8399,"featured_media":0,"parent":0,"menu_order":0,"comment_status":"closed","ping_status":"closed","template":"","meta":{"ngg_post_thumbnail":0,"footnotes":""},"aioseo_notices":[],"_links":{"self":[{"href":"https:\/\/blogsaverroes.juntadeandalucia.es\/profefcesar\/wp-json\/wp\/v2\/pages\/284"}],"collection":[{"href":"https:\/\/blogsaverroes.juntadeandalucia.es\/profefcesar\/wp-json\/wp\/v2\/pages"}],"about":[{"href":"https:\/\/blogsaverroes.juntadeandalucia.es\/profefcesar\/wp-json\/wp\/v2\/types\/page"}],"author":[{"embeddable":true,"href":"https:\/\/blogsaverroes.juntadeandalucia.es\/profefcesar\/wp-json\/wp\/v2\/users\/8399"}],"replies":[{"embeddable":true,"href":"https:\/\/blogsaverroes.juntadeandalucia.es\/profefcesar\/wp-json\/wp\/v2\/comments?post=284"}],"version-history":[{"count":2,"href":"https:\/\/blogsaverroes.juntadeandalucia.es\/profefcesar\/wp-json\/wp\/v2\/pages\/284\/revisions"}],"predecessor-version":[{"id":288,"href":"https:\/\/blogsaverroes.juntadeandalucia.es\/profefcesar\/wp-json\/wp\/v2\/pages\/284\/revisions\/288"}],"wp:attachment":[{"href":"https:\/\/blogsaverroes.juntadeandalucia.es\/profefcesar\/wp-json\/wp\/v2\/media?parent=284"}],"curies":[{"name":"wp","href":"https:\/\/api.w.org\/{rel}","templated":true}]}}