{"id":295,"date":"2023-07-10T09:09:02","date_gmt":"2023-07-10T09:09:02","guid":{"rendered":"https:\/\/blogsaverroes.juntadeandalucia.es\/profefcesar\/?page_id=295"},"modified":"2023-07-10T09:09:02","modified_gmt":"2023-07-10T09:09:02","slug":"breakout","status":"publish","type":"page","link":"https:\/\/blogsaverroes.juntadeandalucia.es\/profefcesar\/breakout\/","title":{"rendered":"Breakout"},"content":{"rendered":"<div class=\"xdj266r x11i5rnm xat24cr x1mh8g0r x1vvkbs x126k92a\">\n<div dir=\"auto\" style=\"text-align: center\"><span style=\"color: #ff0000;font-size: 18pt\"><strong>BREAKOUT 2\u00ba BACHILLERATO<\/strong><\/span><\/div>\n<\/div>\n<div class=\"x11i5rnm xat24cr x1mh8g0r x1vvkbs xtlvy1s x126k92a\">\n<div dir=\"auto\" style=\"text-align: center\"><span style=\"color: #0000ff\"><strong><span style=\"font-size: 12pt\">\u00abActividad f\u00edsica + Alimentaci\u00f3n + Orientaci\u00f3n profesional (ciclos formativos y grados universitarios)<\/span><\/strong><\/span><\/div>\n<\/div>\n<div dir=\"auto\" style=\"text-align: center\"><span style=\"font-size: 24pt\">&nbsp;\u2b07\ufe0f <\/span><\/div>\n<div dir=\"auto\" style=\"text-align: center\"><a style=\"color: #0000ff\" href=\"https:\/\/view.genial.ly\/5ea2d3ab155db60d84e8318e?fbclid=IwAR14SWdJ5yndhXK2IAfho8rFfk9kyht9cCq38u_9EGlTfX4U5o2LCu06V8k\"><strong>HAGA CLIC AQU\u00cd PARA VER\/REALIZAR<\/strong><\/a><\/div>\n<div dir=\"auto\">&nbsp;<\/div>\n<div dir=\"auto\">\n\n\t\t<style>\n\t\t\t#gallery-1 {\n\t\t\t\tmargin: auto;\n\t\t\t}\n\t\t\t#gallery-1 .gallery-item {\n\t\t\t\tfloat: left;\n\t\t\t\tmargin-top: 10px;\n\t\t\t\ttext-align: center;\n\t\t\t\twidth: 33%;\n\t\t\t}\n\t\t\t#gallery-1 img {\n\t\t\t\tborder: 2px solid #cfcfcf;\n\t\t\t}\n\t\t\t#gallery-1 .gallery-caption {\n\t\t\t\tmargin-left: 0;\n\t\t\t}\n\t\t\t\/* see gallery_shortcode() in wp-includes\/media.php *\/\n\t\t<\/style>\n\t\t<div id='gallery-1' class='gallery galleryid-295 gallery-columns-3 gallery-size-medium'><dl class='gallery-item'>\n\t\t\t<dt class='gallery-icon landscape'>\n\t\t\t\t<a href='https:\/\/blogsaverroes.juntadeandalucia.es\/profefcesar\/breakout\/bk1\/'><img loading=\"lazy\" decoding=\"async\" width=\"300\" height=\"169\" src=\"https:\/\/blogsaverroes.juntadeandalucia.es\/profefcesar\/files\/2023\/07\/BK1-300x169.jpeg\" class=\"attachment-medium size-medium\" alt=\"\" srcset=\"https:\/\/blogsaverroes.juntadeandalucia.es\/profefcesar\/files\/2023\/07\/BK1-300x169.jpeg 300w, https:\/\/blogsaverroes.juntadeandalucia.es\/profefcesar\/files\/2023\/07\/BK1-1024x576.jpeg 1024w, https:\/\/blogsaverroes.juntadeandalucia.es\/profefcesar\/files\/2023\/07\/BK1-768x432.jpeg 768w, https:\/\/blogsaverroes.juntadeandalucia.es\/profefcesar\/files\/2023\/07\/BK1.jpeg 1167w\" sizes=\"(max-width: 300px) 100vw, 300px\" \/><\/a>\n\t\t\t<\/dt><\/dl><dl class='gallery-item'>\n\t\t\t<dt class='gallery-icon landscape'>\n\t\t\t\t<a href='https:\/\/blogsaverroes.juntadeandalucia.es\/profefcesar\/breakout\/bk2\/'><img loading=\"lazy\" decoding=\"async\" width=\"300\" height=\"160\" src=\"https:\/\/blogsaverroes.juntadeandalucia.es\/profefcesar\/files\/2023\/07\/BK2-300x160.jpeg\" class=\"attachment-medium size-medium\" alt=\"\" srcset=\"https:\/\/blogsaverroes.juntadeandalucia.es\/profefcesar\/files\/2023\/07\/BK2-300x160.jpeg 300w, https:\/\/blogsaverroes.juntadeandalucia.es\/profefcesar\/files\/2023\/07\/BK2-1024x547.jpeg 1024w, https:\/\/blogsaverroes.juntadeandalucia.es\/profefcesar\/files\/2023\/07\/BK2-768x410.jpeg 768w, https:\/\/blogsaverroes.juntadeandalucia.es\/profefcesar\/files\/2023\/07\/BK2.jpeg 1151w\" sizes=\"(max-width: 300px) 100vw, 300px\" \/><\/a>\n\t\t\t<\/dt><\/dl><dl class='gallery-item'>\n\t\t\t<dt class='gallery-icon landscape'>\n\t\t\t\t<a href='https:\/\/blogsaverroes.juntadeandalucia.es\/profefcesar\/breakout\/bk3\/'><img loading=\"lazy\" decoding=\"async\" width=\"300\" height=\"168\" src=\"https:\/\/blogsaverroes.juntadeandalucia.es\/profefcesar\/files\/2023\/07\/BK3-300x168.jpeg\" class=\"attachment-medium size-medium\" alt=\"\" srcset=\"https:\/\/blogsaverroes.juntadeandalucia.es\/profefcesar\/files\/2023\/07\/BK3-300x168.jpeg 300w, https:\/\/blogsaverroes.juntadeandalucia.es\/profefcesar\/files\/2023\/07\/BK3-1024x574.jpeg 1024w, https:\/\/blogsaverroes.juntadeandalucia.es\/profefcesar\/files\/2023\/07\/BK3-768x430.jpeg 768w, https:\/\/blogsaverroes.juntadeandalucia.es\/profefcesar\/files\/2023\/07\/BK3.jpeg 1165w\" sizes=\"(max-width: 300px) 100vw, 300px\" \/><\/a>\n\t\t\t<\/dt><\/dl><br style=\"clear: both\" \/><dl class='gallery-item'>\n\t\t\t<dt class='gallery-icon landscape'>\n\t\t\t\t<a href='https:\/\/blogsaverroes.juntadeandalucia.es\/profefcesar\/breakout\/bk4\/'><img loading=\"lazy\" decoding=\"async\" width=\"300\" height=\"171\" src=\"https:\/\/blogsaverroes.juntadeandalucia.es\/profefcesar\/files\/2023\/07\/BK4-300x171.jpeg\" class=\"attachment-medium size-medium\" alt=\"\" srcset=\"https:\/\/blogsaverroes.juntadeandalucia.es\/profefcesar\/files\/2023\/07\/BK4-300x171.jpeg 300w, https:\/\/blogsaverroes.juntadeandalucia.es\/profefcesar\/files\/2023\/07\/BK4-768x438.jpeg 768w, https:\/\/blogsaverroes.juntadeandalucia.es\/profefcesar\/files\/2023\/07\/BK4.jpeg 866w\" sizes=\"(max-width: 300px) 100vw, 300px\" \/><\/a>\n\t\t\t<\/dt><\/dl><dl class='gallery-item'>\n\t\t\t<dt class='gallery-icon landscape'>\n\t\t\t\t<a href='https:\/\/blogsaverroes.juntadeandalucia.es\/profefcesar\/breakout\/bk5\/'><img loading=\"lazy\" decoding=\"async\" width=\"300\" height=\"173\" src=\"https:\/\/blogsaverroes.juntadeandalucia.es\/profefcesar\/files\/2023\/07\/BK5-300x173.jpeg\" class=\"attachment-medium size-medium\" alt=\"\" srcset=\"https:\/\/blogsaverroes.juntadeandalucia.es\/profefcesar\/files\/2023\/07\/BK5-300x173.jpeg 300w, https:\/\/blogsaverroes.juntadeandalucia.es\/profefcesar\/files\/2023\/07\/BK5-768x444.jpeg 768w, https:\/\/blogsaverroes.juntadeandalucia.es\/profefcesar\/files\/2023\/07\/BK5.jpeg 857w\" sizes=\"(max-width: 300px) 100vw, 300px\" \/><\/a>\n\t\t\t<\/dt><\/dl><dl class='gallery-item'>\n\t\t\t<dt class='gallery-icon landscape'>\n\t\t\t\t<a href='https:\/\/blogsaverroes.juntadeandalucia.es\/profefcesar\/breakout\/bk6\/'><img loading=\"lazy\" decoding=\"async\" width=\"300\" height=\"168\" src=\"https:\/\/blogsaverroes.juntadeandalucia.es\/profefcesar\/files\/2023\/07\/BK6-300x168.jpeg\" class=\"attachment-medium size-medium\" alt=\"\" srcset=\"https:\/\/blogsaverroes.juntadeandalucia.es\/profefcesar\/files\/2023\/07\/BK6-300x168.jpeg 300w, https:\/\/blogsaverroes.juntadeandalucia.es\/profefcesar\/files\/2023\/07\/BK6-768x431.jpeg 768w, https:\/\/blogsaverroes.juntadeandalucia.es\/profefcesar\/files\/2023\/07\/BK6.jpeg 863w\" sizes=\"(max-width: 300px) 100vw, 300px\" \/><\/a>\n\t\t\t<\/dt><\/dl><br style=\"clear: both\" \/><dl class='gallery-item'>\n\t\t\t<dt class='gallery-icon landscape'>\n\t\t\t\t<a href='https:\/\/blogsaverroes.juntadeandalucia.es\/profefcesar\/breakout\/bk7\/'><img loading=\"lazy\" decoding=\"async\" width=\"300\" height=\"170\" src=\"https:\/\/blogsaverroes.juntadeandalucia.es\/profefcesar\/files\/2023\/07\/BK7-300x170.jpeg\" class=\"attachment-medium size-medium\" alt=\"\" srcset=\"https:\/\/blogsaverroes.juntadeandalucia.es\/profefcesar\/files\/2023\/07\/BK7-300x170.jpeg 300w, https:\/\/blogsaverroes.juntadeandalucia.es\/profefcesar\/files\/2023\/07\/BK7-768x436.jpeg 768w, https:\/\/blogsaverroes.juntadeandalucia.es\/profefcesar\/files\/2023\/07\/BK7.jpeg 857w\" sizes=\"(max-width: 300px) 100vw, 300px\" \/><\/a>\n\t\t\t<\/dt><\/dl><dl class='gallery-item'>\n\t\t\t<dt class='gallery-icon landscape'>\n\t\t\t\t<a href='https:\/\/blogsaverroes.juntadeandalucia.es\/profefcesar\/breakout\/bk8\/'><img loading=\"lazy\" decoding=\"async\" width=\"300\" height=\"171\" src=\"https:\/\/blogsaverroes.juntadeandalucia.es\/profefcesar\/files\/2023\/07\/BK8-300x171.jpeg\" class=\"attachment-medium size-medium\" alt=\"\" srcset=\"https:\/\/blogsaverroes.juntadeandalucia.es\/profefcesar\/files\/2023\/07\/BK8-300x171.jpeg 300w, https:\/\/blogsaverroes.juntadeandalucia.es\/profefcesar\/files\/2023\/07\/BK8-768x438.jpeg 768w, https:\/\/blogsaverroes.juntadeandalucia.es\/profefcesar\/files\/2023\/07\/BK8.jpeg 860w\" sizes=\"(max-width: 300px) 100vw, 300px\" \/><\/a>\n\t\t\t<\/dt><\/dl><dl class='gallery-item'>\n\t\t\t<dt class='gallery-icon landscape'>\n\t\t\t\t<a href='https:\/\/blogsaverroes.juntadeandalucia.es\/profefcesar\/breakout\/bk9\/'><img loading=\"lazy\" decoding=\"async\" width=\"300\" height=\"171\" src=\"https:\/\/blogsaverroes.juntadeandalucia.es\/profefcesar\/files\/2023\/07\/BK9-300x171.jpeg\" class=\"attachment-medium size-medium\" alt=\"\" srcset=\"https:\/\/blogsaverroes.juntadeandalucia.es\/profefcesar\/files\/2023\/07\/BK9-300x171.jpeg 300w, https:\/\/blogsaverroes.juntadeandalucia.es\/profefcesar\/files\/2023\/07\/BK9-768x437.jpeg 768w, https:\/\/blogsaverroes.juntadeandalucia.es\/profefcesar\/files\/2023\/07\/BK9.jpeg 869w\" sizes=\"(max-width: 300px) 100vw, 300px\" \/><\/a>\n\t\t\t<\/dt><\/dl><br style=\"clear: both\" \/>\n\t\t<\/div>\n\n<\/div>\n","protected":false},"excerpt":{"rendered":"<p>BREAKOUT 2\u00ba BACHILLERATO \u00abActividad f\u00edsica + Alimentaci\u00f3n + Orientaci\u00f3n profesional (ciclos formativos y grados universitarios) &nbsp;\u2b07\ufe0f HAGA CLIC AQU\u00cd PARA VER\/REALIZAR &nbsp;<\/p>\n","protected":false},"author":8399,"featured_media":0,"parent":0,"menu_order":0,"comment_status":"closed","ping_status":"closed","template":"","meta":{"ngg_post_thumbnail":0,"footnotes":""},"aioseo_notices":[],"_links":{"self":[{"href":"https:\/\/blogsaverroes.juntadeandalucia.es\/profefcesar\/wp-json\/wp\/v2\/pages\/295"}],"collection":[{"href":"https:\/\/blogsaverroes.juntadeandalucia.es\/profefcesar\/wp-json\/wp\/v2\/pages"}],"about":[{"href":"https:\/\/blogsaverroes.juntadeandalucia.es\/profefcesar\/wp-json\/wp\/v2\/types\/page"}],"author":[{"embeddable":true,"href":"https:\/\/blogsaverroes.juntadeandalucia.es\/profefcesar\/wp-json\/wp\/v2\/users\/8399"}],"replies":[{"embeddable":true,"href":"https:\/\/blogsaverroes.juntadeandalucia.es\/profefcesar\/wp-json\/wp\/v2\/comments?post=295"}],"version-history":[{"count":2,"href":"https:\/\/blogsaverroes.juntadeandalucia.es\/profefcesar\/wp-json\/wp\/v2\/pages\/295\/revisions"}],"predecessor-version":[{"id":306,"href":"https:\/\/blogsaverroes.juntadeandalucia.es\/profefcesar\/wp-json\/wp\/v2\/pages\/295\/revisions\/306"}],"wp:attachment":[{"href":"https:\/\/blogsaverroes.juntadeandalucia.es\/profefcesar\/wp-json\/wp\/v2\/media?parent=295"}],"curies":[{"name":"wp","href":"https:\/\/api.w.org\/{rel}","templated":true}]}}