{"id":315,"date":"2023-07-10T09:34:21","date_gmt":"2023-07-10T09:34:21","guid":{"rendered":"https:\/\/blogsaverroes.juntadeandalucia.es\/profefcesar\/?page_id=315"},"modified":"2023-07-10T09:34:51","modified_gmt":"2023-07-10T09:34:51","slug":"mueveteencasa","status":"publish","type":"page","link":"https:\/\/blogsaverroes.juntadeandalucia.es\/profefcesar\/mueveteencasa\/","title":{"rendered":"#Mu\u00e9veteEnCasa"},"content":{"rendered":"<p style=\"text-align: center\"><span style=\"color: #ff0000\"><strong><span style=\"font-size: 18pt\">RECOMENDACIONES EDUCACI\u00d3N F\u00cdSICA #MU\u00c9VETEENCASA&nbsp;<\/span><\/strong><\/span><\/p>\n<p style=\"text-align: center\"><span style=\"font-size: 24pt\"><strong>\u2b07\ufe0f<\/strong><\/span><\/p>\n<p style=\"text-align: center\"><span style=\"color: #0000ff\"><strong><span style=\"font-size: 14pt\"><a style=\"color: #0000ff\" href=\"https:\/\/blogsaverroes.juntadeandalucia.es\/profefcesar\/files\/2023\/07\/EF_PROPUESTA_MCC_40.pdf\">HAGA CLIC AQU\u00cd PARA DESCARGAR LAS RECOMENDACIONES<\/a><\/span><\/strong><\/span><\/p>\n<p><img loading=\"lazy\" decoding=\"async\" class=\"alignnone wp-image-317 size-full\" src=\"https:\/\/blogsaverroes.juntadeandalucia.es\/profefcesar\/files\/2023\/07\/Captura-de-pantalla-2023-07-10-a-las-11.29.03.png\" alt=\"\" width=\"2549\" height=\"1386\" srcset=\"https:\/\/blogsaverroes.juntadeandalucia.es\/profefcesar\/files\/2023\/07\/Captura-de-pantalla-2023-07-10-a-las-11.29.03.png 2549w, https:\/\/blogsaverroes.juntadeandalucia.es\/profefcesar\/files\/2023\/07\/Captura-de-pantalla-2023-07-10-a-las-11.29.03-300x163.png 300w, https:\/\/blogsaverroes.juntadeandalucia.es\/profefcesar\/files\/2023\/07\/Captura-de-pantalla-2023-07-10-a-las-11.29.03-1024x557.png 1024w, https:\/\/blogsaverroes.juntadeandalucia.es\/profefcesar\/files\/2023\/07\/Captura-de-pantalla-2023-07-10-a-las-11.29.03-768x418.png 768w, https:\/\/blogsaverroes.juntadeandalucia.es\/profefcesar\/files\/2023\/07\/Captura-de-pantalla-2023-07-10-a-las-11.29.03-1536x835.png 1536w, https:\/\/blogsaverroes.juntadeandalucia.es\/profefcesar\/files\/2023\/07\/Captura-de-pantalla-2023-07-10-a-las-11.29.03-2048x1114.png 2048w\" sizes=\"(max-width: 2549px) 100vw, 2549px\" \/><\/p>\n<p>&nbsp;<\/p>\n","protected":false},"excerpt":{"rendered":"<p>RECOMENDACIONES EDUCACI\u00d3N F\u00cdSICA #MU\u00c9VETEENCASA&nbsp; \u2b07\ufe0f HAGA CLIC AQU\u00cd PARA DESCARGAR LAS RECOMENDACIONES &nbsp;<\/p>\n","protected":false},"author":8399,"featured_media":0,"parent":0,"menu_order":0,"comment_status":"closed","ping_status":"closed","template":"","meta":{"ngg_post_thumbnail":0,"footnotes":""},"aioseo_notices":[],"_links":{"self":[{"href":"https:\/\/blogsaverroes.juntadeandalucia.es\/profefcesar\/wp-json\/wp\/v2\/pages\/315"}],"collection":[{"href":"https:\/\/blogsaverroes.juntadeandalucia.es\/profefcesar\/wp-json\/wp\/v2\/pages"}],"about":[{"href":"https:\/\/blogsaverroes.juntadeandalucia.es\/profefcesar\/wp-json\/wp\/v2\/types\/page"}],"author":[{"embeddable":true,"href":"https:\/\/blogsaverroes.juntadeandalucia.es\/profefcesar\/wp-json\/wp\/v2\/users\/8399"}],"replies":[{"embeddable":true,"href":"https:\/\/blogsaverroes.juntadeandalucia.es\/profefcesar\/wp-json\/wp\/v2\/comments?post=315"}],"version-history":[{"count":3,"href":"https:\/\/blogsaverroes.juntadeandalucia.es\/profefcesar\/wp-json\/wp\/v2\/pages\/315\/revisions"}],"predecessor-version":[{"id":320,"href":"https:\/\/blogsaverroes.juntadeandalucia.es\/profefcesar\/wp-json\/wp\/v2\/pages\/315\/revisions\/320"}],"wp:attachment":[{"href":"https:\/\/blogsaverroes.juntadeandalucia.es\/profefcesar\/wp-json\/wp\/v2\/media?parent=315"}],"curies":[{"name":"wp","href":"https:\/\/api.w.org\/{rel}","templated":true}]}}