{"id":84,"date":"2023-07-02T07:25:43","date_gmt":"2023-07-02T07:25:43","guid":{"rendered":"https:\/\/blogsaverroes.juntadeandalucia.es\/profefcesar\/?page_id=84"},"modified":"2023-07-09T14:43:00","modified_gmt":"2023-07-09T14:43:00","slug":"curriculum-vitae","status":"publish","type":"page","link":"https:\/\/blogsaverroes.juntadeandalucia.es\/profefcesar\/curriculum-vitae\/","title":{"rendered":"Curriculum Vitae"},"content":{"rendered":"<p style=\"text-align: center\"><span style=\"color: #ff0000\"><strong><span style=\"font-size: 14pt\">FORMACI\u00d3N ACAD\u00c9MICA<\/span><\/strong><\/span><!--more--><\/p>\n<ul>\n<li style=\"text-align: justify\"><span style=\"font-size: 12pt;color: #000080\"><strong>Diplomatura de Maestro Especialista en Educaci\u00f3n F\u00edsica<\/strong>. Universidad de C\u00e1diz. 2007\/2010.<\/span><\/li>\n<li style=\"text-align: justify\"><span style=\"font-size: 12pt;color: #000080\"><strong>Licenciado en Ciencias de la Actividad F\u00edsica y del Deporte<\/strong>. Universidad de Sevilla. 2010\/2012<\/span><\/li>\n<li style=\"text-align: justify\"><span style=\"font-size: 12pt;color: #000080\"><strong>M\u00e1ster en Rendimiento F\u00edsico y Deportivo. <\/strong>Universidad Pablo de Olavide. Sevilla. 2012\/2013.<\/span><\/li>\n<li style=\"text-align: justify\"><span style=\"font-size: 12pt;color: #000080\"><strong>M\u00e1ster de Profesorado de Educaci\u00f3n Secundaria Obligatoria y Bachillerato, Formaci\u00f3n Profesional y Ense\u00f1anza de Idiomas. <\/strong>Universidad de Sevilla. 2013-2014.<\/span><\/li>\n<\/ul>\n<p style=\"text-align: center\"><span style=\"font-size: 14pt;color: #ff0000\"><strong>FORMACI\u00d3N COMPLEMENTARIA<\/strong><\/span><br \/>\n<!--more--><\/p>\n<table class=\" alignleft\" style=\"height: 48px;width: 100%;border-collapse: collapse\">\n<tbody>\n<tr style=\"height: 24px\">\n<td style=\"width: 51.0059%;height: 24px;text-align: center\"><span style=\"color: #000080\"><strong>DOCENCIA \/ EF<\/strong><\/span><\/td>\n<td style=\"width: 48.8757%;height: 24px;text-align: center\"><span style=\"color: #000080\"><strong>PREPARACI\u00d3N F\u00cdSICA &amp; F\u00daTBOL<\/strong><\/span><\/td>\n<\/tr>\n<tr style=\"height: 24px\">\n<td style=\"width: 51.0059%;height: 24px;text-align: justify\">\n<ul>\n<li><strong><span style=\"color: #000080\">Diversidad funcional, tercera edad y deporte. <\/span><\/strong><span style=\"color: #000080\">2023.<\/span><\/li>\n<li><span style=\"font-size: 12pt;color: #000080\"><strong>Gamificaci\u00f3n y otras propuestas innovadoras. <\/strong>2022.<\/span><\/li>\n<li><span style=\"font-size: 12pt;color: #000080\"><strong>Creaci\u00f3n y edici\u00f3n de v\u00eddeo en la ense\u00f1anza online. <\/strong>2020.<\/span><\/li>\n<li><span style=\"font-size: 12pt;color: #000080\"><strong>Uso de S\u00e9neca para la evaluaci\u00f3n por competencias<\/strong>.&nbsp; 2020.<\/span><\/li>\n<li><span style=\"font-size: 12pt;color: #000080\"><strong>Herramientas digitales formadoras y evaluadoras para la ense\u00f1anza presencial y online: el portafolio y otros instrumentos de evaluaci\u00f3n.<\/strong>&nbsp;2020.<\/span><\/li>\n<li><span style=\"font-size: 12pt;color: #000080\"><strong>El poder de las metodolog\u00edas activas y la tecnolog\u00eda para el aprendizaje competencial<\/strong>. 2020.<\/span><\/li>\n<li><span style=\"font-size: 12pt;color: #000080\"><strong>Dise\u00f1o universal y aprendizaje y teledocencia<\/strong>. 2020.<\/span><\/li>\n<li><span style=\"font-size: 12pt;color: #000080\"><strong>Nuevas tendencias metodol\u00f3gicas en Educaci\u00f3n F\u00edsica<\/strong>. 2019.<\/span><\/li>\n<li><span style=\"color: #000080\"><strong>Otros cursos y asistencias a congresos relacionados&#8230;<\/strong><\/span><\/li>\n<\/ul>\n<\/td>\n<td style=\"width: 48.8757%;height: 24px;text-align: justify\">\n<ul>\n<li><span style=\"font-size: 12pt;color: #000080\"><strong>M\u00e1ster en Entrenamiento Personal<\/strong> (Movement Trainer Course). FIDIAS Health &amp; Sport. 2021\/2022.<\/span><\/li>\n<li><span style=\"font-size: 12pt;color: #000080\"><strong>T\u00e9cnico Deportivo de Grado Medio en f\u00fatbol (Nivel II).<\/strong> 2022.<\/span><\/li>\n<li><span style=\"font-size: 12pt;color: #000080\"><strong>Valoraci\u00f3n Artro-muscular y Prescripci\u00f3n del ejercicio correctivo.<\/strong> Neosport Fitnees&amp;Cefors. 2016.<\/span><\/li>\n<li><span style=\"font-size: 12pt;color: #000080\"><strong>Mecanotransducci\u00f3n y regeneraci\u00f3n de tejidos blandos.<\/strong> Sociedad Andaluza de Medicina del Deporte. Sevilla. 2015.<\/span><\/li>\n<li><span style=\"font-size: 12pt;color: #000080\"><strong>Monitor de f\u00fatbol y f\u00fatbol sala.<\/strong> 2015.<\/span><\/li>\n<li><span style=\"font-size: 12pt;color: #000080\"><strong>Nutrici\u00f3n y Diet\u00e9tica.<\/strong> Dabo Consulting. 2014.<\/span><\/li>\n<li><span style=\"font-size: 12pt;color: #000080\"><strong>La Mejora de la Prestaci\u00f3n Deportiva en Equipos Profesionales de F\u00fatbol<\/strong>. Universidad Internacional de Andaluc\u00eda. 2014.<\/span><\/li>\n<li><span style=\"color: #000080\"><strong>Otros cursos y asistencias a congresos relacionados&#8230;<\/strong><\/span><\/li>\n<\/ul>\n<\/td>\n<\/tr>\n<\/tbody>\n<\/table>\n<p style=\"text-align: center\"><span style=\"color: #ff0000\"><strong><span style=\"font-size: 14pt\">EXPERIENCIA PROFESIONAL<\/span><\/strong><\/span><br \/>\n<!--more--><\/p>\n<ul>\n<li style=\"text-align: justify\"><span style=\"font-size: 12pt;color: #000080\"><strong>Profesor de Educaci\u00f3n F\u00edsica y en TSEAS<\/strong>. Junta de Andaluc\u00eda. 2018-actualmente.<\/span><\/li>\n<li style=\"text-align: justify\"><span style=\"color: #000080\"><strong>Preparador de Oposiciones Profesorado Educaci\u00f3n F\u00edsica.<\/strong> N\u00e1for &#8211; Ecoem. 2022-2023.&nbsp;<\/span><\/li>\n<li style=\"text-align: justify\"><span style=\"font-size: 12pt;color: #000080\"><strong>Preparador F\u00edsico Club Atl\u00e9tico Antoniano<\/strong> (Tercera Divisi\u00f3n). 2020-2022.<\/span><\/li>\n<li style=\"text-align: justify\"><span style=\"font-size: 12pt;color: #000080\"><strong>Preparador F\u00edsico Uni\u00f3n Balomp\u00e9dica Lebrijana<\/strong> (Tercera Divisi\u00f3n). Temporadas 2013\/2014, 2014\/2015, 2015\/2016, 2017-2018, 2018-2019.<\/span><\/li>\n<li style=\"text-align: justify\"><span style=\"font-size: 12pt;color: #000080\"><strong>Monitor de nataci\u00f3n y actividades acu\u00e1ticas. <\/strong>Ayuntamiento de Lebrija. 2013 y 2018.<\/span><\/li>\n<li style=\"text-align: justify\"><span style=\"font-size: 12pt;color: #000080\"><strong>Shop assistant y Stock Manager<\/strong>. Adidas. 2017.<\/span><\/li>\n<li style=\"text-align: justify\"><span style=\"font-size: 12pt;color: #000080\"><strong>Entrenador Personal y Readaptador de Lesiones<\/strong>. 2013-2018.<\/span><\/li>\n<li style=\"text-align: justify\"><span style=\"font-size: 12pt;color: #000080\"><strong>Entrenador de f\u00fatbol base.<\/strong> Uni\u00f3n Balomp\u00e9dica Lebrija, Alma Club Deportivo y Xerez CD.&nbsp;&nbsp;<\/span><\/li>\n<li style=\"text-align: justify\"><span style=\"font-size: 12pt;color: #000080\"><strong>Monitor Deportivo en actividades extraescolares<\/strong> (atletismo, voleibol y baloncesto).&nbsp;<\/span><\/li>\n<\/ul>\n<h4 style=\"text-align: center\"><strong><span style=\"font-size: 14pt;color: #ff0000\">INVESTIGACI\u00d3N, PUBLICACIONES Y COMUNICACIONES<\/span><\/strong><!--more--><\/h4>\n<table class=\" alignleft\" style=\"width: 100%;border-collapse: collapse;border-color: #080101\">\n<tbody>\n<tr>\n<td style=\"width: 15.2663%;text-align: center\"><span style=\"color: #000080\"><strong>BECAS &amp; PR\u00c1CTICAS<\/strong><\/span><\/td>\n<td style=\"width: 84.6154%;text-align: justify\">\n<ul>\n<li><span style=\"font-size: 12pt;color: #000080\"><strong>Participaci\u00f3n de 390 horas en el proyecto de investigaci\u00f3n <em>\u201cAn\u00e1lisis Cl\u00ednico de la Fasciotom\u00eda Profil\u00e1ctica en Fracturas deTibial Proximal<\/em><\/strong><em>.<\/em> Hospital Universitario Virgen del Roc\u00edo de Sevilla. 2012.<\/span><\/li>\n<li><span style=\"font-size: 12pt;color: #000080\"><strong>Beca de investigaci\u00f3n para el proyecto denominado<em> \u201cEfectos de un Proceso de Recuperaci\u00f3n Post-ejercicio Intenso con Vibraciones Mec\u00e1nicas sobre la Variabilidad de la Frecuencia Cardiaca\u201d<\/em><\/strong><em>. <\/em>Departamento de Educaci\u00f3n F\u00edsica y Deporte. Universidad de Sevilla. 2012.<\/span><\/li>\n<\/ul>\n<\/td>\n<\/tr>\n<tr>\n<td style=\"width: 15.2663%;text-align: center\"><span style=\"color: #000080\"><strong>PUBLICACIONES<\/strong><\/span><\/td>\n<td style=\"width: 84.6154%;text-align: justify\">\n<ul>\n<li><span style=\"font-size: 12pt;color: #000080\"><strong>Effects of vibration on legs blood flow after intense exercise and its influence on subsequent exercise performance. <\/strong>Sa\u00f1udo B., C\u00e9sar-Castillo M, Tejero S, Oliva A, Cordero FJ. <em>Journal of Strength and Conditioning Research.<\/em> 2014.<\/span><\/li>\n<li><span style=\"font-size: 12pt;color: #000080\"><strong>Cardiac autonomic response during recovery from a maximal exercise using whole body vibration.<\/strong> Sa\u00f1udo B., C\u00e9sar-Castillo M, Tejero S, Nunes N, de Hoyo M y Figueroa A. <em>Complementary Therapies in Medicine.<\/em> 2013 Aug; 21(4):294-9.<\/span><\/li>\n<\/ul>\n<\/td>\n<\/tr>\n<tr>\n<td style=\"width: 15.2663%\"><span style=\"color: #000080\"><strong>COMUNICACIONES<\/strong><\/span><\/td>\n<td style=\"width: 84.6154%;text-align: justify\">\n<ul>\n<li><span style=\"font-size: 12pt;color: #000080\"><strong>Cambios en la Variabilidad de la Frecuencia Cardiaca y Ansiedad Precompetitiva en \u00c1rbitros de f\u00fatbol. <\/strong>II International Congress on Team Sports. Universidad Pablo de Olavide. 13-14 Diciembre de 2013.<\/span><\/li>\n<li><span style=\"font-size: 12pt;color: #000080\"><strong>Efecto del Calentamiento y la Recuperaci\u00f3n Activa con Carga Inspiratoria en el Rendimiento en F\u00fatbol. <\/strong>II International Congress on Team Sports. Universidad Pablo de Olavide. 13-14 Diciembre de 2013.<\/span><\/li>\n<li><span style=\"font-size: 12pt;color: #000080\"><strong>Heart Rate Variability response during recovery from a maximal exercise using whole body vibration.<\/strong> VII Congreso Internacional de Ciencias del Deporte<strong>. <\/strong>Universidad de Granada. 15-17 Noviembre de 2012.<\/span><\/li>\n<\/ul>\n<\/td>\n<\/tr>\n<\/tbody>\n<\/table>\n","protected":false},"excerpt":{"rendered":"<p>FORMACI\u00d3N ACAD\u00c9MICA<\/p>\n","protected":false},"author":8399,"featured_media":0,"parent":0,"menu_order":0,"comment_status":"closed","ping_status":"closed","template":"","meta":{"ngg_post_thumbnail":0,"footnotes":""},"aioseo_notices":[],"_links":{"self":[{"href":"https:\/\/blogsaverroes.juntadeandalucia.es\/profefcesar\/wp-json\/wp\/v2\/pages\/84"}],"collection":[{"href":"https:\/\/blogsaverroes.juntadeandalucia.es\/profefcesar\/wp-json\/wp\/v2\/pages"}],"about":[{"href":"https:\/\/blogsaverroes.juntadeandalucia.es\/profefcesar\/wp-json\/wp\/v2\/types\/page"}],"author":[{"embeddable":true,"href":"https:\/\/blogsaverroes.juntadeandalucia.es\/profefcesar\/wp-json\/wp\/v2\/users\/8399"}],"replies":[{"embeddable":true,"href":"https:\/\/blogsaverroes.juntadeandalucia.es\/profefcesar\/wp-json\/wp\/v2\/comments?post=84"}],"version-history":[{"count":10,"href":"https:\/\/blogsaverroes.juntadeandalucia.es\/profefcesar\/wp-json\/wp\/v2\/pages\/84\/revisions"}],"predecessor-version":[{"id":271,"href":"https:\/\/blogsaverroes.juntadeandalucia.es\/profefcesar\/wp-json\/wp\/v2\/pages\/84\/revisions\/271"}],"wp:attachment":[{"href":"https:\/\/blogsaverroes.juntadeandalucia.es\/profefcesar\/wp-json\/wp\/v2\/media?parent=84"}],"curies":[{"name":"wp","href":"https:\/\/api.w.org\/{rel}","templated":true}]}}