{"id":95,"date":"2023-07-02T08:21:30","date_gmt":"2023-07-02T08:21:30","guid":{"rendered":"https:\/\/blogsaverroes.juntadeandalucia.es\/profefcesar\/?page_id=95"},"modified":"2023-07-09T14:41:25","modified_gmt":"2023-07-09T14:41:25","slug":"sobre-mi","status":"publish","type":"page","link":"https:\/\/blogsaverroes.juntadeandalucia.es\/profefcesar\/sobre-mi\/","title":{"rendered":"Sobre m\u00ed&#8230;"},"content":{"rendered":"<p style=\"text-align: justify\"><strong>Podr\u00eda compartir simplemente mi formaci\u00f3n y experiencia laboral, es decir, mi <span style=\"color: #0000ff\"><a style=\"color: #0000ff\" href=\"https:\/\/blogsaverroes.juntadeandalucia.es\/profefcesar\/curriculum-vitae\/\">curr\u00edculum vitae<\/a>,<\/span> pero dado que esto es un blog personal, antes me gustar\u00eda indicar las razones de por qu\u00e9 estoy aqu\u00ed, es decir, por qu\u00e9 surge la motivaci\u00f3n de crear este blog. Para ello, he creado este <span style=\"text-decoration: underline\">logo<\/span> que de alguna u otra forma me ayudar\u00e1 a explicarlas.<\/strong><\/p>\n<p style=\"text-align: justify\"><strong><img loading=\"lazy\" decoding=\"async\" class=\"wp-image-47 alignright\" src=\"https:\/\/blogsaverroes.juntadeandalucia.es\/profefcesar\/files\/2023\/06\/Captura-de-pantalla-2022-08-03-a-las-20.36.32-300x228.png\" alt=\"\" width=\"367\" height=\"279\" srcset=\"https:\/\/blogsaverroes.juntadeandalucia.es\/profefcesar\/files\/2023\/06\/Captura-de-pantalla-2022-08-03-a-las-20.36.32-300x228.png 300w, https:\/\/blogsaverroes.juntadeandalucia.es\/profefcesar\/files\/2023\/06\/Captura-de-pantalla-2022-08-03-a-las-20.36.32-1024x779.png 1024w, https:\/\/blogsaverroes.juntadeandalucia.es\/profefcesar\/files\/2023\/06\/Captura-de-pantalla-2022-08-03-a-las-20.36.32-768x584.png 768w, https:\/\/blogsaverroes.juntadeandalucia.es\/profefcesar\/files\/2023\/06\/Captura-de-pantalla-2022-08-03-a-las-20.36.32.png 1370w\" sizes=\"(max-width: 367px) 100vw, 367px\" \/>En primer lugar, s\u00ed, en las ruedas est\u00e1n mis iniciales, la \u201cM\u201d de <span style=\"text-decoration: underline\">Manuel<\/span> y la \u201cC\u201d de <span style=\"text-decoration: underline\">C\u00e9sar,<\/span> por cierto, es mi apellido este \u00faltimo, no es parte de mi nombre, para posibles confusiones que me llevan a acompa\u00f1ando toda la vida (aunque no es molestia alguna \ud83e\udd23 \ud83e\udd23).&nbsp;<\/strong><\/p>\n<p style=\"text-align: justify\"><strong>Tambi\u00e9n, aparecen un<span style=\"text-decoration: underline\"> \u00abmont\u00f3n\u00bb de libros<\/span> que representan la importancia que la <span style=\"text-decoration: underline\">formaci\u00f3n<\/span> ha tenido y sigue teniendo en m\u00ed. Sin duda, considero que siempre he tenido la motivaci\u00f3n que querer aprender m\u00e1s, avanzar, no conformarme con lo que \u201csab\u00eda\u201d en cada momento. Adem\u00e1s, como <span style=\"text-decoration: underline\">opositor<\/span>, este \u00abmont\u00f3n de libros\u00bb nos acompa\u00f1an en todo el camino, son parte de nosotros, de nuestras vidas y, al igual que cada proceso de oposiciones, ser\u00e1 algo que siempre <span style=\"text-decoration: underline\">transportaremos con nosotros<\/span>.<\/strong><\/p>\n<p style=\"text-align: justify\"><strong>\u00bfY por qu\u00e9 un <span style=\"text-decoration: underline\">bal\u00f3n de f\u00fatbol<\/span>?, pues en toda mi formaci\u00f3n y experiencia, el deporte en general, pero el f\u00fatbol en especial ha sido y sigue siendo algo que mi cabeza no se puede \u201cquitar de encima\u201d. Aunque como jugador no tuve las habilidades y condiciones para llegar a ser profesional, mi formaci\u00f3n acad\u00e9mica s\u00ed me ha permitido poder disfrutar de este deporte en niveles semiprofesionales, en este caso, como <span style=\"text-decoration: underline\">preparador f\u00edsico<\/span>. Lo cierto es que a trav\u00e9s del f\u00fatbol he aprendido mucho, de todo, experiencias, actitudes, valores\u2026pero sobre todo he compartido momentos que me han desarrollado como persona y profesional.&nbsp;<\/strong><\/p>\n<p style=\"text-align: justify\"><strong>Por tanto, como \u00abruedas, libros y balones\u00bb son parte de m\u00ed, de mi formaci\u00f3n y experiencia, estos elementos componen el logo que he creado, formando una <span style=\"text-decoration: underline\">bicicleta<\/span> que representa no solo qui\u00e9n soy, sino que tambi\u00e9n la motivaci\u00f3n por la que he creado este blog, que no es otra que <span style=\"text-decoration: underline\">seguir mi trayecto, pedaleando y superando los obst\u00e1culos <\/span>que puedan surgir en el mismo, que los ha habido y los habr\u00e1 (de todo tipo), pero con la seguridad de que para mantenerse en <span style=\"text-decoration: underline\">equilibrio<\/span>, es necesario estar en <span style=\"text-decoration: underline\">movimiento<\/span>.<\/strong><\/p>\n","protected":false},"excerpt":{"rendered":"<p>Podr\u00eda compartir simplemente mi formaci\u00f3n y experiencia laboral, es decir, mi curr\u00edculum vitae, pero dado que esto es un blog personal, antes me gustar\u00eda indicar las razones de por qu\u00e9 estoy aqu\u00ed, es decir,&#46;&#46;&#46;<\/p>\n","protected":false},"author":8399,"featured_media":0,"parent":0,"menu_order":0,"comment_status":"closed","ping_status":"closed","template":"","meta":{"ngg_post_thumbnail":0,"footnotes":""},"aioseo_notices":[],"_links":{"self":[{"href":"https:\/\/blogsaverroes.juntadeandalucia.es\/profefcesar\/wp-json\/wp\/v2\/pages\/95"}],"collection":[{"href":"https:\/\/blogsaverroes.juntadeandalucia.es\/profefcesar\/wp-json\/wp\/v2\/pages"}],"about":[{"href":"https:\/\/blogsaverroes.juntadeandalucia.es\/profefcesar\/wp-json\/wp\/v2\/types\/page"}],"author":[{"embeddable":true,"href":"https:\/\/blogsaverroes.juntadeandalucia.es\/profefcesar\/wp-json\/wp\/v2\/users\/8399"}],"replies":[{"embeddable":true,"href":"https:\/\/blogsaverroes.juntadeandalucia.es\/profefcesar\/wp-json\/wp\/v2\/comments?post=95"}],"version-history":[{"count":12,"href":"https:\/\/blogsaverroes.juntadeandalucia.es\/profefcesar\/wp-json\/wp\/v2\/pages\/95\/revisions"}],"predecessor-version":[{"id":270,"href":"https:\/\/blogsaverroes.juntadeandalucia.es\/profefcesar\/wp-json\/wp\/v2\/pages\/95\/revisions\/270"}],"wp:attachment":[{"href":"https:\/\/blogsaverroes.juntadeandalucia.es\/profefcesar\/wp-json\/wp\/v2\/media?parent=95"}],"curies":[{"name":"wp","href":"https:\/\/api.w.org\/{rel}","templated":true}]}}