{"id":2119,"date":"2021-02-02T12:39:28","date_gmt":"2021-02-02T12:39:28","guid":{"rendered":"https:\/\/blogsaverroes.juntadeandalucia.es\/profematesjac\/?page_id=2119"},"modified":"2022-10-30T09:34:01","modified_gmt":"2022-10-30T09:34:01","slug":"enlaces-interesantes","status":"publish","type":"page","link":"https:\/\/blogsaverroes.juntadeandalucia.es\/profematesjac\/enlaces-interesantes\/","title":{"rendered":"Enlaces interesantes"},"content":{"rendered":"<ul>\n<li><span style=\"font-size: 14pt\"><a href=\"http:\/\/www.alfonsogonzalez.es\/index.html\" target=\"_blank\" rel=\"noopener noreferrer\">Blog de Alfonso Gonz\u00e1lez<\/a><\/span><\/li>\n<li><span style=\"font-size: 14pt\"><a href=\"http:\/\/www.bibliotecaieshuelin.blogspot.com.es\/\" target=\"_blank\" rel=\"noopener noreferrer\">Blog de la biblioteca del IES Huelin<\/a><\/span><\/li>\n<li><span style=\"font-size: 14pt\"><a href=\"http:\/\/matematicas11235813.luismiglesias.es\/\" target=\"_blank\" rel=\"noopener noreferrer\">Blog de Luis Miguel Iglesias<\/a><\/span><\/li>\n<li><span style=\"font-size: 14pt\"><a href=\"https:\/\/calcme.com\/a\" target=\"_blank\" rel=\"noopener noreferrer\">Calculadora Calc Me<\/a><\/span><\/li>\n<li><span style=\"font-size: 14pt\"><a href=\"https:\/\/www.gaussianos.com\/\" target=\"_blank\" rel=\"noopener noreferrer\">Gaussianos<\/a><\/span><\/li>\n<li><span style=\"font-size: 14pt\"><a href=\"https:\/\/www.geogebra.org\/\" target=\"_blank\" rel=\"noopener noreferrer\">Geogebra<\/a><\/span><\/li>\n<li><span style=\"font-size: 14pt\"><a href=\"http:\/\/ieshuelin.com\/huelinwp\/\" target=\"_blank\" rel=\"noopener noreferrer\">IES Huelin<\/a><\/span><\/li>\n<li><span style=\"font-size: 14pt\"><a href=\"https:\/\/lacasadegauss.wordpress.com\/\" target=\"_blank\" rel=\"noopener noreferrer\">La casa de Gauss<\/a><\/span><\/li>\n<li><span style=\"font-size: 14pt\"><a href=\"https:\/\/lasmatematicas.eu\/\" target=\"_blank\" rel=\"noopener noreferrer\">Matem\u00e1ticas.eu<\/a><\/span><\/li>\n<li><span style=\"font-size: 14pt\"><a href=\"https:\/\/matematicascercanas.com\/\" target=\"_blank\" rel=\"noopener noreferrer\">Matem\u00e1ticas Cercanas<\/a><\/span><\/li>\n<li><span style=\"font-size: 14pt\"><a href=\"https:\/\/www.matematicasonline.es\/\" target=\"_blank\" rel=\"noopener noreferrer\">Matem\u00e1ticas Online<\/a><\/span><\/li>\n<li><span style=\"font-size: 14pt\"><a href=\"https:\/\/www.facebook.com\/SiySoloSiMath\/\" target=\"_blank\" rel=\"noopener noreferrer\">Si y Solo Si Math<\/a><\/span><\/li>\n<li><span style=\"font-size: 14pt\"><a href=\"http:\/\/www.unicoos.com\/asignatura\/matematicas\" target=\"_blank\" rel=\"noopener noreferrer\">Unicoos Matem\u00e1ticas<\/a><\/span><\/li>\n<li><span style=\"font-size: 14pt\"><a href=\"www.leermatematicas.es\" target=\"_blank\" rel=\"noopener noreferrer\">Leer Matem\u00e1ticas<\/a><\/span><\/li>\n<li><span style=\"font-size: 14pt\"><a href=\"http:\/\/www.matematicasentumundo.es\" target=\"_blank\" rel=\"noopener noreferrer\">Matem\u00e1ticas en tu mundo<\/a><\/span><\/li>\n<li><span style=\"font-size: 14pt\"><a href=\"https:\/\/bit.ly\/3FwXHQn\" target=\"_blank\" rel=\"noopener noreferrer\">Canal de Youtube de profematesjac<\/a><\/span><\/li>\n<\/ul>\n","protected":false},"excerpt":{"rendered":"<p>Blog de Alfonso Gonz\u00e1lez Blog de la biblioteca del IES Huelin Blog de Luis Miguel Iglesias Calculadora Calc Me Gaussianos Geogebra IES Huelin La casa de Gauss Matem\u00e1ticas.eu Matem\u00e1ticas Cercanas Matem\u00e1ticas Online Si y&#46;&#46;&#46;<\/p>\n","protected":false},"author":2794,"featured_media":0,"parent":0,"menu_order":0,"comment_status":"closed","ping_status":"closed","template":"","meta":{"ngg_post_thumbnail":0,"footnotes":""},"aioseo_notices":[],"post_mailing_queue_ids":[],"_links":{"self":[{"href":"https:\/\/blogsaverroes.juntadeandalucia.es\/profematesjac\/wp-json\/wp\/v2\/pages\/2119"}],"collection":[{"href":"https:\/\/blogsaverroes.juntadeandalucia.es\/profematesjac\/wp-json\/wp\/v2\/pages"}],"about":[{"href":"https:\/\/blogsaverroes.juntadeandalucia.es\/profematesjac\/wp-json\/wp\/v2\/types\/page"}],"author":[{"embeddable":true,"href":"https:\/\/blogsaverroes.juntadeandalucia.es\/profematesjac\/wp-json\/wp\/v2\/users\/2794"}],"replies":[{"embeddable":true,"href":"https:\/\/blogsaverroes.juntadeandalucia.es\/profematesjac\/wp-json\/wp\/v2\/comments?post=2119"}],"version-history":[{"count":8,"href":"https:\/\/blogsaverroes.juntadeandalucia.es\/profematesjac\/wp-json\/wp\/v2\/pages\/2119\/revisions"}],"predecessor-version":[{"id":4359,"href":"https:\/\/blogsaverroes.juntadeandalucia.es\/profematesjac\/wp-json\/wp\/v2\/pages\/2119\/revisions\/4359"}],"wp:attachment":[{"href":"https:\/\/blogsaverroes.juntadeandalucia.es\/profematesjac\/wp-json\/wp\/v2\/media?parent=2119"}],"curies":[{"name":"wp","href":"https:\/\/api.w.org\/{rel}","templated":true}]}}