{"id":23,"date":"2020-08-15T13:07:08","date_gmt":"2020-08-15T11:07:08","guid":{"rendered":"https:\/\/blogsaverroes.juntadeandalucia.es\/profesordiegoramos\/?page_id=23"},"modified":"2024-09-17T18:58:09","modified_gmt":"2024-09-17T16:58:09","slug":"2o-eso","status":"publish","type":"page","link":"https:\/\/blogsaverroes.juntadeandalucia.es\/profesordiegoramos\/2o-eso\/","title":{"rendered":"2\u00ba ESO"},"content":{"rendered":"<p><span style=\"font-family: arial, helvetica, sans-serif\">1\u00aa EVALUACI\u00d3N&nbsp;&nbsp;&nbsp;&nbsp;&nbsp;&nbsp;&nbsp;&nbsp;&nbsp;&nbsp;&nbsp;&nbsp;&nbsp;&nbsp;&nbsp;&nbsp;&nbsp;&nbsp;&nbsp;&nbsp;&nbsp;&nbsp;&nbsp;&nbsp;&nbsp;&nbsp;&nbsp;&nbsp;&nbsp;&nbsp;&nbsp;&nbsp;&nbsp;&nbsp;&nbsp;&nbsp;&nbsp;&nbsp;&nbsp;&nbsp;&nbsp;&nbsp;&nbsp;&nbsp;&nbsp;&nbsp;&nbsp;&nbsp;&nbsp;&nbsp;&nbsp;&nbsp;&nbsp;&nbsp;&nbsp;&nbsp;&nbsp;&nbsp;&nbsp;&nbsp;&nbsp;&nbsp;&nbsp;&nbsp;&nbsp;&nbsp;&nbsp;&nbsp;&nbsp;&nbsp;&nbsp;&nbsp;&nbsp;&nbsp;&nbsp;&nbsp;&nbsp;&nbsp;&nbsp;&nbsp;&nbsp;&nbsp;&nbsp;&nbsp;&nbsp;&nbsp;&nbsp;&nbsp;&nbsp;&nbsp;&nbsp;&nbsp;&nbsp;&nbsp;&nbsp;&nbsp;&nbsp;&nbsp;&nbsp; <span style=\"font-size: 18pt\"><strong><a href=\"https:\/\/drive.google.com\/file\/d\/1X08UDOpa4FK_g6tgmq0cnMqLaxSi90LU\/view?usp=sharing\">CALENDARIO DE EX\u00c1MENES 2\u00baA<\/a><\/strong><\/span><\/span><br \/>\n<span style=\"font-family: arial, helvetica, sans-serif\">&nbsp;&nbsp;&nbsp; <a href=\"https:\/\/blogsaverroes.juntadeandalucia.es\/profesordiegoramos\/2o-eso\/1-divisibilidadynumerosenteros\/\">1. N\u00fameros naturales<\/a><\/span><br \/>\n<span style=\"font-family: arial, helvetica, sans-serif\">&nbsp;&nbsp;&nbsp; <a href=\"https:\/\/blogsaverroes.juntadeandalucia.es\/profesordiegoramos\/2o-eso\/2-fraccionesydecimales\/\">2. N\u00fameros enteros<\/a><\/span><br \/>\n<span style=\"font-family: arial, helvetica, sans-serif\"><a href=\"https:\/\/blogsaverroes.juntadeandalucia.es\/profesordiegoramos\/2o-eso\/3-potenciasyraices\/\">3. N\u00fameros decimales y fracciones<\/a><\/span><\/p>\n<p>2\u00aa EVALUACI\u00d3N<br \/>\n<span style=\"font-family: arial, helvetica, sans-serif\"><a href=\"https:\/\/blogsaverroes.juntadeandalucia.es\/profesordiegoramos\/2o-eso\/4-proporcionalidad\/\">4. Proporcionalidad y porcentajes<\/a><\/span><\/p>\n<p><span style=\"font-family: arial, helvetica, sans-serif\">&nbsp;&nbsp;&nbsp; <a href=\"https:\/\/blogsaverroes.juntadeandalucia.es\/profesordiegoramos\/2o-eso\/5-expresionesalgebraicas\/\">5. \u00c1lgebra<\/a><\/span><br \/>\n<span style=\"font-family: arial, helvetica, sans-serif\">&nbsp;&nbsp;&nbsp;&nbsp;<a href=\"https:\/\/blogsaverroes.juntadeandalucia.es\/profesordiegoramos\/2o-eso\/6-ecuaciones\/\">6. Ecuaciones<\/a><\/span><\/p>\n<p>3\u00aa EVALUACI\u00d3N<\/p>\n<p><span style=\"font-family: arial, helvetica, sans-serif\">&nbsp;&nbsp;&nbsp;&nbsp;<a href=\"https:\/\/blogsaverroes.juntadeandalucia.es\/profesordiegoramos\/2o-eso\/7-sistemasdeecuaciones\/\">7. Sistemas de ecuaciones<\/a><\/span><br \/>\n<span style=\"font-family: arial, helvetica, sans-serif\">&nbsp;&nbsp;&nbsp;&nbsp;<a href=\"https:\/\/blogsaverroes.juntadeandalucia.es\/profesordiegoramos\/2o-eso\/8-funciones\/\">8. Teorema de Pit\u00e1goras. Semejanza<\/a><\/span><\/p>\n<p><span style=\"font-family: arial, helvetica, sans-serif\">&nbsp;&nbsp;&nbsp; <a href=\"https:\/\/blogsaverroes.juntadeandalucia.es\/profesordiegoramos\/2o-eso\/9-semejanzateoremadepitagoras\/\">9. Cuerpos geom\u00e9tricos. Medida del volumen<\/a><\/span><br \/>\n<span style=\"font-family: arial, helvetica, sans-serif\">&nbsp;&nbsp; <a href=\"https:\/\/blogsaverroes.juntadeandalucia.es\/profesordiegoramos\/2o-eso\/10-cuerposgeometricos\/\">10. Funciones<\/a><\/span><\/p>\n","protected":false},"excerpt":{"rendered":"<p>1\u00aa EVALUACI\u00d3N&nbsp;&nbsp;&nbsp;&nbsp;&nbsp;&nbsp;&nbsp;&nbsp;&nbsp;&nbsp;&nbsp;&nbsp;&nbsp;&nbsp;&nbsp;&nbsp;&nbsp;&nbsp;&nbsp;&nbsp;&nbsp;&nbsp;&nbsp;&nbsp;&nbsp;&nbsp;&nbsp;&nbsp;&nbsp;&nbsp;&nbsp;&nbsp;&nbsp;&nbsp;&nbsp;&nbsp;&nbsp;&nbsp;&nbsp;&nbsp;&nbsp;&nbsp;&nbsp;&nbsp;&nbsp;&nbsp;&nbsp;&nbsp;&nbsp;&nbsp;&nbsp;&nbsp;&nbsp;&nbsp;&nbsp;&nbsp;&nbsp;&nbsp;&nbsp;&nbsp;&nbsp;&nbsp;&nbsp;&nbsp;&nbsp;&nbsp;&nbsp;&nbsp;&nbsp;&nbsp;&nbsp;&nbsp;&nbsp;&nbsp;&nbsp;&nbsp;&nbsp;&nbsp;&nbsp;&nbsp;&nbsp;&nbsp;&nbsp;&nbsp;&nbsp;&nbsp;&nbsp;&nbsp;&nbsp;&nbsp;&nbsp;&nbsp;&nbsp;&nbsp;&nbsp;&nbsp;&nbsp;&nbsp;&nbsp; CALENDARIO DE EX\u00c1MENES 2\u00baA &nbsp;&nbsp;&nbsp; 1. N\u00fameros naturales &nbsp;&nbsp;&nbsp; 2. N\u00fameros enteros 3. N\u00fameros decimales y fracciones 2\u00aa EVALUACI\u00d3N 4. Proporcionalidad y porcentajes &nbsp;&nbsp;&nbsp; 5. \u00c1lgebra &nbsp;&nbsp;&nbsp;&nbsp;6. Ecuaciones 3\u00aa EVALUACI\u00d3N &nbsp;&nbsp;&nbsp;&nbsp;7. Sistemas&#46;&#46;&#46;<\/p>\n","protected":false},"author":10404,"featured_media":0,"parent":0,"menu_order":0,"comment_status":"closed","ping_status":"closed","template":"","meta":{"ngg_post_thumbnail":0,"footnotes":""},"aioseo_notices":[],"_links":{"self":[{"href":"https:\/\/blogsaverroes.juntadeandalucia.es\/profesordiegoramos\/wp-json\/wp\/v2\/pages\/23"}],"collection":[{"href":"https:\/\/blogsaverroes.juntadeandalucia.es\/profesordiegoramos\/wp-json\/wp\/v2\/pages"}],"about":[{"href":"https:\/\/blogsaverroes.juntadeandalucia.es\/profesordiegoramos\/wp-json\/wp\/v2\/types\/page"}],"author":[{"embeddable":true,"href":"https:\/\/blogsaverroes.juntadeandalucia.es\/profesordiegoramos\/wp-json\/wp\/v2\/users\/10404"}],"replies":[{"embeddable":true,"href":"https:\/\/blogsaverroes.juntadeandalucia.es\/profesordiegoramos\/wp-json\/wp\/v2\/comments?post=23"}],"version-history":[{"count":23,"href":"https:\/\/blogsaverroes.juntadeandalucia.es\/profesordiegoramos\/wp-json\/wp\/v2\/pages\/23\/revisions"}],"predecessor-version":[{"id":450,"href":"https:\/\/blogsaverroes.juntadeandalucia.es\/profesordiegoramos\/wp-json\/wp\/v2\/pages\/23\/revisions\/450"}],"wp:attachment":[{"href":"https:\/\/blogsaverroes.juntadeandalucia.es\/profesordiegoramos\/wp-json\/wp\/v2\/media?parent=23"}],"curies":[{"name":"wp","href":"https:\/\/api.w.org\/{rel}","templated":true}]}}