{"id":15,"date":"2020-06-03T13:20:01","date_gmt":"2020-06-03T11:20:01","guid":{"rendered":"https:\/\/blogsaverroes.juntadeandalucia.es\/profesorjesusramirez\/my-calendar\/"},"modified":"2022-11-16T17:29:37","modified_gmt":"2022-11-16T16:29:37","slug":"my-calendar","status":"publish","type":"page","link":"https:\/\/blogsaverroes.juntadeandalucia.es\/profesorjesusramirez\/my-calendar\/","title":{"rendered":"Contacta"},"content":{"rendered":"<div><strong>Jes\u00fas Ram\u00edrez<\/strong><\/div>\n<div>Profesor de la asignatura de Geograf\u00eda e historia.&nbsp;<\/div>\n<div>&nbsp;<\/div>\n<div class=\"confit-address\">DIRECCI\u00d3N: IES Prof. Tierno Galv\u00e1n, Alcal\u00e1 de Guada\u00edra.&nbsp;<\/div>\n<div>&nbsp;<\/div>\n<div>&nbsp;<\/div>\n<p><iframe loading=\"lazy\" src=\"https:\/\/www.google.com\/maps\/embed?pb=!1m18!1m12!1m3!1d3172.774968308967!2d-5.86107528469527!3d37.32415777984403!2m3!1f0!2f0!3f0!3m2!1i1024!2i768!4f13.1!3m3!1m2!1s0xd1264d41e90f9d7%3A0x95c55d4aa3a582e9!2sIES%20Profesor%20Tierno%20Galv%C3%A1n!5e0!3m2!1ses!2ses!4v1668616041990!5m2!1ses!2ses\" width=\"600\" height=\"450\"><\/iframe><\/p>\n<div>&nbsp;<\/div>\n<div class=\"confit-hours\"><strong>HORARIO DE TUTOR\u00cdA: <\/strong>Por determinar.&nbsp;<\/div>\n<div>&nbsp;<\/div>\n<p>La v\u00eda de contacto oficial con el profesor ser\u00e1 siempre a trav\u00e9s de iPasen y\/o el\/la tutor\/a del grupo.<\/p>\n<p><span style=\"color: #000000\">Recuerde siempre se\u00f1alar los siguientes datos: <strong>nombre del alumno\/a, curso y grupo.&nbsp;<\/strong><\/span><\/p>\n<p>[bestwebsoft_contact_form]<\/p>\n<p>&nbsp;<\/p>\n","protected":false},"excerpt":{"rendered":"<p>Jes\u00fas Ram\u00edrez Profesor de la asignatura de Geograf\u00eda e historia.&nbsp; &nbsp; DIRECCI\u00d3N: IES Prof. Tierno Galv\u00e1n, Alcal\u00e1 de Guada\u00edra.&nbsp; &nbsp; &nbsp; &nbsp; HORARIO DE TUTOR\u00cdA: Por determinar.&nbsp; &nbsp; La v\u00eda de contacto oficial con el profesor ser\u00e1 siempre a trav\u00e9s de iPasen y\/o el\/la tutor\/a del grupo. Recuerde siempre se\u00f1alar los siguientes datos: nombre del &hellip; <\/p>\n<p class=\"link-more\"><a href=\"https:\/\/blogsaverroes.juntadeandalucia.es\/profesorjesusramirez\/my-calendar\/\" class=\"more-link\">Continuar leyendo<span class=\"screen-reader-text\"> \u00abContacta\u00bb<\/span><\/a><\/p>\n","protected":false},"author":9668,"featured_media":0,"parent":0,"menu_order":0,"comment_status":"closed","ping_status":"closed","template":"","meta":{"ngg_post_thumbnail":0,"footnotes":""},"aioseo_notices":[],"_links":{"self":[{"href":"https:\/\/blogsaverroes.juntadeandalucia.es\/profesorjesusramirez\/wp-json\/wp\/v2\/pages\/15"}],"collection":[{"href":"https:\/\/blogsaverroes.juntadeandalucia.es\/profesorjesusramirez\/wp-json\/wp\/v2\/pages"}],"about":[{"href":"https:\/\/blogsaverroes.juntadeandalucia.es\/profesorjesusramirez\/wp-json\/wp\/v2\/types\/page"}],"author":[{"embeddable":true,"href":"https:\/\/blogsaverroes.juntadeandalucia.es\/profesorjesusramirez\/wp-json\/wp\/v2\/users\/9668"}],"replies":[{"embeddable":true,"href":"https:\/\/blogsaverroes.juntadeandalucia.es\/profesorjesusramirez\/wp-json\/wp\/v2\/comments?post=15"}],"version-history":[{"count":23,"href":"https:\/\/blogsaverroes.juntadeandalucia.es\/profesorjesusramirez\/wp-json\/wp\/v2\/pages\/15\/revisions"}],"predecessor-version":[{"id":523,"href":"https:\/\/blogsaverroes.juntadeandalucia.es\/profesorjesusramirez\/wp-json\/wp\/v2\/pages\/15\/revisions\/523"}],"wp:attachment":[{"href":"https:\/\/blogsaverroes.juntadeandalucia.es\/profesorjesusramirez\/wp-json\/wp\/v2\/media?parent=15"}],"curies":[{"name":"wp","href":"https:\/\/api.w.org\/{rel}","templated":true}]}}