{"id":27,"date":"2020-01-09T12:40:13","date_gmt":"2020-01-09T11:40:13","guid":{"rendered":"http:\/\/blogsaverroes.juntadeandalucia.es\/pre\/nuevoceip2v2\/?page_id=27"},"modified":"2024-09-26T09:12:10","modified_gmt":"2024-09-26T08:12:10","slug":"actividades-extraescolares","status":"publish","type":"page","link":"https:\/\/blogsaverroes.juntadeandalucia.es\/profesortiernogalvan\/actividades-extraescolares\/","title":{"rendered":"Actividades extraescolares"},"content":{"rendered":"<p><span style=\"color: #000000\">Para el <strong><span style=\"text-decoration: underline\">curso escolar 2024-25<\/span><\/strong>, ofrecemos las siguientes actividades extraescolares:<\/span><\/p>\n<ul style=\"list-style-type: circle\">\n<li>\n<h1 class=\"title\"><strong><span class=\"field field--name-title field--type-string field--label-hidden\" style=\"font-size: 12pt\">Programa de Refuerzo de la Lengua Extranjera (PREX)<\/span><\/strong><\/h1>\n<\/li>\n<\/ul>\n<p style=\"padding-left: 40px\">&nbsp; &nbsp; &nbsp; &nbsp; &nbsp; El Programa se concibe como el conjunto de actuaciones dirigidas a reforzar el aprendizaje de la primera lengua extranjera, incidiendo en la comprensi\u00f3n auditiva y expresi\u00f3n e interacci\u00f3n oral desde edades tempranas, en aquellos centros docentes p\u00fablicos de Educaci\u00f3n Primaria que no imparten ense\u00f1anza biling\u00fce, con el fin de mejorar la competencia comunicativa del alumnado en dicha lengua.<\/p>\n<div class=\"separacionCapas\">&nbsp; &nbsp; &nbsp; &nbsp; &nbsp; Est\u00e1 dirigido al alumnado de <strong>1\u00ba, 2\u00ba y 3\u00ba de Primaria<\/strong>&nbsp;de centros escolares no biling\u00fces.<\/div>\n<div class=\"separacionCapas\">&nbsp; &nbsp; &nbsp; &nbsp; &nbsp; El&nbsp; Acompa\u00f1amiento se lleva a cabo en horario extraescolar: Martes y jueves de 16 a 17 horas.<\/div>\n<div>&nbsp;<\/div>\n<ul style=\"list-style-type: circle\">\n<li><span style=\"font-size: 12pt;color: #000000\"><strong>PROA (PROGRAMA DE REFUERZO, ORIENTACI\u00d3N Y APOYO EN LOS CENTROS DOCENTES P\u00daBLICOS)<\/strong><\/span><\/li>\n<\/ul>\n<p style=\"padding-left: 40px\">&nbsp; &nbsp; &nbsp; &nbsp; &nbsp;El PROA Andaluc\u00eda se concibe como un conjunto de actuaciones dirigidas a mejorar el grado de adquisici\u00f3n de las competencias clave y la motivaci\u00f3n del alumnado con necesidades espec\u00edficas de apoyo educativo por precisar&nbsp; acciones de car\u00e1cter compensatorio, que en el caso del alumnado de origen extranjero, adem\u00e1s, pretenden conseguir&nbsp; un nivel adecuado de uso del espa\u00f1ol como lengua vehicular. Dichas acciones est\u00e1n dirigidas a evitar el riesgo de abandono temprano del sistema educativo, y complementar las acciones encaminadas a la mejora del \u00e9xito escolar, que se desarrollan en los centros docentes p\u00fablicos andaluces.<\/p>\n<p>&nbsp; &nbsp; &nbsp; &nbsp; &nbsp; Est\u00e1 dirigido al alumnado de<strong> 3\u00ba a 6\u00ba de Primaria y primer ciclo de ESO<\/strong> de centros escolares p\u00fablicos.<\/p>\n<div class=\"separacionCapas\">&nbsp; &nbsp; &nbsp; &nbsp; &nbsp; El Acompa\u00f1amiento se lleva a cabo en horario extraescolar: A\u00fan por determinar.<\/div>\n<div>&nbsp;<\/div>\n<div>&nbsp;<\/div>\n","protected":false},"excerpt":{"rendered":"<p>Para el curso escolar 2024-25, ofrecemos las siguientes actividades extraescolares: Programa de Refuerzo de la Lengua Extranjera (PREX) &nbsp; &nbsp; &nbsp; &nbsp; &nbsp; El Programa se concibe como el conjunto de actuaciones dirigidas a reforzar el aprendizaje de la primera lengua extranjera, incidiendo en la comprensi\u00f3n auditiva y expresi\u00f3n e interacci\u00f3n oral desde edades tempranas, [&hellip;]<\/p>\n","protected":false},"author":2026,"featured_media":0,"parent":0,"menu_order":0,"comment_status":"closed","ping_status":"closed","template":"","meta":{"_et_pb_use_builder":"off","_et_pb_old_content":"","_et_gb_content_width":"","ngg_post_thumbnail":0,"footnotes":""},"aioseo_notices":[],"_links":{"self":[{"href":"https:\/\/blogsaverroes.juntadeandalucia.es\/profesortiernogalvan\/wp-json\/wp\/v2\/pages\/27"}],"collection":[{"href":"https:\/\/blogsaverroes.juntadeandalucia.es\/profesortiernogalvan\/wp-json\/wp\/v2\/pages"}],"about":[{"href":"https:\/\/blogsaverroes.juntadeandalucia.es\/profesortiernogalvan\/wp-json\/wp\/v2\/types\/page"}],"author":[{"embeddable":true,"href":"https:\/\/blogsaverroes.juntadeandalucia.es\/profesortiernogalvan\/wp-json\/wp\/v2\/users\/2026"}],"replies":[{"embeddable":true,"href":"https:\/\/blogsaverroes.juntadeandalucia.es\/profesortiernogalvan\/wp-json\/wp\/v2\/comments?post=27"}],"version-history":[{"count":12,"href":"https:\/\/blogsaverroes.juntadeandalucia.es\/profesortiernogalvan\/wp-json\/wp\/v2\/pages\/27\/revisions"}],"predecessor-version":[{"id":1121,"href":"https:\/\/blogsaverroes.juntadeandalucia.es\/profesortiernogalvan\/wp-json\/wp\/v2\/pages\/27\/revisions\/1121"}],"wp:attachment":[{"href":"https:\/\/blogsaverroes.juntadeandalucia.es\/profesortiernogalvan\/wp-json\/wp\/v2\/media?parent=27"}],"curies":[{"name":"wp","href":"https:\/\/api.w.org\/{rel}","templated":true}]}}