{"id":33,"date":"2020-01-09T12:42:06","date_gmt":"2020-01-09T11:42:06","guid":{"rendered":"http:\/\/blogsaverroes.juntadeandalucia.es\/pre\/nuevoceip2v2\/?page_id=33"},"modified":"2021-12-26T20:20:58","modified_gmt":"2021-12-26T19:20:58","slug":"aula-matinal","status":"publish","type":"page","link":"https:\/\/blogsaverroes.juntadeandalucia.es\/profesortiernogalvan\/aula-matinal\/","title":{"rendered":"Aula matinal"},"content":{"rendered":"<p class=\"p_tc\"><span style=\"font-family: verdana, geneva, sans-serif;font-size: 12pt\"><img loading=\"lazy\" decoding=\"async\" class=\"wp-image-842 alignleft\" src=\"https:\/\/blogsaverroes.juntadeandalucia.es\/profesortiernogalvan\/files\/2021\/12\/aula-matinal2-300x264.png\" alt=\"\" width=\"247\" height=\"217\" srcset=\"https:\/\/blogsaverroes.juntadeandalucia.es\/profesortiernogalvan\/files\/2021\/12\/aula-matinal2-300x264.png 300w, https:\/\/blogsaverroes.juntadeandalucia.es\/profesortiernogalvan\/files\/2021\/12\/aula-matinal2.png 468w\" sizes=\"(max-width: 247px) 100vw, 247px\" \/>El Aula Matinal surge por la necesidad de ofrecer una ampliaci\u00f3n del horario de la ma\u00f1ana, para ayudar as\u00ed a los horarios de trabajo de los padres y las madres. Es una respuesta a la demanda, provocada por la incorporaci\u00f3n al mercado laboral de ambos miembros de la pareja y los cambios en las familias.<\/span><\/p>\n<p class=\"p_tc\"><span style=\"font-family: verdana, geneva, sans-serif;font-size: 12pt\">Este espacio no es un servicio de guarder\u00eda para ni\u00f1os y ni\u00f1as que tienen que estar temprano en el colegio, sino que es necesario que se estructure como espacio participativo y activo.<\/span><\/p>\n<p><span style=\"font-family: verdana, geneva, sans-serif;font-size: 12pt\">El&nbsp;<strong>aula matinal <\/strong>es un servicio que empieza a las 7:30 de la ma\u00f1ana y termina a las 9, que es el momento cuando comienzan las clases oficiales.<\/span><\/p>\n<p><span style=\"font-family: verdana, geneva, sans-serif;font-size: 12pt\">La empresa que gestiona este servicio en nuestro colegio es <strong>ATCOM SERVICIOS S.L.<\/strong><\/span><\/p>\n<p style=\"text-align: left\"><span style=\"font-family: verdana, geneva, sans-serif;font-size: 12pt\">Si lo desea, tambi\u00e9n puede ponerse en contacto con ellos a trav\u00e9s de su <a href=\"http:\/\/actcomservicios.com\/contacto\/\"><span style=\"color: #0000ff\">formulario de contacto<\/span><\/a>&nbsp;o en el correo electr\u00f3nico actcom@actcomservicios.com<\/span><\/p>\n<p>&nbsp;<\/p>\n<p>&nbsp;<\/p>\n","protected":false},"excerpt":{"rendered":"<p>El Aula Matinal surge por la necesidad de ofrecer una ampliaci\u00f3n del horario de la ma\u00f1ana, para ayudar as\u00ed a los horarios de trabajo de los padres y las madres. Es una respuesta a la demanda, provocada por la incorporaci\u00f3n al mercado laboral de ambos miembros de la pareja y los cambios en las familias. [&hellip;]<\/p>\n","protected":false},"author":2026,"featured_media":0,"parent":0,"menu_order":0,"comment_status":"closed","ping_status":"closed","template":"","meta":{"_et_pb_use_builder":"off","_et_pb_old_content":"","_et_gb_content_width":"","ngg_post_thumbnail":0,"footnotes":""},"aioseo_notices":[],"_links":{"self":[{"href":"https:\/\/blogsaverroes.juntadeandalucia.es\/profesortiernogalvan\/wp-json\/wp\/v2\/pages\/33"}],"collection":[{"href":"https:\/\/blogsaverroes.juntadeandalucia.es\/profesortiernogalvan\/wp-json\/wp\/v2\/pages"}],"about":[{"href":"https:\/\/blogsaverroes.juntadeandalucia.es\/profesortiernogalvan\/wp-json\/wp\/v2\/types\/page"}],"author":[{"embeddable":true,"href":"https:\/\/blogsaverroes.juntadeandalucia.es\/profesortiernogalvan\/wp-json\/wp\/v2\/users\/2026"}],"replies":[{"embeddable":true,"href":"https:\/\/blogsaverroes.juntadeandalucia.es\/profesortiernogalvan\/wp-json\/wp\/v2\/comments?post=33"}],"version-history":[{"count":10,"href":"https:\/\/blogsaverroes.juntadeandalucia.es\/profesortiernogalvan\/wp-json\/wp\/v2\/pages\/33\/revisions"}],"predecessor-version":[{"id":847,"href":"https:\/\/blogsaverroes.juntadeandalucia.es\/profesortiernogalvan\/wp-json\/wp\/v2\/pages\/33\/revisions\/847"}],"wp:attachment":[{"href":"https:\/\/blogsaverroes.juntadeandalucia.es\/profesortiernogalvan\/wp-json\/wp\/v2\/media?parent=33"}],"curies":[{"name":"wp","href":"https:\/\/api.w.org\/{rel}","templated":true}]}}