{"id":35,"date":"2020-01-09T12:42:54","date_gmt":"2020-01-09T11:42:54","guid":{"rendered":"http:\/\/blogsaverroes.juntadeandalucia.es\/pre\/nuevoceip2v2\/?page_id=35"},"modified":"2022-01-10T22:00:49","modified_gmt":"2022-01-10T21:00:49","slug":"biblioteca","status":"publish","type":"page","link":"https:\/\/blogsaverroes.juntadeandalucia.es\/profesortiernogalvan\/biblioteca\/","title":{"rendered":"Biblioteca"},"content":{"rendered":"<p>[et_pb_section fb_built=&#8221;1&#8243; _builder_version=&#8221;3.23.3&#8243; custom_padding=&#8221;0px||0px|&#8221; z_index_tablet=&#8221;500&#8243; box_shadow_horizontal_tablet=&#8221;0px&#8221; box_shadow_vertical_tablet=&#8221;0px&#8221; box_shadow_blur_tablet=&#8221;40px&#8221; box_shadow_spread_tablet=&#8221;0px&#8221;][et_pb_row _builder_version=&#8221;3.25&#8243; background_size=&#8221;initial&#8221; background_position=&#8221;top_left&#8221; background_repeat=&#8221;repeat&#8221;][et_pb_column type=&#8221;4_4&#8243; _builder_version=&#8221;3.25&#8243; custom_padding=&#8221;|||&#8221; custom_padding__hover=&#8221;|||&#8221;][et_pb_image src=&#8221;https:\/\/blogsaverroes.juntadeandalucia.es\/profesortiernogalvan\/files\/2022\/01\/fotos-biblioteca.png&#8221; title_text=&#8221;cabecera-interior-4&#8243; admin_label=&#8221;Imagen de la portada&#8221; _builder_version=&#8221;4.5.0&#8243; module_alignment=&#8221;center&#8221; height=&#8221;377px&#8221; z_index_tablet=&#8221;500&#8243; box_shadow_horizontal_tablet=&#8221;0px&#8221; box_shadow_vertical_tablet=&#8221;0px&#8221; box_shadow_blur_tablet=&#8221;40px&#8221; box_shadow_spread_tablet=&#8221;0px&#8221; custom_padding=&#8221;0px|||0px||&#8221;][\/et_pb_image][et_pb_text admin_label=&#8221;Texto descriptivo&#8221; _builder_version=&#8221;3.27.4&#8243; z_index_tablet=&#8221;500&#8243; text_text_shadow_horizontal_length_tablet=&#8221;0px&#8221; text_text_shadow_vertical_length_tablet=&#8221;0px&#8221; text_text_shadow_blur_strength_tablet=&#8221;1px&#8221; link_text_shadow_horizontal_length_tablet=&#8221;0px&#8221; link_text_shadow_vertical_length_tablet=&#8221;0px&#8221; link_text_shadow_blur_strength_tablet=&#8221;1px&#8221; ul_text_shadow_horizontal_length_tablet=&#8221;0px&#8221; ul_text_shadow_vertical_length_tablet=&#8221;0px&#8221; ul_text_shadow_blur_strength_tablet=&#8221;1px&#8221; ol_text_shadow_horizontal_length_tablet=&#8221;0px&#8221; ol_text_shadow_vertical_length_tablet=&#8221;0px&#8221; ol_text_shadow_blur_strength_tablet=&#8221;1px&#8221; quote_text_shadow_horizontal_length_tablet=&#8221;0px&#8221; quote_text_shadow_vertical_length_tablet=&#8221;0px&#8221; quote_text_shadow_blur_strength_tablet=&#8221;1px&#8221; header_text_shadow_horizontal_length_tablet=&#8221;0px&#8221; header_text_shadow_vertical_length_tablet=&#8221;0px&#8221; header_text_shadow_blur_strength_tablet=&#8221;1px&#8221; header_2_text_shadow_horizontal_length_tablet=&#8221;0px&#8221; header_2_text_shadow_vertical_length_tablet=&#8221;0px&#8221; header_2_text_shadow_blur_strength_tablet=&#8221;1px&#8221; header_3_text_shadow_horizontal_length_tablet=&#8221;0px&#8221; header_3_text_shadow_vertical_length_tablet=&#8221;0px&#8221; header_3_text_shadow_blur_strength_tablet=&#8221;1px&#8221; header_4_text_shadow_horizontal_length_tablet=&#8221;0px&#8221; header_4_text_shadow_vertical_length_tablet=&#8221;0px&#8221; header_4_text_shadow_blur_strength_tablet=&#8221;1px&#8221; header_5_text_shadow_horizontal_length_tablet=&#8221;0px&#8221; header_5_text_shadow_vertical_length_tablet=&#8221;0px&#8221; header_5_text_shadow_blur_strength_tablet=&#8221;1px&#8221; header_6_text_shadow_horizontal_length_tablet=&#8221;0px&#8221; header_6_text_shadow_vertical_length_tablet=&#8221;0px&#8221; header_6_text_shadow_blur_strength_tablet=&#8221;1px&#8221; box_shadow_horizontal_tablet=&#8221;0px&#8221; box_shadow_vertical_tablet=&#8221;0px&#8221; box_shadow_blur_tablet=&#8221;40px&#8221; box_shadow_spread_tablet=&#8221;0px&#8221;]<\/p>\n<h2>Biblioteca escolar<\/h2>\n<p><span>Nuestra\u00a0<\/span><a href=\"https:\/\/www.google.es\/search?biw=1917&amp;bih=889&amp;tbm=isch&amp;sa=1&amp;q=bibliotecas+escolares&amp;oq=bibliotecas+escolares&amp;gs_l=psy-ab.3..0i67k1j0l3.10812.10812.0.10984.1.1.0.0.0.0.85.85.1.1.0....0...1.1.64.psy-ab..0.1.84....0.4mqrR8QW-bU\" target=\"_blank\" rel=\"noopener noreferrer\"><b>biblioteca escola<\/b><strong>r<\/strong><\/a><span>\u00a0es una espacio organizado por recursos para el aprendizaje dentro del centro educativo, que\u00a0<\/span><b>ofrece igualdad de oportunidades al alumnado en cuanto al acceso a la informaci\u00f3n, la lectura y la cultura<\/b><span>. Asimismo, es un lugar donde se producen procesos de ense\u00f1anza aprendizaje, interacciones sociales, culturales y de instrucci\u00f3n que dan respuesta a las necesidades de los estudiantes.<\/span><\/p>\n<p>Los <span style=\"text-decoration: underline\">principales beneficios<\/span> que aporta este lugar son los siguientes:<span><\/span><\/p>\n<ul>\n<li><b>Despierta el inter\u00e9s por la lectura:<\/b><span>\u00a0La biblioteca ayuda a crear un h\u00e1bito lector y concebir la lectura como una actividad de placer.<\/span><\/li>\n<li><b>Fomenta la lectura y la escritura,<span>\u00a0<\/span><\/b><span>desarrollando competencias lectoras necesarias para la vida cotidiana.<\/span><\/li>\n<li><b>Contribuye a compensar las \u00a0desigualdades:<\/b><span>\u00a0La biblioteca escolar proporciona los materiales y herramientas necesarias a aquellos que no disponen de recursos, promoviendo as\u00ed una educaci\u00f3n de equidad.<\/span><\/li>\n<li><b>Difunde cultura:<\/b><span>\u00a0Gracias a los libros, la documentaci\u00f3n y las tecnolog\u00edas podemos acceder a cualquier tipo de informaci\u00f3n fiable.<\/span><\/li>\n<li><b>Promueve actitudes reflexivas:<\/b><span>\u00a0La biblioteca debe desarrollar la capacidad cr\u00edtica de sus usuarios para poder crear, mediante su propio an\u00e1lisis, una opini\u00f3n argumentada.<\/span><\/li>\n<li><b>Fomenta valores:<span>\u00a0<\/span><\/b><span>La biblioteca escolar es un espacio plural y abierto, donde puedan participar todos los agentes educativos intercambiando experiencias.<\/span><\/li>\n<\/ul>\n<p><span><\/span><\/p>\n<p>&nbsp;<\/p>\n<p>[\/et_pb_text][\/et_pb_column][\/et_pb_row][\/et_pb_section]<\/p>\n","protected":false},"excerpt":{"rendered":"<p>Biblioteca escolar Nuestra\u00a0biblioteca escolar\u00a0es una espacio organizado por recursos para el aprendizaje dentro del centro educativo, que\u00a0ofrece igualdad de oportunidades al alumnado en cuanto al acceso a la informaci\u00f3n, la lectura y la cultura. Asimismo, es un lugar donde se producen procesos de ense\u00f1anza aprendizaje, interacciones sociales, culturales y de instrucci\u00f3n que dan respuesta a [&hellip;]<\/p>\n","protected":false},"author":2026,"featured_media":0,"parent":0,"menu_order":0,"comment_status":"closed","ping_status":"closed","template":"","meta":{"_et_pb_use_builder":"on","_et_pb_old_content":"","_et_gb_content_width":"","ngg_post_thumbnail":0,"footnotes":""},"aioseo_notices":[],"_links":{"self":[{"href":"https:\/\/blogsaverroes.juntadeandalucia.es\/profesortiernogalvan\/wp-json\/wp\/v2\/pages\/35"}],"collection":[{"href":"https:\/\/blogsaverroes.juntadeandalucia.es\/profesortiernogalvan\/wp-json\/wp\/v2\/pages"}],"about":[{"href":"https:\/\/blogsaverroes.juntadeandalucia.es\/profesortiernogalvan\/wp-json\/wp\/v2\/types\/page"}],"author":[{"embeddable":true,"href":"https:\/\/blogsaverroes.juntadeandalucia.es\/profesortiernogalvan\/wp-json\/wp\/v2\/users\/2026"}],"replies":[{"embeddable":true,"href":"https:\/\/blogsaverroes.juntadeandalucia.es\/profesortiernogalvan\/wp-json\/wp\/v2\/comments?post=35"}],"version-history":[{"count":5,"href":"https:\/\/blogsaverroes.juntadeandalucia.es\/profesortiernogalvan\/wp-json\/wp\/v2\/pages\/35\/revisions"}],"predecessor-version":[{"id":899,"href":"https:\/\/blogsaverroes.juntadeandalucia.es\/profesortiernogalvan\/wp-json\/wp\/v2\/pages\/35\/revisions\/899"}],"wp:attachment":[{"href":"https:\/\/blogsaverroes.juntadeandalucia.es\/profesortiernogalvan\/wp-json\/wp\/v2\/media?parent=35"}],"curies":[{"name":"wp","href":"https:\/\/api.w.org\/{rel}","templated":true}]}}