{"id":39,"date":"2020-01-09T12:44:11","date_gmt":"2020-01-09T11:44:11","guid":{"rendered":"http:\/\/blogsaverroes.juntadeandalucia.es\/pre\/nuevoceip2v2\/?page_id=39"},"modified":"2023-10-17T17:31:08","modified_gmt":"2023-10-17T16:31:08","slug":"comedor-escolar","status":"publish","type":"page","link":"https:\/\/blogsaverroes.juntadeandalucia.es\/profesortiernogalvan\/comedor-escolar\/","title":{"rendered":"Comedor escolar"},"content":{"rendered":"<p>[et_pb_section fb_built=&#8221;1&#8243; admin_label=&#8221;section&#8221; _builder_version=&#8221;3.22&#8243; global_colors_info=&#8221;{}&#8221;][et_pb_row admin_label=&#8221;row&#8221; _builder_version=&#8221;3.25&#8243; background_size=&#8221;initial&#8221; background_position=&#8221;top_left&#8221; background_repeat=&#8221;repeat&#8221; global_colors_info=&#8221;{}&#8221;][et_pb_column type=&#8221;4_4&#8243; _builder_version=&#8221;3.25&#8243; custom_padding=&#8221;|||&#8221; global_colors_info=&#8221;{}&#8221; custom_padding__hover=&#8221;|||&#8221;][et_pb_text admin_label=&#8221;Text&#8221; _builder_version=&#8221;3.27.4&#8243; background_size=&#8221;initial&#8221; background_position=&#8221;top_left&#8221; background_repeat=&#8221;repeat&#8221; global_colors_info=&#8221;{}&#8221;]<\/p>\n<p><span style=\"font-weight: 400;font-family: verdana, geneva, sans-serif;font-size: 12pt\">\u00a0<\/span><\/p>\n<p><span style=\"font-weight: 400;font-family: verdana, geneva, sans-serif;font-size: 12pt\"><img loading=\"lazy\" decoding=\"async\" class=\"wp-image-843 alignleft\" src=\"https:\/\/blogsaverroes.juntadeandalucia.es\/profesortiernogalvan\/files\/2021\/12\/LOGO-COMEDOR-ESCOLAR-300x300.jpg\" alt=\"\" width=\"275\" height=\"275\" \/><\/span><\/p>\n<p><span style=\"font-weight: 400;font-family: verdana, geneva, sans-serif;font-size: 12pt\">El <strong>grupo Mediterr\u00e1nea de catering<\/strong> es la empresa que gestiona el servicio de comedor\u00a0\u00a0<\/span><\/p>\n<p><span style=\"font-weight: 400;font-family: verdana, geneva, sans-serif;font-size: 12pt\">Los recibos de las cuotas del comedor se emitir\u00e1n a mes vencido entre 5-10 del siguiente mes, a excepci\u00f3n de los\u00a0 meses de septiembre y octubre que se emitir\u00e1n casi conjuntamente cuando hayan sido publicadas las bonificaciones\u00a0 definitivas, rogamos que lo tengan en cuenta para evitar posibles devoluciones.\u00a0<\/span><\/p>\n<p><span style=\"font-weight: 400;font-family: verdana, geneva, sans-serif;font-size: 12pt\">El pago del comedor se realizar\u00e1 solo y exclusivamente a trav\u00e9s de domiciliaci\u00f3n bancaria (el comensal solo podr\u00e1 tener asignado un \u00fanico n\u00famero de cuenta).\u00a0<\/span><\/p>\n<p><span style=\"font-weight: 400;font-family: verdana, geneva, sans-serif;font-size: 12pt\">Aquellos usuarios que no dispongan de n\u00famero de cta. bancaria causar\u00e1n baja inmediata en el comedor.\u00a0<\/span><\/p>\n<p><span style=\"font-weight: 400;font-family: verdana, geneva, sans-serif;font-size: 12pt\">Por causas motivadas de impago de recibo, la empresa adjudicataria del servicio podr\u00e1 autorizar en conjunto con el\u00a0 Centro la baja temporal o definitiva de los usuarios del servicio de comedor.\u00a0<\/span><\/p>\n<p><span style=\"font-family: verdana, geneva, sans-serif;font-size: 12pt\"><span style=\"font-weight: 400\">En el supuesto de falta de asistencia (d\u00edas sueltos), el comensal deber\u00e1 abonar el 100%, si no\u00a0 existe preaviso de <\/span><b>tres d\u00edas<\/b><span style=\"font-weight: 400\">.\u00a0<\/span><\/span><\/p>\n<p><span style=\"font-family: verdana, geneva, sans-serif;font-size: 12pt\"><span style=\"font-weight: 400\">La notificaci\u00f3n de la No asistencia o faltas este curso se debe de tramitar a trav\u00e9s de la web de padres (en el mes de\u00a0 septiembre y parte de octubre a\u00fan no est\u00e1n registrados correctamente todos los usuarios con sus bonificaciones por\u00a0 los cual le aconsejamos que la falta la tramite a trav\u00e9s del correo de administraci\u00f3n) y en el caso de que no est\u00e9\u00a0 registrado puede enviarlo a <\/span><b>administracion.andalucia@mediterranea-group.com <\/b><span style=\"font-weight: 400\">con un preaviso de <\/span><b>tres d\u00edas <\/b><span style=\"font-weight: 400\">(no\u00a0 se contesta a estos mails, existe una respuesta autom\u00e1tica para garantizar su recepci\u00f3n).\u00a0<\/span><\/span><\/p>\n<p><span style=\"font-weight: 400;font-family: verdana, geneva, sans-serif;font-size: 12pt\">En el caso de enfermedad, se le descontar\u00e1 la No asistencia del alumn@ al comedor hasta el mismo d\u00eda del servicio,\u00a0 aportando justificaci\u00f3n\/cita m\u00e9dica al mismo correo electr\u00f3nico.\u00a0<\/span><\/p>\n<p><span style=\"font-weight: 400;font-family: verdana, geneva, sans-serif;font-size: 12pt\">El resto de las incidencias se tramitar\u00e1n a trav\u00e9s del mismo mail y le daremos una contestaci\u00f3n a la mayor brevedad posible.\u00a0<\/span><\/p>\n<p><span style=\"font-family: verdana, geneva, sans-serif;font-size: 12pt\"><span style=\"font-weight: 400\">Si el alumno requiere una <\/span><b>dieta especial <\/b><span style=\"font-weight: 400\">debe aportar informe del alerg\u00f3logo\/pediatra y la dieta la recibir\u00e1n en el\u00a0 centro a los 10 d\u00edas de la recepci\u00f3n del informe m\u00e9dico al mail <\/span><span style=\"font-weight: 400\">dietetica.andalucia@mediterranea-group.com <\/span><span style=\"font-weight: 400\">. <\/span><\/span><\/p>\n<p><span style=\"font-weight: 400;font-family: verdana, geneva, sans-serif;font-size: 12pt\">El enlace en el que pod\u00e9is consultar el men\u00fa de cada mes es el siguiente:\u00a0<\/span><\/p>\n<p><span style=\"font-family: verdana, geneva, sans-serif;font-size: 12pt;color: #0000ff\"><a style=\"color: #0000ff\" href=\"https:\/\/drive.google.com\/drive\/folders\/1VNpqga1P2BNBV9bo-gmsQkCUE4fF7kXj?usp=sharing\"><span style=\"font-weight: 400\">https:\/\/drive.google.com\/drive\/folders\/1VNpqga1P2BNBV9bo-gmsQkCUE4fF7kXj?usp=sharing<\/span><\/a><\/span><\/p>\n<p>&nbsp;<\/p>\n<p>&nbsp;<\/p>\n<p>&nbsp;<\/p>\n<p>[\/et_pb_text][\/et_pb_column][\/et_pb_row][\/et_pb_section]<\/p>\n","protected":false},"excerpt":{"rendered":"<p>\u00a0 El grupo Mediterr\u00e1nea de catering es la empresa que gestiona el servicio de comedor\u00a0\u00a0 Los recibos de las cuotas del comedor se emitir\u00e1n a mes vencido entre 5-10 del siguiente mes, a excepci\u00f3n de los\u00a0 meses de septiembre y octubre que se emitir\u00e1n casi conjuntamente cuando hayan sido publicadas las bonificaciones\u00a0 definitivas, rogamos que [&hellip;]<\/p>\n","protected":false},"author":2026,"featured_media":0,"parent":0,"menu_order":0,"comment_status":"closed","ping_status":"closed","template":"","meta":{"_et_pb_use_builder":"on","_et_pb_old_content":"<span style=\"font-weight: 400;font-family: verdana, geneva, sans-serif;font-size: 12pt\">&nbsp;<\/span>\r\n\r\n<span style=\"font-weight: 400;font-family: verdana, geneva, sans-serif;font-size: 12pt\"><img class=\"wp-image-843 alignleft\" src=\"https:\/\/blogsaverroes.juntadeandalucia.es\/profesortiernogalvan\/files\/2021\/12\/LOGO-COMEDOR-ESCOLAR-300x300.jpg\" alt=\"\" width=\"275\" height=\"275\"><\/span>\r\n\r\n<span style=\"font-weight: 400;font-family: verdana, geneva, sans-serif;font-size: 12pt\">El <strong>grupo Mediterr\u00e1nea de catering<\/strong> es la empresa que gestiona el servicio de comedor&nbsp;&nbsp;<\/span>\r\n\r\n<span style=\"font-weight: 400;font-family: verdana, geneva, sans-serif;font-size: 12pt\">Los recibos de las cuotas del comedor se emitir\u00e1n a mes vencido entre 5-10 del siguiente mes, a excepci\u00f3n de los&nbsp; meses de septiembre y octubre que se emitir\u00e1n casi conjuntamente cuando hayan sido publicadas las bonificaciones&nbsp; definitivas, rogamos que lo tengan en cuenta para evitar posibles devoluciones.&nbsp;<\/span>\r\n\r\n<span style=\"font-weight: 400;font-family: verdana, geneva, sans-serif;font-size: 12pt\">El pago del comedor se realizar\u00e1 solo y exclusivamente a trav\u00e9s de domiciliaci\u00f3n bancaria (el comensal solo podr\u00e1 tener asignado un \u00fanico n\u00famero de cuenta).&nbsp;<\/span>\r\n\r\n<span style=\"font-weight: 400;font-family: verdana, geneva, sans-serif;font-size: 12pt\">Aquellos usuarios que no dispongan de n\u00famero de cta. bancaria causar\u00e1n baja inmediata en el comedor.&nbsp;<\/span>\r\n\r\n<span style=\"font-weight: 400;font-family: verdana, geneva, sans-serif;font-size: 12pt\">Por causas motivadas de impago de recibo, la empresa adjudicataria del servicio podr\u00e1 autorizar en conjunto con el&nbsp; Centro la baja temporal o definitiva de los usuarios del servicio de comedor.&nbsp;<\/span>\r\n\r\n<span style=\"font-family: verdana, geneva, sans-serif;font-size: 12pt\"><span style=\"font-weight: 400\">En el supuesto de falta de asistencia (d\u00edas sueltos), el comensal deber\u00e1 abonar el 100%, si no&nbsp; existe preaviso de <\/span><b>tres d\u00edas<\/b><span style=\"font-weight: 400\">.&nbsp;<\/span><\/span>\r\n\r\n<span style=\"font-family: verdana, geneva, sans-serif;font-size: 12pt\"><span style=\"font-weight: 400\">La notificaci\u00f3n de la No asistencia o faltas este curso se debe de tramitar a trav\u00e9s de la web de padres (en el mes de&nbsp; septiembre y parte de octubre a\u00fan no est\u00e1n registrados correctamente todos los usuarios con sus bonificaciones por&nbsp; los cual le aconsejamos que la falta la tramite a trav\u00e9s del correo de administraci\u00f3n) y en el caso de que no est\u00e9&nbsp; registrado puede enviarlo a <\/span><b>administracion.andalucia@mediterranea-group.com <\/b><span style=\"font-weight: 400\">con un preaviso de <\/span><b>tres d\u00edas <\/b><span style=\"font-weight: 400\">(no&nbsp; se contesta a estos mails, existe una respuesta autom\u00e1tica para garantizar su recepci\u00f3n).&nbsp;<\/span><\/span>\r\n\r\n<span style=\"font-weight: 400;font-family: verdana, geneva, sans-serif;font-size: 12pt\">En el caso de enfermedad, se le descontar\u00e1 la No asistencia del alumn@ al comedor hasta el mismo d\u00eda del servicio,&nbsp; aportando justificaci\u00f3n\/cita m\u00e9dica al mismo correo electr\u00f3nico.&nbsp;<\/span>\r\n\r\n<span style=\"font-weight: 400;font-family: verdana, geneva, sans-serif;font-size: 12pt\">El resto de las incidencias se tramitar\u00e1n a trav\u00e9s del mismo mail y le daremos una contestaci\u00f3n a la mayor brevedad posible.&nbsp;<\/span>\r\n\r\n<span style=\"font-family: verdana, geneva, sans-serif;font-size: 12pt\"><span style=\"font-weight: 400\">Si el alumno requiere una <\/span><b>dieta especial <\/b><span style=\"font-weight: 400\">debe aportar informe del alerg\u00f3logo\/pediatra y la dieta la recibir\u00e1n en el&nbsp; centro a los 10 d\u00edas de la recepci\u00f3n del informe m\u00e9dico al mail <\/span><span style=\"font-weight: 400\">dietetica.andalucia@mediterranea-group.com <\/span><span style=\"font-weight: 400\">. <\/span><\/span>\r\n\r\n<span style=\"font-weight: 400;font-family: verdana, geneva, sans-serif;font-size: 12pt\">El enlace en el que pod\u00e9is consultar el men\u00fa de cada mes es el siguiente:&nbsp;<\/span>\r\n\r\n<span style=\"font-family: verdana, geneva, sans-serif;font-size: 12pt;color: #0000ff\"><a style=\"color: #0000ff\" href=\"https:\/\/drive.google.com\/drive\/folders\/1VNpqga1P2BNBV9bo-gmsQkCUE4fF7kXj?usp=sharing\"><span style=\"font-weight: 400\">https:\/\/drive.google.com\/drive\/folders\/1VNpqga1P2BNBV9bo-gmsQkCUE4fF7kXj?usp=sharing<\/span><\/a><\/span>\r\n\r\n<span style=\"font-family: verdana, geneva, sans-serif;font-size: 12pt\">El men\u00fa del mes de noviembre y diciembre lo pod\u00e9is ver aqu\u00ed:<\/span>\r\n\r\n<strong><span style=\"font-family: verdana, geneva, sans-serif;font-size: 12pt;color: #0000ff\"><a style=\"color: #0000ff\" href=\"https:\/\/blogsaverroes.juntadeandalucia.es\/profesortiernogalvan\/files\/2021\/11\/lineafriabloque3.pdf\">MEN\u00da NOV-DIC<\/a><\/span><\/strong>\r\n\r\n&nbsp;\r\n\r\n&nbsp;","_et_gb_content_width":"","ngg_post_thumbnail":0,"footnotes":""},"aioseo_notices":[],"_links":{"self":[{"href":"https:\/\/blogsaverroes.juntadeandalucia.es\/profesortiernogalvan\/wp-json\/wp\/v2\/pages\/39"}],"collection":[{"href":"https:\/\/blogsaverroes.juntadeandalucia.es\/profesortiernogalvan\/wp-json\/wp\/v2\/pages"}],"about":[{"href":"https:\/\/blogsaverroes.juntadeandalucia.es\/profesortiernogalvan\/wp-json\/wp\/v2\/types\/page"}],"author":[{"embeddable":true,"href":"https:\/\/blogsaverroes.juntadeandalucia.es\/profesortiernogalvan\/wp-json\/wp\/v2\/users\/2026"}],"replies":[{"embeddable":true,"href":"https:\/\/blogsaverroes.juntadeandalucia.es\/profesortiernogalvan\/wp-json\/wp\/v2\/comments?post=39"}],"version-history":[{"count":9,"href":"https:\/\/blogsaverroes.juntadeandalucia.es\/profesortiernogalvan\/wp-json\/wp\/v2\/pages\/39\/revisions"}],"predecessor-version":[{"id":1046,"href":"https:\/\/blogsaverroes.juntadeandalucia.es\/profesortiernogalvan\/wp-json\/wp\/v2\/pages\/39\/revisions\/1046"}],"wp:attachment":[{"href":"https:\/\/blogsaverroes.juntadeandalucia.es\/profesortiernogalvan\/wp-json\/wp\/v2\/media?parent=39"}],"curies":[{"name":"wp","href":"https:\/\/api.w.org\/{rel}","templated":true}]}}