{"id":41,"date":"2020-01-09T12:45:03","date_gmt":"2020-01-09T11:45:03","guid":{"rendered":"http:\/\/blogsaverroes.juntadeandalucia.es\/pre\/nuevoceip2v2\/?page_id=41"},"modified":"2021-12-26T19:41:02","modified_gmt":"2021-12-26T18:41:02","slug":"el-centro","status":"publish","type":"page","link":"https:\/\/blogsaverroes.juntadeandalucia.es\/profesortiernogalvan\/el-centro\/","title":{"rendered":"El centro"},"content":{"rendered":"<p><span style=\"font-weight: 400\"><img loading=\"lazy\" decoding=\"async\" class=\"size-medium wp-image-548 alignleft\" src=\"https:\/\/blogsaverroes.juntadeandalucia.es\/profesortiernogalvan\/files\/2021\/11\/entrada-300x225.jpg\" alt=\"\" width=\"300\" height=\"225\"><\/span><span style=\"font-weight: 400;font-family: verdana, geneva, sans-serif;font-size: 12pt\">El C.E.I.P. Profesor Tierno Galv\u00e1n est\u00e1 situado en la localidad&nbsp; pedan\u00eda de El Arrecife, ubicada en la campi\u00f1a cordobesa a 25 km de la capital y&nbsp; a 5 km de La Carlota, a cuyo Ayuntamiento pertenece.&nbsp;&nbsp;<\/span><\/p>\n<p><span style=\"font-weight: 400;font-family: verdana, geneva, sans-serif;font-size: 12pt\">El municipio de La Carlota cuenta con una poblaci\u00f3n total de 13.469&nbsp; habitantes, de los cuales, alrededor de 1500 pertenecen al municipio de El&nbsp; Arrecife, con un total de 192 alumnos\/as matriculados en el CENTRO escolar&nbsp; para el curso 2020-21.&nbsp;<\/span><\/p>\n<p><span style=\"font-weight: 400;font-family: verdana, geneva, sans-serif;font-size: 12pt\">Se trata de un edificio de dos plantas de altura dedicado a las tres aulas&nbsp; de Educaci\u00f3n Infantil, seis aulas de Educaci\u00f3n Primaria, dos aulas de E.S.O.,&nbsp; sala de profesores, dos espacios para tutor\u00edas, biblioteca, sala de inform\u00e1tica,&nbsp; espacios de aseos, sala de calefacci\u00f3n, secretar\u00eda y direcci\u00f3n, as\u00ed como las&nbsp; zonas de recreo y polideportivo, que se encuentra a desnivel de un metro con&nbsp; respecto al nivel de la calle y del edificio. Esto implica que para acceder a dicha&nbsp; zona debamos de utilizar escaleras o rampas, con el riesgo que representan&nbsp; para los alumnos\/as.&nbsp;<\/span><\/p>\n<p><span style=\"font-weight: 400;font-family: verdana, geneva, sans-serif;font-size: 12pt\">El CENTRO fue construido en dos fases y entregado en el curso 1986- 1987. Su superficie es de 4.500 metros cuadrados, de los cu\u00e1les la construcci\u00f3n&nbsp; de la planta es de unos 650 metros cuadrados y 300 metros cuadrados del&nbsp; gimnasio.&nbsp;<\/span><\/p>\n<p><span style=\"font-weight: 400;font-family: verdana, geneva, sans-serif;font-size: 12pt\">La distribuci\u00f3n de las dependencias de las que consta en el centro es la&nbsp; siguiente:&nbsp;<\/span><\/p>\n<p><span style=\"font-family: verdana, geneva, sans-serif;font-size: 12pt\"><span style=\"font-weight: 400\">&#8211; <\/span><span style=\"font-weight: 400\">En la planta baja, se encuentran las tres unidades de Educaci\u00f3n Infantil,&nbsp; sala de calefacci\u00f3n y las zonas comunes del centro: sala de profesores,&nbsp;<\/span><span style=\"font-weight: 400\">biblioteca, sala de material, aula de inform\u00e1tica, secretar\u00eda, direcci\u00f3n y la&nbsp; zona de aseos, tanto del alumnado como del profesorado.&nbsp;<\/span><\/span><\/p>\n<p><span style=\"font-family: verdana, geneva, sans-serif;font-size: 12pt\"><span style=\"font-weight: 400\">&#8211; <\/span><span style=\"font-weight: 400\">En la planta alta, se ubican las seis aulas de Educaci\u00f3n Primaria, dos&nbsp; aulas de E.S.O., dos tutor\u00edas, una de las cuales es utilizada como aula&nbsp; por el profesor de Apoyo y Refuerzo Pedag\u00f3gico y la zona de aseos de&nbsp; los alumnos\/as y del profesorado.&nbsp;<\/span><\/span><\/p>\n<p><span style=\"font-family: verdana, geneva, sans-serif;font-size: 12pt\"><span style=\"font-weight: 400\">&#8211; <\/span><span style=\"font-weight: 400\">Edificio de aula matinal y comedor.<\/span><\/span><\/p>\n<p><span style=\"font-family: verdana, geneva, sans-serif;font-size: 12pt\">Nuestro colegio tiene un himno propio que fue creado por m\u00fasicos profesionales en el curso escolar 2020-21. Os dejamos un enlace para que pod\u00e1is escucharlo.<\/span><\/p>\n<!--[if lt IE 9]><script>document.createElement('audio');<\/script><![endif]-->\n<audio class=\"wp-audio-shortcode\" id=\"audio-41-1\" preload=\"none\" style=\"width: 100%;\" controls=\"controls\"><source type=\"audio\/mpeg\" src=\"https:\/\/blogsaverroes.juntadeandalucia.es\/profesortiernogalvan\/files\/2021\/11\/himno-cole-definitivo.mp3?_=1\" \/><a href=\"https:\/\/blogsaverroes.juntadeandalucia.es\/profesortiernogalvan\/files\/2021\/11\/himno-cole-definitivo.mp3\">https:\/\/blogsaverroes.juntadeandalucia.es\/profesortiernogalvan\/files\/2021\/11\/himno-cole-definitivo.mp3<\/a><\/audio>\n<p>&nbsp;<\/p>\n<p>&nbsp;<\/p>\n","protected":false},"excerpt":{"rendered":"<p>El C.E.I.P. Profesor Tierno Galv\u00e1n est\u00e1 situado en la localidad&nbsp; pedan\u00eda de El Arrecife, ubicada en la campi\u00f1a cordobesa a 25 km de la capital y&nbsp; a 5 km de La Carlota, a cuyo Ayuntamiento pertenece.&nbsp;&nbsp; El municipio de La Carlota cuenta con una poblaci\u00f3n total de 13.469&nbsp; habitantes, de los cuales, alrededor de 1500 [&hellip;]<\/p>\n","protected":false},"author":2026,"featured_media":0,"parent":0,"menu_order":0,"comment_status":"closed","ping_status":"closed","template":"","meta":{"_et_pb_use_builder":"off","_et_pb_old_content":"","_et_gb_content_width":"","ngg_post_thumbnail":0,"footnotes":""},"aioseo_notices":[],"_links":{"self":[{"href":"https:\/\/blogsaverroes.juntadeandalucia.es\/profesortiernogalvan\/wp-json\/wp\/v2\/pages\/41"}],"collection":[{"href":"https:\/\/blogsaverroes.juntadeandalucia.es\/profesortiernogalvan\/wp-json\/wp\/v2\/pages"}],"about":[{"href":"https:\/\/blogsaverroes.juntadeandalucia.es\/profesortiernogalvan\/wp-json\/wp\/v2\/types\/page"}],"author":[{"embeddable":true,"href":"https:\/\/blogsaverroes.juntadeandalucia.es\/profesortiernogalvan\/wp-json\/wp\/v2\/users\/2026"}],"replies":[{"embeddable":true,"href":"https:\/\/blogsaverroes.juntadeandalucia.es\/profesortiernogalvan\/wp-json\/wp\/v2\/comments?post=41"}],"version-history":[{"count":6,"href":"https:\/\/blogsaverroes.juntadeandalucia.es\/profesortiernogalvan\/wp-json\/wp\/v2\/pages\/41\/revisions"}],"predecessor-version":[{"id":835,"href":"https:\/\/blogsaverroes.juntadeandalucia.es\/profesortiernogalvan\/wp-json\/wp\/v2\/pages\/41\/revisions\/835"}],"wp:attachment":[{"href":"https:\/\/blogsaverroes.juntadeandalucia.es\/profesortiernogalvan\/wp-json\/wp\/v2\/media?parent=41"}],"curies":[{"name":"wp","href":"https:\/\/api.w.org\/{rel}","templated":true}]}}