{"id":55,"date":"2020-01-09T12:48:16","date_gmt":"2020-01-09T11:48:16","guid":{"rendered":"http:\/\/blogsaverroes.juntadeandalucia.es\/pre\/nuevoceip2v2\/?page_id=55"},"modified":"2024-09-26T08:52:10","modified_gmt":"2024-09-26T07:52:10","slug":"planes-y-proyectos","status":"publish","type":"page","link":"https:\/\/blogsaverroes.juntadeandalucia.es\/profesortiernogalvan\/planes-y-proyectos\/","title":{"rendered":"Planes y Proyectos educativos"},"content":{"rendered":"<p>[et_pb_section fb_built=&#8221;1&#8243; admin_label=&#8221;section&#8221; _builder_version=&#8221;4.16&#8243; global_colors_info=&#8221;{}&#8221;][et_pb_row admin_label=&#8221;row&#8221; _builder_version=&#8221;4.16&#8243; background_size=&#8221;initial&#8221; background_position=&#8221;top_left&#8221; background_repeat=&#8221;repeat&#8221; global_colors_info=&#8221;{}&#8221;][et_pb_column type=&#8221;4_4&#8243; _builder_version=&#8221;4.16&#8243; custom_padding=&#8221;|||&#8221; global_colors_info=&#8221;{}&#8221; custom_padding__hover=&#8221;|||&#8221;][et_pb_text admin_label=&#8221;Text&#8221; _builder_version=&#8221;4.16&#8243; background_size=&#8221;initial&#8221; background_position=&#8221;top_left&#8221; background_repeat=&#8221;repeat&#8221; global_colors_info=&#8221;{}&#8221;]<\/p>\n<p><span style=\"font-family: verdana, geneva, sans-serif;font-size: 12pt\"><span style=\"color: #000000\">Los<\/span>\u00a0<span style=\"text-decoration: underline\"><span style=\"color: #0000ff;text-decoration: underline\">planes y proyectos educativos<\/span><\/span> <span style=\"color: #000000\">para este <em>curso 2024-25 <\/em>son los siguientes:<\/span><\/span><\/p>\n<p><span style=\"font-family: verdana, geneva, sans-serif;font-size: 12pt;color: #000000\">\u00a0<\/span><a href=\"https:\/\/www.juntadeandalucia.es\/educacion\/portals\/web\/ced\/plan-apertura\" target=\"_blank\" rel=\"noopener noreferrer\"><strong style=\"color: #0000ff;font-family: verdana, geneva, sans-serif;font-size: 12pt\"><img loading=\"lazy\" decoding=\"async\" class=\"alignnone wp-image-590\" src=\"https:\/\/blogsaverroes.juntadeandalucia.es\/profesortiernogalvan\/files\/2021\/11\/plan-apertura-300x102.png\" alt=\"\" width=\"299\" height=\"102\" \/>\u00a0 \u00a0 \u00a0<\/strong><\/a><strong style=\"color: #0000ff;font-family: verdana, geneva, sans-serif;font-size: 12pt\"><a href=\"https:\/\/www.juntadeandalucia.es\/educacion\/portals\/web\/convivencia-escolar\/red-escuela-espacio-de-paz\" target=\"_blank\" rel=\"noopener noreferrer\"><span style=\"font-family: verdana, geneva, sans-serif;font-size: 12pt;color: #000000\"><img loading=\"lazy\" decoding=\"async\" class=\"wp-image-587 alignnone\" style=\"color: #666666;font-family: 'Open Sans', Arial, sans-serif;font-size: 14px;font-weight: 500\" src=\"https:\/\/blogsaverroes.juntadeandalucia.es\/profesortiernogalvan\/files\/2021\/11\/escuela-espacio-de-paz-300x215.jpg\" alt=\"\" width=\"137\" height=\"99\" srcset=\"https:\/\/blogsaverroes.juntadeandalucia.es\/profesortiernogalvan\/files\/2021\/11\/escuela-espacio-de-paz-300x215.jpg 300w, https:\/\/blogsaverroes.juntadeandalucia.es\/profesortiernogalvan\/files\/2021\/11\/escuela-espacio-de-paz.jpg 400w\" sizes=\"(max-width: 137px) 100vw, 137px\" \/>\u00a0\u00a0\u00a0\u00a0 <\/span><\/a><a href=\"https:\/\/www.juntadeandalucia.es\/educacion\/portals\/web\/ced\/planesyprogramas\/proa-2021-2022\" target=\"_blank\" rel=\"noopener noreferrer\"><span style=\"font-size: 12pt;color: #000000\"><img loading=\"lazy\" decoding=\"async\" class=\"wp-image-592 alignnone\" src=\"https:\/\/blogsaverroes.juntadeandalucia.es\/profesortiernogalvan\/files\/2021\/11\/proa-imagen-asociada-300x172.jpg\" alt=\"\" width=\"173\" height=\"100\" srcset=\"https:\/\/blogsaverroes.juntadeandalucia.es\/profesortiernogalvan\/files\/2021\/11\/proa-imagen-asociada-300x172.jpg 300w, https:\/\/blogsaverroes.juntadeandalucia.es\/profesortiernogalvan\/files\/2021\/11\/proa-imagen-asociada.jpg 400w\" sizes=\"(max-width: 173px) 100vw, 173px\" \/>\u00a0 \u00a0 \u00a0 <\/span><\/a><a href=\"https:\/\/www.juntadeandalucia.es\/educacion\/portals\/web\/ced\/planesyprogramas\/detalle\/-\/contenidos\/detalle\/contenido-planes-educativos-igualdad-entre-hombres-y-mujeres\" target=\"_blank\" rel=\"noopener noreferrer\"><img loading=\"lazy\" decoding=\"async\" class=\"wp-image-591 alignnone\" src=\"https:\/\/blogsaverroes.juntadeandalucia.es\/profesortiernogalvan\/files\/2021\/11\/plan-de-igualdad-300x128.jpg\" alt=\"\" width=\"243\" height=\"104\" srcset=\"https:\/\/blogsaverroes.juntadeandalucia.es\/profesortiernogalvan\/files\/2021\/11\/plan-de-igualdad-300x128.jpg 300w, https:\/\/blogsaverroes.juntadeandalucia.es\/profesortiernogalvan\/files\/2021\/11\/plan-de-igualdad.jpg 302w\" sizes=\"(max-width: 243px) 100vw, 243px\" \/><\/a>\u00a0 \u00a0 \u00a0 \u00a0<\/strong><\/p>\n<ul style=\"list-style-type: circle\">\n<li><a href=\"https:\/\/www.juntadeandalucia.es\/educacion\/portals\/web\/ced\/plan-de-prevencion-de-riesgos-laborales\" target=\"_blank\" rel=\"noopener noreferrer\"><span style=\"font-family: verdana, geneva, sans-serif;font-size: 12pt;color: #000000\">Plan de Salud laboral y P.R.L.<\/span><\/a><\/li>\n<li><span style=\"font-family: verdana, geneva, sans-serif;font-size: 12pt;color: #000000\">Pr\u00e1cticum Grado Maestro.<\/span><a href=\"https:\/\/www.juntadeandalucia.es\/educacion\/portals\/web\/ced\/planesyprogramas\/detalle\/-\/contenidos\/detalle\/contenido-planes-educativos-igualdad-entre-hombres-y-mujeres\" target=\"_blank\" rel=\"noopener noreferrer\"><span style=\"font-family: verdana, geneva, sans-serif;font-size: 12pt;color: #000000\">\u00a0 \u00a0<\/span><\/a><\/li>\n<li><span style=\"color: #000000;font-size: 12pt\">PREX (Programa de Refuerzo de la Lengua Extranjera)<\/span><\/li>\n<li><span style=\"color: #000000;font-size: 12pt\">Actividad extraescolar de Conversaci\u00f3n en Ingl\u00e9s<\/span><\/li>\n<\/ul>\n<p>&nbsp;<\/p>\n<p><span style=\"text-decoration: underline\"><span style=\"font-family: verdana, geneva, sans-serif;font-size: 12pt;color: #0000ff;text-decoration: underline\"><strong>PROGRAMAS DE I<\/strong><\/span><strong style=\"color: #0000ff;font-family: verdana, geneva, sans-serif;font-size: 12pt;text-decoration: underline\">NNOVACI\u00d3N<\/strong><\/span><\/p>\n<blockquote><\/blockquote>\n<p><strong style=\"color: #0000ff;font-family: verdana, geneva, sans-serif;font-size: 12pt\"><a href=\"https:\/\/www.juntadeandalucia.es\/educacion\/portals\/web\/ced\/planesyprogramas\/digicraft\" target=\"_blank\" rel=\"noopener noreferrer\"><img loading=\"lazy\" decoding=\"async\" class=\"wp-image-593 alignnone\" src=\"https:\/\/blogsaverroes.juntadeandalucia.es\/profesortiernogalvan\/files\/2021\/11\/programa-digi.jpg\" alt=\"Programa Digitalizaci\u00f3n\" width=\"242\" height=\"140\" \/><\/a>\u00a0 \u00a0 \u00a0 <a href=\"https:\/\/www.juntadeandalucia.es\/educacion\/portals\/web\/habitos-vida-saludable\" target=\"_blank\" rel=\"noopener noreferrer\"><img loading=\"lazy\" decoding=\"async\" class=\"wp-image-588 size-medium alignnone\" src=\"https:\/\/blogsaverroes.juntadeandalucia.es\/profesortiernogalvan\/files\/2021\/11\/Habitos-de-vida-saludable-e1637251416861-300x137.jpg\" alt=\"\" width=\"300\" height=\"137\" \/>\u00a0\u00a0\u00a0\u00a0<\/a> <\/strong><a href=\"https:\/\/www.juntadeandalucia.es\/educacion\/portals\/web\/ced\/contenidos\/-\/contenidos\/detalle\/steam-robotica-1q2rg85h13hea\" target=\"_blank\" rel=\"noopener noreferrer\"><span style=\"font-family: verdana, geneva, sans-serif;font-size: 12pt;color: #000000\">\u00a0 \u00a0 \u00a0 \u00a0<img loading=\"lazy\" decoding=\"async\" src=\"https:\/\/www.juntadeandalucia.es\/educacion\/portals\/delegate\/thumbnail\/png_abaco_big\/32328623-31ec-4ee8-8771-ea49f1226ce2\" alt=\"logo STEAM pensamiento\" width=\"142\" height=\"142\" \/>\u00a0 \u00a0 \u00a0 \u00a0 <img loading=\"lazy\" decoding=\"async\" src=\"https:\/\/www.juntadeandalucia.es\/educacion\/portals\/delegate\/thumbnail\/png_abaco_big\/0cfa55ae-a437-4d12-999e-d353a091ba2d\" alt=\"logo STEAM rob\u00f3tica v2\" width=\"144\" height=\"144\" \/><\/span><\/a><\/p>\n<blockquote><\/blockquote>\n<p>[\/et_pb_text][\/et_pb_column][\/et_pb_row][\/et_pb_section]<\/p>\n","protected":false},"excerpt":{"rendered":"<p>Los\u00a0planes y proyectos educativos para este curso 2024-25 son los siguientes: \u00a0\u00a0 \u00a0 \u00a0\u00a0\u00a0\u00a0\u00a0 \u00a0 \u00a0 \u00a0 \u00a0 \u00a0 \u00a0 \u00a0 Plan de Salud laboral y P.R.L. Pr\u00e1cticum Grado Maestro.\u00a0 \u00a0 PREX (Programa de Refuerzo de la Lengua Extranjera) Actividad extraescolar de Conversaci\u00f3n en Ingl\u00e9s &nbsp; PROGRAMAS DE INNOVACI\u00d3N \u00a0 \u00a0 \u00a0 \u00a0\u00a0\u00a0\u00a0 \u00a0 \u00a0 [&hellip;]<\/p>\n","protected":false},"author":2026,"featured_media":0,"parent":0,"menu_order":0,"comment_status":"closed","ping_status":"closed","template":"","meta":{"_et_pb_use_builder":"on","_et_pb_old_content":"<span style=\"font-family: verdana, geneva, sans-serif;font-size: 12pt\"><span style=\"color: #000000\">Los<\/span>\u00a0<span style=\"text-decoration: underline\"><span style=\"color: #0000ff;text-decoration: underline\">planes y proyectos educativos<\/span><\/span> <span style=\"color: #000000\">para este <em>curso 2021-22<\/em> son los siguientes:<\/span><\/span>\r\n\r\n<span style=\"font-family: verdana, geneva, sans-serif;font-size: 12pt;color: #000000\">\u00a0<\/span><a href=\"https:\/\/www.juntadeandalucia.es\/educacion\/portals\/web\/ced\/plan-apertura\" target=\"_blank\" rel=\"noopener noreferrer\"><strong style=\"color: #0000ff;font-family: verdana, geneva, sans-serif;font-size: 12pt\"><img class=\"alignnone wp-image-590\" src=\"https:\/\/blogsaverroes.juntadeandalucia.es\/profesortiernogalvan\/files\/2021\/11\/plan-apertura-300x102.png\" alt=\"\" width=\"299\" height=\"102\">\u00a0 \u00a0 \u00a0<\/strong><\/a><strong style=\"color: #0000ff;font-family: verdana, geneva, sans-serif;font-size: 12pt\"><a href=\"https:\/\/www.juntadeandalucia.es\/educacion\/portals\/web\/convivencia-escolar\/red-escuela-espacio-de-paz\" target=\"_blank\" rel=\"noopener noreferrer\"><span style=\"font-family: verdana, geneva, sans-serif;font-size: 12pt;color: #000000\"><img class=\"wp-image-587 alignnone\" style=\"color: #666666;font-family: 'Open Sans', Arial, sans-serif;font-size: 14px;font-weight: 500\" src=\"https:\/\/blogsaverroes.juntadeandalucia.es\/profesortiernogalvan\/files\/2021\/11\/escuela-espacio-de-paz-300x215.jpg\" alt=\"\" width=\"137\" height=\"99\">\u00a0\u00a0\u00a0\u00a0 <\/span><\/a><a href=\"https:\/\/www.juntadeandalucia.es\/educacion\/portals\/web\/ced\/planesyprogramas\/proa-2021-2022\" target=\"_blank\" rel=\"noopener noreferrer\"><span style=\"font-size: 12pt;color: #000000\"><img class=\"wp-image-592 alignnone\" src=\"https:\/\/blogsaverroes.juntadeandalucia.es\/profesortiernogalvan\/files\/2021\/11\/proa-imagen-asociada-300x172.jpg\" alt=\"\" width=\"173\" height=\"100\">\u00a0 \u00a0 \u00a0 <\/span><\/a><a href=\"https:\/\/www.juntadeandalucia.es\/educacion\/portals\/web\/ced\/planesyprogramas\/detalle\/-\/contenidos\/detalle\/contenido-planes-educativos-igualdad-entre-hombres-y-mujeres\" target=\"_blank\" rel=\"noopener noreferrer\"><img class=\"wp-image-591 alignnone\" src=\"https:\/\/blogsaverroes.juntadeandalucia.es\/profesortiernogalvan\/files\/2021\/11\/plan-de-igualdad-300x128.jpg\" alt=\"\" width=\"243\" height=\"104\"><\/a><\/strong>\r\n<ul style=\"list-style-type: circle\">\r\n \t<li><a href=\"https:\/\/www.juntadeandalucia.es\/educacion\/portals\/web\/ced\/plan-de-prevencion-de-riesgos-laborales\" target=\"_blank\" rel=\"noopener noreferrer\"><span style=\"font-family: verdana, geneva, sans-serif;font-size: 12pt;color: #000000\">Plan de Salud laboral y P.R.L.<\/span><\/a><\/li>\r\n \t<li><span style=\"font-family: verdana, geneva, sans-serif;font-size: 12pt;color: #000000\">Pr\u00e1cticum Grado Maestro.<\/span><a href=\"https:\/\/www.juntadeandalucia.es\/educacion\/portals\/web\/ced\/planesyprogramas\/detalle\/-\/contenidos\/detalle\/contenido-planes-educativos-igualdad-entre-hombres-y-mujeres\" target=\"_blank\" rel=\"noopener noreferrer\"><span style=\"font-family: verdana, geneva, sans-serif;font-size: 12pt;color: #000000\">\u00a0 \u00a0\u00a0<\/span><\/a><\/li>\r\n \t<li><a href=\"https:\/\/www.juntadeandalucia.es\/educacion\/portals\/web\/plurilinguismo\" target=\"_blank\" rel=\"noopener noreferrer\"><span style=\"color: #000000;font-size: 12pt\">Pluriling\u00fc\u00edsmo (P.A.L.E.)<\/span><\/a><\/li>\r\n<\/ul>\r\n\u00a0\r\n\r\n<span style=\"text-decoration: underline\"><span style=\"font-family: verdana, geneva, sans-serif;font-size: 12pt;color: #0000ff;text-decoration: underline\"><strong>PROGRAMAS DE I<\/strong><\/span><strong style=\"color: #0000ff;font-family: verdana, geneva, sans-serif;font-size: 12pt;text-decoration: underline\">NNOVACI\u00d3N<\/strong><\/span>\r\n\r\n<strong style=\"color: #0000ff;font-family: verdana, geneva, sans-serif;font-size: 12pt\"><a href=\"https:\/\/www.juntadeandalucia.es\/educacion\/portals\/web\/ced\/planesyprogramas\/digicraft\" target=\"_blank\" rel=\"noopener noreferrer\"><img class=\"wp-image-593 alignnone\" src=\"https:\/\/blogsaverroes.juntadeandalucia.es\/profesortiernogalvan\/files\/2021\/11\/programa-digi.jpg\" alt=\"Programa Digitalizaci\u00f3n\" width=\"242\" height=\"140\"><\/a>\u00a0\u00a0<a href=\"https:\/\/www.juntadeandalucia.es\/educacion\/portals\/web\/ced\/planesyprogramas\/la-banda\" target=\"_blank\" rel=\"noopener noreferrer\"><img class=\"wp-image-589 alignnone\" src=\"https:\/\/blogsaverroes.juntadeandalucia.es\/profesortiernogalvan\/files\/2021\/11\/La-Banda-en-tu-Cole.jpg\" alt=\"\" width=\"214\" height=\"137\"><\/a>\u00a0 \u00a0<a href=\"https:\/\/www.juntadeandalucia.es\/educacion\/portals\/web\/habitos-vida-saludable\" target=\"_blank\" rel=\"noopener noreferrer\"><img class=\"wp-image-588 size-medium alignnone\" src=\"https:\/\/blogsaverroes.juntadeandalucia.es\/profesortiernogalvan\/files\/2021\/11\/Habitos-de-vida-saludable-e1637251416861-300x137.jpg\" alt=\"\" width=\"300\" height=\"137\">\u00a0\u00a0<\/a> <\/strong><a href=\"https:\/\/www.juntadeandalucia.es\/educacion\/portals\/web\/transformacion-digital-educativa\/proyecto_steam\" target=\"_blank\" rel=\"noopener noreferrer\"><span style=\"font-family: verdana, geneva, sans-serif;font-size: 12pt;color: #000000\"><img class=\"\" src=\"https:\/\/www.juntadeandalucia.es\/export\/drupaljda\/aula-de-cine-horizontal.jpg\" alt=\"Imagen del Programa \"Aula de Cine Andaluc\u00eda\"\" width=\"236\" height=\"127\">\u00a0\u00a0 <img class=\"alignnone  wp-image-995\" src=\"https:\/\/blogsaverroes.juntadeandalucia.es\/profesortiernogalvan\/files\/2022\/03\/proyecto-steam-logo-300x51.jpg\" alt=\"\" width=\"512\" height=\"87\"><\/span><\/a>","_et_gb_content_width":"","ngg_post_thumbnail":0,"footnotes":""},"aioseo_notices":[],"_links":{"self":[{"href":"https:\/\/blogsaverroes.juntadeandalucia.es\/profesortiernogalvan\/wp-json\/wp\/v2\/pages\/55"}],"collection":[{"href":"https:\/\/blogsaverroes.juntadeandalucia.es\/profesortiernogalvan\/wp-json\/wp\/v2\/pages"}],"about":[{"href":"https:\/\/blogsaverroes.juntadeandalucia.es\/profesortiernogalvan\/wp-json\/wp\/v2\/types\/page"}],"author":[{"embeddable":true,"href":"https:\/\/blogsaverroes.juntadeandalucia.es\/profesortiernogalvan\/wp-json\/wp\/v2\/users\/2026"}],"replies":[{"embeddable":true,"href":"https:\/\/blogsaverroes.juntadeandalucia.es\/profesortiernogalvan\/wp-json\/wp\/v2\/comments?post=55"}],"version-history":[{"count":16,"href":"https:\/\/blogsaverroes.juntadeandalucia.es\/profesortiernogalvan\/wp-json\/wp\/v2\/pages\/55\/revisions"}],"predecessor-version":[{"id":1120,"href":"https:\/\/blogsaverroes.juntadeandalucia.es\/profesortiernogalvan\/wp-json\/wp\/v2\/pages\/55\/revisions\/1120"}],"wp:attachment":[{"href":"https:\/\/blogsaverroes.juntadeandalucia.es\/profesortiernogalvan\/wp-json\/wp\/v2\/media?parent=55"}],"curies":[{"name":"wp","href":"https:\/\/api.w.org\/{rel}","templated":true}]}}