{"id":573,"date":"2021-11-18T15:52:30","date_gmt":"2021-11-18T14:52:30","guid":{"rendered":"https:\/\/blogsaverroes.juntadeandalucia.es\/profesortiernogalvan\/?page_id=573"},"modified":"2024-09-26T10:49:01","modified_gmt":"2024-09-26T09:49:01","slug":"secretaria","status":"publish","type":"page","link":"https:\/\/blogsaverroes.juntadeandalucia.es\/profesortiernogalvan\/secretaria\/","title":{"rendered":"Secretar\u00eda"},"content":{"rendered":"<p>[et_pb_section fb_built=&#8221;1&#8243; admin_label=&#8221;section&#8221; _builder_version=&#8221;4.16&#8243; global_colors_info=&#8221;{}&#8221;][et_pb_row admin_label=&#8221;row&#8221; _builder_version=&#8221;4.16&#8243; background_size=&#8221;initial&#8221; background_position=&#8221;top_left&#8221; background_repeat=&#8221;repeat&#8221; global_colors_info=&#8221;{}&#8221;][et_pb_column type=&#8221;4_4&#8243; _builder_version=&#8221;4.16&#8243; custom_padding=&#8221;|||&#8221; global_colors_info=&#8221;{}&#8221; custom_padding__hover=&#8221;|||&#8221;][et_pb_text admin_label=&#8221;Text&#8221; _builder_version=&#8221;4.16&#8243; background_size=&#8221;initial&#8221; background_position=&#8221;top_left&#8221; background_repeat=&#8221;repeat&#8221; global_colors_info=&#8221;{}&#8221;]<\/p>\n<p style=\"text-align: left\"><span style=\"font-family: verdana, geneva, sans-serif\"><span style=\"font-size: 14pt\">\u231a<\/span> <span style=\"font-size: 12pt\">Nuestro centro dispone de un servicio de secretar\u00eda en el siguiente horario para el curso 2024-25:<\/span><\/span><\/p>\n<table border=\"1\" style=\"border-collapse: collapse;width: 55.618%;height: 72px\">\n<tbody>\n<tr style=\"height: 36px\">\n<td style=\"width: 20%;text-align: center;height: 36px\"><span style=\"color: #0000ff\">LUNES<\/span><\/td>\n<td style=\"width: 20%;text-align: center;height: 36px\"><span style=\"color: #0000ff\">MARTES<\/span><\/td>\n<td style=\"width: 20%;text-align: center;height: 36px\"><span style=\"color: #0000ff\">MI\u00c9RCOLES<\/span><\/td>\n<td style=\"width: 20%;text-align: center;height: 36px\"><span style=\"color: #0000ff\">JUEVES<\/span><\/td>\n<td style=\"width: 20%;text-align: center;height: 36px\"><span style=\"color: #0000ff\">VIERNES<\/span><\/td>\n<\/tr>\n<tr style=\"height: 36px\">\n<td style=\"width: 20%;text-align: center;height: 36px\">11- 13 h<\/td>\n<td style=\"width: 20%;text-align: center;height: 36px\">11- 13 h<\/td>\n<td style=\"width: 20%;text-align: center;height: 36px\">11- 13 h<\/td>\n<td style=\"width: 20%;text-align: center;height: 36px\">11- 13 h<\/td>\n<td style=\"width: 20%;text-align: center;height: 36px\">11- 13 h<\/td>\n<\/tr>\n<\/tbody>\n<\/table>\n<p>&nbsp;<\/p>\n<p><span style=\"color: #000000;font-size: 14pt;font-family: verdana, geneva, sans-serif\"><strong><\/strong><\/span><\/p>\n<p><span style=\"color: #000000;font-size: 14pt;font-family: verdana, geneva, sans-serif\"><\/span><\/p>\n<p><span style=\"color: #000000;font-size: 14pt;font-family: verdana, geneva, sans-serif\"><strong>Secretario<\/strong>: Ra\u00fal Ruiz Arribas<\/span><\/p>\n<p>[\/et_pb_text][\/et_pb_column][\/et_pb_row][\/et_pb_section]<\/p>\n","protected":false},"excerpt":{"rendered":"<p>\u231a Nuestro centro dispone de un servicio de secretar\u00eda en el siguiente horario para el curso 2024-25: LUNES MARTES MI\u00c9RCOLES JUEVES VIERNES 11- 13 h 11- 13 h 11- 13 h 11- 13 h 11- 13 h &nbsp; Secretario: Ra\u00fal Ruiz Arribas<\/p>\n","protected":false},"author":7828,"featured_media":0,"parent":0,"menu_order":0,"comment_status":"closed","ping_status":"closed","template":"","meta":{"_et_pb_use_builder":"on","_et_pb_old_content":"<p style=\"text-align: left\"><span style=\"font-family: verdana, geneva, sans-serif\"><span style=\"font-size: 14pt\">\u231a<\/span> <span style=\"font-size: 12pt\">Nuestro centro dispone de un servicio de secretar\u00eda los <span style=\"color: #0000ff\"><strong>martes, mi\u00e9rcoles y jueves<\/strong><\/span> <\/span><\/span><span style=\"font-size: 12pt;font-family: verdana, geneva, sans-serif\">de <span style=\"color: #0000ff\"><strong>11:00 a 12:00<\/strong><\/span> horas.<\/span><\/p>\r\n<span style=\"color: #000000;font-size: 14pt;font-family: verdana, geneva, sans-serif\"><strong>Secretario<\/strong>: Ra\u00fal Ruiz Arribas<\/span>","_et_gb_content_width":"","ngg_post_thumbnail":0,"footnotes":""},"aioseo_notices":[],"_links":{"self":[{"href":"https:\/\/blogsaverroes.juntadeandalucia.es\/profesortiernogalvan\/wp-json\/wp\/v2\/pages\/573"}],"collection":[{"href":"https:\/\/blogsaverroes.juntadeandalucia.es\/profesortiernogalvan\/wp-json\/wp\/v2\/pages"}],"about":[{"href":"https:\/\/blogsaverroes.juntadeandalucia.es\/profesortiernogalvan\/wp-json\/wp\/v2\/types\/page"}],"author":[{"embeddable":true,"href":"https:\/\/blogsaverroes.juntadeandalucia.es\/profesortiernogalvan\/wp-json\/wp\/v2\/users\/7828"}],"replies":[{"embeddable":true,"href":"https:\/\/blogsaverroes.juntadeandalucia.es\/profesortiernogalvan\/wp-json\/wp\/v2\/comments?post=573"}],"version-history":[{"count":10,"href":"https:\/\/blogsaverroes.juntadeandalucia.es\/profesortiernogalvan\/wp-json\/wp\/v2\/pages\/573\/revisions"}],"predecessor-version":[{"id":1130,"href":"https:\/\/blogsaverroes.juntadeandalucia.es\/profesortiernogalvan\/wp-json\/wp\/v2\/pages\/573\/revisions\/1130"}],"wp:attachment":[{"href":"https:\/\/blogsaverroes.juntadeandalucia.es\/profesortiernogalvan\/wp-json\/wp\/v2\/media?parent=573"}],"curies":[{"name":"wp","href":"https:\/\/api.w.org\/{rel}","templated":true}]}}