{"id":644,"date":"2021-11-22T14:11:18","date_gmt":"2021-11-22T13:11:18","guid":{"rendered":"https:\/\/blogsaverroes.juntadeandalucia.es\/profesortiernogalvan\/?page_id=644"},"modified":"2021-11-22T14:16:33","modified_gmt":"2021-11-22T13:16:33","slug":"nuestra-mascota","status":"publish","type":"page","link":"https:\/\/blogsaverroes.juntadeandalucia.es\/profesortiernogalvan\/nuestra-mascota\/","title":{"rendered":"Nuestra Mascota"},"content":{"rendered":"<p><span style=\"font-family: verdana, geneva, sans-serif;font-size: 12pt\"><span style=\"color: #000000\">Con todos ustedes\u2026\u2026<\/span> <strong><span style=\"color: #000080\">\u00a1LEDO!<\/span><\/strong><\/span><br \/>\n<span style=\"font-family: verdana, geneva, sans-serif;font-size: 12pt;color: #000000\">Ledo, ser\u00e1 nuestra mascota de biblioteca gracias a un gran artista que tenemos en nuestro centro, Juan Mu\u00f1oz Carri\u00f3n, de 4\u00ba de primaria.<\/span><\/p>\n<p><img loading=\"lazy\" decoding=\"async\" class=\"alignnone size-medium wp-image-645\" src=\"https:\/\/blogsaverroes.juntadeandalucia.es\/profesortiernogalvan\/files\/2021\/11\/juan-mascota-biblioteca-225x300.jpg\" alt=\"\" width=\"225\" height=\"300\">&nbsp; &nbsp; &nbsp; &nbsp; &nbsp; <img loading=\"lazy\" decoding=\"async\" class=\"alignnone size-medium wp-image-646\" src=\"https:\/\/blogsaverroes.juntadeandalucia.es\/profesortiernogalvan\/files\/2021\/11\/ledo-mascota-biblioteca-225x300.jpg\" alt=\"\" width=\"225\" height=\"300\"><\/p>\n","protected":false},"excerpt":{"rendered":"<p>Con todos ustedes\u2026\u2026 \u00a1LEDO! Ledo, ser\u00e1 nuestra mascota de biblioteca gracias a un gran artista que tenemos en nuestro centro, Juan Mu\u00f1oz Carri\u00f3n, de 4\u00ba de primaria. &nbsp; &nbsp; &nbsp; &nbsp; &nbsp;<\/p>\n","protected":false},"author":7828,"featured_media":0,"parent":0,"menu_order":0,"comment_status":"closed","ping_status":"closed","template":"","meta":{"_et_pb_use_builder":"","_et_pb_old_content":"","_et_gb_content_width":"","ngg_post_thumbnail":0,"footnotes":""},"aioseo_notices":[],"_links":{"self":[{"href":"https:\/\/blogsaverroes.juntadeandalucia.es\/profesortiernogalvan\/wp-json\/wp\/v2\/pages\/644"}],"collection":[{"href":"https:\/\/blogsaverroes.juntadeandalucia.es\/profesortiernogalvan\/wp-json\/wp\/v2\/pages"}],"about":[{"href":"https:\/\/blogsaverroes.juntadeandalucia.es\/profesortiernogalvan\/wp-json\/wp\/v2\/types\/page"}],"author":[{"embeddable":true,"href":"https:\/\/blogsaverroes.juntadeandalucia.es\/profesortiernogalvan\/wp-json\/wp\/v2\/users\/7828"}],"replies":[{"embeddable":true,"href":"https:\/\/blogsaverroes.juntadeandalucia.es\/profesortiernogalvan\/wp-json\/wp\/v2\/comments?post=644"}],"version-history":[{"count":1,"href":"https:\/\/blogsaverroes.juntadeandalucia.es\/profesortiernogalvan\/wp-json\/wp\/v2\/pages\/644\/revisions"}],"predecessor-version":[{"id":647,"href":"https:\/\/blogsaverroes.juntadeandalucia.es\/profesortiernogalvan\/wp-json\/wp\/v2\/pages\/644\/revisions\/647"}],"wp:attachment":[{"href":"https:\/\/blogsaverroes.juntadeandalucia.es\/profesortiernogalvan\/wp-json\/wp\/v2\/media?parent=644"}],"curies":[{"name":"wp","href":"https:\/\/api.w.org\/{rel}","templated":true}]}}