{"id":25,"date":"2018-05-04T21:25:12","date_gmt":"2018-05-04T21:25:12","guid":{"rendered":"https:\/\/blogsaverroes.juntadeandalucia.es\/profundizaemociones2018\/?page_id=25"},"modified":"2018-06-07T08:51:13","modified_gmt":"2018-06-07T08:51:13","slug":"sesion-2","status":"publish","type":"page","link":"https:\/\/blogsaverroes.juntadeandalucia.es\/profundizaemociones2018\/sesiones\/sesion-2\/","title":{"rendered":"Sesi\u00f3n 2"},"content":{"rendered":"<p>Ya nos metemos de lleno en este taller de emociones y para ello hicimos un planing con los puntos que vamos a trabajar de cada emoci\u00f3n, destacando:<\/p>\n<p>1. Presentaci\u00f3n de la emoci\u00f3n o habilidad correspondiente:<br \/>\n\u2022 Definici\u00f3n, importancia e identificaci\u00f3n en situaciones cotidianas a trav\u00e9s de un di\u00e1logo.<br \/>\n2. Actividades y pasos conductuales que establece la secuencia.<br \/>\n3. Modelado: Se presentan modelos de la habilidad verbalmente, y se<br \/>\nrepresentan por el adulto y por los alumnos\/as que creamos ya tienen esa<br \/>\nhabilidad.<br \/>\n4. Dramatizaci\u00f3n: Elegir una situaci\u00f3n de la lista y representarla por grupos.<br \/>\n5. Cartel con una frase que recuerde la habilidad que se est\u00e1 trabajando.<br \/>\n6. Pr\u00e1ctica en las situaciones de convivencia diarias.<\/p>\n<p>En esta sesi\u00f3n comenzamos con la primera emoci\u00f3n que debe saber hacer cualquier ser humano: Presentarse.<br \/>\nOs dejamos con la ficha de trabajo y un v\u00eddeo de presentaci\u00f3n:<\/p>\n\n\t\t<style>\n\t\t\t#gallery-1 {\n\t\t\t\tmargin: auto;\n\t\t\t}\n\t\t\t#gallery-1 .gallery-item {\n\t\t\t\tfloat: left;\n\t\t\t\tmargin-top: 10px;\n\t\t\t\ttext-align: center;\n\t\t\t\twidth: 100%;\n\t\t\t}\n\t\t\t#gallery-1 img {\n\t\t\t\tborder: 2px solid #cfcfcf;\n\t\t\t}\n\t\t\t#gallery-1 .gallery-caption {\n\t\t\t\tmargin-left: 0;\n\t\t\t}\n\t\t\t\/* see gallery_shortcode() in wp-includes\/media.php *\/\n\t\t<\/style>\n\t\t<div id='gallery-1' class='gallery galleryid-25 gallery-columns-1 gallery-size-full'><dl class='gallery-item'>\n\t\t\t<dt class='gallery-icon portrait'>\n\t\t\t\t<a href='https:\/\/blogsaverroes.juntadeandalucia.es\/profundizaemociones2018\/sesiones\/sesion-2\/dscn0566\/'><img loading=\"lazy\" decoding=\"async\" width=\"2448\" height=\"3264\" src=\"https:\/\/blogsaverroes.juntadeandalucia.es\/profundizaemociones2018\/files\/2018\/05\/DSCN0566.jpg\" class=\"attachment-full size-full\" alt=\"\" srcset=\"https:\/\/blogsaverroes.juntadeandalucia.es\/profundizaemociones2018\/files\/2018\/05\/DSCN0566.jpg 2448w, https:\/\/blogsaverroes.juntadeandalucia.es\/profundizaemociones2018\/files\/2018\/05\/DSCN0566-225x300.jpg 225w, https:\/\/blogsaverroes.juntadeandalucia.es\/profundizaemociones2018\/files\/2018\/05\/DSCN0566-768x1024.jpg 768w, https:\/\/blogsaverroes.juntadeandalucia.es\/profundizaemociones2018\/files\/2018\/05\/DSCN0566-18x24.jpg 18w, https:\/\/blogsaverroes.juntadeandalucia.es\/profundizaemociones2018\/files\/2018\/05\/DSCN0566-27x36.jpg 27w, https:\/\/blogsaverroes.juntadeandalucia.es\/profundizaemociones2018\/files\/2018\/05\/DSCN0566-36x48.jpg 36w\" sizes=\"(max-width: 2448px) 100vw, 2448px\" \/><\/a>\n\t\t\t<\/dt><\/dl><br style=\"clear: both\" \/>\n\t\t<\/div>\n\n<p><iframe loading=\"lazy\" title=\"EQUIPO 1\" width=\"500\" height=\"281\" src=\"https:\/\/www.youtube.com\/embed\/dqjelhXKU9E?feature=oembed&#038;wmode=opaque\" frameborder=\"0\" allow=\"accelerometer; autoplay; clipboard-write; encrypted-media; gyroscope; picture-in-picture; web-share\" referrerpolicy=\"strict-origin-when-cross-origin\" allowfullscreen><\/iframe><\/p>\n<p>&nbsp;<\/p>\n","protected":false},"excerpt":{"rendered":"<p>Ya nos metemos de lleno en este taller de emociones y para ello hicimos un planing con los puntos que vamos a trabajar de cada emoci\u00f3n, destacando: 1. Presentaci\u00f3n de la emoci\u00f3n o habilidad&#46;&#46;&#46;<\/p>\n","protected":false},"author":2095,"featured_media":0,"parent":21,"menu_order":1,"comment_status":"closed","ping_status":"closed","template":"","meta":{"ngg_post_thumbnail":0,"footnotes":""},"aioseo_notices":[],"_links":{"self":[{"href":"https:\/\/blogsaverroes.juntadeandalucia.es\/profundizaemociones2018\/wp-json\/wp\/v2\/pages\/25"}],"collection":[{"href":"https:\/\/blogsaverroes.juntadeandalucia.es\/profundizaemociones2018\/wp-json\/wp\/v2\/pages"}],"about":[{"href":"https:\/\/blogsaverroes.juntadeandalucia.es\/profundizaemociones2018\/wp-json\/wp\/v2\/types\/page"}],"author":[{"embeddable":true,"href":"https:\/\/blogsaverroes.juntadeandalucia.es\/profundizaemociones2018\/wp-json\/wp\/v2\/users\/2095"}],"replies":[{"embeddable":true,"href":"https:\/\/blogsaverroes.juntadeandalucia.es\/profundizaemociones2018\/wp-json\/wp\/v2\/comments?post=25"}],"version-history":[{"count":3,"href":"https:\/\/blogsaverroes.juntadeandalucia.es\/profundizaemociones2018\/wp-json\/wp\/v2\/pages\/25\/revisions"}],"predecessor-version":[{"id":64,"href":"https:\/\/blogsaverroes.juntadeandalucia.es\/profundizaemociones2018\/wp-json\/wp\/v2\/pages\/25\/revisions\/64"}],"up":[{"embeddable":true,"href":"https:\/\/blogsaverroes.juntadeandalucia.es\/profundizaemociones2018\/wp-json\/wp\/v2\/pages\/21"}],"wp:attachment":[{"href":"https:\/\/blogsaverroes.juntadeandalucia.es\/profundizaemociones2018\/wp-json\/wp\/v2\/media?parent=25"}],"curies":[{"name":"wp","href":"https:\/\/api.w.org\/{rel}","templated":true}]}}