{"id":14,"date":"2022-04-28T06:57:57","date_gmt":"2022-04-28T06:57:57","guid":{"rendered":"https:\/\/blogsaverroes.juntadeandalucia.es\/profundizapenia\/?page_id=14"},"modified":"2022-06-07T09:27:05","modified_gmt":"2022-06-07T09:27:05","slug":"nosotros","status":"publish","type":"page","link":"https:\/\/blogsaverroes.juntadeandalucia.es\/profundizapenia\/","title":{"rendered":"Nosotros"},"content":{"rendered":"<p style=\"text-align: justify\">Somos un EQUIPAZO formado por 8 alumnos y alumnas y una profesora.<\/p>\n<p style=\"text-align: justify\">Todo empez\u00f3 sin que fu\u00e9ramos muy conscientes en lo que nos met\u00edamos porque eso de quedar por las tardes para seguir aprendiendo, de inicio, no es muy apetecible, pero nos animamos unos a otros y finalmente, decidimos meternos en esta aventura.<\/p>\n<p style=\"text-align: justify\">La profesora es la orientadora del centro y los alumnos somos ni\u00f1os y ni\u00f1as de 1\u00ba y 2\u00ba de la ESO. Nuestras familias tambi\u00e9n participan en el proyecto. Se reunieron, la profesora con nuestras familias, para entender qu\u00e9 \u00edbamos a hacer y tambi\u00e9n participan en la actividad final, que va a ser sorpresa porque es una actividad para completar el viaje con ideas que van surgiendo durante las sesiones.<\/p>\n<p style=\"text-align: justify\">Bueno&#8230; y \u00bfQui\u00e9nes somos?<\/p>\n<ul style=\"text-align: justify\">\n<li>Alberto: Soy alumno de 1\u00ba de la ESO. Me gusta aprender sobre la cultura de otros pa\u00edses.<\/li>\n<li>Pablo: Tambi\u00e9n soy alumno de 1\u00ba de la ESO. Me encanta salir con la bicicleta.<\/li>\n<li>\u00c1frica: Estoy en 2\u00ba de la ESO. Me apunt\u00e9 para conocer m\u00e1s el mundo.<\/li>\n<li>Carolina: Tambi\u00e9n estoy en 2\u00ba de la ESO.&nbsp; Me gusta&nbsp; pasar tiempo con mis amigos y por eso me apunt\u00e9.<\/li>\n<li>Laura: Estoy en 2\u00ba de la ESO y me apunt\u00e9 porque me gusta viajar.<\/li>\n<li>Nico: Estoy en 2\u00ba de la ESO y me apunt\u00e9 porque me gusta pasar tiempo con mis amigos.<\/li>\n<li>Pedro: Estoy en 2\u00ba de la ESO y me apunt\u00e9 porque me gusta aprender idiomas.<\/li>\n<li>Myriam: Soy profesora en el IES Pe\u00f1a del \u00c1guila desde este curso 2021-2022, y como no tengo horas de clase porque soy la orientadora, disfruto con la oportunidad de estar con vosotros en el proyecto Profundiza.<\/li>\n<\/ul>\n<p>Nos falta una compa\u00f1era, Azahara, que se fue a vivir a otra provincia y tuvo que dejar el proyecto. \u00a1La echamos mucho de menos!<\/p>\n<p style=\"text-align: justify\">Y no podemos olvidarnos de Azahara, que empez\u00f3 con nosotros el proyecto y que tuvo que marcharse cuando se cambi\u00f3 de ciudad.<\/p>\n<p style=\"text-align: justify\">&nbsp;<\/p>\n<p style=\"text-align: justify\">\u00bfY sab\u00e9is algo? Vamos a dar la vuelta al mundo de manera virtual (ya nos gustar\u00eda hacerlo de verdad&#8230;) en 8 sesiones.<\/p>\n<p style=\"text-align: justify\">\u00a1Seguid nuestro trabajo!<\/p>\n","protected":false},"excerpt":{"rendered":"<p>Somos un EQUIPAZO formado por 8 alumnos y alumnas y una profesora. Todo empez\u00f3 sin que fu\u00e9ramos muy conscientes en lo que nos met\u00edamos porque eso de quedar por las tardes para seguir aprendiendo,&#46;&#46;&#46;<\/p>\n","protected":false},"author":14047,"featured_media":0,"parent":0,"menu_order":0,"comment_status":"closed","ping_status":"closed","template":"","meta":{"ngg_post_thumbnail":0,"footnotes":""},"aioseo_notices":[],"_links":{"self":[{"href":"https:\/\/blogsaverroes.juntadeandalucia.es\/profundizapenia\/wp-json\/wp\/v2\/pages\/14"}],"collection":[{"href":"https:\/\/blogsaverroes.juntadeandalucia.es\/profundizapenia\/wp-json\/wp\/v2\/pages"}],"about":[{"href":"https:\/\/blogsaverroes.juntadeandalucia.es\/profundizapenia\/wp-json\/wp\/v2\/types\/page"}],"author":[{"embeddable":true,"href":"https:\/\/blogsaverroes.juntadeandalucia.es\/profundizapenia\/wp-json\/wp\/v2\/users\/14047"}],"replies":[{"embeddable":true,"href":"https:\/\/blogsaverroes.juntadeandalucia.es\/profundizapenia\/wp-json\/wp\/v2\/comments?post=14"}],"version-history":[{"count":8,"href":"https:\/\/blogsaverroes.juntadeandalucia.es\/profundizapenia\/wp-json\/wp\/v2\/pages\/14\/revisions"}],"predecessor-version":[{"id":269,"href":"https:\/\/blogsaverroes.juntadeandalucia.es\/profundizapenia\/wp-json\/wp\/v2\/pages\/14\/revisions\/269"}],"wp:attachment":[{"href":"https:\/\/blogsaverroes.juntadeandalucia.es\/profundizapenia\/wp-json\/wp\/v2\/media?parent=14"}],"curies":[{"name":"wp","href":"https:\/\/api.w.org\/{rel}","templated":true}]}}